{"id":29515,"date":"2021-03-17T12:22:04","date_gmt":"2021-03-17T12:22:04","guid":{"rendered":"https:\/\/pureobagi.com\/product\/obagi-exfoliating-kit-normal-bis-fettig\/"},"modified":"2023-01-10T12:36:13","modified_gmt":"2023-01-10T12:36:13","slug":"exfoliating-kit-normal-to-oily","status":"publish","type":"product","link":"https:\/\/pureobagi.com\/de\/produkt\/exfoliating-kit-normal-to-oily\/","title":{"rendered":"Obagi Exfoliating Kit &#8211; Normal to Oily"},"content":{"rendered":"<p>Exfoliating Kit &#8211; Normal To Oily<\/p>\n<p>Enth\u00e4lt:<br \/>\nObagi Nu-Derm<sup>\u00ae<\/sup> Foaming Gel<br \/>\nObagi Nu-Derm<sup>\u00ae<\/sup> Toner<br \/>\nObagi Nu-Derm<sup>\u00ae<\/sup> Exfoderm<sup>\u00ae<\/sup> Forte<br \/>\nOBAGI360 HydraFactor<sup>\u00ae<\/sup> Broad Spectrum SPF&nbsp;30<\/p>\n<p>Das Exfoliating Kit f\u00fcr normale bis fettige Haut sorgt f\u00fcr einen strahlenderen, glatteren Teint, w\u00e4hrend es die Zeichen der Hautalterung bek\u00e4mpft und deine Haut vor zuk\u00fcnftigen Sch\u00e4den sch\u00fctzt. Obagi Nu-Derm<sup>\u00ae<\/sup> Foaming Gel ist reich an nat\u00fcrlichen Inhaltsstoffen, die die Haut von R\u00fcckst\u00e4nden und Unreinheiten befreien und dein Gesicht auf den Rest des Tages vorbereiten.<\/p>\n<p>Obagi Nu-Derm<sup>\u00ae<\/sup> Exfoderm<sup>\u00ae<\/sup> entfernt effektiv abgestorbene Hautzellen und l\u00e4sst die Haut heller und strahlender aussehen. OBAGI360 HydraFactor<sup>\u00ae<\/sup> Broad Spectrum SPF&nbsp;30 enth\u00fcllt einen glatteren, strahlenden Teint, w\u00e4hrend er die ersten Zeichen der Hautalterung bek\u00e4mpft und vor zuk\u00fcnftigen Sch\u00e4den sch\u00fctzt.<\/p>\n","protected":false},"excerpt":{"rendered":"<p>Exfoliating Kit &#8211; Normal To Oily Enth\u00e4lt: Obagi Nu-Derm\u00ae Foaming Gel Obagi Nu-Derm\u00ae Toner Obagi Nu-Derm\u00ae Exfoderm\u00ae Forte OBAGI360 HydraFactor\u00ae Broad Spectrum SPF&nbsp;30 Das Exfoliating Kit f\u00fcr normale bis fettige Haut sorgt f\u00fcr einen strahlenderen, glatteren Teint, w\u00e4hrend es die Zeichen der Hautalterung bek\u00e4mpft und deine Haut vor zuk\u00fcnftigen Sch\u00e4den sch\u00fctzt. Obagi Nu-Derm\u00ae Foaming Gel [&hellip;]<\/p>\n","protected":false},"featured_media":18501,"comment_status":"open","ping_status":"closed","template":"","meta":{"_acf_changed":false},"product_brand":[],"product_cat":[544,548,401,551,402,404,405,406,408,411,540,543],"product_tag":[],"class_list":{"0":"post-29515","1":"product","2":"type-product","3":"status-publish","4":"has-post-thumbnail","6":"product_cat-rosacea-de","7":"product_cat-hyperpigmentation-de","8":"product_cat-fettige-haut","9":"product_cat-obagi360-system-de","10":"product_cat-peeling","11":"product_cat-alternde-haut-einschlieslich-feiner-linien-und-faltchen","12":"product_cat-fahle-haut","13":"product_cat-sonnenschaden","14":"product_cat-mischhaut","15":"product_cat-hautpflege-kits","16":"product_cat-nu-derm-fx-system-de","17":"product_cat-reifer-hauttyp","19":"first","20":"instock","21":"taxable","22":"shipping-taxable","23":"purchasable","24":"product-type-simple"},"acf":[],"_links":{"self":[{"href":"https:\/\/pureobagi.com\/de\/wp-json\/wp\/v2\/product\/29515","targetHints":{"allow":["GET"]}}],"collection":[{"href":"https:\/\/pureobagi.com\/de\/wp-json\/wp\/v2\/product"}],"about":[{"href":"https:\/\/pureobagi.com\/de\/wp-json\/wp\/v2\/types\/product"}],"replies":[{"embeddable":true,"href":"https:\/\/pureobagi.com\/de\/wp-json\/wp\/v2\/comments?post=29515"}],"wp:featuredmedia":[{"embeddable":true,"href":"https:\/\/pureobagi.com\/de\/wp-json\/wp\/v2\/media\/18501"}],"wp:attachment":[{"href":"https:\/\/pureobagi.com\/de\/wp-json\/wp\/v2\/media?parent=29515"}],"wp:term":[{"taxonomy":"product_brand","embeddable":true,"href":"https:\/\/pureobagi.com\/de\/wp-json\/wp\/v2\/product_brand?post=29515"},{"taxonomy":"product_cat","embeddable":true,"href":"https:\/\/pureobagi.com\/de\/wp-json\/wp\/v2\/product_cat?post=29515"},{"taxonomy":"product_tag","embeddable":true,"href":"https:\/\/pureobagi.com\/de\/wp-json\/wp\/v2\/product_tag?post=29515"}],"curies":[{"name":"wp","href":"https:\/\/api.w.org\/{rel}","templated":true}]}}