{"id":29517,"date":"2021-03-19T15:59:54","date_gmt":"2021-03-19T15:59:54","guid":{"rendered":"https:\/\/pureobagi.com\/product\/obagi-vitamin-c-intermediate-kit\/"},"modified":"2026-04-13T16:56:04","modified_gmt":"2026-04-13T15:56:04","slug":"vitamin-c-intermediate-kit","status":"publish","type":"product","link":"https:\/\/pureobagi.com\/de\/produkt\/vitamin-c-intermediate-kit\/","title":{"rendered":"Obagi Vitamin C Intermediate Kit"},"content":{"rendered":"<p>Enth\u00e4lt:<\/p>\n<p>Obagi-C<sup>\u00ae<\/sup> C-Cleansing Gel<br \/>\nObagi Professional-C<sup>\u00ae<\/sup> Serum 15&nbsp;%<br \/>\nObagi Hydrate<sup>\u00ae<\/sup> Facial Moisturiser<\/p>\n<p>Das Obagi Vitamin&nbsp;C Intermediate Kit ist perfekt f\u00fcr alle, die einen normalen Hauttyp haben. Das Obagi-C<sup>\u00ae<\/sup> C-Cleansing Gel entfernt \u00d6l und Schmutz von der Hautoberfl\u00e4che und bereitet sie gleichzeitig auf die maximale Aufnahme der restlichen Hautpflege vor. Obagi Professional-C<sup>\u00ae<\/sup> Serum 15&nbsp;% ist reich an Antioxidantien, um die Haut vor Sch\u00e4den durch freie Radikale und Umwelteinfl\u00fcsse wie UV-Strahlung zu sch\u00fctzen.<\/p>\n<p>Mango- und Sheabutter sind die Hauptbestandteile und die Stars der Obagi Hydrate<sup>\u00ae<\/sup> Facial Moisturiser-Formel und helfen, deine Haut mit Feuchtigkeit zu versorgen und zu verj\u00fcngen. Noch besser: Die intensiv n\u00e4hrende Obagi Hydrate<sup>\u00ae<\/sup> Facial Moisturiser ist nicht komedogen, was bedeutet, dass sie die Poren nicht verstopft und deine Haut klar und gen\u00e4hrt h\u00e4lt.<\/p>\n","protected":false},"excerpt":{"rendered":"<p>Enth\u00e4lt: Obagi-C\u00ae C-Cleansing Gel Obagi Professional-C\u00ae Serum 15&nbsp;% Obagi Hydrate\u00ae Facial Moisturiser Das Obagi Vitamin&nbsp;C Intermediate Kit ist perfekt f\u00fcr alle, die einen normalen Hauttyp haben. Das Obagi-C\u00ae C-Cleansing Gel entfernt \u00d6l und Schmutz von der Hautoberfl\u00e4che und bereitet sie gleichzeitig auf die maximale Aufnahme der restlichen Hautpflege vor. Obagi Professional-C\u00ae Serum 15&nbsp;% ist reich [&hellip;]<\/p>\n","protected":false},"featured_media":18300,"comment_status":"open","ping_status":"closed","template":"","meta":{"_acf_changed":false},"product_brand":[],"product_cat":[548,404,549,405,406,408,411,540,542,543,395,544,397,545,400],"product_tag":[],"class_list":{"0":"post-29517","1":"product","2":"type-product","3":"status-publish","4":"has-post-thumbnail","6":"product_cat-hyperpigmentation-de","7":"product_cat-alternde-haut-einschlieslich-feiner-linien-und-faltchen","8":"product_cat-hautaufheller","9":"product_cat-fahle-haut","10":"product_cat-sonnenschaden","11":"product_cat-mischhaut","12":"product_cat-hautpflege-kits","13":"product_cat-nu-derm-fx-system-de","14":"product_cat-trockene-haut","15":"product_cat-reifer-hauttyp","16":"product_cat-obagi-c-fx-system-de","17":"product_cat-rosacea-de","18":"product_cat-professional-c-portfolio-de","19":"product_cat-dehydrierte-haut","20":"product_cat-vitamin-c-de","22":"first","23":"outofstock","24":"taxable","25":"shipping-taxable","26":"purchasable","27":"product-type-simple"},"acf":[],"_links":{"self":[{"href":"https:\/\/pureobagi.com\/de\/wp-json\/wp\/v2\/product\/29517","targetHints":{"allow":["GET"]}}],"collection":[{"href":"https:\/\/pureobagi.com\/de\/wp-json\/wp\/v2\/product"}],"about":[{"href":"https:\/\/pureobagi.com\/de\/wp-json\/wp\/v2\/types\/product"}],"replies":[{"embeddable":true,"href":"https:\/\/pureobagi.com\/de\/wp-json\/wp\/v2\/comments?post=29517"}],"wp:featuredmedia":[{"embeddable":true,"href":"https:\/\/pureobagi.com\/de\/wp-json\/wp\/v2\/media\/18300"}],"wp:attachment":[{"href":"https:\/\/pureobagi.com\/de\/wp-json\/wp\/v2\/media?parent=29517"}],"wp:term":[{"taxonomy":"product_brand","embeddable":true,"href":"https:\/\/pureobagi.com\/de\/wp-json\/wp\/v2\/product_brand?post=29517"},{"taxonomy":"product_cat","embeddable":true,"href":"https:\/\/pureobagi.com\/de\/wp-json\/wp\/v2\/product_cat?post=29517"},{"taxonomy":"product_tag","embeddable":true,"href":"https:\/\/pureobagi.com\/de\/wp-json\/wp\/v2\/product_tag?post=29517"}],"curies":[{"name":"wp","href":"https:\/\/api.w.org\/{rel}","templated":true}]}}