{"id":29518,"date":"2021-03-17T16:08:36","date_gmt":"2021-03-17T16:08:36","guid":{"rendered":"https:\/\/pureobagi.com\/product\/obagi-facial-twin-kit-normal-bis-trocken\/"},"modified":"2023-01-10T12:39:38","modified_gmt":"2023-01-10T12:39:38","slug":"twin-kit-normal-to-dry","status":"publish","type":"product","link":"https:\/\/pureobagi.com\/de\/produkt\/twin-kit-normal-to-dry\/","title":{"rendered":"Obagi Facial Twin Kit &#8211; Normal to Dry"},"content":{"rendered":"<p>Enth\u00e4lt:<br \/>\nObagi Nu-Derm<sup>\u00ae<\/sup> Gentle Cleanser<br \/>\nObagi Nu-Derm<sup>\u00ae<\/sup> Toner<\/p>\n<p>Das Facial Twin kit for Normal to Dry skin sorgt f\u00fcr einen glatten, strahlenden Teint, w\u00e4hrend es proaktiv die ersten Anzeichen der Hautalterung bek\u00e4mpft und zuk\u00fcnftige Sch\u00e4den abwehrt.<\/p>\n<p>Obagi Nu-Derm\u00ae Gentle Cleanser&lt; ist reich an Salbeibl\u00e4tterextrakt und Borago Officinalis, die \u00fcbersch\u00fcssiges Fett und Unreinheiten entfernen und die Haut gleichzeitig aufhellen und gl\u00e4tten. Der Obagi Nu-Derm\u00ae Toner hilft, den pH-Wert deiner Haut auszugleichen und bereitet sie so auf den Rest deiner Pflegeroutine vor.<\/p>\n","protected":false},"excerpt":{"rendered":"<p>Enth\u00e4lt: Obagi Nu-Derm\u00ae Gentle Cleanser Obagi Nu-Derm\u00ae Toner Das Facial Twin kit for Normal to Dry skin sorgt f\u00fcr einen glatten, strahlenden Teint, w\u00e4hrend es proaktiv die ersten Anzeichen der Hautalterung bek\u00e4mpft und zuk\u00fcnftige Sch\u00e4den abwehrt. Obagi Nu-Derm\u00ae Gentle Cleanser&lt; ist reich an Salbeibl\u00e4tterextrakt und Borago Officinalis, die \u00fcbersch\u00fcssiges Fett und Unreinheiten entfernen und die [&hellip;]<\/p>\n","protected":false},"featured_media":18540,"comment_status":"open","ping_status":"closed","template":"","meta":{"_acf_changed":false},"product_brand":[],"product_cat":[540,542,543,544,545,398,403,405,408,409,411],"product_tag":[],"class_list":{"0":"post-29518","1":"product","2":"type-product","3":"status-publish","4":"has-post-thumbnail","6":"product_cat-nu-derm-fx-system-de","7":"product_cat-trockene-haut","8":"product_cat-reifer-hauttyp","9":"product_cat-rosacea-de","10":"product_cat-dehydrierte-haut","11":"product_cat-cleanser","12":"product_cat-toner","13":"product_cat-fahle-haut","14":"product_cat-mischhaut","15":"product_cat-normale-haut","16":"product_cat-hautpflege-kits","18":"first","19":"instock","20":"taxable","21":"shipping-taxable","22":"purchasable","23":"product-type-simple"},"acf":[],"_links":{"self":[{"href":"https:\/\/pureobagi.com\/de\/wp-json\/wp\/v2\/product\/29518","targetHints":{"allow":["GET"]}}],"collection":[{"href":"https:\/\/pureobagi.com\/de\/wp-json\/wp\/v2\/product"}],"about":[{"href":"https:\/\/pureobagi.com\/de\/wp-json\/wp\/v2\/types\/product"}],"replies":[{"embeddable":true,"href":"https:\/\/pureobagi.com\/de\/wp-json\/wp\/v2\/comments?post=29518"}],"wp:featuredmedia":[{"embeddable":true,"href":"https:\/\/pureobagi.com\/de\/wp-json\/wp\/v2\/media\/18540"}],"wp:attachment":[{"href":"https:\/\/pureobagi.com\/de\/wp-json\/wp\/v2\/media?parent=29518"}],"wp:term":[{"taxonomy":"product_brand","embeddable":true,"href":"https:\/\/pureobagi.com\/de\/wp-json\/wp\/v2\/product_brand?post=29518"},{"taxonomy":"product_cat","embeddable":true,"href":"https:\/\/pureobagi.com\/de\/wp-json\/wp\/v2\/product_cat?post=29518"},{"taxonomy":"product_tag","embeddable":true,"href":"https:\/\/pureobagi.com\/de\/wp-json\/wp\/v2\/product_tag?post=29518"}],"curies":[{"name":"wp","href":"https:\/\/api.w.org\/{rel}","templated":true}]}}