{"id":29519,"date":"2021-05-18T15:39:02","date_gmt":"2021-05-18T14:39:02","guid":{"rendered":"https:\/\/pureobagi.com\/product\/obagi-ultimate-luxury-kit\/"},"modified":"2025-06-06T14:30:34","modified_gmt":"2025-06-06T13:30:34","slug":"obagi-ultimate-luxury-kit","status":"publish","type":"product","link":"https:\/\/pureobagi.com\/de\/produkt\/obagi-ultimate-luxury-kit\/","title":{"rendered":"Obagi Ultimate Luxury Kit"},"content":{"rendered":"<p>Beschenke dich selbst oder jemand Besonderen mit dem Pure Obagi Ultimate Luxury Kit. Dieses f\u00fcnfteilige Set enth\u00e4lt die ultimativen Starprodukte von Obagi, die klinisch bewiesen haben, dass sie deiner Haut zu Festigkeit und Feuchtigkeit verhelfen und das Erscheinungsbild von feinen Linien und Falten mindern, w\u00e4hrend sie die Haut gleichzeitig reinigen, gl\u00e4tten und vor Sonnensch\u00e4den sch\u00fctzen.<\/p>\n<p>Das Pure Obagi Ultimate Luxury Kit enth\u00e4lt das Obagi-C<sup>\u00ae<\/sup> C-Cleansing Gel, das effektiv Make-up, Schmutz und \u00d6l entfernt und deine Haut kl\u00e4rt; Obagi Professional-C<sup>\u00ae<\/sup> Microdermabrasion Polish + Mask, mit 30&nbsp;% L-Ascorbins\u00e4ure und ultrafeine Kristalle, exfoliert und versorgt die Haut mit Vitamin&nbsp;C; Obagi Daily Hydro-Drops<sup>\u00ae<\/sup> Facial Serum nutzt die Isoplentix\u2122-Technologie, um die reinsten Formen von Hibiskus- und Abessinier\u00f6l f\u00fcr maximale Hydratation in einer luxuri\u00f6sen, leichten Formulierung zu bewahren;&nbsp; Obagi ELASTIderm<sup>\u00ae<\/sup> Facial Serum, das mit dem Bi-Mineral Contour Complex\u2122 formuliert ist, der klinisch erwiesenerma\u00dfen f\u00fcr eine straffer aussehende Haut in nur 24&nbsp;Stunden sorgt; und das Sun Shield Matte\u2122 Broad Spectrum SPF&nbsp;50, das dich mit einer nicht fettenden Formel vor UVA und UVB sch\u00fctzt.<\/p>\n","protected":false},"excerpt":{"rendered":"<p>Beschenke dich selbst oder jemand Besonderen mit dem Pure Obagi Ultimate Luxury Kit. Dieses f\u00fcnfteilige Set enth\u00e4lt die ultimativen Starprodukte von Obagi, die klinisch bewiesen haben, dass sie deiner Haut zu Festigkeit und Feuchtigkeit verhelfen und das Erscheinungsbild von feinen Linien und Falten mindern, w\u00e4hrend sie die Haut gleichzeitig reinigen, gl\u00e4tten und vor Sonnensch\u00e4den sch\u00fctzen. [&hellip;]<\/p>\n","protected":false},"featured_media":20432,"comment_status":"open","ping_status":"closed","template":"","meta":{"_acf_changed":false},"product_brand":[],"product_cat":[559],"product_tag":[],"class_list":{"0":"post-29519","1":"product","2":"type-product","3":"status-publish","4":"has-post-thumbnail","6":"product_cat-produktpalette","8":"first","9":"outofstock","10":"taxable","11":"shipping-taxable","12":"purchasable","13":"product-type-simple"},"acf":[],"_links":{"self":[{"href":"https:\/\/pureobagi.com\/de\/wp-json\/wp\/v2\/product\/29519","targetHints":{"allow":["GET"]}}],"collection":[{"href":"https:\/\/pureobagi.com\/de\/wp-json\/wp\/v2\/product"}],"about":[{"href":"https:\/\/pureobagi.com\/de\/wp-json\/wp\/v2\/types\/product"}],"replies":[{"embeddable":true,"href":"https:\/\/pureobagi.com\/de\/wp-json\/wp\/v2\/comments?post=29519"}],"wp:featuredmedia":[{"embeddable":true,"href":"https:\/\/pureobagi.com\/de\/wp-json\/wp\/v2\/media\/20432"}],"wp:attachment":[{"href":"https:\/\/pureobagi.com\/de\/wp-json\/wp\/v2\/media?parent=29519"}],"wp:term":[{"taxonomy":"product_brand","embeddable":true,"href":"https:\/\/pureobagi.com\/de\/wp-json\/wp\/v2\/product_brand?post=29519"},{"taxonomy":"product_cat","embeddable":true,"href":"https:\/\/pureobagi.com\/de\/wp-json\/wp\/v2\/product_cat?post=29519"},{"taxonomy":"product_tag","embeddable":true,"href":"https:\/\/pureobagi.com\/de\/wp-json\/wp\/v2\/product_tag?post=29519"}],"curies":[{"name":"wp","href":"https:\/\/api.w.org\/{rel}","templated":true}]}}