{"id":29520,"date":"2021-03-19T16:40:54","date_gmt":"2021-03-19T16:40:54","guid":{"rendered":"https:\/\/pureobagi.com\/product\/obagi-vitamin-c-advanced-kit\/"},"modified":"2026-04-13T16:54:07","modified_gmt":"2026-04-13T15:54:07","slug":"vitamin-c-advanced-kit","status":"publish","type":"product","link":"https:\/\/pureobagi.com\/de\/produkt\/vitamin-c-advanced-kit\/","title":{"rendered":"Obagi Vitamin C Advanced Kit"},"content":{"rendered":"<p>Enth\u00e4lt:<\/p>\n<p>Obagi-C<sup>\u00ae<\/sup> C-Cleansing Gel<br \/>\nObagi Hydrate<sup>\u00ae<\/sup> Facial Moisturiser<br \/>\nObagi Professional-C<sup>\u00ae<\/sup> Serum 20&nbsp;%<\/p>\n<p>Das Obagi Vitamin&nbsp;C Advanced Kit wurde speziell f\u00fcr Menschen mit fettiger Haut entwickelt. Das Obagi-C<sup>\u00ae<\/sup> C-Cleansing Gel entfernt \u00d6l und Schmutz von der Hautoberfl\u00e4che und bereitet sie gleichzeitig auf die maximale Aufnahme der restlichen Hautpflege vor. Obagi Professional-C<sup>\u00ae<\/sup> Serum 20&nbsp;% ist eher f\u00fcr normale bis fettige Hauttypen geeignet und ist reich an Antioxidantien, um die Haut vor Sch\u00e4den durch freie Radikale und Umwelteinfl\u00fcsse wie UV-Strahlung zu sch\u00fctzen.<\/p>\n<p>Mango- und Sheabutter sind die Hauptbestandteile und die Stars der Obagi Hydrate<sup>\u00ae<\/sup> Facial Moisturiser-Formel und helfen, deine Haut mit Feuchtigkeit zu versorgen und zu verj\u00fcngen. Noch besser: Die intensiv n\u00e4hrende Obagi Hydrate<sup>\u00ae<\/sup> Facial Moisturiser ist<\/p>\n<p>nicht komedogen, was bedeutet, dass sie die Poren nicht verstopft und deine Haut klar und gen\u00e4hrt h\u00e4lt.<\/p>\n","protected":false},"excerpt":{"rendered":"<p>Enth\u00e4lt: Obagi-C\u00ae C-Cleansing Gel Obagi Hydrate\u00ae Facial Moisturiser Obagi Professional-C\u00ae Serum 20&nbsp;% Das Obagi Vitamin&nbsp;C Advanced Kit wurde speziell f\u00fcr Menschen mit fettiger Haut entwickelt. Das Obagi-C\u00ae C-Cleansing Gel entfernt \u00d6l und Schmutz von der Hautoberfl\u00e4che und bereitet sie gleichzeitig auf die maximale Aufnahme der restlichen Hautpflege vor. Obagi Professional-C\u00ae Serum 20&nbsp;% ist eher f\u00fcr [&hellip;]<\/p>\n","protected":false},"featured_media":18268,"comment_status":"open","ping_status":"closed","template":"","meta":{"_acf_changed":false},"product_brand":[],"product_cat":[401,404,405,408,409,411,543,544,395,548,397,400],"product_tag":[],"class_list":{"0":"post-29520","1":"product","2":"type-product","3":"status-publish","4":"has-post-thumbnail","6":"product_cat-fettige-haut","7":"product_cat-alternde-haut-einschlieslich-feiner-linien-und-faltchen","8":"product_cat-fahle-haut","9":"product_cat-mischhaut","10":"product_cat-normale-haut","11":"product_cat-hautpflege-kits","12":"product_cat-reifer-hauttyp","13":"product_cat-rosacea-de","14":"product_cat-obagi-c-fx-system-de","15":"product_cat-hyperpigmentation-de","16":"product_cat-professional-c-portfolio-de","17":"product_cat-vitamin-c-de","19":"first","20":"outofstock","21":"taxable","22":"shipping-taxable","23":"purchasable","24":"product-type-simple"},"acf":[],"_links":{"self":[{"href":"https:\/\/pureobagi.com\/de\/wp-json\/wp\/v2\/product\/29520","targetHints":{"allow":["GET"]}}],"collection":[{"href":"https:\/\/pureobagi.com\/de\/wp-json\/wp\/v2\/product"}],"about":[{"href":"https:\/\/pureobagi.com\/de\/wp-json\/wp\/v2\/types\/product"}],"replies":[{"embeddable":true,"href":"https:\/\/pureobagi.com\/de\/wp-json\/wp\/v2\/comments?post=29520"}],"wp:featuredmedia":[{"embeddable":true,"href":"https:\/\/pureobagi.com\/de\/wp-json\/wp\/v2\/media\/18268"}],"wp:attachment":[{"href":"https:\/\/pureobagi.com\/de\/wp-json\/wp\/v2\/media?parent=29520"}],"wp:term":[{"taxonomy":"product_brand","embeddable":true,"href":"https:\/\/pureobagi.com\/de\/wp-json\/wp\/v2\/product_brand?post=29520"},{"taxonomy":"product_cat","embeddable":true,"href":"https:\/\/pureobagi.com\/de\/wp-json\/wp\/v2\/product_cat?post=29520"},{"taxonomy":"product_tag","embeddable":true,"href":"https:\/\/pureobagi.com\/de\/wp-json\/wp\/v2\/product_tag?post=29520"}],"curies":[{"name":"wp","href":"https:\/\/api.w.org\/{rel}","templated":true}]}}