{"id":29521,"date":"2021-03-17T16:13:09","date_gmt":"2021-03-17T16:13:09","guid":{"rendered":"https:\/\/pureobagi.com\/product\/obagi-facial-twin-kit-normal-bis-fettig\/"},"modified":"2023-05-24T04:42:04","modified_gmt":"2023-05-24T03:42:04","slug":"twin-kit-normal-to-oily","status":"publish","type":"product","link":"https:\/\/pureobagi.com\/de\/produkt\/twin-kit-normal-to-oily\/","title":{"rendered":"Obagi Facial Twin Kit &#8211; Normal to Oily"},"content":{"rendered":"<p>Enth\u00e4lt:<br \/>\nObagi Nu-Derm<sup>\u00ae<\/sup> Foaming Gel<br \/>\nObagi Nu-Derm<sup>\u00ae<\/sup> Toner<\/p>\n<p>Das Facial Twin Kit for Normal to Oily skin sorgt f\u00fcr einen glatten, strahlenden Teint, w\u00e4hrend es proaktiv die ersten Anzeichen der Hautalterung bek\u00e4mpft und deine Haut vor zuk\u00fcnftigen Sonnensch\u00e4den sch\u00fctzt.<\/p>\n<p>Obagi Nu-Derm<sup>\u00ae<\/sup> Foaming Gel ist ein reinigendes Gel, das Alfalfa-Extrakt und Borago Officinalis enth\u00e4lt, um \u00fcbersch\u00fcssige Fette und Unreinheiten zu entfernen, w\u00e4hrend es gleichzeitig die Hautoberfl\u00e4che aufhellt und gl\u00e4ttet. Obagi Nu-Derm<sup>\u00ae<\/sup> Toner, ebenfalls Teil der Nu-Derm-Serie, hilft dabei, den pH-Wert deiner Haut auszugleichen und sie auf den Rest deiner Pflegeroutine vorzubereiten.<\/p>\n","protected":false},"excerpt":{"rendered":"<p>Enth\u00e4lt: Obagi Nu-Derm\u00ae Foaming Gel Obagi Nu-Derm\u00ae Toner Das Facial Twin Kit for Normal to Oily skin sorgt f\u00fcr einen glatten, strahlenden Teint, w\u00e4hrend es proaktiv die ersten Anzeichen der Hautalterung bek\u00e4mpft und deine Haut vor zuk\u00fcnftigen Sonnensch\u00e4den sch\u00fctzt. Obagi Nu-Derm\u00ae Foaming Gel ist ein reinigendes Gel, das Alfalfa-Extrakt und Borago Officinalis enth\u00e4lt, um \u00fcbersch\u00fcssige [&hellip;]<\/p>\n","protected":false},"featured_media":18559,"comment_status":"open","ping_status":"closed","template":"","meta":{"_acf_changed":false},"product_brand":[],"product_cat":[405,408,409,411,540,543,544,398,401,403],"product_tag":[],"class_list":{"0":"post-29521","1":"product","2":"type-product","3":"status-publish","4":"has-post-thumbnail","6":"product_cat-fahle-haut","7":"product_cat-mischhaut","8":"product_cat-normale-haut","9":"product_cat-hautpflege-kits","10":"product_cat-nu-derm-fx-system-de","11":"product_cat-reifer-hauttyp","12":"product_cat-rosacea-de","13":"product_cat-cleanser","14":"product_cat-fettige-haut","15":"product_cat-toner","17":"first","18":"instock","19":"taxable","20":"shipping-taxable","21":"purchasable","22":"product-type-simple"},"acf":[],"_links":{"self":[{"href":"https:\/\/pureobagi.com\/de\/wp-json\/wp\/v2\/product\/29521","targetHints":{"allow":["GET"]}}],"collection":[{"href":"https:\/\/pureobagi.com\/de\/wp-json\/wp\/v2\/product"}],"about":[{"href":"https:\/\/pureobagi.com\/de\/wp-json\/wp\/v2\/types\/product"}],"replies":[{"embeddable":true,"href":"https:\/\/pureobagi.com\/de\/wp-json\/wp\/v2\/comments?post=29521"}],"wp:featuredmedia":[{"embeddable":true,"href":"https:\/\/pureobagi.com\/de\/wp-json\/wp\/v2\/media\/18559"}],"wp:attachment":[{"href":"https:\/\/pureobagi.com\/de\/wp-json\/wp\/v2\/media?parent=29521"}],"wp:term":[{"taxonomy":"product_brand","embeddable":true,"href":"https:\/\/pureobagi.com\/de\/wp-json\/wp\/v2\/product_brand?post=29521"},{"taxonomy":"product_cat","embeddable":true,"href":"https:\/\/pureobagi.com\/de\/wp-json\/wp\/v2\/product_cat?post=29521"},{"taxonomy":"product_tag","embeddable":true,"href":"https:\/\/pureobagi.com\/de\/wp-json\/wp\/v2\/product_tag?post=29521"}],"curies":[{"name":"wp","href":"https:\/\/api.w.org\/{rel}","templated":true}]}}