{"id":29522,"date":"2021-05-18T15:33:28","date_gmt":"2021-05-18T14:33:28","guid":{"rendered":"https:\/\/pureobagi.com\/product\/obagi-spot-relief-kit\/"},"modified":"2025-06-06T14:28:42","modified_gmt":"2025-06-06T13:28:42","slug":"obagi-spot-relief-kit","status":"publish","type":"product","link":"https:\/\/pureobagi.com\/de\/produkt\/obagi-spot-relief-kit\/","title":{"rendered":"Obagi Spot Relief Kit"},"content":{"rendered":"<p>Reduziere das Auftreten von Unreinheiten, Pickeln und Mitessern mit dem Pure Obagi Spot Relief Kit. Der Obagi CLENZIderm M.D.\u00ae Daily Care Foaming Cleanser ist sanft zur Haut und kann t\u00e4glich morgens und abends angewendet werden. Er enth\u00e4lt 2&nbsp;% Salicyls\u00e4ure, die abgestorbene Hautzellen abw\u00e4scht und die Poren \u00f6ffnet. Mit Hamamelis, einem starken Antioxidans, das hilft, das Erscheinungsbild von Poren und fettiger Haut zu minimieren, ist der <strong>SUZAN<\/strong>OBAGI<strong>MD<\/strong><sup>\u2122<\/sup> Balancing Toner entfernt au\u00dferdem \u00fcbersch\u00fcssige Unreinheiten und stellt den nat\u00fcrlichen pH-Wert der Haut wieder her. <strong>SUZAN<\/strong>OBAGI<strong>MD<\/strong><sup>TM<\/sup> Retivance\u00ae Skin Rejuvenating Complex wurde entwickelt, um das Erscheinungsbild von feinen Linien und Falten zu reduzieren. Es kombiniert Retinaldehyd, eine direkte Umwandlung in Retins\u00e4ure durch deine Haut, die als noch wirkungsvoller als andere Retinoide gilt, aber ohne die damit verbundenen Nebenwirkungen. Das perfekte Finish, um Flecken und Unreinheiten vorzubeugen.<\/p>\n","protected":false},"excerpt":{"rendered":"<p>Reduziere das Auftreten von Unreinheiten, Pickeln und Mitessern mit dem Pure Obagi Spot Relief Kit. Der Obagi CLENZIderm M.D.\u00ae Daily Care Foaming Cleanser ist sanft zur Haut und kann t\u00e4glich morgens und abends angewendet werden. Er enth\u00e4lt 2&nbsp;% Salicyls\u00e4ure, die abgestorbene Hautzellen abw\u00e4scht und die Poren \u00f6ffnet. Mit Hamamelis, einem starken Antioxidans, das hilft, das [&hellip;]<\/p>\n","protected":false},"featured_media":20457,"comment_status":"open","ping_status":"closed","template":"","meta":{"_acf_changed":false},"product_brand":[],"product_cat":[559],"product_tag":[],"class_list":{"0":"post-29522","1":"product","2":"type-product","3":"status-publish","4":"has-post-thumbnail","6":"product_cat-produktpalette","8":"first","9":"outofstock","10":"taxable","11":"shipping-taxable","12":"purchasable","13":"product-type-simple"},"acf":[],"_links":{"self":[{"href":"https:\/\/pureobagi.com\/de\/wp-json\/wp\/v2\/product\/29522","targetHints":{"allow":["GET"]}}],"collection":[{"href":"https:\/\/pureobagi.com\/de\/wp-json\/wp\/v2\/product"}],"about":[{"href":"https:\/\/pureobagi.com\/de\/wp-json\/wp\/v2\/types\/product"}],"replies":[{"embeddable":true,"href":"https:\/\/pureobagi.com\/de\/wp-json\/wp\/v2\/comments?post=29522"}],"wp:featuredmedia":[{"embeddable":true,"href":"https:\/\/pureobagi.com\/de\/wp-json\/wp\/v2\/media\/20457"}],"wp:attachment":[{"href":"https:\/\/pureobagi.com\/de\/wp-json\/wp\/v2\/media?parent=29522"}],"wp:term":[{"taxonomy":"product_brand","embeddable":true,"href":"https:\/\/pureobagi.com\/de\/wp-json\/wp\/v2\/product_brand?post=29522"},{"taxonomy":"product_cat","embeddable":true,"href":"https:\/\/pureobagi.com\/de\/wp-json\/wp\/v2\/product_cat?post=29522"},{"taxonomy":"product_tag","embeddable":true,"href":"https:\/\/pureobagi.com\/de\/wp-json\/wp\/v2\/product_tag?post=29522"}],"curies":[{"name":"wp","href":"https:\/\/api.w.org\/{rel}","templated":true}]}}