{"id":35758,"date":"2021-10-18T14:46:40","date_gmt":"2021-10-18T13:46:40","guid":{"rendered":"https:\/\/pureobagi.com\/product\/face-lift-trio-christmas-limited-edition-kit\/"},"modified":"2021-11-17T15:54:03","modified_gmt":"2021-11-17T15:54:03","slug":"face-lift-trio-christmas-limited-edition-kit","status":"publish","type":"product","link":"https:\/\/pureobagi.com\/de\/produkt\/face-lift-trio-christmas-limited-edition-kit\/","title":{"rendered":"Face Lift Trio \u2013 Christmas Limited Edition Kit"},"content":{"rendered":"<p>Verwandle deine Haut mit diesem limitierten Face Lift Trio. Das ELASTIderm\u00ae Facial Serum enth\u00e4lt den patentierten Bi-Mineral Contour Complex\u2122, der die Hautelastizit\u00e4t unterst\u00fctzt und f\u00fcr eine festere und elastischere Haut sorgt.<\/p>\n<p> 100&nbsp;% der Teilnehmerinnen, die dieses Serum 12&nbsp;Wochen lang ausprobiert haben, gaben an, dass ihr Gesicht straffer aussieht.<\/p>\n<p>Das SUZANOBAGIMD Retivance\u00ae Skin Rejuvenating Complex enth\u00e4lt Retinaldehyd, ein Retinoid oder Vitamin-A-Derivat, das nachweislich die Festigkeit und Elastizit\u00e4t der Haut verbessert, einschlie\u00dflich feiner Linien und Falten. Dieses Obagi-Retinoid-Produkt enth\u00e4lt Kamillenextrakt, um die Haut zu beruhigen und Irritationen zu minimieren, und wird auch von empfindlichen Hauttypen vertragen.<\/p>\n<p>Die Obagi Professional-C\u00ae Microdermabrasion Polish + Mask ist die preisgekr\u00f6nte Maske des Jahres&nbsp;2021 bei den Shape&nbsp;2021 Skin Awards. Mit ultrafeinen Kristallen hilft diese Mikrodermabrasionsmaske, abgestorbene Hautzellen zu entfernen und eine glatte Haut zu erhalten. Mit 30&nbsp;% L-Ascorbins\u00e4ure (Vitamin&nbsp;C) verleiht diese Maske deiner Haut ein strahlendes Aussehen und wirkt gleichzeitig als starkes Antioxidans gegen feine Linien und Falten.<\/p>\n<p>Halte dein Haar w\u00e4hrend deiner Hautpflege-Routine mit diesem exklusiven Obagi Medical Headband an Ort und Stelle.<\/p>\n","protected":false},"excerpt":{"rendered":"<p>Verwandle deine Haut mit diesem limitierten Face Lift Trio. Das ELASTIderm\u00ae Facial Serum enth\u00e4lt den patentierten Bi-Mineral Contour Complex\u2122, der die Hautelastizit\u00e4t unterst\u00fctzt und f\u00fcr eine festere und elastischere Haut sorgt. 100&nbsp;% der Teilnehmerinnen, die dieses Serum 12&nbsp;Wochen lang ausprobiert haben, gaben an, dass ihr Gesicht straffer aussieht. Das SUZANOBAGIMD Retivance\u00ae Skin Rejuvenating Complex enth\u00e4lt [&hellip;]<\/p>\n","protected":false},"featured_media":0,"comment_status":"closed","ping_status":"closed","template":"","meta":{"_acf_changed":false},"product_brand":[],"product_cat":[404,543,553,557,559,400],"product_tag":[],"class_list":{"0":"post-35758","1":"product","2":"type-product","3":"status-publish","5":"product_cat-alternde-haut-einschlieslich-feiner-linien-und-faltchen","6":"product_cat-reifer-hauttyp","7":"product_cat-retinoide","8":"product_cat-behandlungen-fur-gesicht-und-hals","9":"product_cat-produktpalette","10":"product_cat-vitamin-c-de","12":"first","13":"outofstock","14":"taxable","15":"shipping-taxable","16":"purchasable","17":"product-type-simple"},"acf":[],"_links":{"self":[{"href":"https:\/\/pureobagi.com\/de\/wp-json\/wp\/v2\/product\/35758","targetHints":{"allow":["GET"]}}],"collection":[{"href":"https:\/\/pureobagi.com\/de\/wp-json\/wp\/v2\/product"}],"about":[{"href":"https:\/\/pureobagi.com\/de\/wp-json\/wp\/v2\/types\/product"}],"replies":[{"embeddable":true,"href":"https:\/\/pureobagi.com\/de\/wp-json\/wp\/v2\/comments?post=35758"}],"wp:attachment":[{"href":"https:\/\/pureobagi.com\/de\/wp-json\/wp\/v2\/media?parent=35758"}],"wp:term":[{"taxonomy":"product_brand","embeddable":true,"href":"https:\/\/pureobagi.com\/de\/wp-json\/wp\/v2\/product_brand?post=35758"},{"taxonomy":"product_cat","embeddable":true,"href":"https:\/\/pureobagi.com\/de\/wp-json\/wp\/v2\/product_cat?post=35758"},{"taxonomy":"product_tag","embeddable":true,"href":"https:\/\/pureobagi.com\/de\/wp-json\/wp\/v2\/product_tag?post=35758"}],"curies":[{"name":"wp","href":"https:\/\/api.w.org\/{rel}","templated":true}]}}