{"id":35762,"date":"2021-10-18T14:45:35","date_gmt":"2021-10-18T13:45:35","guid":{"rendered":"https:\/\/pureobagi.com\/product\/pure-obagi-deluxe-mini-cracker\/"},"modified":"2025-06-06T13:25:18","modified_gmt":"2025-06-06T12:25:18","slug":"pure-obagi-deluxe-mini-cracker","status":"publish","type":"product","link":"https:\/\/pureobagi.com\/de\/produkt\/pure-obagi-deluxe-mini-cracker\/","title":{"rendered":"Pure Obagi Deluxe Mini Cracker"},"content":{"rendered":"<p>Dieser limitierte Weihnachts-Cracker ist endlich da! Dieser Deluxe Mini Cracker enth\u00e4lt drei Deluxe-Mini-Produkte von Obagi, die auf der ganzen Welt begehrt sind. Er eignet sich hervorragend als Geschenk f\u00fcr einen besonderen Menschen, als Wichtelgeschenk oder einfach, um sich selbst eine tolle Hautpflege zu g\u00f6nnen. Der Pure Obagi Deluxe Mini Cracker enth\u00e4lt 5&nbsp;ml Gr\u00f6\u00dfen dieser Bestseller:<\/p>\n<ul>\n<li>Obagi Professional-C\u00ae Microdermabrasion Polish + Mask, eine Peeling-Maske f\u00fcr zu Hause, die mit 30&nbsp;% L-Ascrobins\u00e4ure (Vitamin&nbsp;C) angereichert ist.<\/li>\n<li>Obagi Daily Hydro-Drops\u2122, ein leichtes, feuchtigkeitsspendendes Serum, das die Haut glatt macht und erfrischt.<\/li>\n<li>ELASTIderm\u00ae Facial Serum ist klinisch erprobt und sorgt f\u00fcr eine straffere Haut, die Wirkung setzt schon in 24&nbsp;Stunden ein.<\/li>\n<\/ul>\n","protected":false},"excerpt":{"rendered":"<p>Dieser limitierte Weihnachts-Cracker ist endlich da! Dieser Deluxe Mini Cracker enth\u00e4lt drei Deluxe-Mini-Produkte von Obagi, die auf der ganzen Welt begehrt sind. Er eignet sich hervorragend als Geschenk f\u00fcr einen besonderen Menschen, als Wichtelgeschenk oder einfach, um sich selbst eine tolle Hautpflege zu g\u00f6nnen. Der Pure Obagi Deluxe Mini Cracker enth\u00e4lt 5&nbsp;ml Gr\u00f6\u00dfen dieser Bestseller: [&hellip;]<\/p>\n","protected":false},"featured_media":0,"comment_status":"closed","ping_status":"closed","template":"","meta":{"_acf_changed":false},"product_brand":[],"product_cat":[550,557,399,559,400,668,404,405,408,409,411,542,543],"product_tag":[],"class_list":{"0":"post-35762","1":"product","2":"type-product","3":"status-publish","5":"product_cat-bestseller","6":"product_cat-behandlungen-fur-gesicht-und-hals","7":"product_cat-feuchtigkeitsspender-und-hydratoren","8":"product_cat-produktpalette","9":"product_cat-vitamin-c-de","10":"product_cat-geschenke-unter-100","11":"product_cat-alternde-haut-einschlieslich-feiner-linien-und-faltchen","12":"product_cat-fahle-haut","13":"product_cat-mischhaut","14":"product_cat-normale-haut","15":"product_cat-hautpflege-kits","16":"product_cat-trockene-haut","17":"product_cat-reifer-hauttyp","19":"first","20":"outofstock","21":"sale","22":"taxable","23":"shipping-taxable","24":"purchasable","25":"product-type-simple"},"acf":[],"_links":{"self":[{"href":"https:\/\/pureobagi.com\/de\/wp-json\/wp\/v2\/product\/35762","targetHints":{"allow":["GET"]}}],"collection":[{"href":"https:\/\/pureobagi.com\/de\/wp-json\/wp\/v2\/product"}],"about":[{"href":"https:\/\/pureobagi.com\/de\/wp-json\/wp\/v2\/types\/product"}],"replies":[{"embeddable":true,"href":"https:\/\/pureobagi.com\/de\/wp-json\/wp\/v2\/comments?post=35762"}],"wp:attachment":[{"href":"https:\/\/pureobagi.com\/de\/wp-json\/wp\/v2\/media?parent=35762"}],"wp:term":[{"taxonomy":"product_brand","embeddable":true,"href":"https:\/\/pureobagi.com\/de\/wp-json\/wp\/v2\/product_brand?post=35762"},{"taxonomy":"product_cat","embeddable":true,"href":"https:\/\/pureobagi.com\/de\/wp-json\/wp\/v2\/product_cat?post=35762"},{"taxonomy":"product_tag","embeddable":true,"href":"https:\/\/pureobagi.com\/de\/wp-json\/wp\/v2\/product_tag?post=35762"}],"curies":[{"name":"wp","href":"https:\/\/api.w.org\/{rel}","templated":true}]}}