{"id":47543,"date":"2022-02-07T14:51:53","date_gmt":"2022-02-07T14:51:53","guid":{"rendered":"https:\/\/pureobagi.com\/product\/obagi-sun-shield-matte-broad-spectrum-spf-50-cool\/"},"modified":"2023-01-10T12:37:25","modified_gmt":"2023-01-10T12:37:25","slug":"obagi-sun-shield-tint-broad-spectrum-spf-50-cool-2","status":"publish","type":"product","link":"https:\/\/pureobagi.com\/de\/produkt\/obagi-sun-shield-tint-broad-spectrum-spf-50-cool-2\/","title":{"rendered":"Obagi Sun Shield Matte\u2122 Broad Spectrum SPF\u00a050 Cool"},"content":{"rendered":"<p>Obagi Sun Shield\u2122 Tint Broad Spectrum SPF&nbsp;50 Cool ist ein leichter Sonnenschutz mit physikalischen und chemischen Inhaltsstoffen, der Schutz vor UVA- und UVB-Strahlen bietet. Diese Wirkstoffe lenken die sch\u00e4dlichen Sonnenstrahlen um, absorbieren die Strahlung und geben sie wieder ab, um so einen Broad-Spectrum-Schutz zu bieten und vor Infrarot-, HEV- und Blaulicht zu sch\u00fctzen.<\/p>\n<p>Der Sonnenschutz Obagi Sun Shield\u2122 Tint Broad Spectrum SPF&nbsp;50 Cool wird von der Skin Cancer Foundation f\u00fcr die t\u00e4gliche Anwendung empfohlen und hilft, leichte Unregelm\u00e4\u00dfigkeiten oder Sonnenflecken etwas abzudecken. Der Sonnenschutz Obagi Sun Shield\u2122 Tinted Cool wurde auf den nat\u00fcrlichen Unterton der Haut und nicht auf den Hautton selbst abgestimmt, wodurch er f\u00fcr einen pinken oder beigen Hautunterton ideal ist. <\/p>\n<p><em>Wusstest du das?<\/em> Das Verwenden eines Breitspektrum-Sonnenschutzes mit LSF&nbsp;30 sowie umfassende Ma\u00dfnahmen zum Schutz vor der Sonne, beispielsweise das Tragen von Sonnenschutzkleidung, H\u00fcten, Sonnenbrillen und das Vermeiden der Sonne zwischen 10:00 und 14:00&nbsp;Uhr, senken das Risiko der fr\u00fchzeitigen Hautalterung.<\/p>\n","protected":false},"excerpt":{"rendered":"<p>Obagi Sun Shield\u2122 Tint Broad Spectrum SPF&nbsp;50 Cool ist ein leichter Sonnenschutz mit physikalischen und chemischen Inhaltsstoffen, der Schutz vor UVA- und UVB-Strahlen bietet. Diese Wirkstoffe lenken die sch\u00e4dlichen Sonnenstrahlen um, absorbieren die Strahlung und geben sie wieder ab, um so einen Broad-Spectrum-Schutz zu bieten und vor Infrarot-, HEV- und Blaulicht zu sch\u00fctzen. Der Sonnenschutz [&hellip;]<\/p>\n","protected":false},"featured_media":46041,"comment_status":"open","ping_status":"closed","template":"","meta":{"_acf_changed":false},"product_brand":[],"product_cat":[542,559,401,404,406,408,409,410,412,541],"product_tag":[],"class_list":{"0":"post-47543","1":"product","2":"type-product","3":"status-publish","4":"has-post-thumbnail","6":"product_cat-trockene-haut","7":"product_cat-produktpalette","8":"product_cat-fettige-haut","9":"product_cat-alternde-haut-einschlieslich-feiner-linien-und-faltchen","10":"product_cat-sonnenschaden","11":"product_cat-mischhaut","12":"product_cat-normale-haut","13":"product_cat-sonnenschutz","14":"product_cat-obagi-sun-protection-de","15":"product_cat-empfindliche-haut","17":"first","18":"instock","19":"taxable","20":"shipping-taxable","21":"purchasable","22":"product-type-simple"},"acf":[],"_links":{"self":[{"href":"https:\/\/pureobagi.com\/de\/wp-json\/wp\/v2\/product\/47543","targetHints":{"allow":["GET"]}}],"collection":[{"href":"https:\/\/pureobagi.com\/de\/wp-json\/wp\/v2\/product"}],"about":[{"href":"https:\/\/pureobagi.com\/de\/wp-json\/wp\/v2\/types\/product"}],"replies":[{"embeddable":true,"href":"https:\/\/pureobagi.com\/de\/wp-json\/wp\/v2\/comments?post=47543"}],"wp:featuredmedia":[{"embeddable":true,"href":"https:\/\/pureobagi.com\/de\/wp-json\/wp\/v2\/media\/46041"}],"wp:attachment":[{"href":"https:\/\/pureobagi.com\/de\/wp-json\/wp\/v2\/media?parent=47543"}],"wp:term":[{"taxonomy":"product_brand","embeddable":true,"href":"https:\/\/pureobagi.com\/de\/wp-json\/wp\/v2\/product_brand?post=47543"},{"taxonomy":"product_cat","embeddable":true,"href":"https:\/\/pureobagi.com\/de\/wp-json\/wp\/v2\/product_cat?post=47543"},{"taxonomy":"product_tag","embeddable":true,"href":"https:\/\/pureobagi.com\/de\/wp-json\/wp\/v2\/product_tag?post=47543"}],"curies":[{"name":"wp","href":"https:\/\/api.w.org\/{rel}","templated":true}]}}