{"id":56020,"date":"2022-05-10T09:40:10","date_gmt":"2022-05-10T08:40:10","guid":{"rendered":"https:\/\/pureobagi.com\/product\/suzanobagimd-acne-prone-skin-cleansing-wipes\/"},"modified":"2022-05-10T09:40:10","modified_gmt":"2022-05-10T08:40:10","slug":"suzanobagimd-acne-prone-skin-cleansing-wipes-2","status":"publish","type":"product","link":"https:\/\/pureobagi.com\/de\/produkt\/suzanobagimd-acne-prone-skin-cleansing-wipes-2\/","title":{"rendered":"SUZANOBAGIMD\u2122 Acne-Prone Skin Cleansing Wipes"},"content":{"rendered":"<p><strong>SUZANOBAGIMD\u2122 Acne-Prone Skin Cleansing Wipes f\u00fcr fettige oder zu Akne neigende Haut enthalten 2&nbsp;% Salicyls\u00e4ure, um verstopfte Poren effektiv zu reinigen und die Wahrscheinlichkeit der Bildung von Flecken oder L\u00e4sionen zu verringern sowie um die Haut schnell zu erfrischen.<\/strong><\/p>\n<p>Salicyls\u00e4ure ist eine Art von BHA, das abgestorbene Hautzellen und \u00d6le, die die Poren verstopfen und Anzeichen von Akne verursachen k\u00f6nnen, darunter Mitesser, Mitesser und Pickel, effektiv aufl\u00f6st.<\/p>\n<p>Diese erfrischenden Reinigungst\u00fccher sind au\u00dferdem mit Hamamelis angereichert, die \u00fcbersch\u00fcssiges \u00d6l und Verunreinigungen entfernt, um das Erscheinungsbild der Poren zu minimieren, und mit Dr.&nbsp;Suzan Obagis charakteristischem Antioxidans-Trio: BioDTox. Diese Kombination aus Aloe, Brokkoliextrakt und Citrus-Bioflavanoiden ist eine Wirkstoffkombination, die die Haut mit Feuchtigkeit versorgt, sie beruhigt und sie vor freien Radikalen sowie Umweltschadstoffen sch\u00fctzt.<\/p>\n<p>Die SUZANOBAGIMD\u2122 Acne-Prone Skin Cleansing Wipes sind perfekt f\u00fcr unterwegs, auf Reisen, nach dem Training im Fitnessstudio oder nach einer Gesichtsmaske. Sie sind eine praktische Hautpflegel\u00f6sung f\u00fcr Menschen mit fettiger oder zu Akne neigender Haut, f\u00fcr die eine vollst\u00e4ndige Pflege unpraktisch ist. <\/p>\n<p> Wusstest du das schon? Salicyls\u00e4ure wirkt, indem sie tief in die Poren eindringt, um zu verhindern, dass die Haarfollikel verstopfen sowie um die Talgablagerungen an der Oberfl\u00e4che zu reduzieren, und sie verbessert die Aufnahme und das Eindringen der nachfolgenden Wirkstoffe.<\/p>\n","protected":false},"excerpt":{"rendered":"<p>SUZANOBAGIMD\u2122 Acne-Prone Skin Cleansing Wipes f\u00fcr fettige oder zu Akne neigende Haut enthalten 2&nbsp;% Salicyls\u00e4ure, um verstopfte Poren effektiv zu reinigen und die Wahrscheinlichkeit der Bildung von Flecken oder L\u00e4sionen zu verringern sowie um die Haut schnell zu erfrischen. Salicyls\u00e4ure ist eine Art von BHA, das abgestorbene Hautzellen und \u00d6le, die die Poren verstopfen und [&hellip;]<\/p>\n","protected":false},"featured_media":0,"comment_status":"open","ping_status":"closed","template":"","meta":{"_acf_changed":false},"product_brand":[],"product_cat":[398,401,547,558,559],"product_tag":[],"class_list":{"0":"post-56020","1":"product","2":"type-product","3":"status-publish","5":"product_cat-cleanser","6":"product_cat-fettige-haut","7":"product_cat-zu-akne-neigende-haut","8":"product_cat-suzanobagimd-de","9":"product_cat-produktpalette","11":"first","12":"outofstock","13":"taxable","14":"shipping-taxable","15":"purchasable","16":"product-type-simple"},"acf":[],"_links":{"self":[{"href":"https:\/\/pureobagi.com\/de\/wp-json\/wp\/v2\/product\/56020","targetHints":{"allow":["GET"]}}],"collection":[{"href":"https:\/\/pureobagi.com\/de\/wp-json\/wp\/v2\/product"}],"about":[{"href":"https:\/\/pureobagi.com\/de\/wp-json\/wp\/v2\/types\/product"}],"replies":[{"embeddable":true,"href":"https:\/\/pureobagi.com\/de\/wp-json\/wp\/v2\/comments?post=56020"}],"wp:attachment":[{"href":"https:\/\/pureobagi.com\/de\/wp-json\/wp\/v2\/media?parent=56020"}],"wp:term":[{"taxonomy":"product_brand","embeddable":true,"href":"https:\/\/pureobagi.com\/de\/wp-json\/wp\/v2\/product_brand?post=56020"},{"taxonomy":"product_cat","embeddable":true,"href":"https:\/\/pureobagi.com\/de\/wp-json\/wp\/v2\/product_cat?post=56020"},{"taxonomy":"product_tag","embeddable":true,"href":"https:\/\/pureobagi.com\/de\/wp-json\/wp\/v2\/product_tag?post=56020"}],"curies":[{"name":"wp","href":"https:\/\/api.w.org\/{rel}","templated":true}]}}