{"id":26367,"date":"2020-10-19T17:29:43","date_gmt":"2020-10-19T16:29:43","guid":{"rendered":"https:\/\/pureobagi.com\/cuestionario-sobre-tu-piel\/"},"modified":"2021-08-12T15:19:11","modified_gmt":"2021-08-12T14:19:11","slug":"cuestionario-sobre-tu-piel","status":"publish","type":"page","link":"https:\/\/pureobagi.com\/es\/cuestionario-sobre-tu-piel\/","title":{"rendered":"Cuestionario sobre tu piel"},"content":{"rendered":"\n<p class=\"has-text-align-center po-tagline\">Pure Obagi<\/p>\n\n<h2 class=\"has-text-align-center wp-block-heading\">Tu tipo de piel es tan \u00fanico como t\u00fa.<\/h2>\n\n<p class=\"has-text-align-center\">Realiza este cuestionario para identificar tu tipo de piel y dinos cu\u00e1les son tus preocupaciones para ofrecerte recomendaciones de productos instant\u00e1neas.<\/p>\n\n<div class=\"rh-widget rh-inline\" data-url=\"https:\/\/admin.revenuehunt.com\/public\/quiz\/vwHBLq\" style=\"margin: 10px auto; width: 100%; height: 600px; display: flex;\"><\/div>\r\n\n<p><\/p>\n","protected":false},"excerpt":{"rendered":"<p>Pure Obagi Tu tipo de piel es tan \u00fanico como t\u00fa. Realiza este cuestionario para identificar tu tipo de piel y dinos cu\u00e1les son tus preocupaciones para ofrecerte recomendaciones de productos instant\u00e1neas.<\/p>\n","protected":false},"author":1,"featured_media":0,"parent":0,"menu_order":0,"comment_status":"closed","ping_status":"closed","template":"template-fullwidth.php","meta":{"_acf_changed":false,"footnotes":""},"class_list":["post-26367","page","type-page","status-publish","hentry"],"acf":[],"_links":{"self":[{"href":"https:\/\/pureobagi.com\/es\/wp-json\/wp\/v2\/pages\/26367","targetHints":{"allow":["GET"]}}],"collection":[{"href":"https:\/\/pureobagi.com\/es\/wp-json\/wp\/v2\/pages"}],"about":[{"href":"https:\/\/pureobagi.com\/es\/wp-json\/wp\/v2\/types\/page"}],"author":[{"embeddable":true,"href":"https:\/\/pureobagi.com\/es\/wp-json\/wp\/v2\/users\/1"}],"replies":[{"embeddable":true,"href":"https:\/\/pureobagi.com\/es\/wp-json\/wp\/v2\/comments?post=26367"}],"version-history":[{"count":3,"href":"https:\/\/pureobagi.com\/es\/wp-json\/wp\/v2\/pages\/26367\/revisions"}],"predecessor-version":[{"id":29924,"href":"https:\/\/pureobagi.com\/es\/wp-json\/wp\/v2\/pages\/26367\/revisions\/29924"}],"wp:attachment":[{"href":"https:\/\/pureobagi.com\/es\/wp-json\/wp\/v2\/media?parent=26367"}],"curies":[{"name":"wp","href":"https:\/\/api.w.org\/{rel}","templated":true}]}}