{"id":26382,"date":"2020-12-04T12:35:27","date_gmt":"2020-12-04T12:35:27","guid":{"rendered":"https:\/\/pureobagi.com\/clenziderm\/"},"modified":"2022-03-21T17:18:40","modified_gmt":"2022-03-21T17:18:40","slug":"clenziderm","status":"publish","type":"page","link":"https:\/\/pureobagi.com\/es\/explora-la-gama\/clenziderm\/","title":{"rendered":"CLENZIderm"},"content":{"rendered":"\n<div class=\"wp-block-columns is-layout-flex wp-container-core-columns-is-layout-28f84493 wp-block-columns-is-layout-flex\">\n<div class=\"wp-block-column is-layout-flow wp-block-column-is-layout-flow\">\n<div class=\"wp-block-cover aligncenter is-light\"><span aria-hidden=\"true\" class=\"has-background-dim-0 wp-block-cover__gradient-background has-background-dim\"><\/span><img decoding=\"async\" width=\"1000\" height=\"1000\" class=\"wp-block-cover__image-background wp-image-46818\" alt=\"Obagi CLENZIderm M.D.\u00ae Daily Care Foaming Cleanser\" src=\"https:\/\/pureobagi.com\/wp-content\/uploads\/2020\/10\/clenziderm-lifestyle-1000x1000-1.jpg\" data-object-fit=\"cover\" srcset=\"https:\/\/pureobagi.com\/wp-content\/uploads\/2020\/10\/clenziderm-lifestyle-1000x1000-1.jpg 1000w, https:\/\/pureobagi.com\/wp-content\/uploads\/2020\/10\/clenziderm-lifestyle-1000x1000-1-300x300.jpg 300w, https:\/\/pureobagi.com\/wp-content\/uploads\/2020\/10\/clenziderm-lifestyle-1000x1000-1-150x150.jpg 150w, https:\/\/pureobagi.com\/wp-content\/uploads\/2020\/10\/clenziderm-lifestyle-1000x1000-1-768x768.jpg 768w, https:\/\/pureobagi.com\/wp-content\/uploads\/2020\/10\/clenziderm-lifestyle-1000x1000-1-600x600.jpg 600w, https:\/\/pureobagi.com\/wp-content\/uploads\/2020\/10\/clenziderm-lifestyle-1000x1000-1-324x324.jpg 324w, https:\/\/pureobagi.com\/wp-content\/uploads\/2020\/10\/clenziderm-lifestyle-1000x1000-1-416x416.jpg 416w, https:\/\/pureobagi.com\/wp-content\/uploads\/2020\/10\/clenziderm-lifestyle-1000x1000-1-100x100.jpg 100w\" sizes=\"(max-width: 1000px) 100vw, 1000px\" \/><div class=\"wp-block-cover__inner-container is-layout-flow wp-block-cover-is-layout-flow\">\n<p class=\"has-text-align-center has-large-font-size\"><\/p>\n<\/div><\/div>\n<\/div>\n\n\n\n<div class=\"wp-block-column is-layout-flow wp-block-column-is-layout-flow\">\n<p>Obagi CLENZIderm Daily Care Foaming Cleanser es un limpiador ligero en forma de espuma con un 2&nbsp;% de \u00e1cido salic\u00edlico que desobstruye los poros y elimina las c\u00e9lulas muertas de la piel.<\/p>\n\n\n\n<p>El \u00e1cido salic\u00edlico funciona de forma eficaz para disolver las c\u00e9lulas muertas de la piel, y la grasa que puede obstruir los poros y causar acn\u00e9, incluyendo puntos negros, puntos blancos y espinillas.<\/p>\n\n\n\n<p>Tan suave que se puede utilizar ma\u00f1ana y noche, Obagi CLENZIderm Daily Care Foaming Cleanser es un limpiador facial purificante que dejar\u00e1 en tu piel una sensaci\u00f3n limpia y fresca, sin sequedad, tirantez o escamas. El mentol ayuda a aliviar la piel irritada.<\/p>\n\n\n\n<p><em>\u00bfLo sab\u00edas?<\/em> El \u00e1cido salic\u00edlico llega hasta la parte m\u00e1s profunda de los poros, evitando que los fol\u00edculos pilosos se obstruyan, y mejorando la absorci\u00f3n y la penetraci\u00f3n de los siguientes ingredientes clave.<\/p>\n\n\n\n<div class=\"wp-block-buttons is-layout-flex wp-block-buttons-is-layout-flex\">\n<div class=\"wp-block-button\"><a class=\"wp-block-button__link\" href=\"https:\/\/pureobagi.com\/es\/categoria-producto\/gama-de-productos\/clenziderm-m-d\/\">Compra Obagi CLENZIderm<\/a><\/div>\n<\/div>\n<\/div>\n<\/div>\n\n\n\n<div class=\"wp-block-columns is-layout-flex wp-container-core-columns-is-layout-28f84493 wp-block-columns-is-layout-flex\">\n<div class=\"wp-block-column is-layout-flow wp-block-column-is-layout-flow\" style=\"flex-basis:100%\">\n<div class=\"wp-block-columns is-layout-flex wp-container-core-columns-is-layout-28f84493 wp-block-columns-is-layout-flex\">\n<div class=\"wp-block-column is-layout-flow wp-block-column-is-layout-flow\">\n<h3 class=\"po-standout-text wp-block-heading\">2%<\/h3>\n\n\n\n<p>El 2&nbsp;% del \u00e1cido salic\u00edlico llega a lo m\u00e1s profundo de los poros. Como Obagi CLENZIderm Daily Care Foaming Cleanser se aclara despu\u00e9s de cada uso, es tan suave que se puede utilizar por la ma\u00f1ana y por la noche.<br><\/p>\n\n\n\n<h3 class=\"po-standout-text wp-block-heading\">FRESCO<\/h3>\n\n\n\n<p>El mentol que incluye CLENZIderm Daily Care Foaming Cleanser deja una sensaci\u00f3n fresca y refrescante en la piel despu\u00e9s de cada uso.<br><\/p>\n<\/div>\n\n\n\n<div class=\"wp-block-column is-layout-flow wp-block-column-is-layout-flow\">\n<div class=\"wp-block-cover aligncenter is-light\"><span aria-hidden=\"true\" class=\"has-background-dim-0 wp-block-cover__gradient-background has-background-dim\"><\/span><img decoding=\"async\" width=\"1080\" height=\"1080\" class=\"wp-block-cover__image-background wp-image-49824\" alt=\"Obagi CLENZIderm M.D.\u00ae Daily Care Foaming Cleanser\" src=\"https:\/\/pureobagi.com\/wp-content\/uploads\/2022\/03\/248451669_1288630451608519_3101319382158432202_n.jpg\" data-object-fit=\"cover\" srcset=\"https:\/\/pureobagi.com\/wp-content\/uploads\/2022\/03\/248451669_1288630451608519_3101319382158432202_n.jpg 1080w, https:\/\/pureobagi.com\/wp-content\/uploads\/2022\/03\/248451669_1288630451608519_3101319382158432202_n-300x300.jpg 300w, https:\/\/pureobagi.com\/wp-content\/uploads\/2022\/03\/248451669_1288630451608519_3101319382158432202_n-1024x1024.jpg 1024w, https:\/\/pureobagi.com\/wp-content\/uploads\/2022\/03\/248451669_1288630451608519_3101319382158432202_n-150x150.jpg 150w, https:\/\/pureobagi.com\/wp-content\/uploads\/2022\/03\/248451669_1288630451608519_3101319382158432202_n-768x768.jpg 768w, https:\/\/pureobagi.com\/wp-content\/uploads\/2022\/03\/248451669_1288630451608519_3101319382158432202_n-600x600.jpg 600w, https:\/\/pureobagi.com\/wp-content\/uploads\/2022\/03\/248451669_1288630451608519_3101319382158432202_n-324x324.jpg 324w, https:\/\/pureobagi.com\/wp-content\/uploads\/2022\/03\/248451669_1288630451608519_3101319382158432202_n-416x416.jpg 416w, https:\/\/pureobagi.com\/wp-content\/uploads\/2022\/03\/248451669_1288630451608519_3101319382158432202_n-100x100.jpg 100w\" sizes=\"(max-width: 1080px) 100vw, 1080px\" \/><div class=\"wp-block-cover__inner-container is-layout-flow wp-block-cover-is-layout-flow\">\n<p class=\"has-text-align-center has-large-font-size\"><\/p>\n<\/div><\/div>\n<\/div>\n<\/div>\n<\/div>\n<\/div>\n\n\n\n<div class=\"wp-block-columns reverse-mobile is-layout-flex wp-container-core-columns-is-layout-28f84493 wp-block-columns-is-layout-flex\">\n<div class=\"wp-block-column is-layout-flow wp-block-column-is-layout-flow\">\n<div class=\"wp-block-cover aligncenter is-light\"><span aria-hidden=\"true\" class=\"has-background-dim-0 wp-block-cover__gradient-background has-background-dim\"><\/span><img decoding=\"async\" class=\"wp-block-cover__image-background wp-image-15861\" alt=\"\" src=\"https:\/\/pureobagi.com\/wp-content\/uploads\/2020\/12\/Product_Range_Images_00022_CLENZIderm_3.png\" data-object-fit=\"cover\"\/><div class=\"wp-block-cover__inner-container is-layout-flow wp-block-cover-is-layout-flow\">\n<p class=\"has-text-align-center has-large-font-size\"><\/p>\n<\/div><\/div>\n<\/div>\n\n\n\n<div class=\"wp-block-column is-layout-flow wp-block-column-is-layout-flow\">\n<h2 class=\"wp-block-heading\">INGREDIENTES CLAVE<\/h2>\n\n\n\n<p>Obagi CLENZIderm Daily Care Foaming Cleanser utiliza:<\/p>\n\n\n\n<ul class=\"wp-block-list\"><li>Un 2&nbsp;% de \u00e1cido salic\u00edlico <br>para limpiar las c\u00e9lulas muertas de la piel y revelar una piel m\u00e1s sana<\/li><li>El mentol<br>refresca y calma la piel irritada<\/li><\/ul>\n\n\n\n<p>Descubre m\u00e1s sobre estos ingredientes clave en nuestros blogs<\/p>\n<\/div>\n<\/div>\n\n\n\n<div class=\"wp-block-columns is-layout-flex wp-container-core-columns-is-layout-28f84493 wp-block-columns-is-layout-flex\">\n<div class=\"wp-block-column is-layout-flow wp-block-column-is-layout-flow\">\n<h2 class=\"wp-block-heading\">Producto Obagi CLENZIderm<\/h2>\n\n\n\n<p>Obagi CLENZIderm Daily Care Foaming Cleanser es apto para personas propensas a padecer acn\u00e9 o #maskn\u00e9.<\/p>\n\n\n\n<p>\u00bfTienes dudas de si Obagi CLENZIderm es adecuado para ti? Pregunta a nuestros socios m\u00e9dicos<\/p>\n\n\n\n<div class=\"wp-block-buttons is-layout-flex wp-block-buttons-is-layout-flex\">\n<div class=\"wp-block-button\"><a class=\"wp-block-button__link\" href=\"https:\/\/pureobagi.com\/es\/skinstation\/\">Contacto<\/a><\/div>\n<\/div>\n<\/div>\n\n\n\n<div class=\"wp-block-column is-layout-flow wp-block-column-is-layout-flow\">\n<figure class=\"wp-block-embed aligncenter is-type-video is-provider-vimeo wp-block-embed-vimeo wp-embed-aspect-16-9 wp-has-aspect-ratio\"><div class=\"wp-block-embed__wrapper\">\n<iframe loading=\"lazy\" title=\"CLENZIderm Cleanser\" src=\"https:\/\/player.vimeo.com\/video\/492522897?h=72d30d974c&amp;dnt=1&amp;app_id=122963\" width=\"980\" height=\"551\" frameborder=\"0\" allow=\"autoplay; fullscreen; picture-in-picture\" allowfullscreen><\/iframe>\n<\/div><\/figure>\n<\/div>\n<\/div>\n\n\n<div  class=\"wp-block-product-blocks-product-grid-3 wopb-block-ce6eed \"><div class=\"wopb-block-wrapper\"><div class=\"wopb-wrapper-main-content\"><div class=\"wopb-product-blocks-slide\" data-slidestoshow=\"3-2-1\" data-autoplay=\"\" data-slidespeed=\"3000\" data-showdots=\"\" data-showarrows=\"1\"><div class=\"wopb-block-item \"><div class=\"wopb-block-content-wrap\"><div class=\"wopb-block-image wopb-block-image-none\"><div class=\"wopb-onsale-hot\"><\/div><div class=\"wopb-product-new-meta\"><\/div><div class=\"wopb-quick-cart\"><div class=\"wopb-product-btn\"><div class=\"wopb-product-btn \"><span class=\"wopb-cart-action \" data-postid=\"29331\"><a href=\"\/es\/wp-json\/wp\/v2\/pages\/26382?add-to-cart=29331\" class=\"add_to_cart_button ajax_add_to_cart wopb-cart-normal\" data-stock=\"\" aria-label=\"A\u00f1adir al carrito: &ldquo;SUZANOBAGIMD\u2122 Intensive Daily Repair (IDR)&rdquo;\" data-quantity=\"1\" data-product_id=\"29331\" data-product_sku=\"SOMDIDREXFO\" rel=\"nofollow\">A\u00f1adir al carrito<\/a><a href=\"https:\/\/pureobagi.com\/es\/cart-2\/\" class=\"wopb-cart-active\">View Cart<\/a><\/span><\/div><\/div><\/div><a href=\"https:\/\/pureobagi.com\/es\/producto\/suzanobagimd-intensive-daily-repair-idr\/\"><img decoding=\"async\" src=\"https:\/\/pureobagi.com\/wp-content\/uploads\/2020\/10\/IDR-bottle-1000x1000-1.png\" alt=\"SUZANOBAGIMD\u2122 Intensive Daily Repair (IDR)\" \/><\/a><\/div><div class=\"wopb-pg-cl wopb-pg-cl1\"><div class=\"wopb-product-cat-price\"><div class=\"wopb-product-price\"><span class=\"woocommerce-Price-amount amount\"><bdi><span class=\"woocommerce-Price-currencySymbol\">&euro;<\/span>64.80<\/bdi><\/span> <small class=\"woocommerce-price-suffix\">C\u00eda. IVA<\/small><\/div><\/div><div class=\"wopb-product-title-review\"><h3 class=\"wopb-block-title\"><a title=\"SUZANOBAGIMD\u2122 Intensive Daily Repair (IDR)\"  href=\"https:\/\/pureobagi.com\/es\/producto\/suzanobagimd-intensive-daily-repair-idr\/\">SUZANOBAGIMD\u2122 Intensive Daily Repair (IDR)<\/a><\/h3><\/div><\/div><\/div><\/div><div class=\"wopb-block-item \"><div class=\"wopb-block-content-wrap\"><div class=\"wopb-block-image wopb-block-image-none\"><div class=\"wopb-onsale-hot\"><\/div><div class=\"wopb-product-new-meta\"><\/div><div class=\"wopb-quick-cart\"><div class=\"wopb-product-btn\"><div class=\"wopb-product-btn \"><span class=\"wopb-cart-action \" data-postid=\"29347\"><a href=\"\/es\/wp-json\/wp\/v2\/pages\/26382?add-to-cart=29347\" class=\"add_to_cart_button ajax_add_to_cart wopb-cart-normal\" data-stock=\"235\" aria-label=\"A\u00f1adir al carrito: &ldquo;SUZANOBAGIMD\u2122 Foaming Cleanser 200ml&rdquo;\" data-quantity=\"1\" data-product_id=\"29347\" data-product_sku=\"SOMDFOAMCLE\" rel=\"nofollow\">A\u00f1adir al carrito<\/a><a href=\"https:\/\/pureobagi.com\/es\/cart-2\/\" class=\"wopb-cart-active\">View Cart<\/a><\/span><\/div><\/div><\/div><a href=\"https:\/\/pureobagi.com\/es\/producto\/suzanobagimd-foaming-cleanser-200ml\/\"><img decoding=\"async\" src=\"https:\/\/pureobagi.com\/wp-content\/uploads\/2020\/12\/somd-foaming-cleanser-bottle-1000x1000-1.png\" alt=\"SUZANOBAGIMD\u2122 Foaming Cleanser 200ml\" \/><\/a><\/div><div class=\"wopb-pg-cl wopb-pg-cl1\"><div class=\"wopb-product-cat-price\"><div class=\"wopb-product-price\"><span class=\"woocommerce-Price-amount amount\"><bdi><span class=\"woocommerce-Price-currencySymbol\">&euro;<\/span>36.90<\/bdi><\/span> <small class=\"woocommerce-price-suffix\">C\u00eda. IVA<\/small><\/div><\/div><div class=\"wopb-product-title-review\"><h3 class=\"wopb-block-title\"><a title=\"SUZANOBAGIMD\u2122 Foaming Cleanser 200ml\"  href=\"https:\/\/pureobagi.com\/es\/producto\/suzanobagimd-foaming-cleanser-200ml\/\">SUZANOBAGIMD\u2122 Foaming Cleanser 200ml<\/a><\/h3><\/div><\/div><\/div><\/div><div class=\"wopb-block-item \"><div class=\"wopb-block-content-wrap\"><div class=\"wopb-block-image wopb-block-image-none\"><div class=\"wopb-onsale-hot\"><\/div><div class=\"wopb-product-new-meta\"><\/div><div class=\"wopb-quick-cart\"><div class=\"wopb-product-btn\"><div class=\"wopb-product-btn \"><span class=\"wopb-cart-action \" data-postid=\"29338\"><a href=\"\/es\/wp-json\/wp\/v2\/pages\/26382?add-to-cart=29338\" class=\"add_to_cart_button ajax_add_to_cart wopb-cart-normal\" data-stock=\"96\" aria-label=\"A\u00f1adir al carrito: &ldquo;SUZANOBAGIMD\u2122 Balancing Toner 200ml&rdquo;\" data-quantity=\"1\" data-product_id=\"29338\" data-product_sku=\"SOMDBALTONE\" rel=\"nofollow\">A\u00f1adir al carrito<\/a><a href=\"https:\/\/pureobagi.com\/es\/cart-2\/\" class=\"wopb-cart-active\">View Cart<\/a><\/span><\/div><\/div><\/div><a href=\"https:\/\/pureobagi.com\/es\/producto\/suzanobagimd-balancing-toner-200ml\/\"><img decoding=\"async\" src=\"https:\/\/pureobagi.com\/wp-content\/uploads\/2020\/12\/somd-toner-bottle-1000x1000-1.png\" alt=\"SUZANOBAGIMD\u2122 Balancing Toner 200ml\" \/><\/a><\/div><div class=\"wopb-pg-cl wopb-pg-cl1\"><div class=\"wopb-product-cat-price\"><div class=\"wopb-product-price\"><span class=\"woocommerce-Price-amount amount\"><bdi><span class=\"woocommerce-Price-currencySymbol\">&euro;<\/span>36.90<\/bdi><\/span> <small class=\"woocommerce-price-suffix\">C\u00eda. IVA<\/small><\/div><\/div><div class=\"wopb-product-title-review\"><h3 class=\"wopb-block-title\"><a title=\"SUZANOBAGIMD\u2122 Balancing Toner 200ml\"  href=\"https:\/\/pureobagi.com\/es\/producto\/suzanobagimd-balancing-toner-200ml\/\">SUZANOBAGIMD\u2122 Balancing Toner 200ml<\/a><\/h3><\/div><\/div><\/div><\/div><div class=\"wopb-block-item \"><div class=\"wopb-block-content-wrap\"><div class=\"wopb-block-image wopb-block-image-none\"><div class=\"wopb-onsale-hot\"><\/div><div class=\"wopb-product-new-meta\"><\/div><div class=\"wopb-quick-cart\"><div class=\"wopb-product-btn\"><div class=\"wopb-product-btn \"><span class=\"wopb-cart-action \" data-postid=\"29340\"><a href=\"\/es\/wp-json\/wp\/v2\/pages\/26382?add-to-cart=29340\" class=\"add_to_cart_button ajax_add_to_cart wopb-cart-normal\" data-stock=\"4\" aria-label=\"A\u00f1adir al carrito: &ldquo;SUZANOBAGIMD Retivance\u00ae Skin Rejuvenating Complex&rdquo;\" data-quantity=\"1\" data-product_id=\"29340\" data-product_sku=\"SOMDRETIVAN\" rel=\"nofollow\">A\u00f1adir al carrito<\/a><a href=\"https:\/\/pureobagi.com\/es\/cart-2\/\" class=\"wopb-cart-active\">View Cart<\/a><\/span><\/div><\/div><\/div><a href=\"https:\/\/pureobagi.com\/es\/producto\/suzanobagimd-retivance-skin-rejuvenating-complex\/\"><img decoding=\"async\" src=\"https:\/\/pureobagi.com\/wp-content\/uploads\/2020\/10\/retivance-bottle-1000x1000-1.png\" alt=\"SUZANOBAGIMD Retivance\u00ae Skin Rejuvenating Complex\" \/><\/a><\/div><div class=\"wopb-pg-cl wopb-pg-cl1\"><div class=\"wopb-product-cat-price\"><div class=\"wopb-product-price\"><span class=\"woocommerce-Price-amount amount\"><bdi><span class=\"woocommerce-Price-currencySymbol\">&euro;<\/span>116.10<\/bdi><\/span> <small class=\"woocommerce-price-suffix\">C\u00eda. IVA<\/small><\/div><\/div><div class=\"wopb-product-title-review\"><h3 class=\"wopb-block-title\"><a title=\"SUZANOBAGIMD Retivance\u00ae Skin Rejuvenating Complex\"  href=\"https:\/\/pureobagi.com\/es\/producto\/suzanobagimd-retivance-skin-rejuvenating-complex\/\">SUZANOBAGIMD Retivance\u00ae Skin Rejuvenating Complex<\/a><\/h3><\/div><\/div><\/div><\/div><div class=\"wopb-block-item \"><div class=\"wopb-block-content-wrap\"><div class=\"wopb-block-image wopb-block-image-none\"><div class=\"wopb-onsale-hot\"><\/div><div class=\"wopb-product-new-meta\"><\/div><div class=\"wopb-quick-cart\"><div class=\"wopb-product-btn\"><div class=\"wopb-product-btn \"><span class=\"wopb-cart-action \" data-postid=\"29307\"><a href=\"\/es\/wp-json\/wp\/v2\/pages\/26382?add-to-cart=29307\" class=\"add_to_cart_button ajax_add_to_cart wopb-cart-normal\" data-stock=\"46\" aria-label=\"A\u00f1adir al carrito: &ldquo;Obagi360\u00ae Retinol 0.5&rdquo;\" data-quantity=\"1\" data-product_id=\"29307\" data-product_sku=\"RET050OBA05\" rel=\"nofollow\">A\u00f1adir al carrito<\/a><a href=\"https:\/\/pureobagi.com\/es\/cart-2\/\" class=\"wopb-cart-active\">View Cart<\/a><\/span><\/div><\/div><\/div><a href=\"https:\/\/pureobagi.com\/es\/producto\/obagi360-retinol-0-5\/\"><img decoding=\"async\" src=\"https:\/\/pureobagi.com\/wp-content\/uploads\/2020\/10\/retinol-0.5-e1647617873185.png\" alt=\"Obagi360\u00ae Retinol 0.5\" \/><\/a><\/div><div class=\"wopb-pg-cl wopb-pg-cl1\"><div class=\"wopb-product-cat-price\"><div class=\"wopb-product-price\"><span class=\"woocommerce-Price-amount amount\"><bdi><span class=\"woocommerce-Price-currencySymbol\">&euro;<\/span>70.00<\/bdi><\/span> <small class=\"woocommerce-price-suffix\">C\u00eda. IVA<\/small><\/div><\/div><div class=\"wopb-product-title-review\"><h3 class=\"wopb-block-title\"><a title=\"Obagi360\u00ae Retinol 0.5\"  href=\"https:\/\/pureobagi.com\/es\/producto\/obagi360-retinol-0-5\/\">Obagi360\u00ae Retinol 0.5<\/a><\/h3><\/div><\/div><\/div><\/div><div class=\"wopb-block-item \"><div class=\"wopb-block-content-wrap\"><div class=\"wopb-block-image wopb-block-image-none\"><div class=\"wopb-onsale-hot\"><\/div><div class=\"wopb-product-new-meta\"><\/div><div class=\"wopb-quick-cart\"><div class=\"wopb-product-btn\"><div class=\"wopb-product-btn \"><span class=\"wopb-cart-action \" data-postid=\"29267\"><a href=\"\/es\/wp-json\/wp\/v2\/pages\/26382?add-to-cart=29267\" class=\"add_to_cart_button ajax_add_to_cart wopb-cart-normal\" data-stock=\"10\" aria-label=\"A\u00f1adir al carrito: &ldquo;Obagi360 HydraFactor\u00ae Broad Spectrum SPF 30&rdquo;\" data-quantity=\"1\" data-product_id=\"29267\" data-product_sku=\"360HYMOBA01\" rel=\"nofollow\">A\u00f1adir al carrito<\/a><a href=\"https:\/\/pureobagi.com\/es\/cart-2\/\" class=\"wopb-cart-active\">View Cart<\/a><\/span><\/div><\/div><\/div><a href=\"https:\/\/pureobagi.com\/es\/producto\/obagi-hydrafactor-spf30\/\"><img decoding=\"async\" src=\"https:\/\/pureobagi.com\/wp-content\/uploads\/2020\/10\/hydrafactor-bottle-1000x1000-1.png\" alt=\"Obagi360 HydraFactor\u00ae Broad Spectrum SPF 30\" \/><\/a><\/div><div class=\"wopb-pg-cl wopb-pg-cl1\"><div class=\"wopb-product-cat-price\"><div class=\"wopb-product-price\"><span class=\"woocommerce-Price-amount amount\"><bdi><span class=\"woocommerce-Price-currencySymbol\">&euro;<\/span>58.00<\/bdi><\/span> <small class=\"woocommerce-price-suffix\">C\u00eda. IVA<\/small><\/div><\/div><div class=\"wopb-product-title-review\"><h3 class=\"wopb-block-title\"><a title=\"Obagi360 HydraFactor\u00ae Broad Spectrum SPF 30\"  href=\"https:\/\/pureobagi.com\/es\/producto\/obagi-hydrafactor-spf30\/\">Obagi360 HydraFactor\u00ae Broad Spectrum SPF 30<\/a><\/h3><\/div><\/div><\/div><\/div><\/div><div class=\"wopb-slick-nav\" style=\"display:none\"><div class=\"wopb-slick-prev\"><div class=\"slick-arrow slick-prev\"><svg enable-background=\"new 0 0 477.175 477.175\" version=\"1.1\" viewBox=\"0 0 477.18 477.18\"><path d=\"m145.19 238.58 215.5-215.5c5.3-5.3 5.3-13.8 0-19.1s-13.8-5.3-19.1 0l-225.1 225.1c-5.3 5.3-5.3 13.8 0 19.1l225.1 225c2.6 2.6 6.1 4 9.5 4s6.9-1.3 9.5-4c5.3-5.3 5.3-13.8 0-19.1l-215.4-215.5z\"\/><\/svg><\/div><\/div><div class=\"wopb-slick-next\"><div class=\"slick-arrow slick-next\"><svg enable-background=\"new 0 0 477.175 477.175\" version=\"1.1\" viewBox=\"0 0 477.18 477.18\"><path d=\"m360.73 229.08-225.1-225.1c-5.3-5.3-13.8-5.3-19.1 0s-5.3 13.8 0 19.1l215.5 215.5-215.5 215.5c-5.3 5.3-5.3 13.8 0 19.1 2.6 2.6 6.1 4 9.5 4s6.9-1.3 9.5-4l225.1-225.1c5.3-5.2 5.3-13.8 0.1-19z\"\/><\/svg><\/div><\/div><\/div><\/div><\/div><\/div>","protected":false},"excerpt":{"rendered":"<p>Obagi CLENZIderm Daily Care Foaming Cleanser es un limpiador ligero en forma de espuma con un 2&nbsp;% de \u00e1cido salic\u00edlico que desobstruye los poros y elimina las c\u00e9lulas muertas de la piel. El \u00e1cido salic\u00edlico funciona de forma eficaz para disolver las c\u00e9lulas muertas de la piel, y la grasa que puede obstruir los poros [&hellip;]<\/p>\n","protected":false},"author":1,"featured_media":22987,"parent":26442,"menu_order":0,"comment_status":"closed","ping_status":"closed","template":"template-fullwidth.php","meta":{"_acf_changed":false,"footnotes":""},"class_list":["post-26382","page","type-page","status-publish","has-post-thumbnail","hentry"],"acf":[],"_links":{"self":[{"href":"https:\/\/pureobagi.com\/es\/wp-json\/wp\/v2\/pages\/26382","targetHints":{"allow":["GET"]}}],"collection":[{"href":"https:\/\/pureobagi.com\/es\/wp-json\/wp\/v2\/pages"}],"about":[{"href":"https:\/\/pureobagi.com\/es\/wp-json\/wp\/v2\/types\/page"}],"author":[{"embeddable":true,"href":"https:\/\/pureobagi.com\/es\/wp-json\/wp\/v2\/users\/1"}],"replies":[{"embeddable":true,"href":"https:\/\/pureobagi.com\/es\/wp-json\/wp\/v2\/comments?post=26382"}],"version-history":[{"count":7,"href":"https:\/\/pureobagi.com\/es\/wp-json\/wp\/v2\/pages\/26382\/revisions"}],"predecessor-version":[{"id":49835,"href":"https:\/\/pureobagi.com\/es\/wp-json\/wp\/v2\/pages\/26382\/revisions\/49835"}],"up":[{"embeddable":true,"href":"https:\/\/pureobagi.com\/es\/wp-json\/wp\/v2\/pages\/26442"}],"wp:featuredmedia":[{"embeddable":true,"href":"https:\/\/pureobagi.com\/es\/wp-json\/wp\/v2\/media\/22987"}],"wp:attachment":[{"href":"https:\/\/pureobagi.com\/es\/wp-json\/wp\/v2\/media?parent=26382"}],"curies":[{"name":"wp","href":"https:\/\/api.w.org\/{rel}","templated":true}]}}