{"id":26395,"date":"2020-12-04T12:35:52","date_gmt":"2020-12-04T12:35:52","guid":{"rendered":"https:\/\/pureobagi.com\/obagi-hydrators\/"},"modified":"2022-03-24T17:27:16","modified_gmt":"2022-03-24T17:27:16","slug":"hydrators","status":"publish","type":"page","link":"https:\/\/pureobagi.com\/es\/explora-la-gama\/hydrators\/","title":{"rendered":"Obagi Hydrators"},"content":{"rendered":"\n<div class=\"wp-block-columns is-layout-flex wp-container-core-columns-is-layout-28f84493 wp-block-columns-is-layout-flex\">\n<div class=\"wp-block-column is-layout-flow wp-block-column-is-layout-flow\">\n<div class=\"wp-block-cover aligncenter is-light\"><span aria-hidden=\"true\" class=\"has-background-dim-0 wp-block-cover__gradient-background has-background-dim\"><\/span><img decoding=\"async\" width=\"1000\" height=\"1000\" class=\"wp-block-cover__image-background wp-image-44620\" alt=\"Obagi Hydrators\" src=\"https:\/\/pureobagi.com\/wp-content\/uploads\/2022\/01\/hydrators-new-1000x1000-1.jpg\" data-object-fit=\"cover\" srcset=\"https:\/\/pureobagi.com\/wp-content\/uploads\/2022\/01\/hydrators-new-1000x1000-1.jpg 1000w, https:\/\/pureobagi.com\/wp-content\/uploads\/2022\/01\/hydrators-new-1000x1000-1-300x300.jpg 300w, https:\/\/pureobagi.com\/wp-content\/uploads\/2022\/01\/hydrators-new-1000x1000-1-150x150.jpg 150w, https:\/\/pureobagi.com\/wp-content\/uploads\/2022\/01\/hydrators-new-1000x1000-1-768x768.jpg 768w, https:\/\/pureobagi.com\/wp-content\/uploads\/2022\/01\/hydrators-new-1000x1000-1-600x600.jpg 600w, https:\/\/pureobagi.com\/wp-content\/uploads\/2022\/01\/hydrators-new-1000x1000-1-324x324.jpg 324w, https:\/\/pureobagi.com\/wp-content\/uploads\/2022\/01\/hydrators-new-1000x1000-1-416x416.jpg 416w, https:\/\/pureobagi.com\/wp-content\/uploads\/2022\/01\/hydrators-new-1000x1000-1-100x100.jpg 100w\" sizes=\"(max-width: 1000px) 100vw, 1000px\" \/><div class=\"wp-block-cover__inner-container is-layout-flow wp-block-cover-is-layout-flow\">\n<p class=\"has-text-align-center has-large-font-size\"><\/p>\n<\/div><\/div>\n<\/div>\n\n\n\n<div class=\"wp-block-column is-layout-flow wp-block-column-is-layout-flow\">\n<p>Obt\u00e9n hidrataci\u00f3n instant\u00e1nea durante todo el d\u00eda con Obagi Hydrators.<\/p>\n\n\n\n<p>Con el paso del tiempo, la funci\u00f3n de la barrera natural de la piel necesita hidrataci\u00f3n diaria y ayuda para proteger contra las amenazas externas, como agentes infecciosos y al\u00e9rgenos, y para evitar la p\u00e9rdida de agua en la piel.<\/p>\n\n\n\n<p>Dermatol\u00f3gicamente probados, los Obagi Hydrators no son comedog\u00e9nicos, por lo que no obstruyen los poros, son hipoalerg\u00e9nicos, no irritantes y est\u00e1n dise\u00f1ados para mejorar la suavidad de la piel.<\/p>\n\n\n\n<p>Disponibles en varias f\u00f3rmulas, incluyendo una textura similar al b\u00e1lsamo para utilizar por la noche, y unas innovadoras y ligeras gotas, que aportan hidrataci\u00f3n y retenci\u00f3n de la humedad al instante durante hasta ocho horas.<br><\/p>\n<\/div>\n<\/div>\n\n\n\n<div class=\"wp-block-columns is-layout-flex wp-container-core-columns-is-layout-28f84493 wp-block-columns-is-layout-flex\">\n<div class=\"wp-block-column is-layout-flow wp-block-column-is-layout-flow\">\n<h3 class=\"po-standout-text wp-block-heading\">8 HORAS<\/h3>\n\n\n\n<p>Ocho horas de retenci\u00f3n de la humedad de la piel con la innovaci\u00f3n de Hydromanil\u2122 Technology 2 en 1 (Hydrate<sup>\u00ae<\/sup> y Hydrate Luxe<sup>\u00ae<\/sup>) y Isoplentix\u2122 Technology (Daily Hydro-Drops\u2122)<br><\/p>\n\n\n\n<h3 class=\"po-standout-text wp-block-heading\">92%<\/h3>\n\n\n\n<p>Un 92\u00a0% experiment\u00f3 mejora en el contenido de humedad de la piel a las 2 horas de utilizar Obagi Hydrate Luxe<sup>\u00ae<\/sup>*<\/p>\n<\/div>\n\n\n\n<div class=\"wp-block-column is-layout-flow wp-block-column-is-layout-flow\">\n<div class=\"wp-block-cover aligncenter is-light\"><span aria-hidden=\"true\" class=\"has-background-dim-0 wp-block-cover__gradient-background has-background-dim\"><\/span><img decoding=\"async\" class=\"wp-block-cover__image-background wp-image-15738\" alt=\"\" src=\"https:\/\/pureobagi.com\/wp-content\/uploads\/2020\/12\/Product_Range_Images_00026_Hydrators_2.png\" data-object-fit=\"cover\"\/><div class=\"wp-block-cover__inner-container is-layout-flow wp-block-cover-is-layout-flow\">\n<p class=\"has-text-align-center has-large-font-size\"><\/p>\n<\/div><\/div>\n<\/div>\n<\/div>\n\n\n\n<h2 class=\"has-text-align-center wp-block-heading\">ANTES Y DESPU\u00c9S<\/h2>\n\n\n\n<h4 class=\"has-text-align-center wp-block-heading\">Personas reales, resultados reales<\/h4>\n\n\n\n<div class=\"wp-block-columns is-layout-flex wp-container-core-columns-is-layout-28f84493 wp-block-columns-is-layout-flex\">\n<div class=\"wp-block-column is-layout-flow wp-block-column-is-layout-flow\"><\/div>\n\n\n\n<div class=\"wp-block-column is-layout-flow wp-block-column-is-layout-flow\">\n<figure class=\"wp-block-nelio-compare-images aligncenter\"><div class=\"wp-block-nelio-compare-images__comparison-wrapper wp-block-nelio-compare-images__comparison-wrapper--horizontally\" data-position=\"50\" data-direction=\"horizontal\"><div class=\"wp-block-nelio-compare-images__before-image wp-block-nelio-compare-images__before-image--horizontal\"><img decoding=\"async\" width=\"750\" height=\"786\" class=\"wp-image-7105\" src=\"https:\/\/pureobagi.com\/wp-content\/uploads\/2020\/12\/Dani_Before_Hydrate_Luxe.png\" alt=\"\" srcset=\"https:\/\/pureobagi.com\/wp-content\/uploads\/2020\/12\/Dani_Before_Hydrate_Luxe.png 750w, https:\/\/pureobagi.com\/wp-content\/uploads\/2020\/12\/Dani_Before_Hydrate_Luxe-416x436.png 416w, https:\/\/pureobagi.com\/wp-content\/uploads\/2020\/12\/Dani_Before_Hydrate_Luxe-286x300.png 286w\" sizes=\"(max-width: 750px) 100vw, 750px\" \/><\/div><div class=\"wp-block-nelio-compare-images__after-image wp-block-nelio-compare-images__after-image--horizontal\" style=\"width:50%\"><img decoding=\"async\" width=\"750\" height=\"786\" class=\"wp-image-7089\" src=\"https:\/\/pureobagi.com\/wp-content\/uploads\/2020\/12\/Dani_After_1_week.png\" alt=\"\" srcset=\"https:\/\/pureobagi.com\/wp-content\/uploads\/2020\/12\/Dani_After_1_week.png 750w, https:\/\/pureobagi.com\/wp-content\/uploads\/2020\/12\/Dani_After_1_week-416x436.png 416w, https:\/\/pureobagi.com\/wp-content\/uploads\/2020\/12\/Dani_After_1_week-286x300.png 286w\" sizes=\"(max-width: 750px) 100vw, 750px\" \/><\/div><div class=\"wp-block-nelio-compare-images__divider wp-block-nelio-compare-images__divider--vertical\"><\/div><div class=\"wp-block-nelio-compare-images__handler wp-block-nelio-compare-images__handler--vertical\"><\/div><\/div><\/figure>\n<\/div>\n\n\n\n<div class=\"wp-block-column is-layout-flow wp-block-column-is-layout-flow\"><\/div>\n<\/div>\n\n\n\n<div class=\"wp-block-columns reverse-mobile is-layout-flex wp-container-core-columns-is-layout-28f84493 wp-block-columns-is-layout-flex\">\n<div class=\"wp-block-column is-layout-flow wp-block-column-is-layout-flow\">\n<div class=\"wp-block-cover aligncenter is-light\"><span aria-hidden=\"true\" class=\"has-background-dim-0 wp-block-cover__gradient-background has-background-dim\"><\/span><img decoding=\"async\" width=\"1000\" height=\"1000\" class=\"wp-block-cover__image-background wp-image-44631\" alt=\"Obagi Hydrate\u00ae and Hydrate Luxe\u00ae\" src=\"https:\/\/pureobagi.com\/wp-content\/uploads\/2022\/01\/Hydrate-Luxe-new-1000x1000-1.jpg\" data-object-fit=\"cover\" srcset=\"https:\/\/pureobagi.com\/wp-content\/uploads\/2022\/01\/Hydrate-Luxe-new-1000x1000-1.jpg 1000w, https:\/\/pureobagi.com\/wp-content\/uploads\/2022\/01\/Hydrate-Luxe-new-1000x1000-1-300x300.jpg 300w, https:\/\/pureobagi.com\/wp-content\/uploads\/2022\/01\/Hydrate-Luxe-new-1000x1000-1-150x150.jpg 150w, https:\/\/pureobagi.com\/wp-content\/uploads\/2022\/01\/Hydrate-Luxe-new-1000x1000-1-768x768.jpg 768w, https:\/\/pureobagi.com\/wp-content\/uploads\/2022\/01\/Hydrate-Luxe-new-1000x1000-1-600x600.jpg 600w, https:\/\/pureobagi.com\/wp-content\/uploads\/2022\/01\/Hydrate-Luxe-new-1000x1000-1-324x324.jpg 324w, https:\/\/pureobagi.com\/wp-content\/uploads\/2022\/01\/Hydrate-Luxe-new-1000x1000-1-416x416.jpg 416w, https:\/\/pureobagi.com\/wp-content\/uploads\/2022\/01\/Hydrate-Luxe-new-1000x1000-1-100x100.jpg 100w\" sizes=\"(max-width: 1000px) 100vw, 1000px\" \/><div class=\"wp-block-cover__inner-container is-layout-flow wp-block-cover-is-layout-flow\">\n<p class=\"has-text-align-center has-large-font-size\"><\/p>\n<\/div><\/div>\n<\/div>\n\n\n\n<div class=\"wp-block-column is-layout-flow wp-block-column-is-layout-flow\">\n<h2 class=\"wp-block-heading\">INGREDIENTES CLAVE<\/h2>\n\n\n\n<p>Obagi Hydrate<sup>\u00ae<\/sup>&nbsp;y Hydrate Luxe<sup>\u00ae<\/sup> incluyen:<\/p>\n\n\n\n<ul class=\"wp-block-list\"><li>Hydromanil\u2122 Technology<\/li><li>Aceite de aguacate<\/li><li>Glicerina<\/li><li>Manteca de mango<\/li><li>Manteca de karit\u00e9<\/li><\/ul>\n\n\n\n<p>Obagi Daily Hydro-Drops\u2122 incluye:<\/p>\n\n\n\n<ul class=\"wp-block-list\"><li>Aceite de abisinia<\/li><li>Aceite de hibisco<\/li><li>Isoplentix\u2122 Technology<\/li><li>Omega 6<\/li><li>Omega 9<\/li><li>Vitamina B3<br><\/li><\/ul>\n\n\n\n<p>Descubre m\u00e1s sobre los ingredientes clave en nuestros blogs<\/p>\n<\/div>\n<\/div>\n\n\n\n<div class=\"wp-block-columns is-layout-flex wp-container-core-columns-is-layout-28f84493 wp-block-columns-is-layout-flex\">\n<div class=\"wp-block-column is-layout-flow wp-block-column-is-layout-flow\">\n<h2 class=\"wp-block-heading\">LOS HIDRATADORES E HIDRATANTES DE OBAGI INCLUYEN:<\/h2>\n\n\n\n<ul class=\"wp-block-list\"><li>Obagi Daily Hydro-Drops\u2122 \u2013 para piel de normal a grasa<\/li><li>Obagi Hydrate<sup>\u00ae<\/sup> \u2013 para todo tipo de piel<\/li><li>Obagi Hydrate Luxe<sup>\u00ae<\/sup> \u2013 para una mayor hidrataci\u00f3n y para la noche<\/li><\/ul>\n\n\n\n<p>\u00bfNo sabes qu\u00e9 Obagi Hydrator elegir? Pregunta a nuestros socios m\u00e9dicos<\/p>\n\n\n\n<div class=\"wp-block-buttons is-layout-flex wp-block-buttons-is-layout-flex\">\n<div class=\"wp-block-button\"><a class=\"wp-block-button__link\" href=\"https:\/\/pureobagi.com\/es\/skinstation\/\">Contacto<\/a><\/div>\n<\/div>\n<\/div>\n\n\n\n<div class=\"wp-block-column is-layout-flow wp-block-column-is-layout-flow\">\n<figure class=\"wp-block-embed aligncenter is-type-video is-provider-vimeo wp-block-embed-vimeo\"><div class=\"wp-block-embed__wrapper\">\n<iframe loading=\"lazy\" title=\"Obagi -- Daily Hydro Drops\" src=\"https:\/\/player.vimeo.com\/video\/429914926?h=7a5db6f888&amp;dnt=1&amp;app_id=122963\" width=\"980\" height=\"517\" frameborder=\"0\" allow=\"autoplay; fullscreen; picture-in-picture\" allowfullscreen><\/iframe>\n<\/div><\/figure>\n\n\n\n<p><\/p>\n<\/div>\n<\/div>\n\n\n<div  class=\"wp-block-product-blocks-product-grid-3 wopb-block-e0fd97 \"><div class=\"wopb-block-wrapper\"><div class=\"wopb-wrapper-main-content\"><div class=\"wopb-product-blocks-slide\" data-slidestoshow=\"3-2-1\" data-autoplay=\"\" data-slidespeed=\"3000\" data-showdots=\"\" data-showarrows=\"1\"><div class=\"wopb-block-item \"><div class=\"wopb-block-content-wrap\"><div class=\"wopb-block-image wopb-block-image-none\"><div class=\"wopb-onsale-hot\"><\/div><div class=\"wopb-product-new-meta\"><\/div><div class=\"wopb-quick-cart\"><div class=\"wopb-product-btn\"><div class=\"wopb-product-btn \"><span class=\"wopb-cart-action \" data-postid=\"29307\"><a href=\"\/es\/wp-json\/wp\/v2\/pages\/26395?add-to-cart=29307\" class=\"add_to_cart_button ajax_add_to_cart wopb-cart-normal\" data-stock=\"47\" aria-label=\"A\u00f1adir al carrito: &ldquo;Obagi360\u00ae Retinol 0.5&rdquo;\" data-quantity=\"1\" data-product_id=\"29307\" data-product_sku=\"RET050OBA05\" rel=\"nofollow\">A\u00f1adir al carrito<\/a><a href=\"https:\/\/pureobagi.com\/es\/cart-2\/\" class=\"wopb-cart-active\">View Cart<\/a><\/span><\/div><\/div><\/div><a href=\"https:\/\/pureobagi.com\/es\/producto\/obagi360-retinol-0-5\/\"><img decoding=\"async\" src=\"https:\/\/pureobagi.com\/wp-content\/uploads\/2020\/10\/retinol-0.5-e1647617873185.png\" alt=\"Obagi360\u00ae Retinol 0.5\" \/><\/a><\/div><div class=\"wopb-pg-cl wopb-pg-cl1\"><div class=\"wopb-product-cat-price\"><div class=\"wopb-product-price\"><span class=\"woocommerce-Price-amount amount\"><bdi><span class=\"woocommerce-Price-currencySymbol\">&euro;<\/span>70.00<\/bdi><\/span> <small class=\"woocommerce-price-suffix\">C\u00eda. IVA<\/small><\/div><\/div><div class=\"wopb-product-title-review\"><h3 class=\"wopb-block-title\"><a title=\"Obagi360\u00ae Retinol 0.5\"  href=\"https:\/\/pureobagi.com\/es\/producto\/obagi360-retinol-0-5\/\">Obagi360\u00ae Retinol 0.5<\/a><\/h3><\/div><\/div><\/div><\/div><div class=\"wopb-block-item \"><div class=\"wopb-block-content-wrap\"><div class=\"wopb-block-image wopb-block-image-none\"><div class=\"wopb-onsale-hot\"><\/div><div class=\"wopb-product-new-meta\"><\/div><div class=\"wopb-quick-cart\"><div class=\"wopb-product-btn\"><div class=\"wopb-product-btn \"><span class=\"wopb-cart-action \" data-postid=\"31013\"><a href=\"https:\/\/pureobagi.com\/es\/producto\/obagi-hydrate\/\" class=\"add_to_cart_button ajax_add_to_cart wopb-cart-normal\" data-stock=\"0\" aria-label=\"Lee m\u00e1s sobre &ldquo;Obagi Hydrate\u00ae&rdquo;\" data-quantity=\"1\" data-product_id=\"31013\" data-product_sku=\"HYD048OBA01\" rel=\"nofollow\">Leer m\u00e1s<\/a><a href=\"https:\/\/pureobagi.com\/es\/cart-2\/\" class=\"wopb-cart-active\">View Cart<\/a><\/span><\/div><\/div><\/div><div class=\"wopb-product-outofstock\"><span>Agotado<\/span><\/div><a href=\"https:\/\/pureobagi.com\/es\/producto\/obagi-hydrate\/\"><img decoding=\"async\" src=\"https:\/\/pureobagi.com\/wp-content\/uploads\/2020\/10\/hydrate-bottle-1000x1000-1.png\" alt=\"Obagi Hydrate\u00ae\" \/><\/a><\/div><div class=\"wopb-pg-cl wopb-pg-cl1\"><div class=\"wopb-product-cat-price\"><div class=\"wopb-product-price\"><span class=\"woocommerce-Price-amount amount\"><bdi><span class=\"woocommerce-Price-currencySymbol\">&euro;<\/span>53.00<\/bdi><\/span> <small class=\"woocommerce-price-suffix\">C\u00eda. IVA<\/small><\/div><\/div><div class=\"wopb-product-title-review\"><h3 class=\"wopb-block-title\"><a title=\"Obagi Hydrate\u00ae\"  href=\"https:\/\/pureobagi.com\/es\/producto\/obagi-hydrate\/\">Obagi Hydrate\u00ae<\/a><\/h3><\/div><\/div><\/div><\/div><div class=\"wopb-block-item \"><div class=\"wopb-block-content-wrap\"><div class=\"wopb-block-image wopb-block-image-none\"><div class=\"wopb-onsale-hot\"><\/div><div class=\"wopb-product-new-meta\"><\/div><div class=\"wopb-quick-cart\"><div class=\"wopb-product-btn\"><div class=\"wopb-product-btn \"><span class=\"wopb-cart-action \" data-postid=\"29321\"><a href=\"\/es\/wp-json\/wp\/v2\/pages\/26395?add-to-cart=29321\" class=\"add_to_cart_button ajax_add_to_cart wopb-cart-normal\" data-stock=\"\" aria-label=\"A\u00f1adir al carrito: &ldquo;Obagi Daily Hydro-Drops\u2122 Facial Serum 30ml&rdquo;\" data-quantity=\"1\" data-product_id=\"29321\" data-product_sku=\"HYDROPOBA03\" rel=\"nofollow\">A\u00f1adir al carrito<\/a><a href=\"https:\/\/pureobagi.com\/es\/cart-2\/\" class=\"wopb-cart-active\">View Cart<\/a><\/span><\/div><\/div><\/div><a href=\"https:\/\/pureobagi.com\/es\/producto\/daily-hydro-drops-facial-serum-30ml\/\"><img decoding=\"async\" src=\"https:\/\/pureobagi.com\/wp-content\/uploads\/2020\/12\/DHD-main-1000x1000-1.png\" alt=\"Obagi Daily Hydro-Drops\u2122 Facial Serum 30ml\" \/><\/a><\/div><div class=\"wopb-pg-cl wopb-pg-cl1\"><div class=\"wopb-product-cat-price\"><div class=\"wopb-product-price\"><span class=\"woocommerce-Price-amount amount\"><bdi><span class=\"woocommerce-Price-currencySymbol\">&euro;<\/span>94.00<\/bdi><\/span> <small class=\"woocommerce-price-suffix\">C\u00eda. IVA<\/small><\/div><\/div><div class=\"wopb-product-title-review\"><h3 class=\"wopb-block-title\"><a title=\"Obagi Daily Hydro-Drops\u2122 Facial Serum 30ml\"  href=\"https:\/\/pureobagi.com\/es\/producto\/daily-hydro-drops-facial-serum-30ml\/\">Obagi Daily Hydro-Drops\u2122 Facial Serum 30ml<\/a><\/h3><\/div><\/div><\/div><\/div><div class=\"wopb-block-item \"><div class=\"wopb-block-content-wrap\"><div class=\"wopb-block-image wopb-block-image-none\"><div class=\"wopb-onsale-hot\"><\/div><div class=\"wopb-product-new-meta\"><\/div><div class=\"wopb-quick-cart\"><div class=\"wopb-product-btn\"><div class=\"wopb-product-btn \"><span class=\"wopb-cart-action \" data-postid=\"29279\"><a href=\"\/es\/wp-json\/wp\/v2\/pages\/26395?add-to-cart=29279\" class=\"add_to_cart_button ajax_add_to_cart wopb-cart-normal\" data-stock=\"5\" aria-label=\"A\u00f1adir al carrito: &ldquo;Obagi CLENZIderm Daily Care Foaming Cleanser&rdquo;\" data-quantity=\"1\" data-product_id=\"29279\" data-product_sku=\"CLE001OBA01\" rel=\"nofollow\">A\u00f1adir al carrito<\/a><a href=\"https:\/\/pureobagi.com\/es\/cart-2\/\" class=\"wopb-cart-active\">View Cart<\/a><\/span><\/div><\/div><\/div><a href=\"https:\/\/pureobagi.com\/es\/producto\/clenziderm-daily-care-foaming-cleanser\/\"><img decoding=\"async\" src=\"https:\/\/pureobagi.com\/wp-content\/uploads\/2020\/10\/clenziderm-bottle-1000x1000-1.png\" alt=\"Obagi CLENZIderm Daily Care Foaming Cleanser\" \/><\/a><\/div><div class=\"wopb-pg-cl wopb-pg-cl1\"><div class=\"wopb-product-cat-price\"><div class=\"wopb-product-price\"><span class=\"woocommerce-Price-amount amount\"><bdi><span class=\"woocommerce-Price-currencySymbol\">&euro;<\/span>41.00<\/bdi><\/span> <small class=\"woocommerce-price-suffix\">C\u00eda. IVA<\/small><\/div><\/div><div class=\"wopb-product-title-review\"><h3 class=\"wopb-block-title\"><a title=\"Obagi CLENZIderm Daily Care Foaming Cleanser\"  href=\"https:\/\/pureobagi.com\/es\/producto\/clenziderm-daily-care-foaming-cleanser\/\">Obagi CLENZIderm Daily Care Foaming Cleanser<\/a><\/h3><\/div><\/div><\/div><\/div><div class=\"wopb-block-item \"><div class=\"wopb-block-content-wrap\"><div class=\"wopb-block-image wopb-block-image-none\"><div class=\"wopb-onsale-hot\"><\/div><div class=\"wopb-product-new-meta\"><\/div><div class=\"wopb-quick-cart\"><div class=\"wopb-product-btn\"><div class=\"wopb-product-btn \"><span class=\"wopb-cart-action \" data-postid=\"31014\"><a href=\"\/es\/wp-json\/wp\/v2\/pages\/26395?add-to-cart=31014\" class=\"add_to_cart_button ajax_add_to_cart wopb-cart-normal\" data-stock=\"\" aria-label=\"A\u00f1adir al carrito: &ldquo;Obagi Hydrate Luxe\u00ae&rdquo;\" data-quantity=\"1\" data-product_id=\"31014\" data-product_sku=\"HYDLUXOBA01\" rel=\"nofollow\">A\u00f1adir al carrito<\/a><a href=\"https:\/\/pureobagi.com\/es\/cart-2\/\" class=\"wopb-cart-active\">View Cart<\/a><\/span><\/div><\/div><\/div><a href=\"https:\/\/pureobagi.com\/es\/producto\/obagi-hydrate-luxe\/\"><img decoding=\"async\" src=\"https:\/\/pureobagi.com\/wp-content\/uploads\/2020\/10\/hydrate-luxe-bottle-1000x1000-1.jpg\" alt=\"Obagi Hydrate Luxe\u00ae\" \/><\/a><\/div><div class=\"wopb-pg-cl wopb-pg-cl1\"><div class=\"wopb-product-cat-price\"><div class=\"wopb-product-price\"><span class=\"woocommerce-Price-amount amount\"><bdi><span class=\"woocommerce-Price-currencySymbol\">&euro;<\/span>75.00<\/bdi><\/span> <small class=\"woocommerce-price-suffix\">C\u00eda. IVA<\/small><\/div><\/div><div class=\"wopb-product-title-review\"><h3 class=\"wopb-block-title\"><a title=\"Obagi Hydrate Luxe\u00ae\"  href=\"https:\/\/pureobagi.com\/es\/producto\/obagi-hydrate-luxe\/\">Obagi Hydrate Luxe\u00ae<\/a><\/h3><\/div><\/div><\/div><\/div><div class=\"wopb-block-item \"><div class=\"wopb-block-content-wrap\"><div class=\"wopb-block-image wopb-block-image-none\"><div class=\"wopb-onsale-hot\"><\/div><div class=\"wopb-product-new-meta\"><\/div><div class=\"wopb-quick-cart\"><div class=\"wopb-product-btn\"><div class=\"wopb-product-btn \"><span class=\"wopb-cart-action \" data-postid=\"29278\"><a href=\"\/es\/wp-json\/wp\/v2\/pages\/26395?add-to-cart=29278\" class=\"add_to_cart_button ajax_add_to_cart wopb-cart-normal\" data-stock=\"\" aria-label=\"A\u00f1adir al carrito: &ldquo;Obagi Professional-C\u00ae Serum 15%&rdquo;\" data-quantity=\"1\" data-product_id=\"29278\" data-product_sku=\"PRO015OBA02\" rel=\"nofollow\">A\u00f1adir al carrito<\/a><a href=\"https:\/\/pureobagi.com\/es\/cart-2\/\" class=\"wopb-cart-active\">View Cart<\/a><\/span><\/div><\/div><\/div><a href=\"https:\/\/pureobagi.com\/es\/producto\/obagi-professional-c-serum-15\/\"><img decoding=\"async\" src=\"https:\/\/pureobagi.com\/wp-content\/uploads\/2020\/10\/pro-c-15-bottle-1000x1000-1.png\" alt=\"Obagi Professional-C\u00ae Serum 15%\" \/><\/a><\/div><div class=\"wopb-pg-cl wopb-pg-cl1\"><div class=\"wopb-product-cat-price\"><div class=\"wopb-product-price\"><span class=\"woocommerce-Price-amount amount\"><bdi><span class=\"woocommerce-Price-currencySymbol\">&euro;<\/span>111.00<\/bdi><\/span> <small class=\"woocommerce-price-suffix\">C\u00eda. IVA<\/small><\/div><\/div><div class=\"wopb-product-title-review\"><h3 class=\"wopb-block-title\"><a title=\"Obagi Professional-C\u00ae Serum 15%\"  href=\"https:\/\/pureobagi.com\/es\/producto\/obagi-professional-c-serum-15\/\">Obagi Professional-C\u00ae Serum 15%<\/a><\/h3><\/div><\/div><\/div><\/div><\/div><div class=\"wopb-slick-nav\" style=\"display:none\"><div class=\"wopb-slick-prev\"><div class=\"slick-arrow slick-prev\"><svg enable-background=\"new 0 0 477.175 477.175\" version=\"1.1\" viewBox=\"0 0 477.18 477.18\"><path d=\"m145.19 238.58 215.5-215.5c5.3-5.3 5.3-13.8 0-19.1s-13.8-5.3-19.1 0l-225.1 225.1c-5.3 5.3-5.3 13.8 0 19.1l225.1 225c2.6 2.6 6.1 4 9.5 4s6.9-1.3 9.5-4c5.3-5.3 5.3-13.8 0-19.1l-215.4-215.5z\"\/><\/svg><\/div><\/div><div class=\"wopb-slick-next\"><div class=\"slick-arrow slick-next\"><svg enable-background=\"new 0 0 477.175 477.175\" version=\"1.1\" viewBox=\"0 0 477.18 477.18\"><path d=\"m360.73 229.08-225.1-225.1c-5.3-5.3-13.8-5.3-19.1 0s-5.3 13.8 0 19.1l215.5 215.5-215.5 215.5c-5.3 5.3-5.3 13.8 0 19.1 2.6 2.6 6.1 4 9.5 4s6.9-1.3 9.5-4l225.1-225.1c5.3-5.2 5.3-13.8 0.1-19z\"\/><\/svg><\/div><\/div><\/div><\/div><\/div><\/div>","protected":false},"excerpt":{"rendered":"<p>Obt\u00e9n hidrataci\u00f3n instant\u00e1nea durante todo el d\u00eda con Obagi Hydrators. Con el paso del tiempo, la funci\u00f3n de la barrera natural de la piel necesita hidrataci\u00f3n diaria y ayuda para proteger contra las amenazas externas, como agentes infecciosos y al\u00e9rgenos, y para evitar la p\u00e9rdida de agua en la piel. Dermatol\u00f3gicamente probados, los Obagi Hydrators [&hellip;]<\/p>\n","protected":false},"author":1,"featured_media":20050,"parent":26442,"menu_order":0,"comment_status":"closed","ping_status":"closed","template":"template-fullwidth.php","meta":{"_acf_changed":false,"footnotes":""},"class_list":["post-26395","page","type-page","status-publish","has-post-thumbnail","hentry"],"acf":[],"_links":{"self":[{"href":"https:\/\/pureobagi.com\/es\/wp-json\/wp\/v2\/pages\/26395","targetHints":{"allow":["GET"]}}],"collection":[{"href":"https:\/\/pureobagi.com\/es\/wp-json\/wp\/v2\/pages"}],"about":[{"href":"https:\/\/pureobagi.com\/es\/wp-json\/wp\/v2\/types\/page"}],"author":[{"embeddable":true,"href":"https:\/\/pureobagi.com\/es\/wp-json\/wp\/v2\/users\/1"}],"replies":[{"embeddable":true,"href":"https:\/\/pureobagi.com\/es\/wp-json\/wp\/v2\/comments?post=26395"}],"version-history":[{"count":11,"href":"https:\/\/pureobagi.com\/es\/wp-json\/wp\/v2\/pages\/26395\/revisions"}],"predecessor-version":[{"id":50065,"href":"https:\/\/pureobagi.com\/es\/wp-json\/wp\/v2\/pages\/26395\/revisions\/50065"}],"up":[{"embeddable":true,"href":"https:\/\/pureobagi.com\/es\/wp-json\/wp\/v2\/pages\/26442"}],"wp:featuredmedia":[{"embeddable":true,"href":"https:\/\/pureobagi.com\/es\/wp-json\/wp\/v2\/media\/20050"}],"wp:attachment":[{"href":"https:\/\/pureobagi.com\/es\/wp-json\/wp\/v2\/media?parent=26395"}],"curies":[{"name":"wp","href":"https:\/\/api.w.org\/{rel}","templated":true}]}}