{"id":26412,"date":"2020-12-04T12:36:56","date_gmt":"2020-12-04T12:36:56","guid":{"rendered":"https:\/\/pureobagi.com\/suzanobagimd\/"},"modified":"2022-03-21T17:09:17","modified_gmt":"2022-03-21T17:09:17","slug":"suzanobagimd","status":"publish","type":"page","link":"https:\/\/pureobagi.com\/es\/explora-la-gama\/suzanobagimd\/","title":{"rendered":"SUZANOBAGIMD"},"content":{"rendered":"\n<div class=\"wp-block-columns is-layout-flex wp-container-core-columns-is-layout-28f84493 wp-block-columns-is-layout-flex\">\n<div class=\"wp-block-column is-layout-flow wp-block-column-is-layout-flow\">\n<div class=\"wp-block-cover aligncenter is-light\"><span aria-hidden=\"true\" class=\"has-background-dim-0 wp-block-cover__gradient-background has-background-dim\"><\/span><img decoding=\"async\" width=\"1000\" height=\"1000\" class=\"wp-block-cover__image-background wp-image-17986\" alt=\"SUZANOBAGIMD Product Range\" src=\"https:\/\/pureobagi.com\/wp-content\/uploads\/2021\/04\/Product_Range_Images_00020_SUZANOBAGIMD_1.png\" data-object-fit=\"cover\" srcset=\"https:\/\/pureobagi.com\/wp-content\/uploads\/2021\/04\/Product_Range_Images_00020_SUZANOBAGIMD_1.png 1000w, https:\/\/pureobagi.com\/wp-content\/uploads\/2021\/04\/Product_Range_Images_00020_SUZANOBAGIMD_1-324x324.png 324w, https:\/\/pureobagi.com\/wp-content\/uploads\/2021\/04\/Product_Range_Images_00020_SUZANOBAGIMD_1-100x100.png 100w, https:\/\/pureobagi.com\/wp-content\/uploads\/2021\/04\/Product_Range_Images_00020_SUZANOBAGIMD_1-416x416.png 416w, https:\/\/pureobagi.com\/wp-content\/uploads\/2021\/04\/Product_Range_Images_00020_SUZANOBAGIMD_1-300x300.png 300w, https:\/\/pureobagi.com\/wp-content\/uploads\/2021\/04\/Product_Range_Images_00020_SUZANOBAGIMD_1-150x150.png 150w, https:\/\/pureobagi.com\/wp-content\/uploads\/2021\/04\/Product_Range_Images_00020_SUZANOBAGIMD_1-768x768.png 768w, https:\/\/pureobagi.com\/wp-content\/uploads\/2021\/04\/Product_Range_Images_00020_SUZANOBAGIMD_1-650x650.png 650w, https:\/\/pureobagi.com\/wp-content\/uploads\/2021\/04\/Product_Range_Images_00020_SUZANOBAGIMD_1-60x60.png 60w, https:\/\/pureobagi.com\/wp-content\/uploads\/2021\/04\/Product_Range_Images_00020_SUZANOBAGIMD_1-90x90.png 90w\" sizes=\"(max-width: 1000px) 100vw, 1000px\" \/><div class=\"wp-block-cover__inner-container is-layout-flow wp-block-cover-is-layout-flow\">\n<p class=\"has-text-align-center has-large-font-size\"><\/p>\n<\/div><\/div>\n<\/div>\n\n\n\n<div class=\"wp-block-column is-layout-flow wp-block-column-is-layout-flow\">\n<p>La gama <strong>SUZAN<\/strong>OBAGI<strong>MD<\/strong>\u2122 ha sido formulada para limpiar, proteger y renovar la piel con su l\u00ednea \u00fanica de productos de formulaci\u00f3n cient\u00edfica, desarrollados por la propia Dr Suzan Obagi.<\/p>\n\n\n\n<p><strong>SUZAN<\/strong>OBAGI<strong>MD<\/strong>\u2122 es ideal para quienes busquen productos de cuidado facial sencillos adem\u00e1s de eficaces y que sean cuidadosos con la piel sensible. Cada producto ha sido dermatol\u00f3gicamente probado, es hipoalerg\u00e9nico y no crea sensibilidad. Los productos de <strong>SUZAN<\/strong>OBAGI<strong>MD<\/strong>\u2122 est\u00e1n deliberadamente fabricados sin parabenos, fragancias sint\u00e9ticas o tintes.<\/p>\n\n\n\n<p>Con una combinaci\u00f3n de ingredientes y antioxidantes cl\u00ednicamente probados, la gama de <strong>SUZAN<\/strong>OBAGI<strong>MD<\/strong>\u2122 revela una piel de aspecto m\u00e1s sano y radiante al abordar los problemas m\u00e1s comunes del envejecimiento para todo tipo de pieles, como los siguientes:<\/p>\n\n\n\n<ul class=\"wp-block-list\"><li>Arrugas y peque\u00f1as l\u00edneas de expresi\u00f3n<\/li><li>Texturas de piel \u00e1spera y poco uniforme<\/li><li>Cutis apagado y con falta de luminosidad<\/li><li>Pieles delicadas y sensibles<\/li><\/ul>\n\n\n\n<div class=\"wp-block-buttons is-layout-flex wp-block-buttons-is-layout-flex\">\n<div class=\"wp-block-button\"><a class=\"wp-block-button__link\" href=\"https:\/\/pureobagi.com\/es\/categoria-producto\/gama-de-productos\/suzanobagimd-es\/\">Compra SuzanObagiMD<\/a><\/div>\n<\/div>\n<\/div>\n<\/div>\n\n\n\n<div class=\"wp-block-columns is-layout-flex wp-container-core-columns-is-layout-28f84493 wp-block-columns-is-layout-flex\">\n<div class=\"wp-block-column is-layout-flow wp-block-column-is-layout-flow\">\n<h3 class=\"po-standout-text wp-block-heading\">TESTADO<\/h3>\n\n\n\n<p>Los productos <strong>SUZAN<\/strong>OBAGI<strong>MD<\/strong>\u2122 son hipoalerg\u00e9nicos, sin parabenos ni tintes sint\u00e9nticos, no son irritantes ni causan sensibilidad y est\u00e1n dermatol\u00f3gicamente testados para su uso en pieles sensibles y tras realizar alg\u00fan procedimiento.<\/p>\n\n\n\n<h3 class=\"po-standout-text wp-block-heading\">3 PASOS<\/h3>\n\n\n\n<p><strong>SUZAN<\/strong>OBAGI<strong>MD<\/strong>\u2122 ha sido desarrollado para satisfacer cada uno de estos tres pasos para una rutina de cuidado facial sencilla pero eficaz:<\/p>\n\n\n\n<ul class=\"wp-block-list\"><li>Limpiar<\/li><li>Proteger<\/li><li>Renovar<\/li><\/ul>\n<\/div>\n\n\n\n<div class=\"wp-block-column is-layout-flow wp-block-column-is-layout-flow\">\n<div class=\"wp-block-cover is-light\"><span aria-hidden=\"true\" class=\"has-background-dim-0 wp-block-cover__gradient-background has-background-dim\"><\/span><img decoding=\"async\" width=\"1000\" height=\"1000\" class=\"wp-block-cover__image-background wp-image-49809\" alt=\"Dr. Suzan Obagi\" src=\"https:\/\/pureobagi.com\/wp-content\/uploads\/2022\/03\/Product_Range_Images_00018_SUZANOBAGIMD_3.jpg\" data-object-fit=\"cover\" srcset=\"https:\/\/pureobagi.com\/wp-content\/uploads\/2022\/03\/Product_Range_Images_00018_SUZANOBAGIMD_3.jpg 1000w, https:\/\/pureobagi.com\/wp-content\/uploads\/2022\/03\/Product_Range_Images_00018_SUZANOBAGIMD_3-300x300.jpg 300w, https:\/\/pureobagi.com\/wp-content\/uploads\/2022\/03\/Product_Range_Images_00018_SUZANOBAGIMD_3-150x150.jpg 150w, https:\/\/pureobagi.com\/wp-content\/uploads\/2022\/03\/Product_Range_Images_00018_SUZANOBAGIMD_3-768x768.jpg 768w, https:\/\/pureobagi.com\/wp-content\/uploads\/2022\/03\/Product_Range_Images_00018_SUZANOBAGIMD_3-600x600.jpg 600w, https:\/\/pureobagi.com\/wp-content\/uploads\/2022\/03\/Product_Range_Images_00018_SUZANOBAGIMD_3-324x324.jpg 324w, https:\/\/pureobagi.com\/wp-content\/uploads\/2022\/03\/Product_Range_Images_00018_SUZANOBAGIMD_3-416x416.jpg 416w, https:\/\/pureobagi.com\/wp-content\/uploads\/2022\/03\/Product_Range_Images_00018_SUZANOBAGIMD_3-100x100.jpg 100w\" sizes=\"(max-width: 1000px) 100vw, 1000px\" \/><div class=\"wp-block-cover__inner-container is-layout-flow wp-block-cover-is-layout-flow\">\n<p class=\"has-text-align-center has-large-font-size\"><\/p>\n<\/div><\/div>\n<\/div>\n<\/div>\n\n\n\n<div class=\"wp-block-columns reverse-mobile is-layout-flex wp-container-core-columns-is-layout-28f84493 wp-block-columns-is-layout-flex\">\n<div class=\"wp-block-column is-layout-flow wp-block-column-is-layout-flow\">\n<div class=\"wp-block-cover is-light\"><span aria-hidden=\"true\" class=\"has-background-dim-0 wp-block-cover__gradient-background has-background-dim\"><\/span><img decoding=\"async\" class=\"wp-block-cover__image-background wp-image-15463\" alt=\"\" src=\"https:\/\/pureobagi.com\/wp-content\/uploads\/2020\/12\/Product_Range_Images_00019_SUZANOBAGIMD_2.png\" data-object-fit=\"cover\"\/><div class=\"wp-block-cover__inner-container is-layout-flow wp-block-cover-is-layout-flow\">\n<p class=\"has-text-align-center has-large-font-size\"><\/p>\n<\/div><\/div>\n<\/div>\n\n\n\n<div class=\"wp-block-column is-layout-flow wp-block-column-is-layout-flow\">\n<h2 class=\"wp-block-heading\">INGREDIENTES CLAVE<\/h2>\n\n\n\n<p>Los productos individuales de la l\u00ednea <strong>SUZAN<\/strong>OBAGI<strong>MD<\/strong>\u2122 utilizan una gama de ingredientes clave que incluye:<\/p>\n\n\n\n<ul class=\"wp-block-list\"><li>Hamamelis<\/li><li>Polifenoles de aloa<\/li><li>Sulforafano de br\u00f3coli<\/li><li>Bioflavonoides c\u00edtricos<\/li><li>Extracto de camomila<\/li><li>PHA (polihidroxi\u00e1cidos)<\/li><\/ul>\n\n\n\n<p>Descubre m\u00e1s sobre estos ingredientes clave en nuestro blog.<\/p>\n<\/div>\n<\/div>\n\n\n\n<div class=\"wp-block-columns is-layout-flex wp-container-core-columns-is-layout-28f84493 wp-block-columns-is-layout-flex\">\n<div class=\"wp-block-column is-layout-flow wp-block-column-is-layout-flow\">\n<h2 class=\"wp-block-heading\">PRODUCTOS SUZANOBAGIMD PARA EL CUIDADO DE LA PIEL <\/h2>\n\n\n\n<ul class=\"wp-block-list\"><li><strong>SUZAN<\/strong>OBAGI<strong>MD<\/strong>\u2122 On-the-Go Cleansing Wipes<\/li><li><strong>SUZAN<\/strong>OBAGI<strong>MD<\/strong>\u2122 Foaming Cleanser<\/li><li><strong>SUZAN<\/strong>OBAGI<strong>MD<\/strong>\u2122 Balancing Toner<\/li><li><strong>SUZAN<\/strong>OBAGI<strong>MD<\/strong>\u2122 Intensive Daily Repair (IDR)<\/li><li><strong>SUZAN<\/strong>OBAGI<strong>MD<\/strong>\u2122 Retivance\u00ae Skin Rejuvenating Complex<\/li><li><strong>SUZAN<\/strong>OBAGI<strong>MD<\/strong>\u2122 Physical Defence SPF40 \u2013 \u00a1pr\u00f3ximamente!<\/li><li><strong>SUZAN<\/strong>OBAGI<strong>MD<\/strong>\u2122 Physical Defence SPF50 \u2013 \u00a1pr\u00f3ximamente!<\/li><\/ul>\n\n\n\n<div class=\"wp-block-buttons is-layout-flex wp-block-buttons-is-layout-flex\">\n<div class=\"wp-block-button\"><a class=\"wp-block-button__link\" href=\"https:\/\/pureobagi.com\/es\/skinstation\/\">Contacto<\/a><\/div>\n<\/div>\n<\/div>\n\n\n\n<div class=\"wp-block-column is-layout-flow wp-block-column-is-layout-flow\">\n<figure class=\"wp-block-embed aligncenter is-type-video is-provider-vimeo wp-block-embed-vimeo wp-embed-aspect-16-9 wp-has-aspect-ratio\"><div class=\"wp-block-embed__wrapper\">\n<iframe loading=\"lazy\" title=\"Obagi Skin Minute SUZANOBAGIMD\" src=\"https:\/\/player.vimeo.com\/video\/432524400?h=7292fbf7b2&amp;dnt=1&amp;app_id=122963\" width=\"980\" height=\"551\" frameborder=\"0\" allow=\"autoplay; fullscreen; picture-in-picture\" allowfullscreen><\/iframe>\n<\/div><\/figure>\n\n\n\n<p><\/p>\n<\/div>\n<\/div>\n\n\n<div  class=\"wp-block-product-blocks-product-grid-1 wopb-block-c5a032 \"><div class=\"wopb-block-wrapper\"><div class=\"wopb-wrapper-main-content\"><div class=\"wopb-product-blocks-slide\" data-slidestoshow=\"4-2-1\" data-autoplay=\"1\" data-slidespeed=\"3000\" data-showdots=\"\" data-showarrows=\"1\"><div class=\"wopb-block-item \"><div class=\"wopb-block-content-wrap\"><div class=\"wopb-block-image wopb-block-image-none\"><div class=\"wopb-onsale-hot\"><\/div><div class=\"wopb-product-new-meta\"><\/div><a href=\"https:\/\/pureobagi.com\/es\/producto\/obagi-sun-shield-tint-broad-spectrum-spf-50-cool\/\"><img decoding=\"async\" src=\"https:\/\/pureobagi.com\/wp-content\/uploads\/2022\/02\/Sun-Shield-Tint-cool-1000x1000-1.png\" alt=\"Obagi Sun Shield\u2122 Tint Broad Spectrum SPF 50 Cool\" \/><\/a><\/div><h3 class=\"wopb-block-title\"><a title=\"Obagi Sun Shield\u2122 Tint Broad Spectrum SPF 50 Cool\"  href=\"https:\/\/pureobagi.com\/es\/producto\/obagi-sun-shield-tint-broad-spectrum-spf-50-cool\/\">Obagi Sun Shield\u2122 Tint Broad Spectrum SPF 50 Cool<\/a><\/h3><div class=\"wopb-product-price\"><span class=\"woocommerce-Price-amount amount\"><bdi><span class=\"woocommerce-Price-currencySymbol\">&euro;<\/span>53.00<\/bdi><\/span> <small class=\"woocommerce-price-suffix\">C\u00eda. IVA<\/small><\/div><\/div><\/div><div class=\"wopb-block-item \"><div class=\"wopb-block-content-wrap\"><div class=\"wopb-block-image wopb-block-image-none\"><div class=\"wopb-onsale-hot\"><\/div><div class=\"wopb-product-new-meta\"><\/div><a href=\"https:\/\/pureobagi.com\/es\/producto\/obagi-sun-shield-tint-broad-spectrum-spf-50-warm\/\"><img decoding=\"async\" src=\"https:\/\/pureobagi.com\/wp-content\/uploads\/2022\/02\/Sun-Shield-Tint-Warm-1000x1000-1.png\" alt=\"Obagi Sun Shield\u2122 Tint Broad Spectrum SPF 50 Warm\" \/><\/a><\/div><h3 class=\"wopb-block-title\"><a title=\"Obagi Sun Shield\u2122 Tint Broad Spectrum SPF 50 Warm\"  href=\"https:\/\/pureobagi.com\/es\/producto\/obagi-sun-shield-tint-broad-spectrum-spf-50-warm\/\">Obagi Sun Shield\u2122 Tint Broad Spectrum SPF 50 Warm<\/a><\/h3><div class=\"wopb-product-price\"><span class=\"woocommerce-Price-amount amount\"><bdi><span class=\"woocommerce-Price-currencySymbol\">&euro;<\/span>53.00<\/bdi><\/span> <small class=\"woocommerce-price-suffix\">C\u00eda. IVA<\/small><\/div><\/div><\/div><div class=\"wopb-block-item \"><div class=\"wopb-block-content-wrap\"><div class=\"wopb-block-image wopb-block-image-none\"><div class=\"wopb-onsale-hot\"><\/div><div class=\"wopb-product-new-meta\"><\/div><a href=\"https:\/\/pureobagi.com\/es\/producto\/obagi-gentle-men-kit-normal-dry\/\"><img decoding=\"async\" src=\"https:\/\/pureobagi.com\/wp-content\/uploads\/2021\/05\/Gentle-Men-Kit-1000x1000-1-e1634131248948.png\" alt=\"Obagi Gentle Men&#039;s Kit for Normal-Dry Skin\" \/><\/a><\/div><h3 class=\"wopb-block-title\"><a title=\"Obagi Gentle Men&#039;s Kit for Normal-Dry Skin\"  href=\"https:\/\/pureobagi.com\/es\/producto\/obagi-gentle-men-kit-normal-dry\/\">Obagi Gentle Men&#8217;s Kit for Normal-Dry Skin<\/a><\/h3><div class=\"wopb-product-price\"><span class=\"woocommerce-Price-amount amount\"><bdi><span class=\"woocommerce-Price-currencySymbol\">&euro;<\/span>173.70<\/bdi><\/span> <small class=\"woocommerce-price-suffix\">C\u00eda. IVA<\/small><\/div><\/div><\/div><div class=\"wopb-block-item \"><div class=\"wopb-block-content-wrap\"><div class=\"wopb-block-image wopb-block-image-none\"><div class=\"wopb-onsale-hot\"><\/div><div class=\"wopb-product-new-meta\"><\/div><a href=\"https:\/\/pureobagi.com\/es\/producto\/vitamin-c-advanced-kit\/\"><img decoding=\"async\" src=\"https:\/\/pureobagi.com\/wp-content\/uploads\/2021\/03\/Vitamin-C-Advanced-V2.jpg\" alt=\"Obagi Vitamin C Advanced Kit\" \/><\/a><\/div><h3 class=\"wopb-block-title\"><a title=\"Obagi Vitamin C Advanced Kit\"  href=\"https:\/\/pureobagi.com\/es\/producto\/vitamin-c-advanced-kit\/\">Obagi Vitamin C Advanced Kit<\/a><\/h3><div class=\"wopb-product-price\"><span class=\"woocommerce-Price-amount amount\"><bdi><span class=\"woocommerce-Price-currencySymbol\">&euro;<\/span>209.70<\/bdi><\/span> <small class=\"woocommerce-price-suffix\">C\u00eda. IVA<\/small><\/div><\/div><\/div><div class=\"wopb-block-item \"><div class=\"wopb-block-content-wrap\"><div class=\"wopb-block-image wopb-block-image-none\"><div class=\"wopb-onsale-hot\"><\/div><div class=\"wopb-product-new-meta\"><\/div><a href=\"https:\/\/pureobagi.com\/es\/producto\/vitamin-c-intermediate-kit\/\"><img decoding=\"async\" src=\"https:\/\/pureobagi.com\/wp-content\/uploads\/2021\/03\/Vitamin-C-Intermediate-V2.jpg\" alt=\"Obagi Vitamin C Intermediate Kit\" \/><\/a><\/div><h3 class=\"wopb-block-title\"><a title=\"Obagi Vitamin C Intermediate Kit\"  href=\"https:\/\/pureobagi.com\/es\/producto\/vitamin-c-intermediate-kit\/\">Obagi Vitamin C Intermediate Kit<\/a><\/h3><div class=\"wopb-product-price\"><span class=\"woocommerce-Price-amount amount\"><bdi><span class=\"woocommerce-Price-currencySymbol\">&euro;<\/span>186.30<\/bdi><\/span> <small class=\"woocommerce-price-suffix\">C\u00eda. IVA<\/small><\/div><\/div><\/div><div class=\"wopb-block-item \"><div class=\"wopb-block-content-wrap\"><div class=\"wopb-block-image wopb-block-image-none\"><div class=\"wopb-onsale-hot\"><\/div><div class=\"wopb-product-new-meta\"><\/div><a href=\"https:\/\/pureobagi.com\/es\/producto\/vitamin-c-starter-set\/\"><img decoding=\"async\" src=\"https:\/\/pureobagi.com\/wp-content\/uploads\/2021\/03\/Vitamin-C-Starter-V2.jpg\" alt=\"Obagi Vitamin C Starter Kit\" \/><\/a><\/div><h3 class=\"wopb-block-title\"><a title=\"Obagi Vitamin C Starter Kit\"  href=\"https:\/\/pureobagi.com\/es\/producto\/vitamin-c-starter-set\/\">Obagi Vitamin C Starter Kit<\/a><\/h3><div class=\"wopb-product-price\"><span class=\"woocommerce-Price-amount amount\"><bdi><span class=\"woocommerce-Price-currencySymbol\">&euro;<\/span>169.20<\/bdi><\/span> <small class=\"woocommerce-price-suffix\">C\u00eda. IVA<\/small><\/div><\/div><\/div><\/div><div class=\"wopb-slick-nav\" style=\"display:none\"><div class=\"wopb-slick-prev\"><div class=\"slick-arrow slick-prev\"><svg enable-background=\"new 0 0 477.175 477.175\" version=\"1.1\" viewBox=\"0 0 477.18 477.18\"><path d=\"m145.19 238.58 215.5-215.5c5.3-5.3 5.3-13.8 0-19.1s-13.8-5.3-19.1 0l-225.1 225.1c-5.3 5.3-5.3 13.8 0 19.1l225.1 225c2.6 2.6 6.1 4 9.5 4s6.9-1.3 9.5-4c5.3-5.3 5.3-13.8 0-19.1l-215.4-215.5z\"\/><\/svg><\/div><\/div><div class=\"wopb-slick-next\"><div class=\"slick-arrow slick-next\"><svg enable-background=\"new 0 0 477.175 477.175\" version=\"1.1\" viewBox=\"0 0 477.18 477.18\"><path d=\"m360.73 229.08-225.1-225.1c-5.3-5.3-13.8-5.3-19.1 0s-5.3 13.8 0 19.1l215.5 215.5-215.5 215.5c-5.3 5.3-5.3 13.8 0 19.1 2.6 2.6 6.1 4 9.5 4s6.9-1.3 9.5-4l225.1-225.1c5.3-5.2 5.3-13.8 0.1-19z\"\/><\/svg><\/div><\/div><\/div><\/div><\/div><\/div>","protected":false},"excerpt":{"rendered":"<p>La gama SUZANOBAGIMD\u2122 ha sido formulada para limpiar, proteger y renovar la piel con su l\u00ednea \u00fanica de productos de formulaci\u00f3n cient\u00edfica, desarrollados por la propia Dr Suzan Obagi. SUZANOBAGIMD\u2122 es ideal para quienes busquen productos de cuidado facial sencillos adem\u00e1s de eficaces y que sean cuidadosos con la piel sensible. Cada producto ha sido [&hellip;]<\/p>\n","protected":false},"author":1,"featured_media":20125,"parent":26442,"menu_order":0,"comment_status":"closed","ping_status":"closed","template":"template-fullwidth.php","meta":{"_acf_changed":false,"footnotes":""},"class_list":["post-26412","page","type-page","status-publish","has-post-thumbnail","hentry"],"acf":[],"_links":{"self":[{"href":"https:\/\/pureobagi.com\/es\/wp-json\/wp\/v2\/pages\/26412","targetHints":{"allow":["GET"]}}],"collection":[{"href":"https:\/\/pureobagi.com\/es\/wp-json\/wp\/v2\/pages"}],"about":[{"href":"https:\/\/pureobagi.com\/es\/wp-json\/wp\/v2\/types\/page"}],"author":[{"embeddable":true,"href":"https:\/\/pureobagi.com\/es\/wp-json\/wp\/v2\/users\/1"}],"replies":[{"embeddable":true,"href":"https:\/\/pureobagi.com\/es\/wp-json\/wp\/v2\/comments?post=26412"}],"version-history":[{"count":7,"href":"https:\/\/pureobagi.com\/es\/wp-json\/wp\/v2\/pages\/26412\/revisions"}],"predecessor-version":[{"id":49819,"href":"https:\/\/pureobagi.com\/es\/wp-json\/wp\/v2\/pages\/26412\/revisions\/49819"}],"up":[{"embeddable":true,"href":"https:\/\/pureobagi.com\/es\/wp-json\/wp\/v2\/pages\/26442"}],"wp:featuredmedia":[{"embeddable":true,"href":"https:\/\/pureobagi.com\/es\/wp-json\/wp\/v2\/media\/20125"}],"wp:attachment":[{"href":"https:\/\/pureobagi.com\/es\/wp-json\/wp\/v2\/media?parent=26412"}],"curies":[{"name":"wp","href":"https:\/\/api.w.org\/{rel}","templated":true}]}}