{"id":26415,"date":"2020-12-04T12:36:29","date_gmt":"2020-12-04T12:36:29","guid":{"rendered":"https:\/\/pureobagi.com\/obagi-professional-c-portfolio\/"},"modified":"2022-03-21T16:53:34","modified_gmt":"2022-03-21T16:53:34","slug":"professional-c-portfolio","status":"publish","type":"page","link":"https:\/\/pureobagi.com\/es\/explora-la-gama\/professional-c-portfolio\/","title":{"rendered":"Obagi Professional-C Portfolio"},"content":{"rendered":"\n<div class=\"wp-block-columns is-layout-flex wp-container-core-columns-is-layout-28f84493 wp-block-columns-is-layout-flex\">\n<div class=\"wp-block-column is-layout-flow wp-block-column-is-layout-flow\">\n<div class=\"wp-block-cover aligncenter is-light\"><span aria-hidden=\"true\" class=\"has-background-dim-0 wp-block-cover__gradient-background has-background-dim\"><\/span><img decoding=\"async\" class=\"wp-block-cover__image-background wp-image-15495\" alt=\"\" src=\"https:\/\/pureobagi.com\/wp-content\/uploads\/2020\/12\/Product_Range_Images_0002_Professional-C_Portfolio_1.jpg\" data-object-fit=\"cover\"\/><div class=\"wp-block-cover__inner-container is-layout-flow wp-block-cover-is-layout-flow\">\n<p class=\"has-text-align-center has-large-font-size\"><\/p>\n<\/div><\/div>\n<\/div>\n\n\n\n<div class=\"wp-block-column is-layout-flow wp-block-column-is-layout-flow\">\n<p>La vitamina C es uno de los ingredientes m\u00e1s populares en el cuidado de la piel gracias a sus m\u00faltiples beneficios.<\/p>\n\n\n\n<p>La vitamina C en el cuidado facial fomenta la producci\u00f3n de col\u00e1geno y disminuye la apariencia de las arrugas y l\u00edneas de expresi\u00f3n. La vitamina C tambi\u00e9n es antioxidante, por lo que protege y defiende tu piel contra los da\u00f1os causados por los radicales libres y los factores medioambientales, como la exposici\u00f3n a los rayos ultravioletas. La vitamina C tambi\u00e9n potencia los efectos de protector solar SPF.<\/p>\n\n\n\n<p>Obagi Professional-C\u00ae Portfolio utiliza \u00e1cido L-asc\u00f3rbico, el nombre cient\u00edfico de la vitamina C pura, disponible en niveles que van del 10\u00a0% al 30\u00a0% para adaptarse a los distintos tipos de piel.<\/p>\n\n\n\n<p><em>\u00bfLo sab\u00edas?<\/em> El \u00e1cido L-asc\u00f3rbico, la forma activa de la vitamina C, ayuda a calmar e iluminar la piel, a la vez que retiene la humedad, aportando un brillo instant\u00e1neo.<br><\/p>\n\n\n\n<div class=\"wp-block-buttons is-layout-flex wp-block-buttons-is-layout-flex\">\n<div class=\"wp-block-button\"><a class=\"wp-block-button__link\" href=\"https:\/\/pureobagi.com\/es\/categoria-producto\/gama-de-productos\/professional-c-portfolio-es\/\">Compra Professional-C<\/a><\/div>\n<\/div>\n<\/div>\n<\/div>\n\n\n\n<div class=\"wp-block-columns is-layout-flex wp-container-core-columns-is-layout-28f84493 wp-block-columns-is-layout-flex\">\n<div class=\"wp-block-column is-layout-flow wp-block-column-is-layout-flow\">\n<h3 class=\"po-standout-text wp-block-heading\">VITAMINA C<\/h3>\n\n\n\n<p>\u00bfCu\u00e1les son los beneficios de la vitamina C?<\/p>\n\n\n\n<ul class=\"wp-block-list\"><li>Evita y reduce los signos del envejecimiento de la piel, como arrugas y peque\u00f1as l\u00edneas de expresi\u00f3n<\/li><li>Protege contra da\u00f1os futuros causados por los radicales libres<\/li><li>Estimula la producci\u00f3n de col\u00e1geno para obtener una piel m\u00e1s firme y resistente<\/li><li>Ilumina la piel para un cutis m\u00e1s uniforme<br><\/li><\/ul>\n\n\n\n<h3 class=\"po-standout-text wp-block-heading\">5 VECES MEJOR<\/h3>\n\n\n\n<p>Absorci\u00f3n 5 veces mejor de Professional-C\u00ae Serum 20% frente a SkinCeuticals Serum 20.* El 91\u00a0% de los usuarios de Professional-C Serum confirm\u00f3 que su piel ten\u00eda un aspecto m\u00e1s luminoso y\/o hidratado.*<\/p>\n<\/div>\n\n\n\n<div class=\"wp-block-column is-layout-flow wp-block-column-is-layout-flow\">\n<div class=\"wp-block-cover aligncenter is-light\"><span aria-hidden=\"true\" class=\"has-background-dim-0 wp-block-cover__gradient-background has-background-dim\"><\/span><img decoding=\"async\" class=\"wp-block-cover__image-background wp-image-15512\" alt=\"\" src=\"https:\/\/pureobagi.com\/wp-content\/uploads\/2020\/12\/Product_Range_Images_0001_Professional-C_Portfolio_2.jpg\" data-object-fit=\"cover\"\/><div class=\"wp-block-cover__inner-container is-layout-flow wp-block-cover-is-layout-flow\">\n<p class=\"has-text-align-center has-large-font-size\"><\/p>\n<\/div><\/div>\n<\/div>\n<\/div>\n\n\n\n<div class=\"wp-block-columns reverse-mobile is-layout-flex wp-container-core-columns-is-layout-28f84493 wp-block-columns-is-layout-flex\">\n<div class=\"wp-block-column is-layout-flow wp-block-column-is-layout-flow\">\n<div class=\"wp-block-cover aligncenter is-light\"><span aria-hidden=\"true\" class=\"has-background-dim-0 wp-block-cover__gradient-background has-background-dim\"><\/span><img decoding=\"async\" class=\"wp-block-cover__image-background wp-image-15528\" alt=\"\" src=\"https:\/\/pureobagi.com\/wp-content\/uploads\/2020\/12\/Product_Range_Images_0000_Professional-C_Portfolio_3.jpg\" data-object-fit=\"cover\"\/><div class=\"wp-block-cover__inner-container is-layout-flow wp-block-cover-is-layout-flow\">\n<p class=\"has-text-align-center has-large-font-size\"><\/p>\n<\/div><\/div>\n<\/div>\n\n\n\n<div class=\"wp-block-column is-layout-flow wp-block-column-is-layout-flow\">\n<h2 class=\"wp-block-heading\">INGREDIENTES CLAVE<\/h2>\n\n\n\n<p>Los productos Professional-C\u00ae utilizan el ingrediente clave \u00e1cido L-asc\u00f3rbico con distintos grados<\/p>\n\n\n\n<ul class=\"wp-block-list\"><li>10&nbsp;%, apto para pieles sensibles<\/li><li>15&nbsp;%, apto para todo tipo de pieles<\/li><li>20&nbsp;%, apto par pieles grasas<\/li><li>30&nbsp;% de polish + mask, f\u00f3rmula que se aclara que puede utilizarse hasta tres veces por semana<\/li><\/ul>\n\n\n\n<p>Descubre m\u00e1s informaci\u00f3n sobre el \u00e1cido L-asc\u00f3rbico en nuestros blogs<\/p>\n<\/div>\n<\/div>\n\n\n\n<div class=\"wp-block-columns is-layout-flex wp-container-core-columns-is-layout-28f84493 wp-block-columns-is-layout-flex\">\n<div class=\"wp-block-column is-layout-flow wp-block-column-is-layout-flow\">\n<h2 class=\"wp-block-heading\">PRODUCTOS OBAGI PROFESSIONAL-C PARA EL CUIDADO DE LA PIEL <\/h2>\n\n\n\n<ul class=\"wp-block-list\"><li>Professional-C\u00ae Serum 10\u00a0%, con un 10% de \u00e1cido L-asc\u00f3rbico (vitamina C)<\/li><li>Professional-C\u00ae Serum 15\u00a0%, con un 15% de \u00e1cido L-asc\u00f3rbico (vitamina C)<\/li><li>Professional-C\u00ae Serum 20\u00a0%, con un 20% de \u00e1cido L-asc\u00f3rbico (vitamina C)<\/li><li>Professional-C\u00ae Microdermabrasion Polish + Mask con un 30\u00a0% de \u00e1cido L-asc\u00f3rbico (vitamina C)<\/li><\/ul>\n\n\n\n<p>\u00bfTienes dudas de si Obagi Professional-C\u00ae es adecuado para ti? Pregunta a nuestros socios m\u00e9dicos<\/p>\n\n\n\n<div class=\"wp-block-buttons is-layout-flex wp-block-buttons-is-layout-flex\">\n<div class=\"wp-block-button\"><a class=\"wp-block-button__link\" href=\"https:\/\/pureobagi.com\/es\/skinstation\/\">Contacto<\/a><\/div>\n<\/div>\n<\/div>\n\n\n\n<div class=\"wp-block-column is-layout-flow wp-block-column-is-layout-flow\">\n<figure class=\"wp-block-embed aligncenter is-type-video is-provider-vimeo wp-block-embed-vimeo wp-embed-aspect-16-9 wp-has-aspect-ratio\"><div class=\"wp-block-embed__wrapper\">\n<iframe loading=\"lazy\" title=\"Obagi Professional-C Microdermabrasion Polish + Mask\" src=\"https:\/\/player.vimeo.com\/video\/483977781?h=c1416b0473&amp;dnt=1&amp;app_id=122963\" width=\"980\" height=\"551\" frameborder=\"0\" allow=\"autoplay; fullscreen; picture-in-picture\" allowfullscreen><\/iframe>\n<\/div><\/figure>\n<\/div>\n<\/div>\n\n\n<div  class=\"wp-block-product-blocks-product-grid-3 wopb-block-ab8d3f \"><div class=\"wopb-block-wrapper\"><div class=\"wopb-wrapper-main-content\"><div class=\"wopb-product-blocks-slide\" data-slidestoshow=\"3-2-1\" data-autoplay=\"\" data-slidespeed=\"3000\" data-showdots=\"\" data-showarrows=\"1\"><div class=\"wopb-block-item \"><div class=\"wopb-block-content-wrap\"><div class=\"wopb-block-image wopb-block-image-none\"><div class=\"wopb-onsale-hot\"><\/div><div class=\"wopb-product-new-meta\"><\/div><div class=\"wopb-quick-cart\"><div class=\"wopb-product-btn\"><div class=\"wopb-product-btn \"><span class=\"wopb-cart-action \" data-postid=\"29307\"><a href=\"\/es\/wp-json\/wp\/v2\/pages\/26415?add-to-cart=29307\" class=\"add_to_cart_button ajax_add_to_cart wopb-cart-normal\" data-stock=\"47\" aria-label=\"A\u00f1adir al carrito: &ldquo;Obagi360\u00ae Retinol 0.5&rdquo;\" data-quantity=\"1\" data-product_id=\"29307\" data-product_sku=\"RET050OBA05\" rel=\"nofollow\">A\u00f1adir al carrito<\/a><a href=\"https:\/\/pureobagi.com\/es\/cart-2\/\" class=\"wopb-cart-active\">View Cart<\/a><\/span><\/div><\/div><\/div><a href=\"https:\/\/pureobagi.com\/es\/producto\/obagi360-retinol-0-5\/\"><img decoding=\"async\" src=\"https:\/\/pureobagi.com\/wp-content\/uploads\/2020\/10\/retinol-0.5-e1647617873185.png\" alt=\"Obagi360\u00ae Retinol 0.5\" \/><\/a><\/div><div class=\"wopb-pg-cl wopb-pg-cl1\"><div class=\"wopb-product-cat-price\"><div class=\"wopb-product-price\"><span class=\"woocommerce-Price-amount amount\"><bdi><span class=\"woocommerce-Price-currencySymbol\">&euro;<\/span>70.00<\/bdi><\/span> <small class=\"woocommerce-price-suffix\">C\u00eda. IVA<\/small><\/div><\/div><div class=\"wopb-product-title-review\"><h3 class=\"wopb-block-title\"><a title=\"Obagi360\u00ae Retinol 0.5\"  href=\"https:\/\/pureobagi.com\/es\/producto\/obagi360-retinol-0-5\/\">Obagi360\u00ae Retinol 0.5<\/a><\/h3><\/div><\/div><\/div><\/div><div class=\"wopb-block-item \"><div class=\"wopb-block-content-wrap\"><div class=\"wopb-block-image wopb-block-image-none\"><div class=\"wopb-onsale-hot\"><\/div><div class=\"wopb-product-new-meta\"><\/div><div class=\"wopb-quick-cart\"><div class=\"wopb-product-btn\"><div class=\"wopb-product-btn \"><span class=\"wopb-cart-action \" data-postid=\"29291\"><a href=\"\/es\/wp-json\/wp\/v2\/pages\/26415?add-to-cart=29291\" class=\"add_to_cart_button ajax_add_to_cart wopb-cart-normal\" data-stock=\"11\" aria-label=\"A\u00f1adir al carrito: &ldquo;Obagi ELASTIderm\u00ae Eye Cream&rdquo;\" data-quantity=\"1\" data-product_id=\"29291\" data-product_sku=\"EYE015OBA01\" rel=\"nofollow\">A\u00f1adir al carrito<\/a><a href=\"https:\/\/pureobagi.com\/es\/cart-2\/\" class=\"wopb-cart-active\">View Cart<\/a><\/span><\/div><\/div><\/div><a href=\"https:\/\/pureobagi.com\/es\/producto\/obagi-elastiderm-eye-cream\/\"><img decoding=\"async\" src=\"https:\/\/pureobagi.com\/wp-content\/uploads\/2020\/10\/eye-cream-new-1000x1000-1.jpg\" alt=\"Obagi ELASTIderm\u00ae Eye Cream\" \/><\/a><\/div><div class=\"wopb-pg-cl wopb-pg-cl1\"><div class=\"wopb-product-cat-price\"><div class=\"wopb-product-price\"><span class=\"woocommerce-Price-amount amount\"><bdi><span class=\"woocommerce-Price-currencySymbol\">&euro;<\/span>115.00<\/bdi><\/span> <small class=\"woocommerce-price-suffix\">C\u00eda. IVA<\/small><\/div><\/div><div class=\"wopb-product-title-review\"><h3 class=\"wopb-block-title\"><a title=\"Obagi ELASTIderm\u00ae Eye Cream\"  href=\"https:\/\/pureobagi.com\/es\/producto\/obagi-elastiderm-eye-cream\/\">Obagi ELASTIderm\u00ae Eye Cream<\/a><\/h3><\/div><\/div><\/div><\/div><div class=\"wopb-block-item \"><div class=\"wopb-block-content-wrap\"><div class=\"wopb-block-image wopb-block-image-none\"><div class=\"wopb-onsale-hot\"><\/div><div class=\"wopb-product-new-meta\"><\/div><div class=\"wopb-quick-cart\"><div class=\"wopb-product-btn\"><div class=\"wopb-product-btn \"><span class=\"wopb-cart-action \" data-postid=\"29294\"><a href=\"\/es\/wp-json\/wp\/v2\/pages\/26415?add-to-cart=29294\" class=\"add_to_cart_button ajax_add_to_cart wopb-cart-normal\" data-stock=\"8\" aria-label=\"A\u00f1adir al carrito: &ldquo;Obagi Nu-Derm\u00ae Clear Fx&rdquo;\" data-quantity=\"1\" data-product_id=\"29294\" data-product_sku=\"CLE060POL02\" rel=\"nofollow\">A\u00f1adir al carrito<\/a><a href=\"https:\/\/pureobagi.com\/es\/cart-2\/\" class=\"wopb-cart-active\">View Cart<\/a><\/span><\/div><\/div><\/div><a href=\"https:\/\/pureobagi.com\/es\/producto\/obagi-nu-derm-clear-fx\/\"><img decoding=\"async\" src=\"https:\/\/pureobagi.com\/wp-content\/uploads\/2020\/10\/Clear-Fx-1000x1000-1.png\" alt=\"Obagi Nu-Derm\u00ae Clear Fx\" \/><\/a><\/div><div class=\"wopb-pg-cl wopb-pg-cl1\"><div class=\"wopb-product-cat-price\"><div class=\"wopb-product-price\"><span class=\"woocommerce-Price-amount amount\"><bdi><span class=\"woocommerce-Price-currencySymbol\">&euro;<\/span>107.00<\/bdi><\/span> <small class=\"woocommerce-price-suffix\">C\u00eda. IVA<\/small><\/div><\/div><div class=\"wopb-product-title-review\"><h3 class=\"wopb-block-title\"><a title=\"Obagi Nu-Derm\u00ae Clear Fx\"  href=\"https:\/\/pureobagi.com\/es\/producto\/obagi-nu-derm-clear-fx\/\">Obagi Nu-Derm\u00ae Clear Fx<\/a><\/h3><\/div><\/div><\/div><\/div><div class=\"wopb-block-item \"><div class=\"wopb-block-content-wrap\"><div class=\"wopb-block-image wopb-block-image-none\"><div class=\"wopb-onsale-hot\"><\/div><div class=\"wopb-product-new-meta\"><\/div><div class=\"wopb-quick-cart\"><div class=\"wopb-product-btn\"><div class=\"wopb-product-btn \"><span class=\"wopb-cart-action \" data-postid=\"29268\"><a href=\"\/es\/wp-json\/wp\/v2\/pages\/26415?add-to-cart=29268\" class=\"add_to_cart_button ajax_add_to_cart wopb-cart-normal\" data-stock=\"\" aria-label=\"A\u00f1adir al carrito: &ldquo;Obagi Professional-C\u00ae Serum 10%&rdquo;\" data-quantity=\"1\" data-product_id=\"29268\" data-product_sku=\"PRO01OBA02\" rel=\"nofollow\">A\u00f1adir al carrito<\/a><a href=\"https:\/\/pureobagi.com\/es\/cart-2\/\" class=\"wopb-cart-active\">View Cart<\/a><\/span><\/div><\/div><\/div><a href=\"https:\/\/pureobagi.com\/es\/producto\/obagi-professional-c-serum-10\/\"><img decoding=\"async\" src=\"https:\/\/pureobagi.com\/wp-content\/uploads\/2020\/10\/pro-c-10-bottle-1000x1000-1.png\" alt=\"Obagi Professional-C\u00ae Serum 10%\" \/><\/a><\/div><div class=\"wopb-pg-cl wopb-pg-cl1\"><div class=\"wopb-product-cat-price\"><div class=\"wopb-product-price\"><span class=\"woocommerce-Price-amount amount\"><bdi><span class=\"woocommerce-Price-currencySymbol\">&euro;<\/span>92.00<\/bdi><\/span> <small class=\"woocommerce-price-suffix\">C\u00eda. IVA<\/small><\/div><\/div><div class=\"wopb-product-title-review\"><h3 class=\"wopb-block-title\"><a title=\"Obagi Professional-C\u00ae Serum 10%\"  href=\"https:\/\/pureobagi.com\/es\/producto\/obagi-professional-c-serum-10\/\">Obagi Professional-C\u00ae Serum 10%<\/a><\/h3><\/div><\/div><\/div><\/div><div class=\"wopb-block-item \"><div class=\"wopb-block-content-wrap\"><div class=\"wopb-block-image wopb-block-image-none\"><div class=\"wopb-onsale-hot\"><\/div><div class=\"wopb-product-new-meta\"><\/div><div class=\"wopb-quick-cart\"><div class=\"wopb-product-btn\"><div class=\"wopb-product-btn \"><span class=\"wopb-cart-action \" data-postid=\"29321\"><a href=\"\/es\/wp-json\/wp\/v2\/pages\/26415?add-to-cart=29321\" class=\"add_to_cart_button ajax_add_to_cart wopb-cart-normal\" data-stock=\"\" aria-label=\"A\u00f1adir al carrito: &ldquo;Obagi Daily Hydro-Drops\u2122 Facial Serum 30ml&rdquo;\" data-quantity=\"1\" data-product_id=\"29321\" data-product_sku=\"HYDROPOBA03\" rel=\"nofollow\">A\u00f1adir al carrito<\/a><a href=\"https:\/\/pureobagi.com\/es\/cart-2\/\" class=\"wopb-cart-active\">View Cart<\/a><\/span><\/div><\/div><\/div><a href=\"https:\/\/pureobagi.com\/es\/producto\/daily-hydro-drops-facial-serum-30ml\/\"><img decoding=\"async\" src=\"https:\/\/pureobagi.com\/wp-content\/uploads\/2020\/12\/DHD-main-1000x1000-1.png\" alt=\"Obagi Daily Hydro-Drops\u2122 Facial Serum 30ml\" \/><\/a><\/div><div class=\"wopb-pg-cl wopb-pg-cl1\"><div class=\"wopb-product-cat-price\"><div class=\"wopb-product-price\"><span class=\"woocommerce-Price-amount amount\"><bdi><span class=\"woocommerce-Price-currencySymbol\">&euro;<\/span>94.00<\/bdi><\/span> <small class=\"woocommerce-price-suffix\">C\u00eda. IVA<\/small><\/div><\/div><div class=\"wopb-product-title-review\"><h3 class=\"wopb-block-title\"><a title=\"Obagi Daily Hydro-Drops\u2122 Facial Serum 30ml\"  href=\"https:\/\/pureobagi.com\/es\/producto\/daily-hydro-drops-facial-serum-30ml\/\">Obagi Daily Hydro-Drops\u2122 Facial Serum 30ml<\/a><\/h3><\/div><\/div><\/div><\/div><div class=\"wopb-block-item \"><div class=\"wopb-block-content-wrap\"><div class=\"wopb-block-image wopb-block-image-none\"><div class=\"wopb-onsale-hot\"><\/div><div class=\"wopb-product-new-meta\"><\/div><div class=\"wopb-quick-cart\"><div class=\"wopb-product-btn\"><div class=\"wopb-product-btn \"><span class=\"wopb-cart-action \" data-postid=\"29324\"><a href=\"\/es\/wp-json\/wp\/v2\/pages\/26415?add-to-cart=29324\" class=\"add_to_cart_button ajax_add_to_cart wopb-cart-normal\" data-stock=\"\" aria-label=\"A\u00f1adir al carrito: &ldquo;Obagi ELASTIderm\u00ae Facial Serum&rdquo;\" data-quantity=\"1\" data-product_id=\"29324\" data-product_sku=\"ELAFACOBA01\" rel=\"nofollow\">A\u00f1adir al carrito<\/a><a href=\"https:\/\/pureobagi.com\/es\/cart-2\/\" class=\"wopb-cart-active\">View Cart<\/a><\/span><\/div><\/div><\/div><a href=\"https:\/\/pureobagi.com\/es\/producto\/obagi-elastiderm-facial-serum\/\"><img decoding=\"async\" src=\"https:\/\/pureobagi.com\/wp-content\/uploads\/2020\/12\/EFS-bottle-1000x1000-1.jpg\" alt=\"Obagi ELASTIderm\u00ae Facial Serum\" \/><\/a><\/div><div class=\"wopb-pg-cl wopb-pg-cl1\"><div class=\"wopb-product-cat-price\"><div class=\"wopb-product-price\"><span class=\"woocommerce-Price-amount amount\"><bdi><span class=\"woocommerce-Price-currencySymbol\">&euro;<\/span>186.00<\/bdi><\/span> <small class=\"woocommerce-price-suffix\">C\u00eda. IVA<\/small><\/div><\/div><div class=\"wopb-product-title-review\"><h3 class=\"wopb-block-title\"><a title=\"Obagi ELASTIderm\u00ae Facial Serum\"  href=\"https:\/\/pureobagi.com\/es\/producto\/obagi-elastiderm-facial-serum\/\">Obagi ELASTIderm\u00ae Facial Serum<\/a><\/h3><\/div><\/div><\/div><\/div><\/div><div class=\"wopb-slick-nav\" style=\"display:none\"><div class=\"wopb-slick-prev\"><div class=\"slick-arrow slick-prev\"><svg enable-background=\"new 0 0 477.175 477.175\" version=\"1.1\" viewBox=\"0 0 477.18 477.18\"><path d=\"m145.19 238.58 215.5-215.5c5.3-5.3 5.3-13.8 0-19.1s-13.8-5.3-19.1 0l-225.1 225.1c-5.3 5.3-5.3 13.8 0 19.1l225.1 225c2.6 2.6 6.1 4 9.5 4s6.9-1.3 9.5-4c5.3-5.3 5.3-13.8 0-19.1l-215.4-215.5z\"\/><\/svg><\/div><\/div><div class=\"wopb-slick-next\"><div class=\"slick-arrow slick-next\"><svg enable-background=\"new 0 0 477.175 477.175\" version=\"1.1\" viewBox=\"0 0 477.18 477.18\"><path d=\"m360.73 229.08-225.1-225.1c-5.3-5.3-13.8-5.3-19.1 0s-5.3 13.8 0 19.1l215.5 215.5-215.5 215.5c-5.3 5.3-5.3 13.8 0 19.1 2.6 2.6 6.1 4 9.5 4s6.9-1.3 9.5-4l225.1-225.1c5.3-5.2 5.3-13.8 0.1-19z\"\/><\/svg><\/div><\/div><\/div><\/div><\/div><\/div>","protected":false},"excerpt":{"rendered":"<p>La vitamina C es uno de los ingredientes m\u00e1s populares en el cuidado de la piel gracias a sus m\u00faltiples beneficios. La vitamina C en el cuidado facial fomenta la producci\u00f3n de col\u00e1geno y disminuye la apariencia de las arrugas y l\u00edneas de expresi\u00f3n. La vitamina C tambi\u00e9n es antioxidante, por lo que protege y [&hellip;]<\/p>\n","protected":false},"author":1,"featured_media":20110,"parent":26442,"menu_order":0,"comment_status":"closed","ping_status":"closed","template":"template-fullwidth.php","meta":{"_acf_changed":false,"footnotes":""},"class_list":["post-26415","page","type-page","status-publish","has-post-thumbnail","hentry"],"acf":[],"_links":{"self":[{"href":"https:\/\/pureobagi.com\/es\/wp-json\/wp\/v2\/pages\/26415","targetHints":{"allow":["GET"]}}],"collection":[{"href":"https:\/\/pureobagi.com\/es\/wp-json\/wp\/v2\/pages"}],"about":[{"href":"https:\/\/pureobagi.com\/es\/wp-json\/wp\/v2\/types\/page"}],"author":[{"embeddable":true,"href":"https:\/\/pureobagi.com\/es\/wp-json\/wp\/v2\/users\/1"}],"replies":[{"embeddable":true,"href":"https:\/\/pureobagi.com\/es\/wp-json\/wp\/v2\/comments?post=26415"}],"version-history":[{"count":6,"href":"https:\/\/pureobagi.com\/es\/wp-json\/wp\/v2\/pages\/26415\/revisions"}],"predecessor-version":[{"id":49793,"href":"https:\/\/pureobagi.com\/es\/wp-json\/wp\/v2\/pages\/26415\/revisions\/49793"}],"up":[{"embeddable":true,"href":"https:\/\/pureobagi.com\/es\/wp-json\/wp\/v2\/pages\/26442"}],"wp:featuredmedia":[{"embeddable":true,"href":"https:\/\/pureobagi.com\/es\/wp-json\/wp\/v2\/media\/20110"}],"wp:attachment":[{"href":"https:\/\/pureobagi.com\/es\/wp-json\/wp\/v2\/media?parent=26415"}],"curies":[{"name":"wp","href":"https:\/\/api.w.org\/{rel}","templated":true}]}}