{"id":26417,"date":"2020-12-04T12:36:47","date_gmt":"2020-12-04T12:36:47","guid":{"rendered":"https:\/\/pureobagi.com\/obagi-sun-protection\/"},"modified":"2022-04-01T16:53:10","modified_gmt":"2022-04-01T15:53:10","slug":"sun-protection","status":"publish","type":"page","link":"https:\/\/pureobagi.com\/es\/explora-la-gama\/sun-protection\/","title":{"rendered":"Obagi Sun Protection"},"content":{"rendered":"\n<div class=\"wp-block-columns is-layout-flex wp-container-core-columns-is-layout-28f84493 wp-block-columns-is-layout-flex\">\n<div class=\"wp-block-column is-layout-flow wp-block-column-is-layout-flow\">\n<div class=\"wp-block-cover aligncenter is-light\"><span aria-hidden=\"true\" class=\"has-background-dim-0 wp-block-cover__gradient-background has-background-dim\"><\/span><img decoding=\"async\" width=\"1000\" height=\"947\" class=\"wp-block-cover__image-background wp-image-47565\" alt=\"Obagi Sun Protection\" src=\"https:\/\/pureobagi.com\/wp-content\/uploads\/2022\/02\/SunShields_postit.jpg\" data-object-fit=\"cover\" srcset=\"https:\/\/pureobagi.com\/wp-content\/uploads\/2022\/02\/SunShields_postit.jpg 1000w, https:\/\/pureobagi.com\/wp-content\/uploads\/2022\/02\/SunShields_postit-300x284.jpg 300w, https:\/\/pureobagi.com\/wp-content\/uploads\/2022\/02\/SunShields_postit-768x727.jpg 768w, https:\/\/pureobagi.com\/wp-content\/uploads\/2022\/02\/SunShields_postit-416x394.jpg 416w\" sizes=\"(max-width: 1000px) 100vw, 1000px\" \/><div class=\"wp-block-cover__inner-container is-layout-flow wp-block-cover-is-layout-flow\">\n<p class=\"has-text-align-center has-large-font-size\"><\/p>\n<\/div><\/div>\n<\/div>\n\n\n\n<div class=\"wp-block-column is-layout-flow wp-block-column-is-layout-flow\">\n<p>Proteger la piel de los da\u00f1os solares es uno de los pasos m\u00e1s importantes y sencillos de tu rutina de cuidado facial, con el fin de proteger contra los da\u00f1os del sol y evitar el envejecimiento de la piel.<\/p>\n\n\n\n<p>La gama de protectores solares de Obagi ha sido formulada para adaptarse a diversos tipos de pieles y necesidades. Cada producto de la gama Obagi Sun Protection ofrece protecci\u00f3n f\u00edsica, qu\u00edmica o combinada contra los da\u00f1inos rayos UVA, UVB e infrarrojos, con diferentes acabados.<\/p>\n\n\n\n<p>\u00bfQu\u00e9 diferencia hay?<br>Los rayos UVA contribuyen al desarrollo del c\u00e1ncer de piel y se sabe que aceleran los signos de envejecimiento.<\/p>\n\n\n\n<p>Los rayos UVB pueden producir efectos secundarios a corto plazo como quemaduras solares, aunque tambi\u00e9n pueden llevar al desarrollo de c\u00e1ncer de piel, hiperpigmentaci\u00f3n y signos de fotoenvejecimiento.<\/p>\n\n\n\n<p>Los rayos IR (infrarrojos) generan la producci\u00f3n de radicales libres, que generalmente llevan a la aparici\u00f3n de arrugas y l\u00edneas de expresi\u00f3n, inflamaci\u00f3n, p\u00e9rdida de elasticidad en la piel y envejecimiento prematuro. Al combinarse con los rayos ultravioletas, los infrarrojos tambi\u00e9n pueden causar da\u00f1os acumulativos.<\/p>\n\n\n\n<p>Consejo: la forma m\u00e1s sencilla de recordar qu\u00e9 tipo de radiaci\u00f3n crea qu\u00e9 tipo de da\u00f1os es fijarse en sus nombres: rayos UVA = Ageing (envejecimiento), UVB = Burning (quemaduras).<\/p>\n\n\n\n<div class=\"wp-block-buttons is-layout-flex wp-block-buttons-is-layout-flex\">\n<div class=\"wp-block-button\"><a class=\"wp-block-button__link\" href=\"https:\/\/pureobagi.com\/es\/categoria-producto\/tipo-de-producto\/proteccion-solar\/\">Compra Obagi Sun Protection<\/a><\/div>\n<\/div>\n<\/div>\n<\/div>\n\n\n\n<div class=\"wp-block-columns is-layout-flex wp-container-core-columns-is-layout-28f84493 wp-block-columns-is-layout-flex\">\n<div class=\"wp-block-column is-layout-flow wp-block-column-is-layout-flow\">\n<h2 class=\"po-standout-text wp-block-heading\">\u00bfLO SAB\u00cdAS?<\/h2>\n\n\n\n<p>La radiaci\u00f3n del sol tambi\u00e9n puede generar diversos problemas de piel, incluyendo los siguientes:<\/p>\n\n\n\n<ul class=\"wp-block-list\"><li>Arrugas y peque\u00f1as l\u00edneas de expresi\u00f3n<\/li><li>Piel \u00e1spera y poco uniforme<\/li><li>Manchas en la piel y tono poco uniforme<\/li><li>Hiperpigmentaci\u00f3n, manchas oscuras o manchas de sol<\/li><li>Piel cetrina<\/li><\/ul>\n\n\n\n<h3 class=\"po-standout-text wp-block-heading\">UVA, UVB e IR<\/h3>\n\n\n\n<p>Los ingredientes f\u00edsicos y\/o qu\u00edmicos ofrecen un amplio espectro de protecci\u00f3n para todos los tipos de piel<\/p>\n\n\n\n<p>Obagi Los filtros solares ofrecen protecci\u00f3n contra los rayos UVA y UVB, y algunos incluso contra la radiaci\u00f3n infrarroja, para reducir los signos de envejecimiento de piel, manteniendo una piel de aspecto sano.<\/p>\n<\/div>\n\n\n\n<div class=\"wp-block-column is-layout-flow wp-block-column-is-layout-flow\">\n<div class=\"wp-block-cover aligncenter is-light\"><span aria-hidden=\"true\" class=\"has-background-dim-0 wp-block-cover__gradient-background has-background-dim\"><\/span><img decoding=\"async\" class=\"wp-block-cover__image-background wp-image-15367\" alt=\"\" src=\"https:\/\/pureobagi.com\/wp-content\/uploads\/2020\/12\/Product_Range_Images_00016_Sun_Protection_2.png\" data-object-fit=\"cover\"\/><div class=\"wp-block-cover__inner-container is-layout-flow wp-block-cover-is-layout-flow\">\n<p class=\"has-text-align-center has-large-font-size\"><\/p>\n<\/div><\/div>\n<\/div>\n<\/div>\n\n\n\n<div class=\"wp-block-columns reverse-mobile is-layout-flex wp-container-core-columns-is-layout-28f84493 wp-block-columns-is-layout-flex\">\n<div class=\"wp-block-column is-layout-flow wp-block-column-is-layout-flow\">\n<div class=\"wp-block-cover aligncenter is-light\"><span aria-hidden=\"true\" class=\"has-background-dim-0 wp-block-cover__gradient-background has-background-dim\"><\/span><img decoding=\"async\" class=\"wp-block-cover__image-background wp-image-15389\" alt=\"\" src=\"https:\/\/pureobagi.com\/wp-content\/uploads\/2020\/12\/Product_Range_Images_00017_Sun_Protection_3.png\" data-object-fit=\"cover\"\/><div class=\"wp-block-cover__inner-container is-layout-flow wp-block-cover-is-layout-flow\">\n<p class=\"has-text-align-center has-large-font-size\"><\/p>\n<\/div><\/div>\n<\/div>\n\n\n\n<div class=\"wp-block-column is-layout-flow wp-block-column-is-layout-flow\">\n<h2 class=\"wp-block-heading\">INGREDIENTES CLAVE<\/h2>\n\n\n\n<p>Los protectores solares de Obagi incluyen una gama de ingredientes clave:<\/p>\n\n\n\n<p>Protecci\u00f3n f\u00edsica contra los rayos UVA\/UVB<\/p>\n\n\n\n<ul class=\"wp-block-list\"><li>\u00d3xido de zinc<\/li><li>Di\u00f3xido de titanio<\/li><\/ul>\n\n\n\n<p>Protecci\u00f3n qu\u00edmica contra los rayos UVA\/UVB<\/p>\n\n\n\n<ul class=\"wp-block-list\"><li>Homosalato<\/li><li>Octinoxato<\/li><\/ul>\n\n\n\n<p>m\u00e1s<\/p>\n\n\n\n<ul class=\"wp-block-list\"><li>Ceramidas<\/li><li>Glicerina<\/li><li>Hydromanil\u2122 Technology<\/li><li>\u00c1cido L-asc\u00f3rbico (vitamina C)<\/li><li>Niacinamida<\/li><\/ul>\n\n\n\n<p>Descubre m\u00e1s sobre estos ingredientes clave en nuestros blogs<\/p>\n<\/div>\n<\/div>\n\n\n\n<div class=\"wp-block-columns is-layout-flex wp-container-core-columns-is-layout-28f84493 wp-block-columns-is-layout-flex\">\n<div class=\"wp-block-column is-layout-flow wp-block-column-is-layout-flow\">\n<h2 class=\"wp-block-heading\">OBAGI LOS FILTROS SOLARES INCLUYEN<\/h2>\n\n\n\n<ul class=\"wp-block-list\"><li>OBAGI360 HydraFactor\u00ae SPF30<\/li><li>Obagi Sun Shield\u2122 Matte SPF50<\/li><li>Obagi Sun Shield\u2122 TINT Warm SPF50<\/li><li>Obagi Sun Shield\u2122 TINT Cool SPF50<\/li><\/ul>\n\n\n\n<p>\u00bfTienes dudas sobre qu\u00e9 protector solar utilizar? Pregunta a nuestro socio m\u00e9dico<\/p>\n\n\n\n<div class=\"wp-block-buttons is-layout-flex wp-block-buttons-is-layout-flex\">\n<div class=\"wp-block-button\"><a class=\"wp-block-button__link\" href=\"https:\/\/pureobagi.com\/es\/skinstation\/\">Contacto<\/a><\/div>\n<\/div>\n\n\n\n<p><\/p>\n<\/div>\n\n\n\n<div class=\"wp-block-column is-layout-flow wp-block-column-is-layout-flow\">\n<figure class=\"wp-block-embed is-type-video is-provider-vimeo wp-block-embed-vimeo wp-embed-aspect-16-9 wp-has-aspect-ratio\"><div class=\"wp-block-embed__wrapper\">\n<iframe loading=\"lazy\" title=\"Obagi Meredith&#039;s Story\" src=\"https:\/\/player.vimeo.com\/video\/148067881?h=79e1c02408&amp;dnt=1&amp;app_id=122963\" width=\"980\" height=\"551\" frameborder=\"0\" allow=\"autoplay; fullscreen; picture-in-picture\" allowfullscreen><\/iframe>\n<\/div><\/figure>\n<\/div>\n<\/div>\n\n\n<div  class=\"wp-block-product-blocks-product-grid-3 wopb-block-848dd7 \"><div class=\"wopb-block-wrapper\"><div class=\"wopb-wrapper-main-content\"><div class=\"wopb-product-blocks-slide\" data-slidestoshow=\"3-2-1\" data-autoplay=\"\" data-slidespeed=\"3000\" data-showdots=\"\" data-showarrows=\"1\"><div class=\"wopb-block-item \"><div class=\"wopb-block-content-wrap\"><div class=\"wopb-block-image wopb-block-image-none\"><div class=\"wopb-onsale-hot\"><\/div><div class=\"wopb-product-new-meta\"><\/div><div class=\"wopb-quick-cart\"><div class=\"wopb-product-btn\"><div class=\"wopb-product-btn \"><span class=\"wopb-cart-action \" data-postid=\"29307\"><a href=\"\/es\/wp-json\/wp\/v2\/pages\/26417?add-to-cart=29307\" class=\"add_to_cart_button ajax_add_to_cart wopb-cart-normal\" data-stock=\"47\" aria-label=\"A\u00f1adir al carrito: &ldquo;Obagi360\u00ae Retinol 0.5&rdquo;\" data-quantity=\"1\" data-product_id=\"29307\" data-product_sku=\"RET050OBA05\" rel=\"nofollow\">A\u00f1adir al carrito<\/a><a href=\"https:\/\/pureobagi.com\/es\/cart-2\/\" class=\"wopb-cart-active\">View Cart<\/a><\/span><\/div><\/div><\/div><a href=\"https:\/\/pureobagi.com\/es\/producto\/obagi360-retinol-0-5\/\"><img decoding=\"async\" src=\"https:\/\/pureobagi.com\/wp-content\/uploads\/2020\/10\/retinol-0.5-e1647617873185.png\" alt=\"Obagi360\u00ae Retinol 0.5\" \/><\/a><\/div><div class=\"wopb-pg-cl wopb-pg-cl1\"><div class=\"wopb-product-cat-price\"><div class=\"wopb-product-price\"><span class=\"woocommerce-Price-amount amount\"><bdi><span class=\"woocommerce-Price-currencySymbol\">&euro;<\/span>70.00<\/bdi><\/span> <small class=\"woocommerce-price-suffix\">C\u00eda. IVA<\/small><\/div><\/div><div class=\"wopb-product-title-review\"><h3 class=\"wopb-block-title\"><a title=\"Obagi360\u00ae Retinol 0.5\"  href=\"https:\/\/pureobagi.com\/es\/producto\/obagi360-retinol-0-5\/\">Obagi360\u00ae Retinol 0.5<\/a><\/h3><\/div><\/div><\/div><\/div><div class=\"wopb-block-item \"><div class=\"wopb-block-content-wrap\"><div class=\"wopb-block-image wopb-block-image-none\"><div class=\"wopb-onsale-hot\"><\/div><div class=\"wopb-product-new-meta\"><\/div><div class=\"wopb-quick-cart\"><div class=\"wopb-product-btn\"><div class=\"wopb-product-btn \"><span class=\"wopb-cart-action \" data-postid=\"31013\"><a href=\"https:\/\/pureobagi.com\/es\/producto\/obagi-hydrate\/\" class=\"add_to_cart_button ajax_add_to_cart wopb-cart-normal\" data-stock=\"0\" aria-label=\"Lee m\u00e1s sobre &ldquo;Obagi Hydrate\u00ae&rdquo;\" data-quantity=\"1\" data-product_id=\"31013\" data-product_sku=\"HYD048OBA01\" rel=\"nofollow\">Leer m\u00e1s<\/a><a href=\"https:\/\/pureobagi.com\/es\/cart-2\/\" class=\"wopb-cart-active\">View Cart<\/a><\/span><\/div><\/div><\/div><div class=\"wopb-product-outofstock\"><span>Agotado<\/span><\/div><a href=\"https:\/\/pureobagi.com\/es\/producto\/obagi-hydrate\/\"><img decoding=\"async\" src=\"https:\/\/pureobagi.com\/wp-content\/uploads\/2020\/10\/hydrate-bottle-1000x1000-1.png\" alt=\"Obagi Hydrate\u00ae\" \/><\/a><\/div><div class=\"wopb-pg-cl wopb-pg-cl1\"><div class=\"wopb-product-cat-price\"><div class=\"wopb-product-price\"><span class=\"woocommerce-Price-amount amount\"><bdi><span class=\"woocommerce-Price-currencySymbol\">&euro;<\/span>53.00<\/bdi><\/span> <small class=\"woocommerce-price-suffix\">C\u00eda. IVA<\/small><\/div><\/div><div class=\"wopb-product-title-review\"><h3 class=\"wopb-block-title\"><a title=\"Obagi Hydrate\u00ae\"  href=\"https:\/\/pureobagi.com\/es\/producto\/obagi-hydrate\/\">Obagi Hydrate\u00ae<\/a><\/h3><\/div><\/div><\/div><\/div><div class=\"wopb-block-item \"><div class=\"wopb-block-content-wrap\"><div class=\"wopb-block-image wopb-block-image-none\"><div class=\"wopb-onsale-hot\"><\/div><div class=\"wopb-product-new-meta\"><\/div><div class=\"wopb-quick-cart\"><div class=\"wopb-product-btn\"><div class=\"wopb-product-btn \"><span class=\"wopb-cart-action \" data-postid=\"29321\"><a href=\"\/es\/wp-json\/wp\/v2\/pages\/26417?add-to-cart=29321\" class=\"add_to_cart_button ajax_add_to_cart wopb-cart-normal\" data-stock=\"\" aria-label=\"A\u00f1adir al carrito: &ldquo;Obagi Daily Hydro-Drops\u2122 Facial Serum 30ml&rdquo;\" data-quantity=\"1\" data-product_id=\"29321\" data-product_sku=\"HYDROPOBA03\" rel=\"nofollow\">A\u00f1adir al carrito<\/a><a href=\"https:\/\/pureobagi.com\/es\/cart-2\/\" class=\"wopb-cart-active\">View Cart<\/a><\/span><\/div><\/div><\/div><a href=\"https:\/\/pureobagi.com\/es\/producto\/daily-hydro-drops-facial-serum-30ml\/\"><img decoding=\"async\" src=\"https:\/\/pureobagi.com\/wp-content\/uploads\/2020\/12\/DHD-main-1000x1000-1.png\" alt=\"Obagi Daily Hydro-Drops\u2122 Facial Serum 30ml\" \/><\/a><\/div><div class=\"wopb-pg-cl wopb-pg-cl1\"><div class=\"wopb-product-cat-price\"><div class=\"wopb-product-price\"><span class=\"woocommerce-Price-amount amount\"><bdi><span class=\"woocommerce-Price-currencySymbol\">&euro;<\/span>94.00<\/bdi><\/span> <small class=\"woocommerce-price-suffix\">C\u00eda. IVA<\/small><\/div><\/div><div class=\"wopb-product-title-review\"><h3 class=\"wopb-block-title\"><a title=\"Obagi Daily Hydro-Drops\u2122 Facial Serum 30ml\"  href=\"https:\/\/pureobagi.com\/es\/producto\/daily-hydro-drops-facial-serum-30ml\/\">Obagi Daily Hydro-Drops\u2122 Facial Serum 30ml<\/a><\/h3><\/div><\/div><\/div><\/div><div class=\"wopb-block-item \"><div class=\"wopb-block-content-wrap\"><div class=\"wopb-block-image wopb-block-image-none\"><div class=\"wopb-onsale-hot\"><\/div><div class=\"wopb-product-new-meta\"><\/div><div class=\"wopb-quick-cart\"><div class=\"wopb-product-btn\"><div class=\"wopb-product-btn \"><span class=\"wopb-cart-action \" data-postid=\"29279\"><a href=\"\/es\/wp-json\/wp\/v2\/pages\/26417?add-to-cart=29279\" class=\"add_to_cart_button ajax_add_to_cart wopb-cart-normal\" data-stock=\"5\" aria-label=\"A\u00f1adir al carrito: &ldquo;Obagi CLENZIderm Daily Care Foaming Cleanser&rdquo;\" data-quantity=\"1\" data-product_id=\"29279\" data-product_sku=\"CLE001OBA01\" rel=\"nofollow\">A\u00f1adir al carrito<\/a><a href=\"https:\/\/pureobagi.com\/es\/cart-2\/\" class=\"wopb-cart-active\">View Cart<\/a><\/span><\/div><\/div><\/div><a href=\"https:\/\/pureobagi.com\/es\/producto\/clenziderm-daily-care-foaming-cleanser\/\"><img decoding=\"async\" src=\"https:\/\/pureobagi.com\/wp-content\/uploads\/2020\/10\/clenziderm-bottle-1000x1000-1.png\" alt=\"Obagi CLENZIderm Daily Care Foaming Cleanser\" \/><\/a><\/div><div class=\"wopb-pg-cl wopb-pg-cl1\"><div class=\"wopb-product-cat-price\"><div class=\"wopb-product-price\"><span class=\"woocommerce-Price-amount amount\"><bdi><span class=\"woocommerce-Price-currencySymbol\">&euro;<\/span>41.00<\/bdi><\/span> <small class=\"woocommerce-price-suffix\">C\u00eda. IVA<\/small><\/div><\/div><div class=\"wopb-product-title-review\"><h3 class=\"wopb-block-title\"><a title=\"Obagi CLENZIderm Daily Care Foaming Cleanser\"  href=\"https:\/\/pureobagi.com\/es\/producto\/clenziderm-daily-care-foaming-cleanser\/\">Obagi CLENZIderm Daily Care Foaming Cleanser<\/a><\/h3><\/div><\/div><\/div><\/div><div class=\"wopb-block-item \"><div class=\"wopb-block-content-wrap\"><div class=\"wopb-block-image wopb-block-image-none\"><div class=\"wopb-onsale-hot\"><\/div><div class=\"wopb-product-new-meta\"><\/div><div class=\"wopb-quick-cart\"><div class=\"wopb-product-btn\"><div class=\"wopb-product-btn \"><span class=\"wopb-cart-action \" data-postid=\"31014\"><a href=\"\/es\/wp-json\/wp\/v2\/pages\/26417?add-to-cart=31014\" class=\"add_to_cart_button ajax_add_to_cart wopb-cart-normal\" data-stock=\"\" aria-label=\"A\u00f1adir al carrito: &ldquo;Obagi Hydrate Luxe\u00ae&rdquo;\" data-quantity=\"1\" data-product_id=\"31014\" data-product_sku=\"HYDLUXOBA01\" rel=\"nofollow\">A\u00f1adir al carrito<\/a><a href=\"https:\/\/pureobagi.com\/es\/cart-2\/\" class=\"wopb-cart-active\">View Cart<\/a><\/span><\/div><\/div><\/div><a href=\"https:\/\/pureobagi.com\/es\/producto\/obagi-hydrate-luxe\/\"><img decoding=\"async\" src=\"https:\/\/pureobagi.com\/wp-content\/uploads\/2020\/10\/hydrate-luxe-bottle-1000x1000-1.jpg\" alt=\"Obagi Hydrate Luxe\u00ae\" \/><\/a><\/div><div class=\"wopb-pg-cl wopb-pg-cl1\"><div class=\"wopb-product-cat-price\"><div class=\"wopb-product-price\"><span class=\"woocommerce-Price-amount amount\"><bdi><span class=\"woocommerce-Price-currencySymbol\">&euro;<\/span>75.00<\/bdi><\/span> <small class=\"woocommerce-price-suffix\">C\u00eda. IVA<\/small><\/div><\/div><div class=\"wopb-product-title-review\"><h3 class=\"wopb-block-title\"><a title=\"Obagi Hydrate Luxe\u00ae\"  href=\"https:\/\/pureobagi.com\/es\/producto\/obagi-hydrate-luxe\/\">Obagi Hydrate Luxe\u00ae<\/a><\/h3><\/div><\/div><\/div><\/div><div class=\"wopb-block-item \"><div class=\"wopb-block-content-wrap\"><div class=\"wopb-block-image wopb-block-image-none\"><div class=\"wopb-onsale-hot\"><\/div><div class=\"wopb-product-new-meta\"><\/div><div class=\"wopb-quick-cart\"><div class=\"wopb-product-btn\"><div class=\"wopb-product-btn \"><span class=\"wopb-cart-action \" data-postid=\"29278\"><a href=\"\/es\/wp-json\/wp\/v2\/pages\/26417?add-to-cart=29278\" class=\"add_to_cart_button ajax_add_to_cart wopb-cart-normal\" data-stock=\"\" aria-label=\"A\u00f1adir al carrito: &ldquo;Obagi Professional-C\u00ae Serum 15%&rdquo;\" data-quantity=\"1\" data-product_id=\"29278\" data-product_sku=\"PRO015OBA02\" rel=\"nofollow\">A\u00f1adir al carrito<\/a><a href=\"https:\/\/pureobagi.com\/es\/cart-2\/\" class=\"wopb-cart-active\">View Cart<\/a><\/span><\/div><\/div><\/div><a href=\"https:\/\/pureobagi.com\/es\/producto\/obagi-professional-c-serum-15\/\"><img decoding=\"async\" src=\"https:\/\/pureobagi.com\/wp-content\/uploads\/2020\/10\/pro-c-15-bottle-1000x1000-1.png\" alt=\"Obagi Professional-C\u00ae Serum 15%\" \/><\/a><\/div><div class=\"wopb-pg-cl wopb-pg-cl1\"><div class=\"wopb-product-cat-price\"><div class=\"wopb-product-price\"><span class=\"woocommerce-Price-amount amount\"><bdi><span class=\"woocommerce-Price-currencySymbol\">&euro;<\/span>111.00<\/bdi><\/span> <small class=\"woocommerce-price-suffix\">C\u00eda. IVA<\/small><\/div><\/div><div class=\"wopb-product-title-review\"><h3 class=\"wopb-block-title\"><a title=\"Obagi Professional-C\u00ae Serum 15%\"  href=\"https:\/\/pureobagi.com\/es\/producto\/obagi-professional-c-serum-15\/\">Obagi Professional-C\u00ae Serum 15%<\/a><\/h3><\/div><\/div><\/div><\/div><\/div><div class=\"wopb-slick-nav\" style=\"display:none\"><div class=\"wopb-slick-prev\"><div class=\"slick-arrow slick-prev\"><svg enable-background=\"new 0 0 477.175 477.175\" version=\"1.1\" viewBox=\"0 0 477.18 477.18\"><path d=\"m145.19 238.58 215.5-215.5c5.3-5.3 5.3-13.8 0-19.1s-13.8-5.3-19.1 0l-225.1 225.1c-5.3 5.3-5.3 13.8 0 19.1l225.1 225c2.6 2.6 6.1 4 9.5 4s6.9-1.3 9.5-4c5.3-5.3 5.3-13.8 0-19.1l-215.4-215.5z\"\/><\/svg><\/div><\/div><div class=\"wopb-slick-next\"><div class=\"slick-arrow slick-next\"><svg enable-background=\"new 0 0 477.175 477.175\" version=\"1.1\" viewBox=\"0 0 477.18 477.18\"><path d=\"m360.73 229.08-225.1-225.1c-5.3-5.3-13.8-5.3-19.1 0s-5.3 13.8 0 19.1l215.5 215.5-215.5 215.5c-5.3 5.3-5.3 13.8 0 19.1 2.6 2.6 6.1 4 9.5 4s6.9-1.3 9.5-4l225.1-225.1c5.3-5.2 5.3-13.8 0.1-19z\"\/><\/svg><\/div><\/div><\/div><\/div><\/div><\/div>","protected":false},"excerpt":{"rendered":"<p>Proteger la piel de los da\u00f1os solares es uno de los pasos m\u00e1s importantes y sencillos de tu rutina de cuidado facial, con el fin de proteger contra los da\u00f1os del sol y evitar el envejecimiento de la piel. La gama de protectores solares de Obagi ha sido formulada para adaptarse a diversos tipos de [&hellip;]<\/p>\n","protected":false},"author":1,"featured_media":20140,"parent":26442,"menu_order":0,"comment_status":"closed","ping_status":"closed","template":"template-fullwidth.php","meta":{"_acf_changed":false,"footnotes":""},"class_list":["post-26417","page","type-page","status-publish","has-post-thumbnail","hentry"],"acf":[],"_links":{"self":[{"href":"https:\/\/pureobagi.com\/es\/wp-json\/wp\/v2\/pages\/26417","targetHints":{"allow":["GET"]}}],"collection":[{"href":"https:\/\/pureobagi.com\/es\/wp-json\/wp\/v2\/pages"}],"about":[{"href":"https:\/\/pureobagi.com\/es\/wp-json\/wp\/v2\/types\/page"}],"author":[{"embeddable":true,"href":"https:\/\/pureobagi.com\/es\/wp-json\/wp\/v2\/users\/1"}],"replies":[{"embeddable":true,"href":"https:\/\/pureobagi.com\/es\/wp-json\/wp\/v2\/comments?post=26417"}],"version-history":[{"count":11,"href":"https:\/\/pureobagi.com\/es\/wp-json\/wp\/v2\/pages\/26417\/revisions"}],"predecessor-version":[{"id":50896,"href":"https:\/\/pureobagi.com\/es\/wp-json\/wp\/v2\/pages\/26417\/revisions\/50896"}],"up":[{"embeddable":true,"href":"https:\/\/pureobagi.com\/es\/wp-json\/wp\/v2\/pages\/26442"}],"wp:featuredmedia":[{"embeddable":true,"href":"https:\/\/pureobagi.com\/es\/wp-json\/wp\/v2\/media\/20140"}],"wp:attachment":[{"href":"https:\/\/pureobagi.com\/es\/wp-json\/wp\/v2\/media?parent=26417"}],"curies":[{"name":"wp","href":"https:\/\/api.w.org\/{rel}","templated":true}]}}