{"id":26428,"date":"2020-12-17T13:38:46","date_gmt":"2020-12-17T13:38:46","guid":{"rendered":"https:\/\/pureobagi.com\/retinoides\/"},"modified":"2021-08-18T09:22:03","modified_gmt":"2021-08-18T08:22:03","slug":"retinoides","status":"publish","type":"page","link":"https:\/\/pureobagi.com\/es\/retinoides\/","title":{"rendered":"Retinoides"},"content":{"rendered":"\n<div class=\"wp-block-columns is-layout-flex wp-container-core-columns-is-layout-28f84493 wp-block-columns-is-layout-flex\">\n<div class=\"wp-block-column is-layout-flow wp-block-column-is-layout-flow\">\n<div class=\"wp-block-cover aligncenter\"><img decoding=\"async\" class=\"wp-block-cover__image-background wp-image-18772\" alt=\"\" src=\"https:\/\/pureobagi.com\/wp-content\/uploads\/2021\/05\/retinoids-1000x1000-grey-background.png\" data-object-fit=\"cover\"\/><div class=\"wp-block-cover__inner-container is-layout-flow wp-block-cover-is-layout-flow\">\n<p class=\"has-text-align-center has-large-font-size\"><\/p>\n<\/div><\/div>\n<\/div>\n\n\n\n<div class=\"wp-block-column is-layout-flow wp-block-column-is-layout-flow\">\n<p><\/p>\n\n\n\n<p>Los retinoides han sido descritos como el ingrediente m\u00e1s potente del mundo para el cuidado facial.<\/p>\n\n\n\n<p>Com\u00fanmente utilizado como ingrediente antienvejecimiento, los retinoides ayudan a reducir la apariencia de las arrugas y peque\u00f1as l\u00edneas de expresi\u00f3n, adem\u00e1s de otros signos de envejecimiento de piel, al fomentar la producci\u00f3n de col\u00e1geno y aumentar la renovaci\u00f3n celular de la piel.<\/p>\n\n\n\n<p>Los retinoides tambi\u00e9n son eficaces para mejorar la textura de la piel, desobstruyendo los poros y reduciendo los brotes de acn\u00e9, y por tanto mejorando la apariencia de la hiperpigmentaci\u00f3n y las manchas solares.<\/p>\n\n\n\n<div class=\"wp-block-buttons is-layout-flex wp-block-buttons-is-layout-flex\">\n<div class=\"wp-block-button\"><a class=\"wp-block-button__link\" href=\"https:\/\/pureobagi.com\/es\/categoria-producto\/retinoides\/\">Compra Obagi Retinoids<\/a><\/div>\n<\/div>\n<\/div>\n<\/div>\n\n\n\n<div class=\"wp-block-columns is-layout-flex wp-container-core-columns-is-layout-28f84493 wp-block-columns-is-layout-flex\">\n<div class=\"wp-block-column is-layout-flow wp-block-column-is-layout-flow\">\n<h3 class=\"po-standout-text wp-block-heading\">\u00bfQu\u00e9 son los retinoides?<\/h3>\n\n\n\n<p>El t\u00e9rmino retinoide abarca diversos tipos de retinoles, mientras que los retinoles en s\u00ed mismos son derivados de la vitamina A. Existen diversas formas y grados de retinoles, incluyendo algunos que solo est\u00e1n disponibles con receta m\u00e9dica.<\/p>\n\n\n\n<p><strong>SUZAN<\/strong>OBAGI<strong>MD<\/strong> tambi\u00e9n incorpora \u00abretinaldeh\u00eddo\u00bb en sus productos. El retinaldeh\u00eddo es un ingrediente de buena tolerancia en todo tipo de pieles, incluyendo las sensibles y delicadas.<\/p>\n<\/div>\n\n\n\n<div class=\"wp-block-column is-layout-flow wp-block-column-is-layout-flow\">\n<div class=\"wp-block-cover\" style=\"min-height:567px;aspect-ratio:unset;\"><img decoding=\"async\" class=\"wp-block-cover__image-background wp-image-22125\" alt=\"\" src=\"https:\/\/pureobagi.com\/wp-content\/uploads\/2021\/05\/Obagi360-Retinol-0.5-e1622634178853.png\" data-object-fit=\"cover\"\/><div class=\"wp-block-cover__inner-container is-layout-flow wp-block-cover-is-layout-flow\">\n<p class=\"has-text-align-center has-large-font-size\"><\/p>\n<\/div><\/div>\n<\/div>\n<\/div>\n\n\n\n<div class=\"wp-block-columns reverse-mobile is-layout-flex wp-container-core-columns-is-layout-28f84493 wp-block-columns-is-layout-flex\">\n<div class=\"wp-block-column is-layout-flow wp-block-column-is-layout-flow\">\n<div class=\"wp-block-cover\"><img decoding=\"async\" width=\"1000\" height=\"1000\" class=\"wp-block-cover__image-background wp-image-22095\" alt=\"\" src=\"https:\/\/pureobagi.com\/wp-content\/uploads\/2021\/05\/retivance-in-bathroom-sink-1000x1000-1.png\" data-object-fit=\"cover\" srcset=\"https:\/\/pureobagi.com\/wp-content\/uploads\/2021\/05\/retivance-in-bathroom-sink-1000x1000-1.png 1000w, https:\/\/pureobagi.com\/wp-content\/uploads\/2021\/05\/retivance-in-bathroom-sink-1000x1000-1-300x300.png 300w, https:\/\/pureobagi.com\/wp-content\/uploads\/2021\/05\/retivance-in-bathroom-sink-1000x1000-1-150x150.png 150w, https:\/\/pureobagi.com\/wp-content\/uploads\/2021\/05\/retivance-in-bathroom-sink-1000x1000-1-768x768.png 768w, https:\/\/pureobagi.com\/wp-content\/uploads\/2021\/05\/retivance-in-bathroom-sink-1000x1000-1-600x600.png 600w, https:\/\/pureobagi.com\/wp-content\/uploads\/2021\/05\/retivance-in-bathroom-sink-1000x1000-1-324x324.png 324w, https:\/\/pureobagi.com\/wp-content\/uploads\/2021\/05\/retivance-in-bathroom-sink-1000x1000-1-416x416.png 416w, https:\/\/pureobagi.com\/wp-content\/uploads\/2021\/05\/retivance-in-bathroom-sink-1000x1000-1-100x100.png 100w, https:\/\/pureobagi.com\/wp-content\/uploads\/2021\/05\/retivance-in-bathroom-sink-1000x1000-1-60x60.png 60w, https:\/\/pureobagi.com\/wp-content\/uploads\/2021\/05\/retivance-in-bathroom-sink-1000x1000-1-90x90.png 90w\" sizes=\"(max-width: 1000px) 100vw, 1000px\" \/><div class=\"wp-block-cover__inner-container is-layout-flow wp-block-cover-is-layout-flow\">\n<p class=\"has-text-align-center has-large-font-size\"><\/p>\n<\/div><\/div>\n<\/div>\n\n\n\n<div class=\"wp-block-column is-layout-flow wp-block-column-is-layout-flow\">\n<h2 class=\"wp-block-heading\">INGREDIENTES CLAVE<\/h2>\n\n\n\n<p>Obagi Retinoids est\u00e1n disponibles en:<\/p>\n\n\n\n<ul class=\"wp-block-list\"><li>OBAGI360 Retinol 0.5<\/li><\/ul>\n\n\n\n<p>una crema con bajo nivel de retinol que ayuda a mejorar tu cutis y suaviza la textura poco uniforme, revelando una piel de aspecto m\u00e1s claro con m\u00ednima irritaci\u00f3n.<\/p>\n\n\n\n<p><strong>SUZAN<\/strong>OBAGI<strong>MD <\/strong>Retinaldehyde disponible en:<\/p>\n\n\n\n<ul class=\"wp-block-list\"><li>Retivance\u00ae Skin Rejuvenating Complex<\/li><\/ul>\n\n\n\n<p>formulado para minimizar la apariencia de las arrugas y peque\u00f1as l\u00edneas de expresi\u00f3n, mejorando el tono y la textura general de tu piel.<\/p>\n\n\n\n<p>Descubre m\u00e1s sobre estos ingredientes clave en nuestro blog.<\/p>\n<\/div>\n<\/div>\n\n\n\n<div class=\"wp-block-columns is-layout-flex wp-container-core-columns-is-layout-28f84493 wp-block-columns-is-layout-flex\">\n<div class=\"wp-block-column is-layout-flow wp-block-column-is-layout-flow\">\n<h2 class=\"wp-block-heading\">Obagi Retinoids<\/h2>\n\n\n\n<p>\u00bfTienes dudas de si Obagi Retinoids son adecuados para ti? Pregunta a nuestros socios m\u00e9dicos.<\/p>\n\n\n\n<div class=\"wp-block-buttons is-layout-flex wp-block-buttons-is-layout-flex\">\n<div class=\"wp-block-button\"><a class=\"wp-block-button__link\" href=\"https:\/\/pureobagi.com\/es\/skinstation\/\">Contacto<\/a><\/div>\n<\/div>\n<\/div>\n\n\n\n<div class=\"wp-block-column is-layout-flow wp-block-column-is-layout-flow\">\n<figure class=\"wp-block-embed aligncenter is-type-video is-provider-vimeo wp-block-embed-vimeo wp-embed-aspect-16-9 wp-has-aspect-ratio\"><div class=\"wp-block-embed__wrapper\">\n<iframe loading=\"lazy\" src=\"https:\/\/player.vimeo.com\/video\/432524400?dnt=1&amp;app_id=122963&amp;h=7292fbf7b2\" width=\"980\" height=\"551\" frameborder=\"0\" allow=\"autoplay; fullscreen; picture-in-picture\" allowfullscreen><\/iframe>\n<\/div><\/figure>\n\n\n\n<p><\/p>\n<\/div>\n<\/div>\n\n\n<div  class=\"wp-block-product-blocks-product-grid-1 wopb-block-7312a4 \"><div class=\"wopb-block-wrapper\"><div class=\"wopb-wrapper-main-content\"><div class=\"wopb-product-blocks-slide\" data-slidestoshow=\"4-2-1\" data-autoplay=\"1\" data-slidespeed=\"3000\" data-showdots=\"\" data-showarrows=\"1\"><div class=\"wopb-block-item \"><div class=\"wopb-block-content-wrap\"><div class=\"wopb-block-image wopb-block-image-none\"><div class=\"wopb-onsale-hot\"><\/div><div class=\"wopb-product-new-meta\"><\/div><a href=\"https:\/\/pureobagi.com\/es\/producto\/obagi-sun-shield-tint-broad-spectrum-spf-50-cool\/\"><img decoding=\"async\" src=\"https:\/\/pureobagi.com\/wp-content\/uploads\/2022\/02\/Sun-Shield-Tint-cool-1000x1000-1.png\" alt=\"Obagi Sun Shield\u2122 Tint Broad Spectrum SPF 50 Cool\" \/><\/a><\/div><h3 class=\"wopb-block-title\"><a title=\"Obagi Sun Shield\u2122 Tint Broad Spectrum SPF 50 Cool\"  href=\"https:\/\/pureobagi.com\/es\/producto\/obagi-sun-shield-tint-broad-spectrum-spf-50-cool\/\">Obagi Sun Shield\u2122 Tint Broad Spectrum SPF 50 Cool<\/a><\/h3><div class=\"wopb-product-price\"><span class=\"woocommerce-Price-amount amount\"><bdi><span class=\"woocommerce-Price-currencySymbol\">&euro;<\/span>53.00<\/bdi><\/span> <small class=\"woocommerce-price-suffix\">C\u00eda. IVA<\/small><\/div><div class=\"wopb-product-btn\"><div class=\"wopb-product-btn \"><span class=\"wopb-cart-action \" data-postid=\"47559\"><a href=\"\/es\/wp-json\/wp\/v2\/pages\/26428?add-to-cart=47559\" class=\"add_to_cart_button ajax_add_to_cart wopb-cart-normal\" data-stock=\"\" aria-label=\"A\u00f1adir al carrito: &ldquo;Obagi Sun Shield\u2122 Tint Broad Spectrum SPF 50 Cool&rdquo;\" data-quantity=\"1\" data-product_id=\"47559\" data-product_sku=\"SUNCOOLOBA02\" rel=\"nofollow\">A\u00f1adir al carrito<\/a><a href=\"https:\/\/pureobagi.com\/es\/cart-2\/\" class=\"wopb-cart-active\">View Cart<\/a><\/span><\/div><\/div><\/div><\/div><div class=\"wopb-block-item \"><div class=\"wopb-block-content-wrap\"><div class=\"wopb-block-image wopb-block-image-none\"><div class=\"wopb-onsale-hot\"><\/div><div class=\"wopb-product-new-meta\"><\/div><a href=\"https:\/\/pureobagi.com\/es\/producto\/obagi-sun-shield-tint-broad-spectrum-spf-50-warm\/\"><img decoding=\"async\" src=\"https:\/\/pureobagi.com\/wp-content\/uploads\/2022\/02\/Sun-Shield-Tint-Warm-1000x1000-1.png\" alt=\"Obagi Sun Shield\u2122 Tint Broad Spectrum SPF 50 Warm\" \/><\/a><\/div><h3 class=\"wopb-block-title\"><a title=\"Obagi Sun Shield\u2122 Tint Broad Spectrum SPF 50 Warm\"  href=\"https:\/\/pureobagi.com\/es\/producto\/obagi-sun-shield-tint-broad-spectrum-spf-50-warm\/\">Obagi Sun Shield\u2122 Tint Broad Spectrum SPF 50 Warm<\/a><\/h3><div class=\"wopb-product-price\"><span class=\"woocommerce-Price-amount amount\"><bdi><span class=\"woocommerce-Price-currencySymbol\">&euro;<\/span>53.00<\/bdi><\/span> <small class=\"woocommerce-price-suffix\">C\u00eda. IVA<\/small><\/div><div class=\"wopb-product-btn\"><div class=\"wopb-product-btn \"><span class=\"wopb-cart-action \" data-postid=\"47551\"><a href=\"\/es\/wp-json\/wp\/v2\/pages\/26428?add-to-cart=47551\" class=\"add_to_cart_button ajax_add_to_cart wopb-cart-normal\" data-stock=\"\" aria-label=\"A\u00f1adir al carrito: &ldquo;Obagi Sun Shield\u2122 Tint Broad Spectrum SPF 50 Warm&rdquo;\" data-quantity=\"1\" data-product_id=\"47551\" data-product_sku=\"SUNWARMOBA01\" rel=\"nofollow\">A\u00f1adir al carrito<\/a><a href=\"https:\/\/pureobagi.com\/es\/cart-2\/\" class=\"wopb-cart-active\">View Cart<\/a><\/span><\/div><\/div><\/div><\/div><div class=\"wopb-block-item \"><div class=\"wopb-block-content-wrap\"><div class=\"wopb-block-image wopb-block-image-none\"><div class=\"wopb-onsale-hot\"><\/div><div class=\"wopb-product-new-meta\"><\/div><a href=\"https:\/\/pureobagi.com\/es\/producto\/obagi-gentle-men-kit-normal-dry\/\"><img decoding=\"async\" src=\"https:\/\/pureobagi.com\/wp-content\/uploads\/2021\/05\/Gentle-Men-Kit-1000x1000-1-e1634131248948.png\" alt=\"Obagi Gentle Men&#039;s Kit for Normal-Dry Skin\" \/><\/a><\/div><h3 class=\"wopb-block-title\"><a title=\"Obagi Gentle Men&#039;s Kit for Normal-Dry Skin\"  href=\"https:\/\/pureobagi.com\/es\/producto\/obagi-gentle-men-kit-normal-dry\/\">Obagi Gentle Men&#8217;s Kit for Normal-Dry Skin<\/a><\/h3><div class=\"wopb-product-price\"><span class=\"woocommerce-Price-amount amount\"><bdi><span class=\"woocommerce-Price-currencySymbol\">&euro;<\/span>173.70<\/bdi><\/span> <small class=\"woocommerce-price-suffix\">C\u00eda. IVA<\/small><\/div><div class=\"wopb-product-btn\"><div class=\"wopb-product-btn \"><span class=\"wopb-cart-action \" data-postid=\"29356\"><a href=\"\/es\/wp-json\/wp\/v2\/pages\/26428?add-to-cart=29356\" class=\"add_to_cart_button ajax_add_to_cart wopb-cart-normal\" data-stock=\"\" aria-label=\"A\u00f1adir al carrito: &ldquo;Obagi Gentle Men&#039;s Kit for Normal-Dry Skin&rdquo;\" data-quantity=\"1\" data-product_id=\"29356\" data-product_sku=\"OBAGENMENDRY\" rel=\"nofollow\">A\u00f1adir al carrito<\/a><a href=\"https:\/\/pureobagi.com\/es\/cart-2\/\" class=\"wopb-cart-active\">View Cart<\/a><\/span><\/div><\/div><\/div><\/div><div class=\"wopb-block-item \"><div class=\"wopb-block-content-wrap\"><div class=\"wopb-block-image wopb-block-image-none\"><div class=\"wopb-onsale-hot\"><\/div><div class=\"wopb-product-new-meta\"><\/div><a href=\"https:\/\/pureobagi.com\/es\/producto\/vitamin-c-advanced-kit\/\"><img decoding=\"async\" src=\"https:\/\/pureobagi.com\/wp-content\/uploads\/2021\/03\/Vitamin-C-Advanced-V2.jpg\" alt=\"Obagi Vitamin C Advanced Kit\" \/><\/a><\/div><h3 class=\"wopb-block-title\"><a title=\"Obagi Vitamin C Advanced Kit\"  href=\"https:\/\/pureobagi.com\/es\/producto\/vitamin-c-advanced-kit\/\">Obagi Vitamin C Advanced Kit<\/a><\/h3><div class=\"wopb-product-price\"><span class=\"woocommerce-Price-amount amount\"><bdi><span class=\"woocommerce-Price-currencySymbol\">&euro;<\/span>209.70<\/bdi><\/span> <small class=\"woocommerce-price-suffix\">C\u00eda. IVA<\/small><\/div><div class=\"wopb-product-btn\"><div class=\"wopb-product-btn \"><span class=\"wopb-cart-action \" data-postid=\"29323\"><a href=\"\/es\/wp-json\/wp\/v2\/pages\/26428?add-to-cart=29323\" class=\"add_to_cart_button ajax_add_to_cart wopb-cart-normal\" data-stock=\"\" aria-label=\"A\u00f1adir al carrito: &ldquo;Obagi Vitamin C Advanced Kit&rdquo;\" data-quantity=\"1\" data-product_id=\"29323\" data-product_sku=\"OBAVITCADV\" rel=\"nofollow\">A\u00f1adir al carrito<\/a><a href=\"https:\/\/pureobagi.com\/es\/cart-2\/\" class=\"wopb-cart-active\">View Cart<\/a><\/span><\/div><\/div><\/div><\/div><div class=\"wopb-block-item \"><div class=\"wopb-block-content-wrap\"><div class=\"wopb-block-image wopb-block-image-none\"><div class=\"wopb-onsale-hot\"><\/div><div class=\"wopb-product-new-meta\"><\/div><a href=\"https:\/\/pureobagi.com\/es\/producto\/vitamin-c-intermediate-kit\/\"><img decoding=\"async\" src=\"https:\/\/pureobagi.com\/wp-content\/uploads\/2021\/03\/Vitamin-C-Intermediate-V2.jpg\" alt=\"Obagi Vitamin C Intermediate Kit\" \/><\/a><\/div><h3 class=\"wopb-block-title\"><a title=\"Obagi Vitamin C Intermediate Kit\"  href=\"https:\/\/pureobagi.com\/es\/producto\/vitamin-c-intermediate-kit\/\">Obagi Vitamin C Intermediate Kit<\/a><\/h3><div class=\"wopb-product-price\"><span class=\"woocommerce-Price-amount amount\"><bdi><span class=\"woocommerce-Price-currencySymbol\">&euro;<\/span>186.30<\/bdi><\/span> <small class=\"woocommerce-price-suffix\">C\u00eda. IVA<\/small><\/div><div class=\"wopb-product-btn\"><div class=\"wopb-product-btn \"><span class=\"wopb-cart-action \" data-postid=\"29350\"><a href=\"\/es\/wp-json\/wp\/v2\/pages\/26428?add-to-cart=29350\" class=\"add_to_cart_button ajax_add_to_cart wopb-cart-normal\" data-stock=\"\" aria-label=\"A\u00f1adir al carrito: &ldquo;Obagi Vitamin C Intermediate Kit&rdquo;\" data-quantity=\"1\" data-product_id=\"29350\" data-product_sku=\"OBAVITCMED\" rel=\"nofollow\">A\u00f1adir al carrito<\/a><a href=\"https:\/\/pureobagi.com\/es\/cart-2\/\" class=\"wopb-cart-active\">View Cart<\/a><\/span><\/div><\/div><\/div><\/div><div class=\"wopb-block-item \"><div class=\"wopb-block-content-wrap\"><div class=\"wopb-block-image wopb-block-image-none\"><div class=\"wopb-onsale-hot\"><\/div><div class=\"wopb-product-new-meta\"><\/div><a href=\"https:\/\/pureobagi.com\/es\/producto\/vitamin-c-starter-set\/\"><img decoding=\"async\" src=\"https:\/\/pureobagi.com\/wp-content\/uploads\/2021\/03\/Vitamin-C-Starter-V2.jpg\" alt=\"Obagi Vitamin C Starter Kit\" \/><\/a><\/div><h3 class=\"wopb-block-title\"><a title=\"Obagi Vitamin C Starter Kit\"  href=\"https:\/\/pureobagi.com\/es\/producto\/vitamin-c-starter-set\/\">Obagi Vitamin C Starter Kit<\/a><\/h3><div class=\"wopb-product-price\"><span class=\"woocommerce-Price-amount amount\"><bdi><span class=\"woocommerce-Price-currencySymbol\">&euro;<\/span>169.20<\/bdi><\/span> <small class=\"woocommerce-price-suffix\">C\u00eda. IVA<\/small><\/div><div class=\"wopb-product-btn\"><div class=\"wopb-product-btn \"><span class=\"wopb-cart-action \" data-postid=\"29346\"><a href=\"\/es\/wp-json\/wp\/v2\/pages\/26428?add-to-cart=29346\" class=\"add_to_cart_button ajax_add_to_cart wopb-cart-normal\" data-stock=\"\" aria-label=\"A\u00f1adir al carrito: &ldquo;Obagi Vitamin C Starter Kit&rdquo;\" data-quantity=\"1\" data-product_id=\"29346\" data-product_sku=\"OBAVITCSTART\" rel=\"nofollow\">A\u00f1adir al carrito<\/a><a href=\"https:\/\/pureobagi.com\/es\/cart-2\/\" class=\"wopb-cart-active\">View Cart<\/a><\/span><\/div><\/div><\/div><\/div><\/div><div class=\"wopb-slick-nav\" style=\"display:none\"><div class=\"wopb-slick-prev\"><div class=\"slick-arrow slick-prev\"><svg enable-background=\"new 0 0 477.175 477.175\" version=\"1.1\" viewBox=\"0 0 477.18 477.18\"><path d=\"m145.19 238.58 215.5-215.5c5.3-5.3 5.3-13.8 0-19.1s-13.8-5.3-19.1 0l-225.1 225.1c-5.3 5.3-5.3 13.8 0 19.1l225.1 225c2.6 2.6 6.1 4 9.5 4s6.9-1.3 9.5-4c5.3-5.3 5.3-13.8 0-19.1l-215.4-215.5z\"\/><\/svg><\/div><\/div><div class=\"wopb-slick-next\"><div class=\"slick-arrow slick-next\"><svg enable-background=\"new 0 0 477.175 477.175\" version=\"1.1\" viewBox=\"0 0 477.18 477.18\"><path d=\"m360.73 229.08-225.1-225.1c-5.3-5.3-13.8-5.3-19.1 0s-5.3 13.8 0 19.1l215.5 215.5-215.5 215.5c-5.3 5.3-5.3 13.8 0 19.1 2.6 2.6 6.1 4 9.5 4s6.9-1.3 9.5-4l225.1-225.1c5.3-5.2 5.3-13.8 0.1-19z\"\/><\/svg><\/div><\/div><\/div><\/div><\/div><\/div>","protected":false},"excerpt":{"rendered":"<p>Los retinoides han sido descritos como el ingrediente m\u00e1s potente del mundo para el cuidado facial. Com\u00fanmente utilizado como ingrediente antienvejecimiento, los retinoides ayudan a reducir la apariencia de las arrugas y peque\u00f1as l\u00edneas de expresi\u00f3n, adem\u00e1s de otros signos de envejecimiento de piel, al fomentar la producci\u00f3n de col\u00e1geno y aumentar la renovaci\u00f3n celular [&hellip;]<\/p>\n","protected":false},"author":1,"featured_media":0,"parent":0,"menu_order":0,"comment_status":"closed","ping_status":"closed","template":"template-fullwidth.php","meta":{"_acf_changed":false,"footnotes":""},"class_list":["post-26428","page","type-page","status-publish","hentry"],"acf":[],"_links":{"self":[{"href":"https:\/\/pureobagi.com\/es\/wp-json\/wp\/v2\/pages\/26428","targetHints":{"allow":["GET"]}}],"collection":[{"href":"https:\/\/pureobagi.com\/es\/wp-json\/wp\/v2\/pages"}],"about":[{"href":"https:\/\/pureobagi.com\/es\/wp-json\/wp\/v2\/types\/page"}],"author":[{"embeddable":true,"href":"https:\/\/pureobagi.com\/es\/wp-json\/wp\/v2\/users\/1"}],"replies":[{"embeddable":true,"href":"https:\/\/pureobagi.com\/es\/wp-json\/wp\/v2\/comments?post=26428"}],"version-history":[{"count":5,"href":"https:\/\/pureobagi.com\/es\/wp-json\/wp\/v2\/pages\/26428\/revisions"}],"predecessor-version":[{"id":30578,"href":"https:\/\/pureobagi.com\/es\/wp-json\/wp\/v2\/pages\/26428\/revisions\/30578"}],"wp:attachment":[{"href":"https:\/\/pureobagi.com\/es\/wp-json\/wp\/v2\/media?parent=26428"}],"curies":[{"name":"wp","href":"https:\/\/api.w.org\/{rel}","templated":true}]}}