{"id":26442,"date":"2021-06-02T11:07:28","date_gmt":"2021-06-02T10:07:28","guid":{"rendered":"https:\/\/pureobagi.com\/explora-la-gama\/"},"modified":"2021-07-01T00:05:25","modified_gmt":"2021-06-30T23:05:25","slug":"explora-la-gama","status":"publish","type":"page","link":"https:\/\/pureobagi.com\/es\/explora-la-gama\/","title":{"rendered":"Explora la gama"},"content":{"rendered":"<div  class=\"wp-block-ultimate-post-post-grid-1 ultp-block-abfba2\"><div class=\"ultp-block-wrapper\"><div class=\"ultp-loading\"><div class=\"ultp-loading-blocks\" style=\"width:100%;height:100%;\"><div style=\"left: 0;top: 0;animation-delay:0s;\"><\/div><div style=\"left: 21px;top: 0;animation-delay:0.125s;\"><\/div><div style=\"left: 42px;top: 0;animation-delay:0.25s;\"><\/div><div style=\"left: 0;top: 21px;animation-delay:0.875s;\"><\/div><div style=\"left: 42px;top: 21px;animation-delay:0.375s;\"><\/div><div style=\"left: 0;top: 42px;animation-delay:0.75s;\"><\/div><div style=\"left: 42px;top: 42px;animation-delay:0.625s;\"><\/div><div style=\"left: 21px;top: 42px;animation-delay:0.5s;\"><\/div><\/div><\/div><div class=\"ultp-heading-filter\"><div class=\"ultp-heading-filter-in\"><div class=\"ultp-filter-navigation\"><\/div><\/div><\/div><div class=\"ultp-block-items-wrap ultp-block-row ultp-pg1a-style1 ultp-block-column-3 ultp-layout1\"><div class=\"ultp-block-item post-id-26382\"><div class=\"ultp-block-content-wrap\"><div class=\"ultp-block-image ultp-block-image-opacity\"><a href=\"https:\/\/pureobagi.com\/es\/explora-la-gama\/clenziderm\/\" ><img decoding=\"async\"  alt=\"CLENZIderm M.D. Product Range\"  src=\"https:\/\/pureobagi.com\/wp-content\/uploads\/2021\/06\/Product_Range_Images_00024_CLENZIderm_1-870x570-1-870x570.png\" \/><\/a><\/div><div class=\"ultp-block-content\"><h3 class=\"ultp-block-title \"><a href=\"https:\/\/pureobagi.com\/es\/explora-la-gama\/clenziderm\/\" >CLENZIderm<\/a><\/h3><div class=\"ultp-block-excerpt\"><p>Obagi CLENZIderm Daily Care Foaming Cleanser es un limpiador ligero en forma de espuma con un 2&nbsp;% de \u00e1cido salic\u00edlico que desobstruye los poros y elimina las c\u00e9lulas muertas de&hellip;<\/p>\n<\/div><div class=\"ultp-block-readmore\"><a aria-label=\"CLENZIderm\" href=\"https:\/\/pureobagi.com\/es\/explora-la-gama\/clenziderm\/\" >Leer m\u00e1s<svg xmlns=\"http:\/\/www.w3.org\/2000\/svg\" enable-background=\"new 0 0 53.76 53.76\" version=\"1.1\" viewBox=\"0 0 53.76 53.76\"><g transform=\"matrix(-1 3.6739e-16 -3.6739e-16 -1 53.76 53.76)\"><path class=\"active-path\" d=\"M44.574,53.76L9.186,26.88L44.574,0V53.76z M13.044,26.88l29.194,22.172V4.709L13.044,26.88z\" data-original=\"#000000\"\/><\/g><\/svg><\/a><\/div><\/div><\/div><\/div><div class=\"ultp-block-item post-id-26383\"><div class=\"ultp-block-content-wrap\"><div class=\"ultp-block-image ultp-block-image-opacity\"><a href=\"https:\/\/pureobagi.com\/es\/explora-la-gama\/elastiderm\/\" ><img decoding=\"async\"  alt=\"Obagi ELASTIderm\u00ae Collection\"  src=\"https:\/\/pureobagi.com\/wp-content\/uploads\/2021\/04\/Product_Range_Images_00012_ELASTIderm_Collection_1-870x570.png\" \/><\/a><\/div><div class=\"ultp-block-content\"><h3 class=\"ultp-block-title \"><a href=\"https:\/\/pureobagi.com\/es\/explora-la-gama\/elastiderm\/\" >ELASTIderm Collection<\/a><\/h3><div class=\"ultp-block-excerpt\"><p>Los productos de Obagi ELASTIderm\u00ae utilizan Bi-Mineral Contour Complex\u2122 patentada para recuperar tu piel de los signos de envejecimiento. El uso habitual de los productos de ELASTIderm\u00ae Eye products y&hellip;<\/p>\n<\/div><div class=\"ultp-block-readmore\"><a aria-label=\"ELASTIderm Collection\" href=\"https:\/\/pureobagi.com\/es\/explora-la-gama\/elastiderm\/\" >Leer m\u00e1s<svg xmlns=\"http:\/\/www.w3.org\/2000\/svg\" enable-background=\"new 0 0 53.76 53.76\" version=\"1.1\" viewBox=\"0 0 53.76 53.76\"><g transform=\"matrix(-1 3.6739e-16 -3.6739e-16 -1 53.76 53.76)\"><path class=\"active-path\" d=\"M44.574,53.76L9.186,26.88L44.574,0V53.76z M13.044,26.88l29.194,22.172V4.709L13.044,26.88z\" data-original=\"#000000\"\/><\/g><\/svg><\/a><\/div><\/div><\/div><\/div><div class=\"ultp-block-item post-id-26395\"><div class=\"ultp-block-content-wrap\"><div class=\"ultp-block-image ultp-block-image-opacity\"><a href=\"https:\/\/pureobagi.com\/es\/explora-la-gama\/hydrators\/\" ><img decoding=\"async\"  alt=\"Obagi Hydrators\"  src=\"https:\/\/pureobagi.com\/wp-content\/uploads\/2021\/04\/Product_Range_Images_00027_Hydrators_1-870x570.png\" \/><\/a><\/div><div class=\"ultp-block-content\"><h3 class=\"ultp-block-title \"><a href=\"https:\/\/pureobagi.com\/es\/explora-la-gama\/hydrators\/\" >Obagi Hydrators<\/a><\/h3><div class=\"ultp-block-excerpt\"><p>Obt\u00e9n hidrataci\u00f3n instant\u00e1nea durante todo el d\u00eda con Obagi Hydrators. Con el paso del tiempo, la funci\u00f3n de la barrera natural de la piel necesita hidrataci\u00f3n diaria y ayuda para&hellip;<\/p>\n<\/div><div class=\"ultp-block-readmore\"><a aria-label=\"Obagi Hydrators\" href=\"https:\/\/pureobagi.com\/es\/explora-la-gama\/hydrators\/\" >Leer m\u00e1s<svg xmlns=\"http:\/\/www.w3.org\/2000\/svg\" enable-background=\"new 0 0 53.76 53.76\" version=\"1.1\" viewBox=\"0 0 53.76 53.76\"><g transform=\"matrix(-1 3.6739e-16 -3.6739e-16 -1 53.76 53.76)\"><path class=\"active-path\" d=\"M44.574,53.76L9.186,26.88L44.574,0V53.76z M13.044,26.88l29.194,22.172V4.709L13.044,26.88z\" data-original=\"#000000\"\/><\/g><\/svg><\/a><\/div><\/div><\/div><\/div><div class=\"ultp-block-item post-id-26387\"><div class=\"ultp-block-content-wrap\"><div class=\"ultp-block-image ultp-block-image-opacity\"><a href=\"https:\/\/pureobagi.com\/es\/explora-la-gama\/obagi-nu-derm-fx-systems\/\" ><img decoding=\"async\"  alt=\"Obagi Nu-Derm Fx\u00ae System\"  src=\"https:\/\/pureobagi.com\/wp-content\/uploads\/2021\/06\/Product_Range_Images_0011_Obagi_Nu-Derm_Fx_1-870x570-1-870x570.jpg\" \/><\/a><\/div><div class=\"ultp-block-content\"><h3 class=\"ultp-block-title \"><a href=\"https:\/\/pureobagi.com\/es\/explora-la-gama\/obagi-nu-derm-fx-systems\/\" >Obagi Nu-Derm Fx Systems<\/a><\/h3><div class=\"ultp-block-excerpt\"><p>Disponible para piel de normal a grasa y de normal a seca, Obagi Nu-Derm Fx Systems mejora incre\u00edblemente la apariencia de la hiperpigmentaci\u00f3n y ayuda a aclarar e iluminar la&hellip;<\/p>\n<\/div><div class=\"ultp-block-readmore\"><a aria-label=\"Obagi Nu-Derm Fx Systems\" href=\"https:\/\/pureobagi.com\/es\/explora-la-gama\/obagi-nu-derm-fx-systems\/\" >Leer m\u00e1s<svg xmlns=\"http:\/\/www.w3.org\/2000\/svg\" enable-background=\"new 0 0 53.76 53.76\" version=\"1.1\" viewBox=\"0 0 53.76 53.76\"><g transform=\"matrix(-1 3.6739e-16 -3.6739e-16 -1 53.76 53.76)\"><path class=\"active-path\" d=\"M44.574,53.76L9.186,26.88L44.574,0V53.76z M13.044,26.88l29.194,22.172V4.709L13.044,26.88z\" data-original=\"#000000\"\/><\/g><\/svg><\/a><\/div><\/div><\/div><\/div><\/div><div class=\"ultp-pagination-wrap ultp-pagination-ajax-action\" data-paged=\"1\" data-expost=\"\"  data-blockid=\"abfba2\" data-postid=\"22960\" data-pages=\"3\" data-blockname=\"ultimate-post_post-grid-1\" data-selfpostid=\"no\"><ul class=\"ultp-pagination\"><li class=\"ultp-prev-page-numbers\" style=\"display:none\"><a href=\"https:\/\/pureobagi.com\/es\/wp-json\/wp\/v2\/pages\/26442\/\"><svg enable-background=\"new 0 0 477.175 477.175\" version=\"1.1\" viewBox=\"0 0 477.18 477.18\"><path d=\"m145.19 238.58 215.5-215.5c5.3-5.3 5.3-13.8 0-19.1s-13.8-5.3-19.1 0l-225.1 225.1c-5.3 5.3-5.3 13.8 0 19.1l225.1 225c2.6 2.6 6.1 4 9.5 4s6.9-1.3 9.5-4c5.3-5.3 5.3-13.8 0-19.1l-215.4-215.5z\"><\/path><\/svg> Previous<\/a><\/li><li class=\"ultp-center-item pagination-active\" data-current=\"1\"><a href=\"https:\/\/pureobagi.com\/es\/wp-json\/wp\/v2\/pages\/26442\/\">1<\/a><\/li><li class=\"ultp-center-item\" data-current=\"2\" ><a href=\"https:\/\/pureobagi.com\/es\/wp-json\/wp\/v2\/pages\/26442\/page\/2\/\">2<\/a><\/li><li class=\"ultp-center-item\" data-current=\"3\" ><a href=\"https:\/\/pureobagi.com\/es\/wp-json\/wp\/v2\/pages\/26442\/page\/3\/\">3<\/a><\/li><li class=\"ultp-next-page-numbers\"><a href=\"https:\/\/pureobagi.com\/es\/wp-json\/wp\/v2\/pages\/26442\/page\/2\/\">Next<svg enable-background=\"new 0 0 477.175 477.175\" version=\"1.1\" viewBox=\"0 0 477.18 477.18\"><path d=\"m360.73 229.08-225.1-225.1c-5.3-5.3-13.8-5.3-19.1 0s-5.3 13.8 0 19.1l215.5 215.5-215.5 215.5c-5.3 5.3-5.3 13.8 0 19.1 2.6 2.6 6.1 4 9.5 4s6.9-1.3 9.5-4l225.1-225.1c5.3-5.2 5.3-13.8 0.1-19z\"><\/path><\/svg><\/a><\/li><\/ul><\/div><\/div><\/div>","protected":false},"excerpt":{"rendered":"","protected":false},"author":2,"featured_media":0,"parent":0,"menu_order":0,"comment_status":"closed","ping_status":"closed","template":"template-fullwidth.php","meta":{"_acf_changed":false,"footnotes":""},"class_list":["post-26442","page","type-page","status-publish","hentry"],"acf":[],"_links":{"self":[{"href":"https:\/\/pureobagi.com\/es\/wp-json\/wp\/v2\/pages\/26442","targetHints":{"allow":["GET"]}}],"collection":[{"href":"https:\/\/pureobagi.com\/es\/wp-json\/wp\/v2\/pages"}],"about":[{"href":"https:\/\/pureobagi.com\/es\/wp-json\/wp\/v2\/types\/page"}],"author":[{"embeddable":true,"href":"https:\/\/pureobagi.com\/es\/wp-json\/wp\/v2\/users\/2"}],"replies":[{"embeddable":true,"href":"https:\/\/pureobagi.com\/es\/wp-json\/wp\/v2\/comments?post=26442"}],"version-history":[{"count":1,"href":"https:\/\/pureobagi.com\/es\/wp-json\/wp\/v2\/pages\/26442\/revisions"}],"predecessor-version":[{"id":26444,"href":"https:\/\/pureobagi.com\/es\/wp-json\/wp\/v2\/pages\/26442\/revisions\/26444"}],"wp:attachment":[{"href":"https:\/\/pureobagi.com\/es\/wp-json\/wp\/v2\/media?parent=26442"}],"curies":[{"name":"wp","href":"https:\/\/api.w.org\/{rel}","templated":true}]}}