{"id":26447,"date":"2021-01-06T18:48:32","date_gmt":"2021-01-06T18:48:32","guid":{"rendered":"https:\/\/pureobagi.com\/skinstation\/"},"modified":"2021-08-24T16:50:53","modified_gmt":"2021-08-24T15:50:53","slug":"skinstation","status":"publish","type":"page","link":"https:\/\/pureobagi.com\/es\/skinstation\/","title":{"rendered":"Skinstation"},"content":{"rendered":"\n<p class=\"has-text-align-center po-tagline\">Pure Obagi<\/p>\n\n<h2 class=\"has-text-align-center wp-block-heading\">C\u00f3mo contactar con nuestros socios de Skinstation<\/h2>\n\n<p class=\"has-text-align-center\"><em>Para que los m\u00e9dicos especializados de Skinstation puedan ofrecerte consejo sobre la amplia gama de productos Obagi, ser\u00e1 necesario que completes el formulario de abajo. Una vez completado, se pondr\u00e1n en contacto contigo para organizar una consulta telef\u00f3nica con un miembro de su equipo m\u00e9dico. Ellos se asegurar\u00e1n de que obtengas los productos adecuados y de que consigas los mejores resultados cl\u00ednicos posibles para tu tipo de piel. Recuerda que todas las consultas se realizan en ingl\u00e9s.<\/em><\/p>\n<div class=\"wpforms-container wpforms-container-full\" id=\"wpforms-11072\"><form id=\"wpforms-form-11072\" class=\"wpforms-validate wpforms-form\" data-formid=\"11072\" method=\"post\" enctype=\"multipart\/form-data\" action=\"\/es\/wp-json\/wp\/v2\/pages\/26447?wpforms_form_id=11072\" data-token=\"0cea11d348b6c2a379a044a468dc2e90\" data-token-time=\"1775568482\"><noscript class=\"wpforms-error-noscript\">Por favor, activa JavaScript en tu navegador para completar este formulario.<\/noscript><div class=\"wpforms-field-container\"><div id=\"wpforms-11072-field_16-container\" class=\"wpforms-field wpforms-field-name\" data-field-id=\"16\"><label class=\"wpforms-field-label\">Name <span class=\"wpforms-required-label\">*<\/span><\/label><div class=\"wpforms-field-row wpforms-field-medium\"><div class=\"wpforms-field-row-block wpforms-first wpforms-one-half\"><input type=\"text\" id=\"wpforms-11072-field_16\" class=\"wpforms-field-name-first wpforms-field-required\" name=\"wpforms[fields][16][first]\" required><label for=\"wpforms-11072-field_16\" class=\"wpforms-field-sublabel after\">First<\/label><\/div><div class=\"wpforms-field-row-block wpforms-one-half\"><input type=\"text\" id=\"wpforms-11072-field_16-last\" class=\"wpforms-field-name-last wpforms-field-required\" name=\"wpforms[fields][16][last]\" required><label for=\"wpforms-11072-field_16-last\" class=\"wpforms-field-sublabel after\">Last<\/label><\/div><\/div><\/div><div id=\"wpforms-11072-field_17-container\" class=\"wpforms-field wpforms-field-email\" data-field-id=\"17\"><label class=\"wpforms-field-label\" for=\"wpforms-11072-field_17\">Email <span class=\"wpforms-required-label\">*<\/span><\/label><input type=\"email\" id=\"wpforms-11072-field_17\" class=\"wpforms-field-medium wpforms-field-required\" name=\"wpforms[fields][17]\" spellcheck=\"false\" required><\/div><div id=\"wpforms-11072-field_1-container\" class=\"wpforms-field wpforms-field-text\" data-field-id=\"1\"><label class=\"wpforms-field-label\" for=\"wpforms-11072-field_1\">Contact number <span class=\"wpforms-required-label\">*<\/span><\/label><input type=\"text\" id=\"wpforms-11072-field_1\" class=\"wpforms-field-small wpforms-field-required\" name=\"wpforms[fields][1]\" required><\/div><div id=\"wpforms-11072-field_18-container\" class=\"wpforms-field wpforms-field-text\" data-field-id=\"18\"><label class=\"wpforms-field-label\" for=\"wpforms-11072-field_18\">Date of Birth <span class=\"wpforms-required-label\">*<\/span><\/label><input type=\"text\" id=\"wpforms-11072-field_18\" class=\"wpforms-field-medium wpforms-field-required\" name=\"wpforms[fields][18]\" required><div class=\"wpforms-field-description\">DD\/MM\/YY<\/div><\/div><div id=\"wpforms-11072-field_8-container\" class=\"wpforms-field wpforms-field-checkbox\" data-field-id=\"8\"><label class=\"wpforms-field-label\">Please confirm that you are over 12 years of age by ticking this box <span class=\"wpforms-required-label\">*<\/span><\/label><ul id=\"wpforms-11072-field_8\" class=\"wpforms-field-required\"><li class=\"choice-1 depth-1\"><input type=\"checkbox\" id=\"wpforms-11072-field_8_1\" name=\"wpforms[fields][8][]\" value=\"I confirm\" required ><label class=\"wpforms-field-label-inline\" for=\"wpforms-11072-field_8_1\">I confirm<\/label><\/li><\/ul><\/div><div id=\"wpforms-11072-field_2-container\" class=\"wpforms-field wpforms-field-checkbox\" data-field-id=\"2\"><label class=\"wpforms-field-label\">Please choose your skin type from the list below <span class=\"wpforms-required-label\">*<\/span><\/label><ul id=\"wpforms-11072-field_2\" class=\"wpforms-field-required\" data-choice-limit=\"1\"><li class=\"choice-1 depth-1\"><input type=\"checkbox\" id=\"wpforms-11072-field_2_1\" data-rule-check-limit=\"true\" name=\"wpforms[fields][2][]\" value=\"Pale white skin, blue\/hazel eyes, blond\/red hair (Always burns, does not tan) \" required ><label class=\"wpforms-field-label-inline\" for=\"wpforms-11072-field_2_1\">Pale white skin, blue\/hazel eyes, blond\/red hair (Always burns, does not tan)<\/label><\/li><li class=\"choice-2 depth-1\"><input type=\"checkbox\" id=\"wpforms-11072-field_2_2\" data-rule-check-limit=\"true\" name=\"wpforms[fields][2][]\" value=\"Fair skin, blue eyes (Burns easily, sometimes tans)\" required ><label class=\"wpforms-field-label-inline\" for=\"wpforms-11072-field_2_2\">Fair skin, blue eyes (Burns easily, sometimes tans)<\/label><\/li><li class=\"choice-3 depth-1\"><input type=\"checkbox\" id=\"wpforms-11072-field_2_3\" data-rule-check-limit=\"true\" name=\"wpforms[fields][2][]\" value=\"Darker white\/medium skin (Sometimes burns, always tans)\" required ><label class=\"wpforms-field-label-inline\" for=\"wpforms-11072-field_2_3\">Darker white\/medium skin (Sometimes burns, always tans)<\/label><\/li><li class=\"choice-7 depth-1\"><input type=\"checkbox\" id=\"wpforms-11072-field_2_7\" data-rule-check-limit=\"true\" name=\"wpforms[fields][2][]\" value=\"Light brown skin (Burns minimally, tans easily)\" required ><label class=\"wpforms-field-label-inline\" for=\"wpforms-11072-field_2_7\">Light brown skin (Burns minimally, tans easily)<\/label><\/li><li class=\"choice-6 depth-1\"><input type=\"checkbox\" id=\"wpforms-11072-field_2_6\" data-rule-check-limit=\"true\" name=\"wpforms[fields][2][]\" value=\"Brown skin (Rarely burns, always tans)\" required ><label class=\"wpforms-field-label-inline\" for=\"wpforms-11072-field_2_6\">Brown skin (Rarely burns, always tans)<\/label><\/li><li class=\"choice-5 depth-1\"><input type=\"checkbox\" id=\"wpforms-11072-field_2_5\" data-rule-check-limit=\"true\" name=\"wpforms[fields][2][]\" value=\"Dark brown or black skin (Never burns, always tans dark)\" required ><label class=\"wpforms-field-label-inline\" for=\"wpforms-11072-field_2_5\">Dark brown or black skin (Never burns, always tans dark)<\/label><\/li><\/ul><\/div><div id=\"wpforms-11072-field_3-container\" class=\"wpforms-field wpforms-field-checkbox\" data-field-id=\"3\"><label class=\"wpforms-field-label\">Do you currently have or have you ever suffered from any of the following medical conditions? <span class=\"wpforms-required-label\">*<\/span><\/label><ul id=\"wpforms-11072-field_3\" class=\"wpforms-field-required\"><li class=\"choice-1 depth-1\"><input type=\"checkbox\" id=\"wpforms-11072-field_3_1\" name=\"wpforms[fields][3][]\" value=\"Diabetes\" required ><label class=\"wpforms-field-label-inline\" for=\"wpforms-11072-field_3_1\">Diabetes<\/label><\/li><li class=\"choice-2 depth-1\"><input type=\"checkbox\" id=\"wpforms-11072-field_3_2\" name=\"wpforms[fields][3][]\" value=\"High blood pressure\" required ><label class=\"wpforms-field-label-inline\" for=\"wpforms-11072-field_3_2\">High blood pressure<\/label><\/li><li class=\"choice-3 depth-1\"><input type=\"checkbox\" id=\"wpforms-11072-field_3_3\" name=\"wpforms[fields][3][]\" value=\"Ocular pressure problems\" required ><label class=\"wpforms-field-label-inline\" for=\"wpforms-11072-field_3_3\">Ocular pressure problems<\/label><\/li><li class=\"choice-7 depth-1\"><input type=\"checkbox\" id=\"wpforms-11072-field_3_7\" name=\"wpforms[fields][3][]\" value=\"Hormone imbalance\" required ><label class=\"wpforms-field-label-inline\" for=\"wpforms-11072-field_3_7\">Hormone imbalance<\/label><\/li><li class=\"choice-6 depth-1\"><input type=\"checkbox\" id=\"wpforms-11072-field_3_6\" name=\"wpforms[fields][3][]\" value=\"Cold sores\" required ><label class=\"wpforms-field-label-inline\" for=\"wpforms-11072-field_3_6\">Cold sores<\/label><\/li><li class=\"choice-5 depth-1\"><input type=\"checkbox\" id=\"wpforms-11072-field_3_5\" name=\"wpforms[fields][3][]\" value=\"Skin disease\/skin lesions\" required ><label class=\"wpforms-field-label-inline\" for=\"wpforms-11072-field_3_5\">Skin disease\/skin lesions<\/label><\/li><li class=\"choice-12 depth-1\"><input type=\"checkbox\" id=\"wpforms-11072-field_3_12\" name=\"wpforms[fields][3][]\" value=\"Pigmentation abnormalities\" required ><label class=\"wpforms-field-label-inline\" for=\"wpforms-11072-field_3_12\">Pigmentation abnormalities<\/label><\/li><li class=\"choice-11 depth-1\"><input type=\"checkbox\" id=\"wpforms-11072-field_3_11\" name=\"wpforms[fields][3][]\" value=\"Keloid scarring\" required ><label class=\"wpforms-field-label-inline\" for=\"wpforms-11072-field_3_11\">Keloid scarring<\/label><\/li><li class=\"choice-10 depth-1\"><input type=\"checkbox\" id=\"wpforms-11072-field_3_10\" name=\"wpforms[fields][3][]\" value=\"Any active infection\" required ><label class=\"wpforms-field-label-inline\" for=\"wpforms-11072-field_3_10\">Any active infection<\/label><\/li><li class=\"choice-9 depth-1\"><input type=\"checkbox\" id=\"wpforms-11072-field_3_9\" name=\"wpforms[fields][3][]\" value=\"Any allergies\" required ><label class=\"wpforms-field-label-inline\" for=\"wpforms-11072-field_3_9\">Any allergies<\/label><\/li><\/ul><\/div><div id=\"wpforms-11072-field_4-container\" class=\"wpforms-field wpforms-field-text\" data-field-id=\"4\"><label class=\"wpforms-field-label\" for=\"wpforms-11072-field_4\">Any other medical conditions?<\/label><input type=\"text\" id=\"wpforms-11072-field_4\" class=\"wpforms-field-small\" name=\"wpforms[fields][4]\" ><\/div><div id=\"wpforms-11072-field_5-container\" class=\"wpforms-field wpforms-field-textarea\" data-field-id=\"5\"><label class=\"wpforms-field-label\" for=\"wpforms-11072-field_5\">Are you currently taking any medication? If so, what is the medication and what are you taking it for? <span class=\"wpforms-required-label\">*<\/span><\/label><textarea id=\"wpforms-11072-field_5\" class=\"wpforms-field-medium wpforms-field-required\" name=\"wpforms[fields][5]\" required><\/textarea><\/div><div id=\"wpforms-11072-field_9-container\" class=\"wpforms-field wpforms-field-checkbox\" data-field-id=\"9\"><label class=\"wpforms-field-label\">Please confirm that you are not pregnant, breastfeeding or planning on getting pregnant <span class=\"wpforms-required-label\">*<\/span><\/label><ul id=\"wpforms-11072-field_9\" class=\"wpforms-field-required\"><li class=\"choice-1 depth-1\"><input type=\"checkbox\" id=\"wpforms-11072-field_9_1\" name=\"wpforms[fields][9][]\" value=\"I confirm\" required ><label class=\"wpforms-field-label-inline\" for=\"wpforms-11072-field_9_1\">I confirm<\/label><\/li><\/ul><\/div><div id=\"wpforms-11072-field_10-container\" class=\"wpforms-field wpforms-field-checkbox\" data-field-id=\"10\"><label class=\"wpforms-field-label\">Please confirm that these items are for your own personal use <span class=\"wpforms-required-label\">*<\/span><\/label><ul id=\"wpforms-11072-field_10\" class=\"wpforms-field-required\"><li class=\"choice-1 depth-1\"><input type=\"checkbox\" id=\"wpforms-11072-field_10_1\" name=\"wpforms[fields][10][]\" value=\"I confirm\" required ><label class=\"wpforms-field-label-inline\" for=\"wpforms-11072-field_10_1\">I confirm<\/label><\/li><\/ul><\/div><div id=\"wpforms-11072-field_11-container\" class=\"wpforms-field wpforms-field-checkbox\" data-field-id=\"11\"><label class=\"wpforms-field-label\">I choose to waive the option of a face-to-face consultation and confirm that all of the information provided is true and correct <span class=\"wpforms-required-label\">*<\/span><\/label><ul id=\"wpforms-11072-field_11\" class=\"wpforms-field-required\"><li class=\"choice-1 depth-1\"><input type=\"checkbox\" id=\"wpforms-11072-field_11_1\" name=\"wpforms[fields][11][]\" value=\"I confirm\" required ><label class=\"wpforms-field-label-inline\" for=\"wpforms-11072-field_11_1\">I confirm<\/label><\/li><\/ul><\/div><div id=\"wpforms-11072-field_13-container\" class=\"wpforms-field wpforms-field-radio\" data-field-id=\"13\"><label class=\"wpforms-field-label\">Do you have any other health issues that we should be aware of? <span class=\"wpforms-required-label\">*<\/span><\/label><ul id=\"wpforms-11072-field_13\" class=\"wpforms-field-required\"><li class=\"choice-1 depth-1\"><input type=\"radio\" id=\"wpforms-11072-field_13_1\" name=\"wpforms[fields][13]\" value=\"No\" required ><label class=\"wpforms-field-label-inline\" for=\"wpforms-11072-field_13_1\">No<\/label><\/li><li class=\"choice-2 depth-1\"><input type=\"radio\" id=\"wpforms-11072-field_13_2\" name=\"wpforms[fields][13]\" value=\"yes\" required ><label class=\"wpforms-field-label-inline\" for=\"wpforms-11072-field_13_2\">yes<\/label><\/li><\/ul><\/div><div id=\"wpforms-11072-field_14-container\" class=\"wpforms-field wpforms-field-textarea\" data-field-id=\"14\"><label class=\"wpforms-field-label\" for=\"wpforms-11072-field_14\">If yes, please give details of other health issues we should be aware of:<\/label><textarea id=\"wpforms-11072-field_14\" class=\"wpforms-field-medium\" name=\"wpforms[fields][14]\" ><\/textarea><\/div><div id=\"wpforms-11072-field_20-container\" class=\"wpforms-field wpforms-field-textarea\" data-field-id=\"20\"><label class=\"wpforms-field-label\" for=\"wpforms-11072-field_20\">Please give us a small description of your skin issues and what you are looking to achieve: <span class=\"wpforms-required-label\">*<\/span><\/label><textarea id=\"wpforms-11072-field_20\" class=\"wpforms-field-medium wpforms-field-required\" name=\"wpforms[fields][20]\" required><\/textarea><\/div><div id=\"wpforms-11072-field_19-container\" class=\"wpforms-field wpforms-field-file-upload\" data-field-id=\"19\"><label class=\"wpforms-field-label\" for=\"wpforms-11072-field_19\">Would you like to upload a picture of your skin to help us better assess you? and if you could give us a small description of what skin issues you would like to address.<\/label><div\n\t\tclass=\"wpforms-uploader \"\n\t\tdata-field-id=\"19\"\n\t\tdata-form-id=\"11072\"\n\t\tdata-input-name=\"wpforms_11072_19\"\n\t\tdata-extensions=\"jpeg,pdf,png\"\n\t\tdata-max-size=\"5242880\"\n\t\tdata-max-file-number=\"1\"\n\t\tdata-post-max-size=\"20971520\"\n\t\tdata-max-parallel-uploads=\"4\"\n\t\tdata-parallel-uploads=\"true\"\n\t\tdata-file-chunk-size=\"2097152\">\n\t<div class=\"dz-message\">\n\t\t<svg  viewBox=\"0 0 640 640\" focusable=\"false\" data-icon=\"inbox\" width=\"50px\" height=\"50px\" fill=\"currentColor\" aria-hidden=\"true\">\n\t\t\t<path d=\"M352 173.3L352 384C352 401.7 337.7 416 320 416C302.3 416 288 401.7 288 384L288 173.3L246.6 214.7C234.1 227.2 213.8 227.2 201.3 214.7C188.8 202.2 188.8 181.9 201.3 169.4L297.3 73.4C309.8 60.9 330.1 60.9 342.6 73.4L438.6 169.4C451.1 181.9 451.1 202.2 438.6 214.7C426.1 227.2 405.8 227.2 393.3 214.7L352 173.3zM320 464C364.2 464 400 428.2 400 384L480 384C515.3 384 544 412.7 544 448L544 480C544 515.3 515.3 544 480 544L160 544C124.7 544 96 515.3 96 480L96 448C96 412.7 124.7 384 160 384L240 384C240 428.2 275.8 464 320 464zM464 488C477.3 488 488 477.3 488 464C488 450.7 477.3 440 464 440C450.7 440 440 450.7 440 464C440 477.3 450.7 488 464 488z\"\/>\n\t\t<\/svg>\n\n\t\t<span class=\"modern-title\">\n\t\t\t\t\t\t\tDrag &amp; Drop Files, \t\t\t\t<span>Choose Files to Upload<\/span>\n\t\t\t\t\t<\/span>\n\n\t\t\t<\/div>\n<\/div>\n\n<input\n\t\ttype=\"text\"\n\t\tautocomplete=\"off\"\n\t\treadonly\n\t\tclass=\"dropzone-input\"\n\t\tstyle=\"position:absolute!important;clip:rect(0,0,0,0)!important;height:1px!important;width:1px!important;border:0!important;overflow:hidden!important;padding:0!important;margin:0!important;\"\n\t\tid=\"wpforms-11072-field_19\"\n\t\tname=\"wpforms_11072_19\" \t\tvalue=\"\">\n<\/div><\/div><!-- .wpforms-field-container --><div class=\"wpforms-recaptcha-container wpforms-is-recaptcha wpforms-is-recaptcha-type-invisible\" ><div class=\"g-recaptcha\" data-sitekey=\"6LevkVQrAAAAAG5qqoAJE6Jrre_XVwA2LR0ckOvI\" data-size=\"invisible\"><\/div><\/div><div class=\"wpforms-submit-container\" ><input type=\"hidden\" name=\"wpforms[id]\" value=\"11072\"><input type=\"hidden\" name=\"page_title\" value=\"\"><input type=\"hidden\" name=\"page_url\" value=\"https:\/\/pureobagi.com\/es\/wp-json\/wp\/v2\/pages\/26447\"><input type=\"hidden\" name=\"url_referer\" value=\"\"><button type=\"submit\" name=\"wpforms[submit]\" id=\"wpforms-submit-11072\" class=\"wpforms-submit\" data-alt-text=\"Sending...\" data-submit-text=\"Submit\" aria-live=\"assertive\" value=\"wpforms-submit\">Submit<\/button><\/div><\/form><\/div>  <!-- .wpforms-container -->\n\n<p class=\"has-text-color\" style=\"color:#e5e5e5\"><\/p>\n","protected":false},"excerpt":{"rendered":"<p>Pure Obagi C\u00f3mo contactar con nuestros socios de Skinstation Para que los m\u00e9dicos especializados de Skinstation puedan ofrecerte consejo sobre la amplia gama de productos Obagi, ser\u00e1 necesario que completes el formulario de abajo. Una vez completado, se pondr\u00e1n en contacto contigo para organizar una consulta telef\u00f3nica con un miembro de su equipo m\u00e9dico. Ellos [&hellip;]<\/p>\n","protected":false},"author":1,"featured_media":0,"parent":0,"menu_order":0,"comment_status":"closed","ping_status":"closed","template":"","meta":{"_acf_changed":false,"footnotes":""},"class_list":["post-26447","page","type-page","status-publish","hentry"],"acf":[],"_links":{"self":[{"href":"https:\/\/pureobagi.com\/es\/wp-json\/wp\/v2\/pages\/26447","targetHints":{"allow":["GET"]}}],"collection":[{"href":"https:\/\/pureobagi.com\/es\/wp-json\/wp\/v2\/pages"}],"about":[{"href":"https:\/\/pureobagi.com\/es\/wp-json\/wp\/v2\/types\/page"}],"author":[{"embeddable":true,"href":"https:\/\/pureobagi.com\/es\/wp-json\/wp\/v2\/users\/1"}],"replies":[{"embeddable":true,"href":"https:\/\/pureobagi.com\/es\/wp-json\/wp\/v2\/comments?post=26447"}],"version-history":[{"count":3,"href":"https:\/\/pureobagi.com\/es\/wp-json\/wp\/v2\/pages\/26447\/revisions"}],"predecessor-version":[{"id":30370,"href":"https:\/\/pureobagi.com\/es\/wp-json\/wp\/v2\/pages\/26447\/revisions\/30370"}],"wp:attachment":[{"href":"https:\/\/pureobagi.com\/es\/wp-json\/wp\/v2\/media?parent=26447"}],"curies":[{"name":"wp","href":"https:\/\/api.w.org\/{rel}","templated":true}]}}