{"id":26589,"date":"2020-12-14T23:06:16","date_gmt":"2020-12-14T23:06:16","guid":{"rendered":"https:\/\/pureobagi.com\/politica-de-cookies\/"},"modified":"2021-07-01T16:10:21","modified_gmt":"2021-07-01T15:10:21","slug":"politica-de-cookies","status":"publish","type":"page","link":"https:\/\/pureobagi.com\/es\/politica-de-cookies\/","title":{"rendered":"Pol\u00edtica de cookies"},"content":{"rendered":"\n<p>Este sitio web utiliza cookies. Al utilizar este sitio web y aceptar la pol\u00edtica establecida a continuaci\u00f3n, usted acepta el PureObagi uso de cookies por parte de tal como se establece en los t\u00e9rminos de esta pol\u00edtica.<\/p>\n\n<p>Las Cookies son archivos enviados desde un servidor web a un navegador web y, a menos que se especifique, son almacenados por ese navegador web. A continuaci\u00f3n, esta informaci\u00f3n se devuelve al servidor web desde el navegador web cada vez que se solicita una p\u00e1gina al servidor. Este proceso permite a los servidores web identificar y rastrear los navegadores web y ciertos tipos de actividad.<\/p>\n\n<p>PureObagi Uso de cookies<\/p>\n\n<p>Nuestro sitio web utiliza cookies para los siguientes fines:<\/p>\n\n<ul class=\"wp-block-list\"><li>Cookies necesarias para fines y funciones esenciales del sitio web<\/li><li>Cookies de mejora del sitio web<\/li><li>Funciones del sitio web cookies de Vimeo (para reproducci\u00f3n de v\u00eddeo)<\/li><li>Cookies de an\u00e1lisis para el seguimiento y la generaci\u00f3n de informes<\/li><\/ul>\n\n<p>Cookies de Google<\/p>\n\n<p>Nuestro sitio tambi\u00e9n utiliza cookies para analizar el uso de este sitio web a trav\u00e9s de Google Analytics. La recopilaci\u00f3n de estos datos se utiliza para informar y analizar el rendimiento del sitio web. PureObagi Google es responsable de almacenar esta informaci\u00f3n de forma segura y puedes obtener m\u00e1s informaci\u00f3n sobre su pol\u00edtica de privacidad.<\/p>\n\n<p>El PureObagi sitio web no promociona ninguna publicidad de terceros y, por lo tanto, no muestra contenido de la plataforma Google Adsense.<\/p>\n\n<p>Deshabilitar Cookies<\/p>\n\n<p>Por lo general, las Cookies aumentar\u00e1n la facilidad de uso y su experiencia con este sitio web. Sin embargo, si desea navegar por nuestro sitio sin utilizar cookies, la mayor\u00eda de los navegadores le ofrecer\u00e1n la opci\u00f3n de negarse a aceptar cookies.<\/p>\n\n<p>Aunque la configuraci\u00f3n depende del navegador que utilice, por lo general puede elegir personalizar su configuraci\u00f3n en el men\u00fa Herramientas.<\/p>\n","protected":false},"excerpt":{"rendered":"<p>Este sitio web utiliza cookies. Al utilizar este sitio web y aceptar la pol\u00edtica establecida a continuaci\u00f3n, usted acepta el PureObagi uso de cookies por parte de tal como se establece en los t\u00e9rminos de esta pol\u00edtica. Las Cookies son archivos enviados desde un servidor web a un navegador web y, a menos que se [&hellip;]<\/p>\n","protected":false},"author":1,"featured_media":0,"parent":0,"menu_order":0,"comment_status":"closed","ping_status":"closed","template":"","meta":{"_acf_changed":false,"footnotes":""},"class_list":["post-26589","page","type-page","status-publish","hentry"],"acf":[],"_links":{"self":[{"href":"https:\/\/pureobagi.com\/es\/wp-json\/wp\/v2\/pages\/26589","targetHints":{"allow":["GET"]}}],"collection":[{"href":"https:\/\/pureobagi.com\/es\/wp-json\/wp\/v2\/pages"}],"about":[{"href":"https:\/\/pureobagi.com\/es\/wp-json\/wp\/v2\/types\/page"}],"author":[{"embeddable":true,"href":"https:\/\/pureobagi.com\/es\/wp-json\/wp\/v2\/users\/1"}],"replies":[{"embeddable":true,"href":"https:\/\/pureobagi.com\/es\/wp-json\/wp\/v2\/comments?post=26589"}],"version-history":[{"count":3,"href":"https:\/\/pureobagi.com\/es\/wp-json\/wp\/v2\/pages\/26589\/revisions"}],"predecessor-version":[{"id":26592,"href":"https:\/\/pureobagi.com\/es\/wp-json\/wp\/v2\/pages\/26589\/revisions\/26592"}],"wp:attachment":[{"href":"https:\/\/pureobagi.com\/es\/wp-json\/wp\/v2\/media?parent=26589"}],"curies":[{"name":"wp","href":"https:\/\/api.w.org\/{rel}","templated":true}]}}