{"id":26608,"date":"2020-10-19T17:33:04","date_gmt":"2020-10-19T16:33:04","guid":{"rendered":"https:\/\/pureobagi.com\/entrega-y-devoluciones\/"},"modified":"2022-03-31T11:01:14","modified_gmt":"2022-03-31T10:01:14","slug":"entrega-y-devoluciones","status":"publish","type":"page","link":"https:\/\/pureobagi.com\/es\/entrega-y-devoluciones\/","title":{"rendered":"Entrega y devoluciones"},"content":{"rendered":"\n<p>Ofrecemos env\u00edo est\u00e1ndar gratuito con todos los pedidos superiores a 60 \u20ac, con DPD o DHL, a la mayor\u00eda de los pa\u00edses europeos (Austria, B\u00e9lgica, Bulgaria, Croacia, Rep\u00fablica Checa, Dinamarca, Estonia, Finlandia, Francia, Alemania, Grecia, Hungr\u00eda, Italia, Letonia, Lituania, Luxemburgo, M\u00f3naco, Pa\u00edses Bajos, Polonia, Portugal, Eslovaquia, Eslovenia, Espa\u00f1a, Suecia).<\/p>\n\n<p>Tambi\u00e9n ofrecemos opciones de Entrega Express con DHL. Todos los cargos aplicables se mostrar\u00e1n al finalizar la compra y pueden variar seg\u00fan el pa\u00eds.<\/p>\n\n<p>Todos los pedidos que env\u00ede requerir\u00e1n una firma en el momento de la entrega. DPD International Signed For Consulte la p\u00e1gina de pago para obtener m\u00e1s informaci\u00f3n sobre el coste de entrega y el tiempo esperado. En el improbable caso de que su pedido no llegue en el plazo especificado, le pedimos que se ponga en contacto con DPD a trav\u00e9s de su n\u00famero de seguimiento, como se indica.<\/p>\n\n<p>Si despu\u00e9s de recibir sus productos, decide que ya no desea usarlos, tendr\u00e1 derecho a devolverlos en un plazo de 14 d\u00edas a partir de su recepci\u00f3n, siempre que se nos devuelvan sin da\u00f1os y sin abrir. Le reembolsaremos una vez que reciba los productos devueltos menos los gastos de franqueo. Los reembolsos se realizar\u00e1n en la tarjeta de cr\u00e9dito o d\u00e9bito utilizada para realizar el pedido. Nos reservamos el derecho a cobrarle los gastos de env\u00edo y embalaje en los que se haya incurrido. Incluya una nota en la casilla en la que se indique su nombre, n\u00famero de pedido, datos de contacto y el motivo por el que devuelve el producto a la direcci\u00f3n siguiente.<\/p>\n\n<p>Pure Obagi&#13;\nUnit 16 The Exchange&#13;\nCalmount Business Park&#13;\nBallymount&#13;\nDublin 12<\/p>\n\n<p>Tenga en cuenta que los reembolsos pueden tardar hasta 10 d\u00edas laborables en volver a aparecer en su cuenta. los gastos de env\u00edo de las devoluciones est\u00e1n cubiertos por el paciente.<\/p>\n\n<p><b>Art\u00edculo defectuoso<\/b><\/p>\n\n<p><b>Art\u00edculo defectuoso<\/b>Si el art\u00edculo que recibi\u00f3 es defectuoso, p\u00f3ngase en contacto con Atenci\u00f3n al cliente citando su n\u00famero de pedido, su nombre y direcci\u00f3n, los detalles del producto y el motivo de la devoluci\u00f3n, y si necesita un reembolso o un reemplazo. A continuaci\u00f3n, le aconsejaremos c\u00f3mo proceder con la devoluci\u00f3n. Dispone de 30 d\u00edas a partir de la recepci\u00f3n del art\u00edculo defectuoso para devolverlo.<\/p>\n\n<p><b>Recib\u00ed el art\u00edculo equivocado<\/b><\/p>\n\n<p>Si el art\u00edculo que recibi\u00f3 no es lo que pidi\u00f3 originalmente, p\u00f3ngase en contacto con nosotros en <a href=\"mailto:info@pureobagi.com\">info@pureobagi.com<\/a> indicando su n\u00famero de pedido, su nombre y direcci\u00f3n, los datos del producto y el motivo de la devoluci\u00f3n, y si necesita un reembolso o un reemplazo. A continuaci\u00f3n, le aconsejaremos c\u00f3mo proceder con la devoluci\u00f3n.<\/p>\n\n<p><b>Pedidos rechazados e inentregables<\/b><\/p>\n\n<p>Todos los paquetes que no se puedan entregar debido a un nombre o direcci\u00f3n incorrectos, o que no est\u00e9n presentes o no se hayan recaudado, se le reembolsar\u00e1n menos los gastos Pure Obagi de env\u00edo incurridos al enviarle el Pedido.<\/p>\n","protected":false},"excerpt":{"rendered":"<p>Ofrecemos env\u00edo est\u00e1ndar gratuito con todos los pedidos superiores a 60 \u20ac, con DPD o DHL, a la mayor\u00eda de los pa\u00edses europeos (Austria, B\u00e9lgica, Bulgaria, Croacia, Rep\u00fablica Checa, Dinamarca, Estonia, Finlandia, Francia, Alemania, Grecia, Hungr\u00eda, Italia, Letonia, Lituania, Luxemburgo, M\u00f3naco, Pa\u00edses Bajos, Polonia, Portugal, Eslovaquia, Eslovenia, Espa\u00f1a, Suecia). Tambi\u00e9n ofrecemos opciones de Entrega Express [&hellip;]<\/p>\n","protected":false},"author":1,"featured_media":0,"parent":0,"menu_order":0,"comment_status":"closed","ping_status":"closed","template":"","meta":{"_acf_changed":false,"footnotes":""},"class_list":["post-26608","page","type-page","status-publish","hentry"],"acf":[],"_links":{"self":[{"href":"https:\/\/pureobagi.com\/es\/wp-json\/wp\/v2\/pages\/26608","targetHints":{"allow":["GET"]}}],"collection":[{"href":"https:\/\/pureobagi.com\/es\/wp-json\/wp\/v2\/pages"}],"about":[{"href":"https:\/\/pureobagi.com\/es\/wp-json\/wp\/v2\/types\/page"}],"author":[{"embeddable":true,"href":"https:\/\/pureobagi.com\/es\/wp-json\/wp\/v2\/users\/1"}],"replies":[{"embeddable":true,"href":"https:\/\/pureobagi.com\/es\/wp-json\/wp\/v2\/comments?post=26608"}],"version-history":[{"count":8,"href":"https:\/\/pureobagi.com\/es\/wp-json\/wp\/v2\/pages\/26608\/revisions"}],"predecessor-version":[{"id":50778,"href":"https:\/\/pureobagi.com\/es\/wp-json\/wp\/v2\/pages\/26608\/revisions\/50778"}],"wp:attachment":[{"href":"https:\/\/pureobagi.com\/es\/wp-json\/wp\/v2\/media?parent=26608"}],"curies":[{"name":"wp","href":"https:\/\/api.w.org\/{rel}","templated":true}]}}