{"id":26617,"date":"2020-10-19T17:33:09","date_gmt":"2020-10-19T16:33:09","guid":{"rendered":"https:\/\/pureobagi.com\/politica-de-privacidad\/"},"modified":"2021-07-01T16:55:37","modified_gmt":"2021-07-01T15:55:37","slug":"politica-de-privacidad","status":"publish","type":"page","link":"https:\/\/pureobagi.com\/es\/politica-de-privacidad\/","title":{"rendered":"Pol\u00edtica de privacidad"},"content":{"rendered":"\n<ul class=\"wp-block-list\"><li>1. Declaraci\u00f3n de privacidad<\/li><li>2. Reglamentos de protecci\u00f3n de datos<\/li><li>3. \u00bf Qu\u00e9 informaci\u00f3n recopilamos de usted?<\/li><li>4. Cookies<\/li><li>5. \u00bf C\u00f3mo utilizamos la informaci\u00f3n?<\/li><li>6. \u00bf C\u00f3mo gestionamos su informaci\u00f3n?<\/li><li>7. \u00bf A qui\u00e9n podemos revelar su informaci\u00f3n?<\/li><li>8. \u00bf C\u00f3mo puedo controlar el uso de mi informaci\u00f3n?<\/li><li>9. Cambios en la Declaraci\u00f3n de privacidad<\/li><li>10. Su derecho a presentar una queja<\/li><\/ul>\n\n<p>Clever Aesthetic Tech Ltd (\u201cPure Obagi\u201d) (\u201cnosotros\u201d, \u201cnosotros\u201d, \u201cnuestro\u201d) Declaraci\u00f3n de privacidad. Esta es nuestra declaraci\u00f3n de privacidad que detalla c\u00f3mo utilizamos sus datos personales (\u201cdatos personales\u201d) al utilizar nuestro sitio web www.pureobagi.com. Nos tomamos en serio nuestras responsabilidades en materia de protecci\u00f3n de datos.<\/p>\n\n<p>1 Declaraci\u00f3n de privacidad<\/p>\n\n<p>1.1 Este sitio web es propiedad de Clever Aesthetic Tech Ltd (\u201cPure Obagi\u201d) una empresa registrada en Unit 16 The Exchange, Calmount Business Park, Ballymount, Dublin, D12 RF43 con el n\u00famero de empresa 676949. Pure Obagi\u2019s los n\u00fameros de registro en la Office of the Data Protection Commissioners en Guernsey, las Islas del Canal son 64473.<\/p>\n\n<p>1.2 La Ley de protecci\u00f3n de datos (Bail\u00eda de Guernsey) de 2017, la Ley de protecci\u00f3n de datos (Jersey) de 2018 y el nuevo Reglamento europeo General de protecci\u00f3n de datos (implementado en el Reino Unido el 25 de mayo de 2018 ) (los \u201cReglamentos\u201d) establecen nuestras responsabilidades. Tenemos que proteger sus datos.<\/p>\n\n<p>1.3 esta declaraci\u00f3n de privacidad establece la forma en que obtendremos y conservaremos sus datos personales. Esto se conoce como \u201cprocesamiento\u201d. Cuando leemos junto con nuestros t\u00e9rminos y condiciones de uso y la pol\u00edtica de cookies, esta declaraci\u00f3n de privacidad cubre nuestra relaci\u00f3n con usted en relaci\u00f3n con este sitio web. Al continuar navegando y utilizando este sitio web, acepta esta Declaraci\u00f3n de privacidad. Si no est\u00e1 de acuerdo con alguna parte de esta declaraci\u00f3n de privacidad, no utilice nuestro sitio web.<\/p>\n\n<p>1.4 las preguntas, comentarios y solicitudes que pueda tener en relaci\u00f3n con esta declaraci\u00f3n de privacidad son bienvenidos y deben dirigirse a: Responsable de protecci\u00f3n de datos en info@pureobagi.com.<\/p>\n\n<p>2 reglamentos de protecci\u00f3n de datos<\/p>\n\n<p>2.1 A los efectos de esta declaraci\u00f3n de privacidad: (a) determinamos los fines para los que y la forma en que sus datos personales son, o que se vaya a procesar, y se nos conoce como controlador de datos (\u201cControlador de datos \u201d); y (b) Al enviarnos sus datos e informaci\u00f3n para recopilar, manipular y procesar, Usted ser\u00e1 la persona a la que se refieran los datos (el \u201cinteresado\u201d); y (c) al procesar sus datos e informaci\u00f3n, cualquier otra parte contratada para procesar datos por el responsable del tratamiento de datos se conocer\u00e1 como (\u201cprocesadores de datos \u201d).<\/p>\n\n<ol class=\"wp-block-list\" start=\"3\"><li>\u00bfQu\u00e9 informaci\u00f3n recopilamos de usted?<\/li><\/ol>\n\n<p>3.1 podemos recopilar y procesar los siguientes datos e informaci\u00f3n que nos proporcione si registra una cuenta, realizar un pedido de mercanc\u00edas, o si env\u00eda contenido en nuestro sitio web o si lo hace por correo electr\u00f3nico o de otro modo: a) nombre y fecha de nacimiento; b) Informaci\u00f3n de contacto, incluida la direcci\u00f3n, Direcci\u00f3n de correo electr\u00f3nico, N\u00famero de tel\u00e9fono; c) la informaci\u00f3n necesaria para la emisi\u00f3n de una orden.<\/p>\n\n<p>3.2 entendemos que los datos recopilados en 3.1(c) son datos personales.<\/p>\n\n<p>3.3 Recopilaremos y procesaremos autom\u00e1ticamente los siguientes datos desde su visita a nuestro sitio web: a) informaci\u00f3n t\u00e9cnica, incluida la direcci\u00f3n IP (protocolo de internet) utilizada para conectar su ordenador a Internet, Su informaci\u00f3n de inicio de sesi\u00f3n, tipo y versi\u00f3n de navegador, Configuraci\u00f3n de zona horaria, tipos y versiones de plug-in de navegador, sistema operativo y plataforma; (b) informaci\u00f3n sobre su visita, Incluido el localizador de recursos totalmente uniforme (URL), clickstream a, A trav\u00e9s de y desde nuestro sitio web (incluyendo la fecha y la hora), productos que vio o busc\u00f3, tiempos de respuesta de p\u00e1gina, Descargar errores, Duraci\u00f3n de las visitas a determinadas p\u00e1ginas, informaci\u00f3n de interacci\u00f3n de p\u00e1gina (como desplazamiento, clics, y mouse-overs), m\u00e9todos utilizados para navegar fuera de la p\u00e1gina, y cualquier n\u00famero de tel\u00e9fono utilizado para llamar a nuestro n\u00famero de servicio al cliente y a cualquier otro dato o m\u00e9trica an\u00f3nimo que identifique el comportamiento del usuario y los h\u00e1bitos de los visitantes web.<\/p>\n\n<ol class=\"wp-block-list\" start=\"4\"><li>Cookies<\/li><\/ol>\n\n<p>4.1 al visitar este sitio web, usted acepta el uso de cookies para distinguirle de otros usuarios. El uso de cookies no nos da acceso a su ordenador ni a ning\u00fan dato Personal, aparte de los datos y la informaci\u00f3n que elija compartir con nosotros.<\/p>\n\n<p>4.2 puede optar por aceptar o rechazar cookies modificando la configuraci\u00f3n de su propio navegador.<\/p>\n\n<p>4.3 en nuestra pol\u00edtica de cookies hay disponible m\u00e1s informaci\u00f3n sobre las cookies que utilizamos y su funcionamiento.<\/p>\n\n<ol class=\"wp-block-list\" start=\"5\"><li>\u00bfC\u00f3mo utilizamos la informaci\u00f3n?<\/li><\/ol>\n\n<p>5.1 utilizaremos los datos y la informaci\u00f3n que nos proporcione: (a) para permitirle crear una cuenta en el sitio web; b) Analizar, Proceso, Empaquete y entregue su(s) pedido (s ); (c) Mantener y mantener nuestros registros empresariales internos; (d) para nuestros fines de capacitaci\u00f3n interna; e) Si existe un inter\u00e9s leg\u00edtimo, Para proporcionarle nuestra propia informaci\u00f3n de marketing personalizada que creemos que puede adaptarse a sus intereses y necesidades.<\/p>\n\n<p>5.2 Nos reservamos el derecho de a\u00f1adir a la lista de usos de la cl\u00e1usula 5.1. No utilizaremos los datos y la informaci\u00f3n previamente recopilados para nuevos usos de sus datos sin consultarle y obtener su consentimiento expreso si se nos exige que lo hagamos de conformidad con los reglamentos.<\/p>\n\n<p>5.3 cuando nos proporcione informaci\u00f3n para los fines de registro de cuentas y pedidos descritos anteriormente, podemos utilizar dicha informaci\u00f3n para verificar la informaci\u00f3n proporcionada, procesar su solicitud y pedido. Tambi\u00e9n podemos transferir los datos a nuestros procesadores de datos para cumplir o analizar su pedido.<\/p>\n\n<p>5.4 nos reservamos el derecho a anonimizar sus datos para obtener an\u00e1lisis al tiempo que conservamos su privacidad.<\/p>\n\n<ol class=\"wp-block-list\" start=\"6\"><li>\u00bfC\u00f3mo gestionamos su informaci\u00f3n?<\/li><\/ol>\n\n<p>6.1 los datos y la informaci\u00f3n que recopilemos de usted ser\u00e1n transferidos y almacenados de forma segura por nuestro tercero anfitri\u00f3n: Linode, ubicado en Fr\u00e1ncfort( Alemania).<\/p>\n\n<p>6.2 Nos comprometemos a garantizar que sus datos e informaci\u00f3n sean seguros. A fin de evitar el acceso no autorizado o la divulgaci\u00f3n, Hemos puesto en marcha un sistema f\u00edsico adecuado, procedimientos electr\u00f3nicos y oficiales para proteger y proteger la informaci\u00f3n que recopilamos en l\u00ednea, incluyendo: (a) Todos los datos e informaci\u00f3n que nos proporcione se almacenan en servidores seguros; (b) cualquier transacci\u00f3n de pago se cifrar\u00e1 utilizando la tecnolog\u00eda SSL; (c) Cuando le hayamos proporcionado (o donde haya elegido) una contrase\u00f1a que le permita acceder a ciertas partes de nuestro sitio web, Usted es responsable de mantener la confidencialidad de esta contrase\u00f1a. Le pedimos que no comparta una contrase\u00f1a con nadie; (d) borrado de informaci\u00f3n y destrucci\u00f3n de cualquier copia guardada; (e) actualizaci\u00f3n peri\u00f3dica de nuestro procedimiento de revisi\u00f3n.<\/p>\n\n<p>6.3 Todos los datos personales que recopilemos seg\u00fan se describe en la cl\u00e1usula 3.1 se tratar\u00e1n de acuerdo con los reglamentos, y solo para permitirnos procesar su solicitud o consulta. sus datos personales se guardar\u00e1n de forma segura y no se transmitir\u00e1n a terceros.<\/p>\n\n<ol class=\"wp-block-list\" start=\"7\"><li>\u00bfA qui\u00e9n podemos revelar su informaci\u00f3n?<\/li><\/ol>\n\n<p>7.1 Al proporcionarnos datos e informaci\u00f3n, Usted acepta que podamos divulgar dicha informaci\u00f3n, Cuando sea necesario para los fines y usos enumerados en la cl\u00e1usula 5, para: (a) nuestros empleados, Representantes de agentes y cualquier encargado del tratamiento de datos contratado oficialmente para procesar los datos en nuestro nombre; b) terceros seleccionados, Entre ellos: i) socios comerciales, proveedores y subcontratistas para la ejecuci\u00f3n de cualquier contrato que firmemos con usted; (ii) proveedores de analizadores y motores de b\u00fasqueda que nos ayudan a mejorar y optimizar nuestro sitio web; (iii) vendedores de tarjetas de pago que cumplan con PCI\/DSS los reglamentos (C) cualquier otro tercero al que estemos legalmente obligados a revelar su informaci\u00f3n.<\/p>\n\n<p>7.2 solo revelaremos sus datos personales a las partes que tengan la suficiente responsabilidad legal por su protecci\u00f3n y que dispongan de suficientes medidas de privacidad y seguridad para garantizar razonablemente su protecci\u00f3n y manejo adecuado.<\/p>\n\n<p>7.3 Podemos revelar sus datos personales a terceros: (a) En el caso de que vendamos o compresemos cualquier negocio o activo, En ese caso, revelaremos sus datos personales al posible vendedor o comprador de dicho negocio o activos; (b) si nuestros activos, O, En gran medida, Todos nuestros activos son adquiridos por terceros, En ese caso, los datos personales que mantenga sobre nuestros clientes ser\u00e1n uno de los activos transferidos; (c) Si tenemos la obligaci\u00f3n de revelar o compartir sus datos personales para cumplir con cualquier obligaci\u00f3n legal, o para hacer cumplir o aplicar nuestros t\u00e9rminos de uso; o para proteger nuestros derechos, propiedad o seguridad de nuestros clientes u otros. Esto incluye el intercambio de informaci\u00f3n con otras empresas y organizaciones a efectos de la protecci\u00f3n contra el fraude y la reducci\u00f3n del riesgo de cr\u00e9dito.<\/p>\n\n<ol class=\"wp-block-list\" start=\"8\"><li>\u00bfC\u00f3mo puedo controlar el uso de mi informaci\u00f3n?<\/li><\/ol>\n\n<p>8.1 Puede optar por restringir la recopilaci\u00f3n o el uso de sus datos personales si ha aceptado anteriormente que utilicemos sus datos personales para fines de marketing directo, puede cambiar de opini\u00f3n en cualquier momento escribi\u00e9ndonos a, responsable de protecci\u00f3n de datos en info@pureobagi.com<\/p>\n\n<p>8.2 El Reglamento le otorga el derecho a acceder a la informaci\u00f3n sobre usted. su derecho de acceso puede ejercerse de conformidad con la ley. Cualquier solicitud de acceso ser\u00e1 gratuita. Si desea una copia de la informaci\u00f3n que tiene sobre usted, escr\u00edbanos al responsable de protecci\u00f3n de datos a info@pureobagi.com<\/p>\n\n<p>8.3 Si cree que la informaci\u00f3n que tenemos sobre usted es incorrecta o incompleta, escr\u00edbanos o env\u00edenos un correo electr\u00f3nico lo antes posible a la direcci\u00f3n anterior. Corregiremos inmediatamente cualquier informaci\u00f3n que se considere incorrecta.<\/p>\n\n<ol class=\"wp-block-list\" start=\"9\"><li>Cambios en la Declaraci\u00f3n de privacidad<\/li><\/ol>\n\n<p>9.1 nos reservamos el derecho a realizar cambios en esta pol\u00edtica sin previo aviso de vez en cuando actualizando esta p\u00e1gina. Cada vez que desee utilizar nuestro sitio web, compruebe la declaraci\u00f3n para asegurarse de que comprende los t\u00e9rminos que se aplican en ese momento.<\/p>\n\n<p>9.2 la declaraci\u00f3n actual incorpora los requisitos de la GDPR, que entr\u00f3 en vigor el 25 de mayo de 2018.<\/p>\n\n<ol class=\"wp-block-list\" start=\"10\"><li>Su derecho a presentar una queja<\/li><\/ol>\n\n<p>10.1 si cree que su informaci\u00f3n que tenemos en su poder no se est\u00e1 manejando correctamente, tiene derecho a presentar una queja al Comisario de datos.<\/p>\n","protected":false},"excerpt":{"rendered":"<p>1. Declaraci\u00f3n de privacidad 2. Reglamentos de protecci\u00f3n de datos 3. \u00bf Qu\u00e9 informaci\u00f3n recopilamos de usted? 4. Cookies 5. \u00bf C\u00f3mo utilizamos la informaci\u00f3n? 6. \u00bf C\u00f3mo gestionamos su informaci\u00f3n? 7. \u00bf A qui\u00e9n podemos revelar su informaci\u00f3n? 8. \u00bf C\u00f3mo puedo controlar el uso de mi informaci\u00f3n? 9. Cambios en la Declaraci\u00f3n de [&hellip;]<\/p>\n","protected":false},"author":1,"featured_media":0,"parent":0,"menu_order":0,"comment_status":"closed","ping_status":"closed","template":"","meta":{"_acf_changed":false,"footnotes":""},"class_list":["post-26617","page","type-page","status-publish","hentry"],"acf":[],"_links":{"self":[{"href":"https:\/\/pureobagi.com\/es\/wp-json\/wp\/v2\/pages\/26617","targetHints":{"allow":["GET"]}}],"collection":[{"href":"https:\/\/pureobagi.com\/es\/wp-json\/wp\/v2\/pages"}],"about":[{"href":"https:\/\/pureobagi.com\/es\/wp-json\/wp\/v2\/types\/page"}],"author":[{"embeddable":true,"href":"https:\/\/pureobagi.com\/es\/wp-json\/wp\/v2\/users\/1"}],"replies":[{"embeddable":true,"href":"https:\/\/pureobagi.com\/es\/wp-json\/wp\/v2\/comments?post=26617"}],"version-history":[{"count":3,"href":"https:\/\/pureobagi.com\/es\/wp-json\/wp\/v2\/pages\/26617\/revisions"}],"predecessor-version":[{"id":26620,"href":"https:\/\/pureobagi.com\/es\/wp-json\/wp\/v2\/pages\/26617\/revisions\/26620"}],"wp:attachment":[{"href":"https:\/\/pureobagi.com\/es\/wp-json\/wp\/v2\/media?parent=26617"}],"curies":[{"name":"wp","href":"https:\/\/api.w.org\/{rel}","templated":true}]}}