{"id":30160,"date":"2020-10-19T17:33:06","date_gmt":"2020-10-19T16:33:06","guid":{"rendered":"https:\/\/pureobagi.com\/terminos-y-condiciones\/"},"modified":"2022-03-22T17:01:11","modified_gmt":"2022-03-22T17:01:11","slug":"terminos-y-condiciones","status":"publish","type":"page","link":"https:\/\/pureobagi.com\/es\/terminos-y-condiciones\/","title":{"rendered":"T\u00e9rminos y condiciones"},"content":{"rendered":"\n<p>Lea la siguiente informaci\u00f3n antes de explorar el PureObagi sitio.<\/p>\n\n<p>La informaci\u00f3n contenida en el sitio es para informaci\u00f3n general y funciones de compra. Es esencial que est\u00e9 de acuerdo con los t\u00e9rminos y condiciones en su totalidad antes de utilizar el sitio.<\/p>\n\n<p>Al solicitar cualquiera de nuestros productos, acepta estar sujeto a nuestros t\u00e9rminos y condiciones.<\/p>\n\n<p><b>Licencia para usar el sitio<\/b> web<\/p>\n\n<p>A menos que se especifique lo contrario, PureObagi posee los derechos de propiedad intelectual del sitio web y el material contenido en el sitio web.<\/p>\n\n<p>Puede ver el material, descargarlo para su propio uso personal e imprimir p\u00e1ginas para uso personal, con sujeci\u00f3n a las limitaciones que se indican a continuaci\u00f3n.<\/p>\n\n<p>No debe:<\/p>\n\n<ul class=\"wp-block-list\"><li>vuelva a publicar material directo desde el sitio<\/li><li>vender informaci\u00f3n desde el sitio<\/li><li>mostrar en p\u00fablico cualquier material de las p\u00e1ginas del sitio web<\/li><li>reproducir cualquier material con fines comerciales<\/li><li>editar o modificar cualquier material del sitio web<\/li><li>redistribuir materiales desde el sitio<\/li><\/ul>\n\n<p><b>Al utilizar este Sitio, usted asume la plena responsabilidad de los riesgos asociados con el acceso y el uso del sitio.<\/b><br\/> Esto incluye la contaminaci\u00f3n por virus inform\u00e1ticos.<br\/>Al visitar el sitio, debe aceptar no infringir ning\u00fan derecho de autor. No se le permite utilizar el material ni hacer copias, excepto para su uso personal.<br\/> realizar un pedido confirma que es legalmente capaz de celebrar un contrato vinculante y que tiene al menos 18 a\u00f1os de edad.<br\/><br\/><b> responsabilidad<\/b><br\/>no podemos garantizar que el sitio sea accesible en todo momento, y nos reservamos el derecho de retirar informaci\u00f3n y productos sin previo aviso.<br\/>Medical la informaci\u00f3n y el asesoramiento proporcionados por este sitio se ofrecen \u00fanicamente con fines informativos y no sustituyen al asesoramiento y tratamiento de un m\u00e9dico.<br\/>PureObagi puede proporcionar enlaces a sitios web externos. Estos enlaces son para su comodidad y PureObagi no son responsables de su contenido. Acceder a dichos sitios web es estrictamente por su cuenta y riesgo.<br\/><br\/><b>relaci\u00f3n Contractual<\/b><br\/>los precios de los productos en el PureObagi sitio web incluyen los impuestos y se ofrecen para la venta al cliente a los precios mostrados, m\u00e1s los env\u00edos cuando corresponda.<br\/>Despu\u00e9s de realizar un pedido, recibir\u00e1 un correo electr\u00f3nico autom\u00e1tico de PureObagi confirmando que hemos recibido su pedido.<br\/>Contratamos el cumplimiento de su pedido y la entrega de los productos a la direcci\u00f3n de entrega proporcionada al realizar el pedido.Para todos los pedidos, utilizamos la entrega registrada DPD y, en la mayor\u00eda de los casos, los pedidos se entregan en un plazo de 2 a 7 d\u00edas laborables a partir del env\u00edo.En algunos casos, la entrega puede llevar m\u00e1s tiempo y el cliente debe esperar hasta 14 d\u00edas para recibir su pedido. Si usted se encuentra en Europa y no ha recibido los productos en un plazo de 14 d\u00edas a partir de que aceptemos el pedido, PureObagi enviar\u00e1 un pedido de sustituci\u00f3n de forma gratuita.<br\/>Tenga en cuenta que debe firmar su pedido una vez recibido.Se trata de una obligaci\u00f3n contractual por parte del cliente y es la confirmaci\u00f3n de que las mercanc\u00edas se han entregado al destinatario.La recepci\u00f3n firmada de la entrega debe ser realizada por el destinatario.<br\/>\u00a0<br\/><b>Uso aceptable del sitio<\/b><br\/>no podr\u00e1 utilizar el sitio web de ninguna manera que pueda causar da\u00f1os al sitio, o que de alguna forma sea ilegal, fraudulento o da\u00f1ino.<br\/>No debe utilizar nuestro sitio web para ning\u00fan software inform\u00e1tico malicioso.<br\/>No debe recopilar datos de nuestro sitio web ni utilizarlos para fines de marketing sin nuestro consentimiento por escrito.<br\/><br\/><b>Acceso restringido<\/b><br\/>nos reservamos el derecho de restringir el acceso a nuestro sitio web a nuestra discreci\u00f3n. Al utilizar el sitio, est\u00e1 de acuerdo con los t\u00e9rminos y condiciones.<br\/><br\/><b>Garant\u00edas limitadas<\/b><br\/>aunque nos esforcemos por hacerlo, no garantizamos la integridad ni la precisi\u00f3n de la informaci\u00f3n publicada en este sitio web, ni que se mantenga actualizada de forma continua.<br\/>Nosotros garantice que nuestros productos ser\u00e1n de calidad satisfactoria y que nuestra responsabilidad se limitar\u00e1 al precio de compra del producto.<br\/><br\/><b>Exclusi\u00f3n de responsabilidad<\/b><br\/>nada de lo contenido en estos t\u00e9rminos y condiciones puede limitar o excluir nuestra responsabilidad por muerte o lesiones personales resultantes de negligencia, fraude o tergiversaci\u00f3n fraudulenta.<br\/>No seremos responsables con respecto a cualquier p\u00e9rdida que surja de un evento que est\u00e9 fuera de nuestro control razonable, incluyendo, entre otras,: huelgas, acci\u00f3n industrial, conmoci\u00f3n civil, desastres naturales, restricciones gubernamentales y legislaci\u00f3n.<br\/>Nosotros no ser\u00e1 responsable con respecto a ninguna p\u00e9rdida, o corrupci\u00f3n, de datos, o software, que est\u00e9 fuera de nuestro control razonable.<br\/>Estos los t\u00e9rminos y condiciones no est\u00e1n destinados a beneficiar a terceros ni a excluir ninguna responsabilidad para con terceros.<br\/><br\/><b> de los t\u00e9rminos y condiciones<\/b><br\/>sin perjuicio de nuestros derechos, si incumple estos t\u00e9rminos y condiciones, podemos tomar las medidas necesarias para reparar el incumplimiento y reclamar da\u00f1os y perjuicios, incluyendo la interposici\u00f3n de las acciones judiciales requeridas por la ley.<br\/><br\/><b>precios, pago y entrega<\/b><br\/>el precio a pagar por los productos es el precio indicado en el sitio web, m\u00e1s el env\u00edo para las regiones correspondientes. El pago se realizar\u00e1 antes de la expedici\u00f3n de las mercanc\u00edas.<br\/>Los clientes deben proporcionar una direcci\u00f3n de facturaci\u00f3n v\u00e1lida que coincida con la direcci\u00f3n en la que est\u00e1 registrada su tarjeta de d\u00e9bito o cr\u00e9dito.Si no lo hace, el proveedor de pagos puede rechazar la transacci\u00f3n.Si se proporciona una direcci\u00f3n no v\u00e1lida, PureObagi puede pedir al cliente que proporcione documentaci\u00f3n justificativa como prueba de la direcci\u00f3n de facturaci\u00f3n, como, un extracto de d\u00e9bito o tarjeta de cr\u00e9dito o una factura de suministros p\u00fablicos .<br\/>las mercanc\u00edas se entregar\u00e1n en la direcci\u00f3n proporcionada en el momento del pedido.<br\/>Todos los pedidos se env\u00edan utilizando un servicio de entrega certificado y deben estar firmados al ser recibidos por el destinatario.Si el destinatario no est\u00e1 presente en el momento de la entrega, el pedido puede guardarse en un centro de correo local para su recogida o reentrega.Es responsabilidad del cliente organizar la recogida o la reentrega del art\u00edculo.Si no lo hace, el art\u00edculo se devolver\u00e1 a PureObagi.Si se devuelve un art\u00edculo, PureObagi se pondr\u00e1 en contacto con el cliente para organizar la reentrega a la misma o a una direcci\u00f3n alternativa. PureObagi reserve el derecho a cobrar al cliente los gastos de franqueo por cualquier reenv\u00edo de los art\u00edculos.<br\/>la entrega de los art\u00edculos se realiza utilizando un tercero, por PureObagi lo que no puede garantizar la entrega en una fecha determinada.La mayor\u00eda de los pedidos se entregan en un plazo de 2 a 7 d\u00edas laborables. Sin embargo, los clientes deben esperar hasta 14 d\u00edas laborables para la entrega antes PureObagi de que reenv\u00ede un pedido. <br\/><br\/>Todos los productos y embalajes, cuando corresponda, cumplir\u00e1n los reglamentos de la UE. Esto significa que en algunos casos el embalaje y el producto variar\u00e1n ligeramente de los productos suministrados en los Estados Unidos. La principal diferencia ser\u00e1 una pol\u00edtica &#8221; sin parabenos&#8221; como resultado de un cambio en las legislaciones de la UE con respecto a determinados productos qu\u00edmicos. Se ha demostrado que los productos producen los mismos efectos terap\u00e9uticos y garantizamos que todos los productos Obagi se obtendr\u00e1n del fabricante de Obagi con un registro de auditor\u00eda rastreable para garantizar que usted reciba productos aut\u00e9nticamente probados cl\u00ednicamente.<br\/>Lamentamos que no podamos recuperar ni reembolsar los productos una vez abiertos. Aunque intentamos garantizar que todos los productos tengan una fecha de caducidad superior a 6 meses a partir de la fecha de caducidad, no podemos reemplazar o reembolsar los productos \u201cobsoletos\u201d que se le hayan entregado durante m\u00e1s de 3 meses naturales a partir de la fecha de caducidad. En el caso de productos defectuosos, devuelva los productos para que podamos ponernos en contacto con el fabricante y ayudarle con un reemplazo y reembolso seg\u00fan corresponda.<br\/>Pedidos rechazados e inentregables : todos los paquetes no entregables debido a un nombre o una direcci\u00f3n incorrectos, o que no est\u00e9n presentes, no se cobrar\u00e1n menos los PureObagi gastos de entrega en los que se haya incurrido al enviar el pedido al cliente.<br\/>Si un pedido no se ha recibido en el tiempo asignado y el cliente desea que se le reenv\u00ede, nos reservamos el derecho a cobrar cualquier coste postal adicional.<br\/>Nos reservamos el derecho de no suministrar los Productos a pesar de que el Cliente pueda haber enviado un Pedido.<br\/><br\/><b>Pedidos internacionales<\/b><br\/>los derechos de aduana o de importaci\u00f3n se cobran una vez que el paquete llega a su pa\u00eds de destino. Estos cargos deben ser pagados por el destinatario del paquete.<br\/> no tenemos control sobre estas tasas y no podemos decirle cu\u00e1l ser\u00eda el coste, ya que las pol\u00edticas aduaneras y los aranceles a la importaci\u00f3n var\u00edan mucho de un pa\u00eds a otro.<br\/>lo hace Puede que sea una buena idea ponerse en contacto con su oficina de aduanas local para solicitar los cargos actuales antes de realizar su pedido, por lo que no le sorprenden los cargos que no esperaba.<br\/><br\/><b>derecho para devolver las<\/b><br\/>mercanc\u00edas si despu\u00e9s de recibirlas, decide que ya no desea usarlas, tendr\u00e1 derecho a devolverlas en un plazo de 14 d\u00edas a partir de su recepci\u00f3n, siempre que se nos devuelvan sin da\u00f1os y sin abrir. Le reembolsaremos una vez que reciba los productos devueltos. Los reembolsos se realizar\u00e1n en la tarjeta de cr\u00e9dito o d\u00e9bito utilizada para realizar el pedido. Nos reservamos el derecho a cobrarle los gastos de env\u00edo y embalaje en los que se haya incurrido.<br\/>Tenga en cuenta que los reembolsos pueden tardar hasta 10 d\u00edas laborables en aparecer en su cuenta debido a los diferentes tiempos de procesamiento entre los proveedores de pagos.<br\/><br\/><b>los productos defectuosos o da\u00f1ados<\/b><br\/>solo le enviaremos nuevos productos que est\u00e9n en excelentes condiciones. Si recibe su paquete para firmar desde la oficina de correos y parece que est\u00e1 da\u00f1ado, inspeccione el contenido antes de firmarlo. Si el contenido parece estar da\u00f1ado, se niega a firmar el paquete y se nos devolver\u00e1. Le enviaremos una sustituci\u00f3n inmediata.<br\/>Despu\u00e9s de firmar el paquete, si posteriormente descubre que alguno de sus productos est\u00e1 da\u00f1ado o defectuoso, debe notificarnos en el plazo de 48 horas a partir de la recepci\u00f3n y devolvernos los productos en su embalaje original. Le enviaremos un producto de sustituci\u00f3n una vez que reciba los productos devueltos.<br\/><br\/><b>Privacidad Pol\u00edtica<\/b><br\/>PureObagi de, de conformidad con la Ley de protecci\u00f3n de datos (Bail\u00eda de Guernesey) de 2017 y el Reglamento General de protecci\u00f3n de datos de la UE (en vigor desde mayo de 2018), respeta sus derechos de privacidad y reconoce la necesidad de proteger y gestionar, de forma adecuada, cualquier material de identificaci\u00f3n personal que comparta con nosotros.<br\/>Por favor Lea y aseg\u00farese de que comprende por completo nuestra pol\u00edtica<br\/><br\/><b>de privacidad, y que est\u00e1 de acuerdo con la forma en que utilizamos su informaci\u00f3n en la recogida. no identificable Tras visitar, recopilaremos y almacenaremos temporalmente informaci\u00f3n sobre su ordenador, incluyendo su dominio, host, direcci\u00f3n de internet y sitio web desde el PureObagi que se ha vinculado al.<\/b><br\/>PureObagi En algunas circunstancias, podemos almacenar la fecha y la hora en que visit\u00f3 el sitio, as\u00ed como la duraci\u00f3n de su visita. Tambi\u00e9n podemos ver las p\u00e1ginas que ha visitado. No utilizaremos ninguna de estas informaciones para identificarle, ni le transmitiremos ninguna de estas informaciones a terceros. Parte de esta informaci\u00f3n puede almacenarse en su ordenador en forma de archivo de &#8220;cookie&#8221;.<br\/>Lea y aseg\u00farese de que comprende por completo nuestra pol\u00edtica de cookies y de que est\u00e1 de acuerdo con la forma en que utilizamos su informaci\u00f3n en el momento de la recogida.<br\/><br\/><b>Los sitios de terceros<\/b><br\/>a los que se vincule el PureObagi sitio pueden tener diferentes pol\u00edticas de privacidad, por lo que es esencial leer la pol\u00edtica de cada sitio de forma independiente para asegurarse de que consiente en sus pr\u00e1cticas individuales.<\/p>\n","protected":false},"excerpt":{"rendered":"<p>Lea la siguiente informaci\u00f3n antes de explorar el PureObagi sitio. La informaci\u00f3n contenida en el sitio es para informaci\u00f3n general y funciones de compra. Es esencial que est\u00e9 de acuerdo con los t\u00e9rminos y condiciones en su totalidad antes de utilizar el sitio. Al solicitar cualquiera de nuestros productos, acepta estar sujeto a nuestros t\u00e9rminos [&hellip;]<\/p>\n","protected":false},"author":1,"featured_media":0,"parent":0,"menu_order":0,"comment_status":"closed","ping_status":"closed","template":"","meta":{"_acf_changed":false,"footnotes":""},"class_list":["post-30160","page","type-page","status-publish","hentry"],"acf":[],"_links":{"self":[{"href":"https:\/\/pureobagi.com\/es\/wp-json\/wp\/v2\/pages\/30160","targetHints":{"allow":["GET"]}}],"collection":[{"href":"https:\/\/pureobagi.com\/es\/wp-json\/wp\/v2\/pages"}],"about":[{"href":"https:\/\/pureobagi.com\/es\/wp-json\/wp\/v2\/types\/page"}],"author":[{"embeddable":true,"href":"https:\/\/pureobagi.com\/es\/wp-json\/wp\/v2\/users\/1"}],"replies":[{"embeddable":true,"href":"https:\/\/pureobagi.com\/es\/wp-json\/wp\/v2\/comments?post=30160"}],"version-history":[{"count":2,"href":"https:\/\/pureobagi.com\/es\/wp-json\/wp\/v2\/pages\/30160\/revisions"}],"predecessor-version":[{"id":49945,"href":"https:\/\/pureobagi.com\/es\/wp-json\/wp\/v2\/pages\/30160\/revisions\/49945"}],"wp:attachment":[{"href":"https:\/\/pureobagi.com\/es\/wp-json\/wp\/v2\/media?parent=30160"}],"curies":[{"name":"wp","href":"https:\/\/api.w.org\/{rel}","templated":true}]}}