{"id":30203,"date":"2020-10-28T23:29:00","date_gmt":"2020-10-28T23:29:00","guid":{"rendered":"https:\/\/pureobagi.com\/acerca-de-obagi\/"},"modified":"2021-08-25T10:10:34","modified_gmt":"2021-08-25T09:10:34","slug":"acerca-de-obagi","status":"publish","type":"page","link":"https:\/\/pureobagi.com\/es\/acerca-de-obagi\/","title":{"rendered":"Acerca de Obagi"},"content":{"rendered":"\n<p class=\"has-text-align-center po-tagline\">Pure Obagi<\/p>\n\n\n\n<h2 class=\"has-text-align-center wp-block-heading\">Por qu\u00e9 elegir Obagi Medical<\/h2>\n\n\n\n<p class=\"has-text-align-center\">Obagi\u00ae cree que el cuidado facial es mucho m\u00e1s que corregir y prevenir. Es aprovechar al m\u00e1ximo el potencial total de tu piel.<br>Con m\u00e1s de 30 a\u00f1os de resultados cl\u00ednicamente probados, Obagi tiene una sola visi\u00f3n: transformar la industria de la piel y liderar el terreno de un cuidado facial que funciona.<\/p>\n\n\n\n<div style=\"height:50px\" aria-hidden=\"true\" class=\"wp-block-spacer\"><\/div>\n\n\n\n<div class=\"wp-block-columns reverse-mobile is-layout-flex wp-container-core-columns-is-layout-28f84493 wp-block-columns-is-layout-flex\">\n<div class=\"wp-block-column is-layout-flow wp-block-column-is-layout-flow\">\n<h2 class=\"wp-block-heading\">SOBRE OBAGI<\/h2>\n\n\n\n<p>Obagi Medical Products<strong>\u00ae <\/strong>ha sido especialmente formulado para transsformar la piel desde dentro, consiguiendo una piel m\u00e1s joven y de aspecto m\u00e1s sano y que tengas mayor confianza en ti.<\/p>\n\n\n\n<p>Dise\u00f1ado para acomodar todo el espectro de la escala de Fitzpatrick Obagi\u00ae se enorgullece de respaldar la diversidad global que todos aportamos, ofreciendo una gama con aprobaci\u00f3n dermatol\u00f3gica y que ha sido probada en todos los tipos de piel.<\/p>\n\n\n\n<p>Con respaldo cient\u00edfico, la gama de productos Obagi Medical\u00ae ha sido dise\u00f1ada para abordar numerosos problemas de piel. Desde reducir los signos visibles del envejecimiento, como arrugas y l\u00edneas de expresi\u00f3n, melasmas (manchas oscuras) e hiperpigmentaci\u00f3n, hasta tratamientos personalizados para el acn\u00e9 y la protecci\u00f3n solar: hay una soluci\u00f3n Obagi para cada persona.<\/p>\n<\/div>\n\n\n\n<div class=\"wp-block-column is-vertically-aligned-center is-layout-flow wp-block-column-is-layout-flow\">\n<figure class=\"wp-block-embed is-type-video is-provider-vimeo wp-block-embed-vimeo wp-embed-aspect-16-9 wp-has-aspect-ratio\"><div class=\"wp-block-embed__wrapper\">\n<iframe loading=\"lazy\" src=\"https:\/\/player.vimeo.com\/video\/490844509?dnt=1&amp;app_id=122963&amp;h=87c5cc3ecd\" width=\"980\" height=\"551\" frameborder=\"0\" allow=\"autoplay; fullscreen; picture-in-picture\" allowfullscreen><\/iframe>\n<\/div><\/figure>\n<\/div>\n<\/div>\n\n\n\n<div class=\"wp-block-columns reverse-mobile is-layout-flex wp-container-core-columns-is-layout-28f84493 wp-block-columns-is-layout-flex\">\n<div class=\"wp-block-column is-layout-flow wp-block-column-is-layout-flow\">\n<div class=\"wp-block-image\"><figure class=\"alignright size-large\"><img decoding=\"async\" src=\"https:\/\/pureobagi.com\/wp-content\/uploads\/2021\/04\/Obagi_women_4.jpg\" alt=\"\" class=\"wp-image-15993\"\/><\/figure><\/div>\n<\/div>\n\n\n\n<div class=\"wp-block-column is-layout-flow wp-block-column-is-layout-flow\">\n<h2 class=\"wp-block-heading\">ACERCA DE PURE OBAGI<\/h2>\n\n\n\n<p>Ahora, Pure Obagi acerca toda la ciencia e innovaci\u00f3n que hay tras sus gamas de productos Obagi Medical\u00ae a la Uni\u00f3n Europea por primera vez. Ahora, Pure Obagi acerca toda la ciencia e innovaci\u00f3n que hay tras sus gamas de productos Obagi Medical\u00ae a la Uni\u00f3n Europea por primera vez.<\/p>\n\n\n\n<p>Trabajando directamente con Obagi Medical\u00ae, Pure Obagi ofrece la gama completa de productos de Obagi sin receta m\u00e9dica, entreg\u00e1ndolos directamente en tu puerta. \u00bfNo sabes por d\u00f3nde empezar? Te ayudamos a elegir los productos correctos para tu tipo de piel, tanto si eres del tipo I como del tipo VI de la escala de Fitzpatrick.<\/p>\n\n\n\n<div class=\"wp-block-buttons is-layout-flex wp-block-buttons-is-layout-flex\">\n<div class=\"wp-block-button\"><a class=\"wp-block-button__link\" href=\"https:\/\/pureobagi.com\/shop\/\">COMPRAR AHORA<\/a><\/div>\n<\/div>\n<\/div>\n<\/div>\n\n\n\n<div class=\"wp-block-columns is-layout-flex wp-container-core-columns-is-layout-28f84493 wp-block-columns-is-layout-flex\">\n<div class=\"wp-block-column is-layout-flow wp-block-column-is-layout-flow\">\n<h2 class=\"wp-block-heading\">INNOVACI\u00d3N Y COMPRENSI\u00d3N<\/h2>\n\n\n\n<p>La innovaci\u00f3n empieza con una comprensi\u00f3n profunda de c\u00f3mo funciona la piel a nivel celular. Con esta base, Obagi eval\u00faa cuidadosamente cada oportunidad de crear un impacto positivo y apoyar tu salud y un rendimiento \u00f3ptimo. La comprensi\u00f3n cada vez mayor de Obagi sobre nuestra piel impulsa la investigaci\u00f3n de formulaciones innovadoras que ayudan a nuestra salud facial.<\/p>\n\n\n\n<p>Centr\u00e1ndose en las prote\u00ednas esenciales necesarias por nuestra piel que se reducen con el envejecimiento, Obagi desarrolla productos transformadores que ofrecen resultados reales y visibles, logrando que tu piel se sienta joven y sana.<\/p>\n<\/div>\n\n\n\n<div class=\"wp-block-column is-layout-flow wp-block-column-is-layout-flow\">\n<div class=\"wp-block-image\"><figure class=\"alignleft size-large\"><img decoding=\"async\" src=\"https:\/\/pureobagi.com\/wp-content\/uploads\/2021\/04\/Innovation_Understanding-600x400-1.png\" alt=\"\" class=\"wp-image-15071\"\/><\/figure><\/div>\n<\/div>\n<\/div>\n\n\n\n<div class=\"wp-block-columns reverse-mobile is-layout-flex wp-container-core-columns-is-layout-28f84493 wp-block-columns-is-layout-flex\">\n<div class=\"wp-block-column is-layout-flow wp-block-column-is-layout-flow\">\n<div class=\"wp-block-image\"><figure class=\"alignright size-large\"><img decoding=\"async\" src=\"https:\/\/pureobagi.com\/wp-content\/uploads\/2021\/04\/Product_Development-600x400-1.png\" alt=\"\" class=\"wp-image-15093\"\/><\/figure><\/div>\n<\/div>\n\n\n\n<div class=\"wp-block-column is-layout-flow wp-block-column-is-layout-flow\">\n<h2 class=\"wp-block-heading\">DESARROLLO DE PRODUCTOS<\/h2>\n\n\n\n<p>Obagi investiga miles de ingredientes para encontrar los m\u00e1s eficaces, y gracias a un riguroso desarrollo del producto y procesos establecidos, deja poco lugar a lo desconocido. Obagi revisa cada forma de estos ingredientes para identificar las variantes de mayor calidad y sus formas m\u00e1s biodisponibles para su extensa gama de productos.<\/p>\n<\/div>\n<\/div>\n\n\n\n<div class=\"wp-block-columns is-layout-flex wp-container-core-columns-is-layout-28f84493 wp-block-columns-is-layout-flex\">\n<div class=\"wp-block-column is-layout-flow wp-block-column-is-layout-flow\">\n<h2 class=\"wp-block-heading\">INTEGRIDAD, SEGURIDAD Y EFICACIA<\/h2>\n\n\n\n<p>Obagi se compromete a establecer y mantener los m\u00e1s altos est\u00e1ndares en la comprobaci\u00f3n de los productos en cada fase del proceso de desarrollo, desde la evaluaci\u00f3n precl\u00ednica hasta la preferencia del consumidor y los estudios de uso.<\/p>\n\n\n\n<p>Obagi se desarrolla a trav\u00e9s de protocolos con generosos grupos de muestras para asegurar que demuestren cl\u00ednicamente los resultados y la confianza que espera el consumidor.<\/p>\n<\/div>\n\n\n\n<div class=\"wp-block-column is-layout-flow wp-block-column-is-layout-flow\">\n<div class=\"wp-block-image\"><figure class=\"alignleft size-large\"><img decoding=\"async\" src=\"https:\/\/pureobagi.com\/wp-content\/uploads\/2021\/04\/Integrity_Safety_Eficacy-600x400-1.png\" alt=\"\" class=\"wp-image-15110\"\/><\/figure><\/div>\n<\/div>\n<\/div>\n\n\n\n<h2 class=\"has-text-align-center wp-block-heading\">ANTES Y DESPU\u00c9S<\/h2>\n\n\n\n<h4 class=\"has-text-align-center wp-block-heading\">Personas reales, resultados reales<\/h4>\n\n\n\n<div class=\"wp-block-columns is-layout-flex wp-container-core-columns-is-layout-28f84493 wp-block-columns-is-layout-flex\">\n<div class=\"wp-block-column is-layout-flow wp-block-column-is-layout-flow\">\n<figure class=\"wp-block-nelio-compare-images aligncenter\"><div class=\"wp-block-nelio-compare-images__comparison-wrapper wp-block-nelio-compare-images__comparison-wrapper--horizontally\" data-position=\"50\" data-direction=\"horizontal\"><div class=\"wp-block-nelio-compare-images__before-image wp-block-nelio-compare-images__before-image--horizontal\"><img decoding=\"async\" width=\"400\" height=\"300\" class=\"wp-image-9113\" src=\"https:\/\/pureobagi.com\/wp-content\/uploads\/2020\/11\/Pure_Obagi_Before_4.jpg\" alt=\"\" srcset=\"https:\/\/pureobagi.com\/wp-content\/uploads\/2020\/11\/Pure_Obagi_Before_4.jpg 400w, https:\/\/pureobagi.com\/wp-content\/uploads\/2020\/11\/Pure_Obagi_Before_4-300x225.jpg 300w\" sizes=\"(max-width: 400px) 100vw, 400px\" \/><\/div><div class=\"wp-block-nelio-compare-images__after-image wp-block-nelio-compare-images__after-image--horizontal\" style=\"width:50%\"><img decoding=\"async\" width=\"400\" height=\"300\" class=\"wp-image-9114\" src=\"https:\/\/pureobagi.com\/wp-content\/uploads\/2020\/11\/Pure_Obagi_After_4.jpg\" alt=\"\" srcset=\"https:\/\/pureobagi.com\/wp-content\/uploads\/2020\/11\/Pure_Obagi_After_4.jpg 400w, https:\/\/pureobagi.com\/wp-content\/uploads\/2020\/11\/Pure_Obagi_After_4-300x225.jpg 300w\" sizes=\"(max-width: 400px) 100vw, 400px\" \/><\/div><div class=\"wp-block-nelio-compare-images__divider wp-block-nelio-compare-images__divider--vertical\"><\/div><div class=\"wp-block-nelio-compare-images__handler wp-block-nelio-compare-images__handler--vertical\"><\/div><\/div><figcaption class=\"wp-block-nelio-compare-images__caption\"><a href=\"https:\/\/pureobagi.com\/es\/producto\/obagi-elastiderm-facial-serum\/\">Obagi ELASTIderm\u00ae Facial Serum<\/a><\/figcaption><\/figure>\n\n\n\n<p><\/p>\n<\/div>\n\n\n\n<div class=\"wp-block-column is-layout-flow wp-block-column-is-layout-flow\">\n<figure class=\"wp-block-nelio-compare-images aligncenter\"><div class=\"wp-block-nelio-compare-images__comparison-wrapper wp-block-nelio-compare-images__comparison-wrapper--horizontally\" data-position=\"50\" data-direction=\"horizontal\"><div class=\"wp-block-nelio-compare-images__before-image wp-block-nelio-compare-images__before-image--horizontal\"><img decoding=\"async\" width=\"400\" height=\"300\" class=\"wp-image-9115\" src=\"https:\/\/pureobagi.com\/wp-content\/uploads\/2020\/11\/Pure_Obagi_Before_2.jpg\" alt=\"\" srcset=\"https:\/\/pureobagi.com\/wp-content\/uploads\/2020\/11\/Pure_Obagi_Before_2.jpg 400w, https:\/\/pureobagi.com\/wp-content\/uploads\/2020\/11\/Pure_Obagi_Before_2-300x225.jpg 300w\" sizes=\"(max-width: 400px) 100vw, 400px\" \/><\/div><div class=\"wp-block-nelio-compare-images__after-image wp-block-nelio-compare-images__after-image--horizontal\" style=\"width:50%\"><img decoding=\"async\" width=\"400\" height=\"300\" class=\"wp-image-9116\" src=\"https:\/\/pureobagi.com\/wp-content\/uploads\/2020\/11\/Pure_Obagi_After_2.jpg\" alt=\"\" srcset=\"https:\/\/pureobagi.com\/wp-content\/uploads\/2020\/11\/Pure_Obagi_After_2.jpg 400w, https:\/\/pureobagi.com\/wp-content\/uploads\/2020\/11\/Pure_Obagi_After_2-300x225.jpg 300w\" sizes=\"(max-width: 400px) 100vw, 400px\" \/><\/div><div class=\"wp-block-nelio-compare-images__divider wp-block-nelio-compare-images__divider--vertical\"><\/div><div class=\"wp-block-nelio-compare-images__handler wp-block-nelio-compare-images__handler--vertical\"><\/div><\/div><figcaption class=\"wp-block-nelio-compare-images__caption\"><a href=\"https:\/\/pureobagi.com\/es\/producto\/obagi-professional-c-serum-10\/\">Obagi Professional-C\u00ae Serum 10%<\/a><\/figcaption><\/figure>\n<\/div>\n\n\n\n<div class=\"wp-block-column is-layout-flow wp-block-column-is-layout-flow\">\n<figure class=\"wp-block-nelio-compare-images aligncenter\"><div class=\"wp-block-nelio-compare-images__comparison-wrapper wp-block-nelio-compare-images__comparison-wrapper--horizontally\" data-position=\"50\" data-direction=\"horizontal\"><div class=\"wp-block-nelio-compare-images__before-image wp-block-nelio-compare-images__before-image--horizontal\"><img decoding=\"async\" width=\"400\" height=\"300\" class=\"wp-image-9117\" src=\"https:\/\/pureobagi.com\/wp-content\/uploads\/2020\/11\/Pure_Obagi_Before_3.jpg\" alt=\"\" srcset=\"https:\/\/pureobagi.com\/wp-content\/uploads\/2020\/11\/Pure_Obagi_Before_3.jpg 400w, https:\/\/pureobagi.com\/wp-content\/uploads\/2020\/11\/Pure_Obagi_Before_3-300x225.jpg 300w\" sizes=\"(max-width: 400px) 100vw, 400px\" \/><\/div><div class=\"wp-block-nelio-compare-images__after-image wp-block-nelio-compare-images__after-image--horizontal\" style=\"width:50%\"><img decoding=\"async\" width=\"400\" height=\"300\" class=\"wp-image-9118\" src=\"https:\/\/pureobagi.com\/wp-content\/uploads\/2020\/11\/Pure_Obagi_After_3.jpg\" alt=\"\" srcset=\"https:\/\/pureobagi.com\/wp-content\/uploads\/2020\/11\/Pure_Obagi_After_3.jpg 400w, https:\/\/pureobagi.com\/wp-content\/uploads\/2020\/11\/Pure_Obagi_After_3-300x225.jpg 300w\" sizes=\"(max-width: 400px) 100vw, 400px\" \/><\/div><div class=\"wp-block-nelio-compare-images__divider wp-block-nelio-compare-images__divider--vertical\"><\/div><div class=\"wp-block-nelio-compare-images__handler wp-block-nelio-compare-images__handler--vertical\"><\/div><\/div><figcaption class=\"wp-block-nelio-compare-images__caption\"><a href=\"https:\/\/pureobagi.com\/es\/producto\/obagi-elastiderm-eye-complete-complex-serum\/\">Obagi ELASTIderm\u00ae Eye Complete Complex Serum<\/a><\/figcaption><\/figure>\n<\/div>\n\n\n\n<div class=\"wp-block-column is-layout-flow wp-block-column-is-layout-flow\">\n<figure class=\"wp-block-nelio-compare-images aligncenter\"><div class=\"wp-block-nelio-compare-images__comparison-wrapper wp-block-nelio-compare-images__comparison-wrapper--horizontally\" data-position=\"50\" data-direction=\"horizontal\"><div class=\"wp-block-nelio-compare-images__before-image wp-block-nelio-compare-images__before-image--horizontal\"><img decoding=\"async\" width=\"400\" height=\"300\" class=\"wp-image-9119\" src=\"https:\/\/pureobagi.com\/wp-content\/uploads\/2020\/11\/Pure_Obagi_Before_1.jpg\" alt=\"\" srcset=\"https:\/\/pureobagi.com\/wp-content\/uploads\/2020\/11\/Pure_Obagi_Before_1.jpg 400w, https:\/\/pureobagi.com\/wp-content\/uploads\/2020\/11\/Pure_Obagi_Before_1-300x225.jpg 300w\" sizes=\"(max-width: 400px) 100vw, 400px\" \/><\/div><div class=\"wp-block-nelio-compare-images__after-image wp-block-nelio-compare-images__after-image--horizontal\" style=\"width:50%\"><img decoding=\"async\" width=\"400\" height=\"300\" class=\"wp-image-9120\" src=\"https:\/\/pureobagi.com\/wp-content\/uploads\/2020\/11\/Pure_Obagi_After_1.jpg\" alt=\"\" srcset=\"https:\/\/pureobagi.com\/wp-content\/uploads\/2020\/11\/Pure_Obagi_After_1.jpg 400w, https:\/\/pureobagi.com\/wp-content\/uploads\/2020\/11\/Pure_Obagi_After_1-300x225.jpg 300w\" sizes=\"(max-width: 400px) 100vw, 400px\" \/><\/div><div class=\"wp-block-nelio-compare-images__divider wp-block-nelio-compare-images__divider--vertical\"><\/div><div class=\"wp-block-nelio-compare-images__handler wp-block-nelio-compare-images__handler--vertical\"><\/div><\/div><figcaption class=\"wp-block-nelio-compare-images__caption\"><a href=\"https:\/\/pureobagi.com\/en\/product-category\/product-range\/obagi360-system\/\">Obagi360\u00ae System<\/a><\/figcaption><\/figure>\n<\/div>\n<\/div>\n\n\n\n<div class=\"wp-block-cover has-black-background-color has-background-dim ticss-90098142 po-block-cover\"><div class=\"wp-block-cover__inner-container is-layout-flow wp-block-cover-is-layout-flow\">\n<h4 class=\"has-text-align-center has-white-color has-text-color wp-block-heading\">NUESTROS SOCIOS<\/h4>\n\n\n\n<div style=\"height:20px\" aria-hidden=\"true\" class=\"wp-block-spacer\"><\/div>\n\n\n\n<p class=\"has-text-align-center\">Pure Obagi es el socio europeo autorizado de obagi.com y trabajamos estrechamente con nuestros socios para ofrecerte el mejor servicio remoto.<\/p>\n\n\n\n<p class=\"has-text-align-center\">\u00bfNECESITAS ALGO M\u00c1S? Los equipos de Skinstation y Aesthetic Skin Clinic est\u00e1n disponibles para responder a tus preguntas y para guiarte a trav\u00e9s de cualquier duda cl\u00ednica.<\/p>\n\n\n\n<p class=\"has-text-align-center\">Cu\u00e9ntanos lo que necesitas y dirigiremos tu pregunta directamente a quien te pueda ayudar.<\/p>\n\n\n\n<div style=\"height:50px\" aria-hidden=\"true\" class=\"wp-block-spacer\"><\/div>\n\n\n\n<div class=\"wp-block-columns are-vertically-aligned-center is-layout-flex wp-container-core-columns-is-layout-28f84493 wp-block-columns-is-layout-flex\">\n<div class=\"wp-block-column is-vertically-aligned-center is-layout-flow wp-block-column-is-layout-flow\">\n<div class=\"wp-block-image\"><figure class=\"aligncenter size-large\"><img decoding=\"async\" src=\"https:\/\/pureobagi.com\/wp-content\/uploads\/2021\/03\/skinstation_logo_white.png\" alt=\"\"\/><\/figure><\/div>\n<\/div>\n\n\n\n<div class=\"wp-block-column is-vertically-aligned-center is-layout-flow wp-block-column-is-layout-flow\">\n<div class=\"wp-block-image\"><figure class=\"aligncenter size-large\"><img decoding=\"async\" src=\"https:\/\/pureobagi.com\/wp-content\/uploads\/2021\/03\/Obagi_2019_Logo_for_photo_backgrounds-150x150.png\" alt=\"\"\/><\/figure><\/div>\n\n\n\n<p><\/p>\n<\/div>\n\n\n\n<div class=\"wp-block-column is-vertically-aligned-center is-layout-flow wp-block-column-is-layout-flow\">\n<div class=\"wp-block-image\"><figure class=\"aligncenter size-large\"><img decoding=\"async\" src=\"https:\/\/pureobagi.com\/wp-content\/uploads\/2021\/03\/ASC.png\" alt=\"\"\/><\/figure><\/div>\n<\/div>\n<\/div>\n\n\n\n<div class=\"wp-block-buttons is-content-justification-center is-layout-flex wp-block-buttons-is-layout-flex\">\n<div class=\"wp-block-button\"><a class=\"wp-block-button__link\" href=\"https:\/\/pureobagi.com\/es\/skinstation\/\">PONTE EN CONTACTO<\/a><\/div>\n<\/div>\n<\/div><\/div>\n\n\n\n<div style=\"height:50px\" aria-hidden=\"true\" class=\"wp-block-spacer\"><\/div>\n\n\n\n<h2 class=\"has-text-align-center wp-block-heading\">HISTORIAS DE OBAGI<\/h2>\n\n\n\n<p class=\"has-text-align-center\">Encuentra todo lo que necesitas saber sobre nuestros productos en nuestros blogs m\u00e1s actuales.<\/p>\n\n\n<div  class=\"wp-block-ultimate-post-post-grid-1 ultp-block-7672bb\"><div class=\"ultp-block-wrapper\"><div class=\"ultp-loading\"><div class=\"ultp-loading-blocks\" style=\"width:100%;height:100%;\"><div style=\"left: 0;top: 0;animation-delay:0s;\"><\/div><div style=\"left: 21px;top: 0;animation-delay:0.125s;\"><\/div><div style=\"left: 42px;top: 0;animation-delay:0.25s;\"><\/div><div style=\"left: 0;top: 21px;animation-delay:0.875s;\"><\/div><div style=\"left: 42px;top: 21px;animation-delay:0.375s;\"><\/div><div style=\"left: 0;top: 42px;animation-delay:0.75s;\"><\/div><div style=\"left: 42px;top: 42px;animation-delay:0.625s;\"><\/div><div style=\"left: 21px;top: 42px;animation-delay:0.5s;\"><\/div><\/div><\/div><div class=\"ultp-heading-filter\"><div class=\"ultp-heading-filter-in\"><div class=\"ultp-filter-navigation\"><\/div><\/div><\/div><div class=\"ultp-block-items-wrap ultp-block-row ultp-pg1a-style1 ultp-block-column-4 ultp-layout1\"><div class=\"ultp-block-item post-id-83406\"><div class=\"ultp-block-content-wrap\"><div class=\"ultp-block-image ultp-block-image-opacity\"><a href=\"https:\/\/pureobagi.com\/es\/do-you-need-spf-in-your-50s\/\" ><img decoding=\"async\"  alt=\"Do You Need SPF In Your 50s?\"  src=\"https:\/\/pureobagi.com\/wp-content\/uploads\/2022\/12\/sun-shield-matte-group-1000x1000-1-870x570.jpg\" \/><\/a><\/div><div class=\"ultp-block-content\"><div class=\"ultp-category-grid ultp-category-classic ultp-category-aboveTitle\"><div class=\"ultp-category-in\"><a class=\"ultp-cat-skin-concerns\" href=\"https:\/\/pureobagi.com\/es\/category\/skin-concerns\/\"  >Skin Concerns<\/a><\/div><\/div><h3 class=\"ultp-block-title \"><a href=\"https:\/\/pureobagi.com\/es\/do-you-need-spf-in-your-50s\/\" >Do You Need SPF In Your 50s?<\/a><\/h3><\/div><\/div><\/div><div class=\"ultp-block-item post-id-82886\"><div class=\"ultp-block-content-wrap\"><div class=\"ultp-block-image ultp-block-image-opacity\"><a href=\"https:\/\/pureobagi.com\/es\/suzan-obagi-collection-unique-strengths-you-need-in-your-skincare-2\/\" ><img decoding=\"async\"  alt=\"Suzan Obagi Collection\"  src=\"https:\/\/pureobagi.com\/wp-content\/uploads\/2022\/12\/somd-foaming-cleanser-bottle-1000x1000-1-1-870x570.png\" \/><\/a><\/div><div class=\"ultp-block-content\"><div class=\"ultp-category-grid ultp-category-classic ultp-category-aboveTitle\"><div class=\"ultp-category-in\"><a class=\"ultp-cat-product-ranges\" href=\"https:\/\/pureobagi.com\/es\/category\/product-ranges\/\"  >Product Ranges<\/a><\/div><\/div><h3 class=\"ultp-block-title \"><a href=\"https:\/\/pureobagi.com\/es\/suzan-obagi-collection-unique-strengths-you-need-in-your-skincare-2\/\" >Suzan Obagi Collection: Unique Strengths You Need In Your Skincare<\/a><\/h3><\/div><\/div><\/div><div class=\"ultp-block-item post-id-82717\"><div class=\"ultp-block-content-wrap\"><div class=\"ultp-block-image ultp-block-image-opacity\"><a href=\"https:\/\/pureobagi.com\/es\/why-do-we-get-rosacea-flare-ups\/\" ><img decoding=\"async\"  alt=\"roseacea flare-ups\"  src=\"https:\/\/pureobagi.com\/wp-content\/uploads\/2022\/12\/Untitled-design-2022-12-16T094620.761-800x570.jpg\" \/><\/a><\/div><div class=\"ultp-block-content\"><div class=\"ultp-category-grid ultp-category-classic ultp-category-aboveTitle\"><div class=\"ultp-category-in\"><a class=\"ultp-cat-product-ranges\" href=\"https:\/\/pureobagi.com\/es\/category\/product-ranges\/\"  >Product Ranges<\/a><\/div><\/div><h3 class=\"ultp-block-title \"><a href=\"https:\/\/pureobagi.com\/es\/why-do-we-get-rosacea-flare-ups\/\" >Why Do We Get Rosacea Flare-Ups?<\/a><\/h3><\/div><\/div><\/div><div class=\"ultp-block-item post-id-82670\"><div class=\"ultp-block-content-wrap\"><div class=\"ultp-block-image ultp-block-image-opacity\"><a href=\"https:\/\/pureobagi.com\/es\/our-how-to-guide-on-avoiding-crepe-skin-on-your-decolletage\/\" ><img decoding=\"async\"  alt=\"avoiding crepe skin\"  src=\"https:\/\/pureobagi.com\/wp-content\/uploads\/2022\/12\/retivance-lifestyle-1000x1000-1-768x768-1-768x570.jpg\" \/><\/a><\/div><div class=\"ultp-block-content\"><div class=\"ultp-category-grid ultp-category-classic ultp-category-aboveTitle\"><div class=\"ultp-category-in\"><a class=\"ultp-cat-product-ranges\" href=\"https:\/\/pureobagi.com\/es\/category\/product-ranges\/\"  >Product Ranges<\/a><\/div><\/div><h3 class=\"ultp-block-title \"><a href=\"https:\/\/pureobagi.com\/es\/our-how-to-guide-on-avoiding-crepe-skin-on-your-decolletage\/\" >Our How-To Guide On Avoiding Crepe Skin On Your D\u00e9colletage<\/a><\/h3><\/div><\/div><\/div><\/div><div class=\"ultp-pagination-wrap ultp-pagination-ajax-action\" data-paged=\"1\" data-expost=\"\"  data-blockid=\"7672bb\" data-postid=\"30203\" data-pages=\"40\" data-blockname=\"ultimate-post_post-grid-1\" data-selfpostid=\"no\"><ul class=\"ultp-pagination\"><li class=\"ultp-prev-page-numbers\" style=\"display:none\"><a href=\"https:\/\/pureobagi.com\/es\/wp-json\/wp\/v2\/pages\/30203\/\"><svg enable-background=\"new 0 0 477.175 477.175\" version=\"1.1\" viewBox=\"0 0 477.18 477.18\"><path d=\"m145.19 238.58 215.5-215.5c5.3-5.3 5.3-13.8 0-19.1s-13.8-5.3-19.1 0l-225.1 225.1c-5.3 5.3-5.3 13.8 0 19.1l225.1 225c2.6 2.6 6.1 4 9.5 4s6.9-1.3 9.5-4c5.3-5.3 5.3-13.8 0-19.1l-215.4-215.5z\"><\/path><\/svg> Previous<\/a><\/li><li class=\"ultp-first-pages\" style=\"display:none\" data-current=\"1\"><a href=\"https:\/\/pureobagi.com\/es\/wp-json\/wp\/v2\/pages\/30203\/\">1<\/a><\/li><li class=\"ultp-first-dot\"style=\"display:none\"><a href=\"#\">&#8230;<\/a><\/li><li class=\"ultp-center-item pagination-active\" data-current=\"1\"><a href=\"https:\/\/pureobagi.com\/es\/wp-json\/wp\/v2\/pages\/30203\/\">1<\/a><\/li><li class=\"ultp-center-item\" data-current=\"2\" ><a href=\"https:\/\/pureobagi.com\/es\/wp-json\/wp\/v2\/pages\/30203\/page\/2\/\">2<\/a><\/li><li class=\"ultp-center-item\" data-current=\"3\" ><a href=\"https:\/\/pureobagi.com\/es\/wp-json\/wp\/v2\/pages\/30203\/page\/3\/\">3<\/a><\/li><li class=\"ultp-last-dot\" ><a href=\"#\">&#8230;<\/a><\/li><li class=\"ultp-last-pages\" data-current=\"40\"><a href=\"https:\/\/pureobagi.com\/es\/wp-json\/wp\/v2\/pages\/30203\/page\/40\/\">40<\/a><\/li><li class=\"ultp-next-page-numbers\"><a href=\"https:\/\/pureobagi.com\/es\/wp-json\/wp\/v2\/pages\/30203\/page\/2\/\">Next<svg enable-background=\"new 0 0 477.175 477.175\" version=\"1.1\" viewBox=\"0 0 477.18 477.18\"><path d=\"m360.73 229.08-225.1-225.1c-5.3-5.3-13.8-5.3-19.1 0s-5.3 13.8 0 19.1l215.5 215.5-215.5 215.5c-5.3 5.3-5.3 13.8 0 19.1 2.6 2.6 6.1 4 9.5 4s6.9-1.3 9.5-4l225.1-225.1c5.3-5.2 5.3-13.8 0.1-19z\"><\/path><\/svg><\/a><\/li><\/ul><\/div><\/div><\/div>","protected":false},"excerpt":{"rendered":"<p>Pure Obagi Por qu\u00e9 elegir Obagi Medical Obagi\u00ae cree que el cuidado facial es mucho m\u00e1s que corregir y prevenir. Es aprovechar al m\u00e1ximo el potencial total de tu piel.Con m\u00e1s de 30 a\u00f1os de resultados cl\u00ednicamente probados, Obagi tiene una sola visi\u00f3n: transformar la industria de la piel y liderar el terreno de un [&hellip;]<\/p>\n","protected":false},"author":1,"featured_media":0,"parent":0,"menu_order":0,"comment_status":"closed","ping_status":"closed","template":"template-fullwidth.php","meta":{"_acf_changed":false,"footnotes":""},"class_list":["post-30203","page","type-page","status-publish","hentry"],"acf":[],"_links":{"self":[{"href":"https:\/\/pureobagi.com\/es\/wp-json\/wp\/v2\/pages\/30203","targetHints":{"allow":["GET"]}}],"collection":[{"href":"https:\/\/pureobagi.com\/es\/wp-json\/wp\/v2\/pages"}],"about":[{"href":"https:\/\/pureobagi.com\/es\/wp-json\/wp\/v2\/types\/page"}],"author":[{"embeddable":true,"href":"https:\/\/pureobagi.com\/es\/wp-json\/wp\/v2\/users\/1"}],"replies":[{"embeddable":true,"href":"https:\/\/pureobagi.com\/es\/wp-json\/wp\/v2\/comments?post=30203"}],"version-history":[{"count":18,"href":"https:\/\/pureobagi.com\/es\/wp-json\/wp\/v2\/pages\/30203\/revisions"}],"predecessor-version":[{"id":31189,"href":"https:\/\/pureobagi.com\/es\/wp-json\/wp\/v2\/pages\/30203\/revisions\/31189"}],"wp:attachment":[{"href":"https:\/\/pureobagi.com\/es\/wp-json\/wp\/v2\/media?parent=30203"}],"curies":[{"name":"wp","href":"https:\/\/api.w.org\/{rel}","templated":true}]}}