{"id":29265,"date":"2020-10-14T13:02:26","date_gmt":"2020-10-14T12:02:26","guid":{"rendered":"https:\/\/pureobagi.com\/product\/obagi-c-fx-c-exfoliating-day-lotion\/"},"modified":"2023-01-10T12:36:32","modified_gmt":"2023-01-10T12:36:32","slug":"obagi-c-exfoliating-day-lotion","status":"publish","type":"product","link":"https:\/\/pureobagi.com\/es\/producto\/obagi-c-exfoliating-day-lotion\/","title":{"rendered":"Obagi-C\u00ae Fx C-Exfoliating Day Lotion"},"content":{"rendered":"<p><strong>Mejora el tono de la piel, su textura y luminosidad con Obagi-C\u00ae Fx Exfoliating Day Lotion. Esta loci\u00f3n reduce el aspecto de las manchas oscuras y la piel apagada, exfoli\u00e1ndola con suavidad para revelar una piel nueva, m\u00e1s luminosa y de aspecto m\u00e1s sano.<\/strong><\/p>\n<p>Obagi-C\u00ae Fx C-Exfoliating Day Lotion es una crema hidratante ligera que, al usarla a diario, ayudar\u00e1 a iluminar y obtener un tono uniforme sobre la piel exfoliada. Tan suave que puede utilizarse a diario, sin secar, descamar o irritar la piel.<\/p>\n<p>Revela una piel nueva, m\u00e1s suave y luminosa con Obagi-C\u00ae Fx C-Exfoliating Day Lotion. Contiene \u00e1cido glic\u00f3lico, un poderoso AHA que exfolia qu\u00edmicamente la piel y aumenta la renovaci\u00f3n celular. La f\u00f3rmula tambi\u00e9n incluye extracto de camomila para combatir la inflamaci\u00f3n e ingredientes hidratantes como glicerina y \u00e1cido hialur\u00f3nico para mejorar el contenido de hidrataci\u00f3n de la piel, densificar la piel y reducir el aspecto de arrugas y l\u00edneas de expresi\u00f3n.<\/p>\n<p>Obagi-C\u00ae Fx C-Exfoliating Day Lotion tambi\u00e9n contiene un 10&nbsp;% de \u00e1cido asc\u00f3rbico (vitamina C) para iluminar y unificar el tono de piel, aportando una luminosidad instant\u00e1nea. La vitamina C tambi\u00e9n ayuda a reducir la apariencia de las arrugas y l\u00edneas de expresi\u00f3n, mejora la producci\u00f3n de col\u00e1geno y protege la piel contra da\u00f1os futuros causados por los radicales libres.<\/p>\n<p>Obagi-C\u00ae Fx C-Exfoliating Day Lotion es un paso crucial en el sistema Obagi-C\u00ae Fx para piel de normal a seca, volviendo tu cutis m\u00e1s radiante, rejuvenecido y con un aspecto m\u00e1s sano.<\/p>\n<p>*Alerta sobre quemaduras solares: este producto contiene alfa hidroxi\u00e1cido (AHA) que puede aumentar la sensibilidad de la piel al sol y en concreto la aparici\u00f3n de quemaduras solares. Utiliza un protector solar, lleva ropa protectora y limita la exposici\u00f3n al sol cuando utilices este producto o durante toda una semana despu\u00e9s de usarlo.<\/p>\n","protected":false},"excerpt":{"rendered":"<p>Mejora el tono de la piel, su textura y luminosidad con Obagi-C\u00ae Fx Exfoliating Day Lotion. Esta loci\u00f3n reduce el aspecto de las manchas oscuras y la piel apagada, exfoli\u00e1ndola con suavidad para revelar una piel nueva, m\u00e1s luminosa y de aspecto m\u00e1s sano. Obagi-C\u00ae Fx C-Exfoliating Day Lotion es una crema hidratante ligera que, [&hellip;]<\/p>\n","protected":false},"featured_media":36243,"comment_status":"open","ping_status":"closed","template":"","meta":{"_acf_changed":false},"product_brand":[],"product_cat":[444,430,445,433,446,434,436,437,438,439,441,442,427,443,429],"product_tag":[],"class_list":{"0":"post-29265","1":"product","2":"type-product","3":"status-publish","4":"has-post-thumbnail","6":"product_cat-piel-mixta","7":"product_cat-piel-sensible","8":"product_cat-normal-skin-es","9":"product_cat-piel-seca","10":"product_cat-rosacea-es","11":"product_cat-hiperpigmentacion","12":"product_cat-vitamina-c","13":"product_cat-piel-apagada","14":"product_cat-exfoliantes","15":"product_cat-danos-solares","16":"product_cat-piel-envejecida-incluyendo-arrugas-y-lineas-de-expresion","17":"product_cat-piel-madura","18":"product_cat-obagi-c-fx-system-es","19":"product_cat-piel-rugosa","20":"product_cat-piel-grasa","22":"first","23":"instock","24":"taxable","25":"shipping-taxable","26":"purchasable","27":"product-type-simple"},"acf":[],"_links":{"self":[{"href":"https:\/\/pureobagi.com\/es\/wp-json\/wp\/v2\/product\/29265","targetHints":{"allow":["GET"]}}],"collection":[{"href":"https:\/\/pureobagi.com\/es\/wp-json\/wp\/v2\/product"}],"about":[{"href":"https:\/\/pureobagi.com\/es\/wp-json\/wp\/v2\/types\/product"}],"replies":[{"embeddable":true,"href":"https:\/\/pureobagi.com\/es\/wp-json\/wp\/v2\/comments?post=29265"}],"wp:featuredmedia":[{"embeddable":true,"href":"https:\/\/pureobagi.com\/es\/wp-json\/wp\/v2\/media\/36243"}],"wp:attachment":[{"href":"https:\/\/pureobagi.com\/es\/wp-json\/wp\/v2\/media?parent=29265"}],"wp:term":[{"taxonomy":"product_brand","embeddable":true,"href":"https:\/\/pureobagi.com\/es\/wp-json\/wp\/v2\/product_brand?post=29265"},{"taxonomy":"product_cat","embeddable":true,"href":"https:\/\/pureobagi.com\/es\/wp-json\/wp\/v2\/product_cat?post=29265"},{"taxonomy":"product_tag","embeddable":true,"href":"https:\/\/pureobagi.com\/es\/wp-json\/wp\/v2\/product_tag?post=29265"}],"curies":[{"name":"wp","href":"https:\/\/api.w.org\/{rel}","templated":true}]}}