{"id":29267,"date":"2020-10-14T14:18:50","date_gmt":"2020-10-14T13:18:50","guid":{"rendered":"https:\/\/pureobagi.com\/product\/obagi360-hydrafactor-broad-spectrum-spf-30\/"},"modified":"2026-04-13T09:58:22","modified_gmt":"2026-04-13T08:58:22","slug":"obagi-hydrafactor-spf30","status":"publish","type":"product","link":"https:\/\/pureobagi.com\/es\/producto\/obagi-hydrafactor-spf30\/","title":{"rendered":"Obagi360 HydraFactor\u00ae Broad Spectrum SPF 30"},"content":{"rendered":"<p><strong>OBAGI360 HydraFactor\u00ae Broad Spectrum SPF 30<\/strong> es una hidratante 2 en 1 con protecci\u00f3n solar que ofrece hidrataci\u00f3n instant\u00e1nea durante todo el d\u00eda, adem\u00e1s de proteger y prevenir los da\u00f1os de los rayos UVA y UVB broad spectrum.<\/p>\n<p>Saca el m\u00e1ximo partido a tu hidratante con OBAGI360 HydraFactor\u00ae Broad Spectrum SPF 30.<\/p>\n<p>Esta hidratante de doble funci\u00f3n con protecci\u00f3n SPF es ideal para su uso diario, aportando a tu piel una hidrataci\u00f3n duradera que calma e ilumina al instante la piel, mientras que la protecci\u00f3n broad spectrum contra los rayos UVA y UVB ayuda a prevenir y proteger contra los da\u00f1os solares.<\/p>\n<p>OBAGI360 HydraFactor\u00ae Broad Spectrum SPF 30 est\u00e1 dise\u00f1ado para proteger la piel al absorber los rayos ultravioletas y liberarlos fuera del cuerpo. La glicerina y el ingrediente innovador hidromanilo (derivado de la semilla de tara) aportan una hidrataci\u00f3n instant\u00e1nea; la piel se mantiene hidratada durante todo el d\u00eda y luce un aspecto juvenil y un brillo sano.<\/p>\n<p>OBAGI360 HydraFactor\u00ae Broad Spectrum SPF 30 tambi\u00e9n contiene ingredientes antiinflamatorios para fomentar la elasticidad de la piel, mejorar las arrugas y l\u00edneas de expresi\u00f3n, y combatir otros signos de envejecimiento de la piel.<\/p>\n<p>Uso recomendado como parte del OBAGI360\u00ae System, la crema hidratante con protecci\u00f3n solar 2 en 1 es ideal para quienes desean tratar proactivamente los signos iniciales del envejecimiento de la piel y defenderla contra da\u00f1os futuros.<\/p>\n","protected":false},"excerpt":{"rendered":"<p>OBAGI360 HydraFactor\u00ae Broad Spectrum SPF 30 es una hidratante 2 en 1 con protecci\u00f3n solar que ofrece hidrataci\u00f3n instant\u00e1nea durante todo el d\u00eda, adem\u00e1s de proteger y prevenir los da\u00f1os de los rayos UVA y UVB broad spectrum. Saca el m\u00e1ximo partido a tu hidratante con OBAGI360 HydraFactor\u00ae Broad Spectrum SPF 30. Esta hidratante de [&hellip;]<\/p>\n","protected":false},"featured_media":36780,"comment_status":"open","ping_status":"closed","template":"","meta":{"_acf_changed":false},"product_brand":[],"product_cat":[435,437,439,442,443,444,445,447,448,432,449,433],"product_tag":[],"class_list":{"0":"post-29267","1":"product","2":"type-product","3":"status-publish","4":"has-post-thumbnail","6":"product_cat-moisturisers-hydrators-es","7":"product_cat-piel-apagada","8":"product_cat-danos-solares","9":"product_cat-piel-madura","10":"product_cat-piel-rugosa","11":"product_cat-piel-mixta","12":"product_cat-normal-skin-es","13":"product_cat-piel-deshidratada","14":"product_cat-proteccion-solar","15":"product_cat-obagi360-system-es","16":"product_cat-obagi-sun-protection-es","17":"product_cat-piel-seca","19":"first","20":"instock","21":"taxable","22":"shipping-taxable","23":"purchasable","24":"product-type-simple"},"acf":[],"_links":{"self":[{"href":"https:\/\/pureobagi.com\/es\/wp-json\/wp\/v2\/product\/29267","targetHints":{"allow":["GET"]}}],"collection":[{"href":"https:\/\/pureobagi.com\/es\/wp-json\/wp\/v2\/product"}],"about":[{"href":"https:\/\/pureobagi.com\/es\/wp-json\/wp\/v2\/types\/product"}],"replies":[{"embeddable":true,"href":"https:\/\/pureobagi.com\/es\/wp-json\/wp\/v2\/comments?post=29267"}],"wp:featuredmedia":[{"embeddable":true,"href":"https:\/\/pureobagi.com\/es\/wp-json\/wp\/v2\/media\/36780"}],"wp:attachment":[{"href":"https:\/\/pureobagi.com\/es\/wp-json\/wp\/v2\/media?parent=29267"}],"wp:term":[{"taxonomy":"product_brand","embeddable":true,"href":"https:\/\/pureobagi.com\/es\/wp-json\/wp\/v2\/product_brand?post=29267"},{"taxonomy":"product_cat","embeddable":true,"href":"https:\/\/pureobagi.com\/es\/wp-json\/wp\/v2\/product_cat?post=29267"},{"taxonomy":"product_tag","embeddable":true,"href":"https:\/\/pureobagi.com\/es\/wp-json\/wp\/v2\/product_tag?post=29267"}],"curies":[{"name":"wp","href":"https:\/\/api.w.org\/{rel}","templated":true}]}}