{"id":29268,"date":"2020-10-14T16:20:25","date_gmt":"2020-10-14T15:20:25","guid":{"rendered":"https:\/\/pureobagi.com\/product\/obagi-professional-c-serum-10\/"},"modified":"2023-05-03T21:45:25","modified_gmt":"2023-05-03T20:45:25","slug":"obagi-professional-c-serum-10","status":"publish","type":"product","link":"https:\/\/pureobagi.com\/es\/producto\/obagi-professional-c-serum-10\/","title":{"rendered":"Obagi Professional-C\u00ae Serum 10%"},"content":{"rendered":"<p><strong>Obagi Professional-C<sup>\u00ae<\/sup> Serum 10% aporta una protecci\u00f3n suave antioxidante y una luminosidad instant\u00e1nea. Apto para pieles secas, irritadas o sensibles.<\/strong><\/p>\n<p>Obagi Professional-C<sup>\u00ae<\/sup> Serum 10% es una f\u00f3rmula rica en vitamina C concentrada que penetra de inmediato en la piel para ofrecer unos resultados \u00f3ptimos.  El s\u00e9rum facial&nbsp;contiene un 10&nbsp;% de \u00e1cido L-asc\u00f3rbico (vitamina C) y es muy suave con la piel irritada o sensible.<\/p>\n<p>La adici\u00f3n de vitamina C a tu rutina de cuidado facial aporta numerosas ventajas a tu piel. La vitamina C estimula la nueva producci\u00f3n de col\u00e1geno, reduce las arrugas y l\u00edneas de expresi\u00f3n y protege tu piel de los da\u00f1inos radicales libres y la exposici\u00f3n a los rayos ultravioletas.<\/p>\n<p>Al usarlo con un sistema de cuidado facial completo, Obagi Professional-C<sup>\u00ae<\/sup> 10% Serum puede ayudar a conservar la humedad de la piel y reducir la inflamaci\u00f3n.<\/p>\n<p>\u00bfLo sab\u00edas? El \u00e1cido L-asc\u00f3rbico es la forma m\u00e1s potente de vitamina C y ayuda a calmar e iluminar la piel, a la vez que retiene la humedad, aportando un brillo inmediato.<\/p>\n","protected":false},"excerpt":{"rendered":"<p>Obagi Professional-C\u00ae Serum 10% aporta una protecci\u00f3n suave antioxidante y una luminosidad instant\u00e1nea. Apto para pieles secas, irritadas o sensibles. Obagi Professional-C\u00ae Serum 10% es una f\u00f3rmula rica en vitamina C concentrada que penetra de inmediato en la piel para ofrecer unos resultados \u00f3ptimos. El s\u00e9rum facial&nbsp;contiene un 10&nbsp;% de \u00e1cido L-asc\u00f3rbico (vitamina C) y [&hellip;]<\/p>\n","protected":false},"featured_media":36196,"comment_status":"open","ping_status":"closed","template":"","meta":{"_acf_changed":false},"product_brand":[],"product_cat":[445,430,446,433,447,434,452,436,437,439,440,441,442,444],"product_tag":[],"class_list":{"0":"post-29268","1":"product","2":"type-product","3":"status-publish","4":"has-post-thumbnail","6":"product_cat-normal-skin-es","7":"product_cat-piel-sensible","8":"product_cat-rosacea-es","9":"product_cat-piel-seca","10":"product_cat-piel-deshidratada","11":"product_cat-hiperpigmentacion","12":"product_cat-los-mas-vendidos","13":"product_cat-vitamina-c","14":"product_cat-piel-apagada","15":"product_cat-danos-solares","16":"product_cat-professional-c-portfolio-es","17":"product_cat-piel-envejecida-incluyendo-arrugas-y-lineas-de-expresion","18":"product_cat-piel-madura","19":"product_cat-piel-mixta","21":"first","22":"instock","23":"taxable","24":"shipping-taxable","25":"purchasable","26":"product-type-simple"},"acf":[],"_links":{"self":[{"href":"https:\/\/pureobagi.com\/es\/wp-json\/wp\/v2\/product\/29268","targetHints":{"allow":["GET"]}}],"collection":[{"href":"https:\/\/pureobagi.com\/es\/wp-json\/wp\/v2\/product"}],"about":[{"href":"https:\/\/pureobagi.com\/es\/wp-json\/wp\/v2\/types\/product"}],"replies":[{"embeddable":true,"href":"https:\/\/pureobagi.com\/es\/wp-json\/wp\/v2\/comments?post=29268"}],"wp:featuredmedia":[{"embeddable":true,"href":"https:\/\/pureobagi.com\/es\/wp-json\/wp\/v2\/media\/36196"}],"wp:attachment":[{"href":"https:\/\/pureobagi.com\/es\/wp-json\/wp\/v2\/media?parent=29268"}],"wp:term":[{"taxonomy":"product_brand","embeddable":true,"href":"https:\/\/pureobagi.com\/es\/wp-json\/wp\/v2\/product_brand?post=29268"},{"taxonomy":"product_cat","embeddable":true,"href":"https:\/\/pureobagi.com\/es\/wp-json\/wp\/v2\/product_cat?post=29268"},{"taxonomy":"product_tag","embeddable":true,"href":"https:\/\/pureobagi.com\/es\/wp-json\/wp\/v2\/product_tag?post=29268"}],"curies":[{"name":"wp","href":"https:\/\/api.w.org\/{rel}","templated":true}]}}