{"id":29269,"date":"2020-10-14T12:34:50","date_gmt":"2020-10-14T11:34:50","guid":{"rendered":"https:\/\/pureobagi.com\/product\/obagi-nu-derm-fx-exfoderm-forte\/"},"modified":"2023-03-10T17:12:18","modified_gmt":"2023-03-10T17:12:18","slug":"obagi-nu-derm-exfoderm-forte","status":"publish","type":"product","link":"https:\/\/pureobagi.com\/es\/producto\/obagi-nu-derm-exfoderm-forte\/","title":{"rendered":"Obagi Nu-Derm\u00ae Fx Exfoderm\u00ae Forte"},"content":{"rendered":"<p><strong>Obagi Nu-Derm<sup>\u00ae<\/sup> Fx Exfoderm<sup>\u00ae<\/sup> Forte<\/strong> exfolia, aumenta la renovaci\u00f3n celular de la piel y revela un cutis nuevo y m\u00e1s luminoso. Se recomienda utilizar como parte del sistema Obagi Nu-Derm Fx<sup>\u00ae<\/sup> para pie normal a grasa.<\/p>\n<p>Obagi Nu-Derm<sup>\u00ae<\/sup> Fx Exfoderm<sup>\u00ae<\/sup> Forte exfolia las c\u00e9lulas de piel muerta o apagada para revelar un cutis m\u00e1s suave y radiante.<\/p>\n<p>Con los alfa hidroxi\u00e1cidos \u00e1cido glic\u00f3lico y \u00e1cido l\u00e1ctico, Obagi Nu-Derm<sup>\u00ae<\/sup> Exfoderm<sup>\u00ae<\/sup> Forte ayuda a disminuir las manchas oscuras y del sol, as\u00ed como otros signos de envejecimiento de la piel.<\/p>\n<p>Obagi Nu-Derm<sup>\u00ae<\/sup> Exfoderm<sup>\u00ae<\/sup> Forte #4 est\u00e1 formulado para piel normal a grasa. Como paso importante en el sistema Obagi Nu-Derm Fx<sup>\u00ae<\/sup>, su uso junto a la l\u00ednea de productos del sistema te ayuda a obtener una piel m\u00e1s radiante, luminosa y de aspecto m\u00e1s sano.<\/p>\n","protected":false},"excerpt":{"rendered":"<p>Obagi Nu-Derm\u00ae Fx Exfoderm\u00ae Forte exfolia, aumenta la renovaci\u00f3n celular de la piel y revela un cutis nuevo y m\u00e1s luminoso. Se recomienda utilizar como parte del sistema Obagi Nu-Derm Fx\u00ae para pie normal a grasa. Obagi Nu-Derm\u00ae Fx Exfoderm\u00ae Forte exfolia las c\u00e9lulas de piel muerta o apagada para revelar un cutis m\u00e1s suave [&hellip;]<\/p>\n","protected":false},"featured_media":38573,"comment_status":"open","ping_status":"closed","template":"","meta":{"_acf_changed":false},"product_brand":[],"product_cat":[452,431,434,437,438,439,441,442,443,444,426,445,429],"product_tag":[],"class_list":{"0":"post-29269","1":"product","2":"type-product","3":"status-publish","4":"has-post-thumbnail","6":"product_cat-los-mas-vendidos","7":"product_cat-piel-propensa-al-acne","8":"product_cat-hiperpigmentacion","9":"product_cat-piel-apagada","10":"product_cat-exfoliantes","11":"product_cat-danos-solares","12":"product_cat-piel-envejecida-incluyendo-arrugas-y-lineas-de-expresion","13":"product_cat-piel-madura","14":"product_cat-piel-rugosa","15":"product_cat-piel-mixta","16":"product_cat-nu-derm-fx-system-es","17":"product_cat-normal-skin-es","18":"product_cat-piel-grasa","20":"first","21":"instock","22":"taxable","23":"shipping-taxable","24":"purchasable","25":"product-type-simple"},"acf":[],"_links":{"self":[{"href":"https:\/\/pureobagi.com\/es\/wp-json\/wp\/v2\/product\/29269","targetHints":{"allow":["GET"]}}],"collection":[{"href":"https:\/\/pureobagi.com\/es\/wp-json\/wp\/v2\/product"}],"about":[{"href":"https:\/\/pureobagi.com\/es\/wp-json\/wp\/v2\/types\/product"}],"replies":[{"embeddable":true,"href":"https:\/\/pureobagi.com\/es\/wp-json\/wp\/v2\/comments?post=29269"}],"wp:featuredmedia":[{"embeddable":true,"href":"https:\/\/pureobagi.com\/es\/wp-json\/wp\/v2\/media\/38573"}],"wp:attachment":[{"href":"https:\/\/pureobagi.com\/es\/wp-json\/wp\/v2\/media?parent=29269"}],"wp:term":[{"taxonomy":"product_brand","embeddable":true,"href":"https:\/\/pureobagi.com\/es\/wp-json\/wp\/v2\/product_brand?post=29269"},{"taxonomy":"product_cat","embeddable":true,"href":"https:\/\/pureobagi.com\/es\/wp-json\/wp\/v2\/product_cat?post=29269"},{"taxonomy":"product_tag","embeddable":true,"href":"https:\/\/pureobagi.com\/es\/wp-json\/wp\/v2\/product_tag?post=29269"}],"curies":[{"name":"wp","href":"https:\/\/api.w.org\/{rel}","templated":true}]}}