{"id":29275,"date":"2020-10-14T12:39:28","date_gmt":"2020-10-14T11:39:28","guid":{"rendered":"https:\/\/pureobagi.com\/product\/obagi-nu-derm-blend-fx\/"},"modified":"2023-05-16T16:58:37","modified_gmt":"2023-05-16T15:58:37","slug":"obagi-blend-fx","status":"publish","type":"product","link":"https:\/\/pureobagi.com\/es\/producto\/obagi-blend-fx\/","title":{"rendered":"Obagi Nu-Derm\u00ae Blend Fx"},"content":{"rendered":"<p>La crema iluminadora de la piel <strong>Obagi Nu-Derm<sup>\u00ae<\/sup> Blend Fx est\u00e1 formulada con un 7&nbsp;% de arbutina y \u00e1cido l\u00e1ctico, AHA, para exfoliar, aclarar e iluminar la piel. Blend Fx es el paso n\u00famero 5 del sistema Obagi Nu-Derm Fx<sup>\u00ae<\/sup> para tratar las arrugas y l\u00edneas de expresi\u00f3n, la laxitud de la piel, piel con textura \u00e1spera y poco uniforme y el acn\u00e9 en adultos.<\/strong><\/p>\n<p>Obagi Nu-Derm<sup>\u00ae <\/sup>Blend Fx utiliza la arbutina, un extracto vegetal natural que trata los signos de la hiperpigmentaci\u00f3n.<\/p>\n<p>El 7&nbsp;% de arbutina ilumina ligeramente tu piel, reduciendo el aspecto de las manchas solares y de la edad, el melasma y las manchas oscuras de la decoloraci\u00f3n que suelen producir los brotes de acn\u00e9.<\/p>\n<p>Obagi Nu-Derm<sup>\u00ae <\/sup>Blend Fx ha sido dise\u00f1ado para mezclarlo con los retinoides y ayudar a su absorci\u00f3n, incluyendo Obagi<sup>\u00ae<\/sup> Retinol 0.5, que mejora el aspecto de los da\u00f1os causados por el sol que producen irritaci\u00f3n y ayuda a producir col\u00e1geno y mejorar la elasticidad de la piel.<\/p>\n<p>Obagi Nu-Derm<sup>\u00ae <\/sup>Blend Fx #5 es el quinto producto del sistema Obagi Nu-Derm Fx<sup>\u00ae<\/sup>, que funciona con el resto de productos como parte de tu rutina nocturna.<\/p>\n<p><em>*Alerta sobre quemaduras solares: este producto contiene alfa hidroxi\u00e1cido (AHA) que puede aumentar la sensibilidad de la piel al sol y en concreto la aparici\u00f3n de quemaduras solares. Utiliza un protector solar, lleva ropa protectora y limita la exposici\u00f3n al sol cuando utilices este producto o durante toda una semana despu\u00e9s de usarlo.<\/em><\/p>\n","protected":false},"excerpt":{"rendered":"<p>La crema iluminadora de la piel Obagi Nu-Derm\u00ae Blend Fx est\u00e1 formulada con un 7&nbsp;% de arbutina y \u00e1cido l\u00e1ctico, AHA, para exfoliar, aclarar e iluminar la piel. Blend Fx es el paso n\u00famero 5 del sistema Obagi Nu-Derm Fx\u00ae para tratar las arrugas y l\u00edneas de expresi\u00f3n, la laxitud de la piel, piel con [&hellip;]<\/p>\n","protected":false},"featured_media":38563,"comment_status":"open","ping_status":"closed","template":"","meta":{"_acf_changed":false},"product_brand":[],"product_cat":[444,426,445,429,446,430,447,431,450,433,434,437,439,442,443],"product_tag":[],"class_list":{"0":"post-29275","1":"product","2":"type-product","3":"status-publish","4":"has-post-thumbnail","6":"product_cat-piel-mixta","7":"product_cat-nu-derm-fx-system-es","8":"product_cat-normal-skin-es","9":"product_cat-piel-grasa","10":"product_cat-rosacea-es","11":"product_cat-piel-sensible","12":"product_cat-piel-deshidratada","13":"product_cat-piel-propensa-al-acne","14":"product_cat-iluminadores-de-la-piel","15":"product_cat-piel-seca","16":"product_cat-hiperpigmentacion","17":"product_cat-piel-apagada","18":"product_cat-danos-solares","19":"product_cat-piel-madura","20":"product_cat-piel-rugosa","22":"first","23":"instock","24":"taxable","25":"shipping-taxable","26":"purchasable","27":"product-type-simple"},"acf":[],"_links":{"self":[{"href":"https:\/\/pureobagi.com\/es\/wp-json\/wp\/v2\/product\/29275","targetHints":{"allow":["GET"]}}],"collection":[{"href":"https:\/\/pureobagi.com\/es\/wp-json\/wp\/v2\/product"}],"about":[{"href":"https:\/\/pureobagi.com\/es\/wp-json\/wp\/v2\/types\/product"}],"replies":[{"embeddable":true,"href":"https:\/\/pureobagi.com\/es\/wp-json\/wp\/v2\/comments?post=29275"}],"wp:featuredmedia":[{"embeddable":true,"href":"https:\/\/pureobagi.com\/es\/wp-json\/wp\/v2\/media\/38563"}],"wp:attachment":[{"href":"https:\/\/pureobagi.com\/es\/wp-json\/wp\/v2\/media?parent=29275"}],"wp:term":[{"taxonomy":"product_brand","embeddable":true,"href":"https:\/\/pureobagi.com\/es\/wp-json\/wp\/v2\/product_brand?post=29275"},{"taxonomy":"product_cat","embeddable":true,"href":"https:\/\/pureobagi.com\/es\/wp-json\/wp\/v2\/product_cat?post=29275"},{"taxonomy":"product_tag","embeddable":true,"href":"https:\/\/pureobagi.com\/es\/wp-json\/wp\/v2\/product_tag?post=29275"}],"curies":[{"name":"wp","href":"https:\/\/api.w.org\/{rel}","templated":true}]}}