{"id":29278,"date":"2020-10-14T16:23:21","date_gmt":"2020-10-14T15:23:21","guid":{"rendered":"https:\/\/pureobagi.com\/product\/obagi-professional-c-serum-15\/"},"modified":"2025-06-27T14:46:17","modified_gmt":"2025-06-27T13:46:17","slug":"obagi-professional-c-serum-15","status":"publish","type":"product","link":"https:\/\/pureobagi.com\/es\/producto\/obagi-professional-c-serum-15\/","title":{"rendered":"Obagi Professional-C\u00ae Serum 15%"},"content":{"rendered":"<p><strong>Obagi Professional-C<sup>\u00ae<\/sup> Serum 15% ofrece una protecci\u00f3n antioxidante muy potente y una luminosidad instant\u00e1nea. Apto para la mayor\u00eda de tipos de pieles.<\/strong><\/p>\n<p>Obagi Professional-C<sup>\u00ae<\/sup> Serum 15% es un lujoso e intenso s\u00e9rum con vitamina C, desarrollado para absorberse de inmediato y proporcionar unos resultados excelentes. Apto para la mayor\u00eda de tipos de piel.<\/p>\n<p>Obagi Professional-C<sup>\u00ae<\/sup> Serum 15% contiene un 15\u00a0% de \u00e1cido L-asc\u00f3rbico, la forma m\u00e1s potente de vitamina C, para ayudar a aliviar e iluminar la piel, adem\u00e1s de retener la humedad, aportando un brillo instant\u00e1neo.<\/p>\n<p>Al usarlo en combinaci\u00f3n con un sistema de cuidado facial completo de Obagi, Obagi Professional-C<sup>\u00ae<\/sup> Serum 15% puede ayudar a retener la humedad y reducir la inflamaci\u00f3n.<\/p>\n<p>\u00bfLo sab\u00edas? La adici\u00f3n de vitamina C a tu rutina de cuidado facial aporta numerosas ventajas a tu piel. La vitamina C estimula la nueva producci\u00f3n de col\u00e1geno, reduce las arrugas y l\u00edneas de expresi\u00f3n y protege tu piel de los da\u00f1inos radicales libres y de la exposici\u00f3n a los rayos ultravioletas.<\/p>\n<p><em>*Stock limitado disponible.<\/em><\/p>\n","protected":false},"excerpt":{"rendered":"<p>Obagi Professional-C\u00ae Serum 15% ofrece una protecci\u00f3n antioxidante muy potente y una luminosidad instant\u00e1nea. Apto para la mayor\u00eda de tipos de pieles. Obagi Professional-C\u00ae Serum 15% es un lujoso e intenso s\u00e9rum con vitamina C, desarrollado para absorberse de inmediato y proporcionar unos resultados excelentes. Apto para la mayor\u00eda de tipos de piel. Obagi Professional-C\u00ae [&hellip;]<\/p>\n","protected":false},"featured_media":36232,"comment_status":"open","ping_status":"closed","template":"","meta":{"_acf_changed":false},"product_brand":[],"product_cat":[437,439,440,441,442,444,445,447,433,434,436],"product_tag":[],"class_list":{"0":"post-29278","1":"product","2":"type-product","3":"status-publish","4":"has-post-thumbnail","6":"product_cat-piel-apagada","7":"product_cat-danos-solares","8":"product_cat-professional-c-portfolio-es","9":"product_cat-piel-envejecida-incluyendo-arrugas-y-lineas-de-expresion","10":"product_cat-piel-madura","11":"product_cat-piel-mixta","12":"product_cat-normal-skin-es","13":"product_cat-piel-deshidratada","14":"product_cat-piel-seca","15":"product_cat-hiperpigmentacion","16":"product_cat-vitamina-c","18":"first","19":"instock","20":"taxable","21":"shipping-taxable","22":"purchasable","23":"product-type-simple"},"acf":[],"_links":{"self":[{"href":"https:\/\/pureobagi.com\/es\/wp-json\/wp\/v2\/product\/29278","targetHints":{"allow":["GET"]}}],"collection":[{"href":"https:\/\/pureobagi.com\/es\/wp-json\/wp\/v2\/product"}],"about":[{"href":"https:\/\/pureobagi.com\/es\/wp-json\/wp\/v2\/types\/product"}],"replies":[{"embeddable":true,"href":"https:\/\/pureobagi.com\/es\/wp-json\/wp\/v2\/comments?post=29278"}],"wp:featuredmedia":[{"embeddable":true,"href":"https:\/\/pureobagi.com\/es\/wp-json\/wp\/v2\/media\/36232"}],"wp:attachment":[{"href":"https:\/\/pureobagi.com\/es\/wp-json\/wp\/v2\/media?parent=29278"}],"wp:term":[{"taxonomy":"product_brand","embeddable":true,"href":"https:\/\/pureobagi.com\/es\/wp-json\/wp\/v2\/product_brand?post=29278"},{"taxonomy":"product_cat","embeddable":true,"href":"https:\/\/pureobagi.com\/es\/wp-json\/wp\/v2\/product_cat?post=29278"},{"taxonomy":"product_tag","embeddable":true,"href":"https:\/\/pureobagi.com\/es\/wp-json\/wp\/v2\/product_tag?post=29278"}],"curies":[{"name":"wp","href":"https:\/\/api.w.org\/{rel}","templated":true}]}}