{"id":29279,"date":"2020-10-14T15:51:41","date_gmt":"2020-10-14T14:51:41","guid":{"rendered":"https:\/\/pureobagi.com\/product\/obagi-clenziderm-daily-care-foaming-cleanser\/"},"modified":"2023-05-15T01:26:41","modified_gmt":"2023-05-15T00:26:41","slug":"clenziderm-daily-care-foaming-cleanser","status":"publish","type":"product","link":"https:\/\/pureobagi.com\/es\/producto\/clenziderm-daily-care-foaming-cleanser\/","title":{"rendered":"Obagi CLENZIderm Daily Care Foaming Cleanser"},"content":{"rendered":"<p><strong>Obagi CLENZIderm M.D.\u00ae Daily Care Foaming Cleanser con un 2&nbsp;% de \u00e1cido salic\u00edlico limpia con eficacia los poros obstruidos para reducir la posibilidad de que se formen granitos o lesiones.<\/strong><\/p>\n<p>Obagi CLENZIderm M.D.\u00ae Daily Care Foaming Cleanser es un limpiador de f\u00f3rmula ligera con un 2&nbsp;% de \u00e1cido salic\u00edlico que abre los poros y limpia las c\u00e9lulas de piel muerta.<\/p>\n<p>El \u00e1cido salic\u00edlico funciona de forma eficaz para disolver las c\u00e9lulas muertas de la piel, y la grasa que puede obstruir los poros y causar acn\u00e9, incluyendo puntos negros, granos y espinillas.<\/p>\n<p>Tan suave que se puede utilizar ma\u00f1ana y noche, Obagi CLENZIderm M.D.\u00ae Daily Care Foaming Cleanser es un limpiador facial que deja la piel limpia y fresca, sin sensaci\u00f3n seca, tirante o descamada. El mentol ayuda a aliviar la piel irritada.<\/p>\n<p><em>\u00bfLo sab\u00edas?<\/em> El \u00e1cido salic\u00edlico trabaja para llegar a los poros m\u00e1s profundos, evitando que los fol\u00edculos de vello se obstruyan y mejorando la absorci\u00f3n y la penetraci\u00f3n de los siguientes ingredientes clave.<\/p>\n","protected":false},"excerpt":{"rendered":"<p>Obagi CLENZIderm M.D.\u00ae Daily Care Foaming Cleanser con un 2&nbsp;% de \u00e1cido salic\u00edlico limpia con eficacia los poros obstruidos para reducir la posibilidad de que se formen granitos o lesiones. Obagi CLENZIderm M.D.\u00ae Daily Care Foaming Cleanser es un limpiador de f\u00f3rmula ligera con un 2&nbsp;% de \u00e1cido salic\u00edlico que abre los poros y limpia [&hellip;]<\/p>\n","protected":false},"featured_media":38558,"comment_status":"open","ping_status":"closed","template":"","meta":{"_acf_changed":false},"product_brand":[],"product_cat":[434,444,451,452,453,428,429,431],"product_tag":[],"class_list":{"0":"post-29279","1":"product","2":"type-product","3":"status-publish","4":"has-post-thumbnail","6":"product_cat-hiperpigmentacion","7":"product_cat-piel-mixta","8":"product_cat-piel-con-maskne","9":"product_cat-los-mas-vendidos","10":"product_cat-clenziderm-m-d","11":"product_cat-limpiadores","12":"product_cat-piel-grasa","13":"product_cat-piel-propensa-al-acne","15":"first","16":"instock","17":"taxable","18":"shipping-taxable","19":"purchasable","20":"product-type-simple"},"acf":[],"_links":{"self":[{"href":"https:\/\/pureobagi.com\/es\/wp-json\/wp\/v2\/product\/29279","targetHints":{"allow":["GET"]}}],"collection":[{"href":"https:\/\/pureobagi.com\/es\/wp-json\/wp\/v2\/product"}],"about":[{"href":"https:\/\/pureobagi.com\/es\/wp-json\/wp\/v2\/types\/product"}],"replies":[{"embeddable":true,"href":"https:\/\/pureobagi.com\/es\/wp-json\/wp\/v2\/comments?post=29279"}],"wp:featuredmedia":[{"embeddable":true,"href":"https:\/\/pureobagi.com\/es\/wp-json\/wp\/v2\/media\/38558"}],"wp:attachment":[{"href":"https:\/\/pureobagi.com\/es\/wp-json\/wp\/v2\/media?parent=29279"}],"wp:term":[{"taxonomy":"product_brand","embeddable":true,"href":"https:\/\/pureobagi.com\/es\/wp-json\/wp\/v2\/product_brand?post=29279"},{"taxonomy":"product_cat","embeddable":true,"href":"https:\/\/pureobagi.com\/es\/wp-json\/wp\/v2\/product_cat?post=29279"},{"taxonomy":"product_tag","embeddable":true,"href":"https:\/\/pureobagi.com\/es\/wp-json\/wp\/v2\/product_tag?post=29279"}],"curies":[{"name":"wp","href":"https:\/\/api.w.org\/{rel}","templated":true}]}}