{"id":29287,"date":"2020-10-14T12:11:19","date_gmt":"2020-10-14T11:11:19","guid":{"rendered":"https:\/\/pureobagi.com\/product\/obagi-nu-derm-fx-toner\/"},"modified":"2023-05-22T07:24:24","modified_gmt":"2023-05-22T06:24:24","slug":"obagi-nu-derm-toner","status":"publish","type":"product","link":"https:\/\/pureobagi.com\/es\/producto\/obagi-nu-derm-toner\/","title":{"rendered":"Obagi Nu-Derm\u00ae Fx Toner"},"content":{"rendered":"<p><strong>Obagi Nu-Derm<sup>\u00ae<\/sup> Fx Toner es un t\u00f3nico que no reseca la piel y que corrige los niveles de pH de tu piel, ayud\u00e1ndote a dejarla m\u00e1s luminosa, suave y con un aspecto m\u00e1s sano al utilizarlo como parte del sistema Obagi Nu-Derm Fx<sup>\u00ae<\/sup>. Sin alcohol. <\/strong><\/p>\n<p>Obagi Toner #2 ha sido especialmente formulado para su uso despu\u00e9s de Obagi Nu-Derm<sup>\u00ae<\/sup> Gentle Cleanser o de Obagi Nu-Derm<sup>\u00ae<\/sup> Foaming Gel para reequilibrar la piel antes de la aplicaci\u00f3n de otros productos. La preparaci\u00f3n eficaz de tu piel, con un limpiador y un t\u00f3nico, cada ma\u00f1ana y cada noche te ayudar\u00e1n a obtener una piel m\u00e1s luminosa y de aspecto m\u00e1s sano al utilizarlos con Obagi Nu-Derm Fx<sup>\u00ae<\/sup>.<\/p>\n<p>Con ingredientes clave, como hamamelis, conocido por tensar la piel, y aloe, que la suaviza.<\/p>\n<p><em>\u00bfLo sab\u00edas?<\/em> La piel adulta suele ser ligeramente \u00e1cida, por lo que es necesario mantener un equilibrio para evitar que se vuelva demasiado alcalina, y por tanto seca y sensible.<\/p>\n","protected":false},"excerpt":{"rendered":"<p>Obagi Nu-Derm\u00ae Fx Toner es un t\u00f3nico que no reseca la piel y que corrige los niveles de pH de tu piel, ayud\u00e1ndote a dejarla m\u00e1s luminosa, suave y con un aspecto m\u00e1s sano al utilizarlo como parte del sistema Obagi Nu-Derm Fx\u00ae. Sin alcohol. Obagi Toner #2 ha sido especialmente formulado para su uso [&hellip;]<\/p>\n","protected":false},"featured_media":38598,"comment_status":"open","ping_status":"closed","template":"","meta":{"_acf_changed":false},"product_brand":[],"product_cat":[442,443,444,426,445,429,454,431,433,434,437,439,441],"product_tag":[],"class_list":{"0":"post-29287","1":"product","2":"type-product","3":"status-publish","4":"has-post-thumbnail","6":"product_cat-piel-madura","7":"product_cat-piel-rugosa","8":"product_cat-piel-mixta","9":"product_cat-nu-derm-fx-system-es","10":"product_cat-normal-skin-es","11":"product_cat-piel-grasa","12":"product_cat-tonicos","13":"product_cat-piel-propensa-al-acne","14":"product_cat-piel-seca","15":"product_cat-hiperpigmentacion","16":"product_cat-piel-apagada","17":"product_cat-danos-solares","18":"product_cat-piel-envejecida-incluyendo-arrugas-y-lineas-de-expresion","20":"first","21":"instock","22":"taxable","23":"shipping-taxable","24":"purchasable","25":"product-type-simple"},"acf":[],"_links":{"self":[{"href":"https:\/\/pureobagi.com\/es\/wp-json\/wp\/v2\/product\/29287","targetHints":{"allow":["GET"]}}],"collection":[{"href":"https:\/\/pureobagi.com\/es\/wp-json\/wp\/v2\/product"}],"about":[{"href":"https:\/\/pureobagi.com\/es\/wp-json\/wp\/v2\/types\/product"}],"replies":[{"embeddable":true,"href":"https:\/\/pureobagi.com\/es\/wp-json\/wp\/v2\/comments?post=29287"}],"wp:featuredmedia":[{"embeddable":true,"href":"https:\/\/pureobagi.com\/es\/wp-json\/wp\/v2\/media\/38598"}],"wp:attachment":[{"href":"https:\/\/pureobagi.com\/es\/wp-json\/wp\/v2\/media?parent=29287"}],"wp:term":[{"taxonomy":"product_brand","embeddable":true,"href":"https:\/\/pureobagi.com\/es\/wp-json\/wp\/v2\/product_brand?post=29287"},{"taxonomy":"product_cat","embeddable":true,"href":"https:\/\/pureobagi.com\/es\/wp-json\/wp\/v2\/product_cat?post=29287"},{"taxonomy":"product_tag","embeddable":true,"href":"https:\/\/pureobagi.com\/es\/wp-json\/wp\/v2\/product_tag?post=29287"}],"curies":[{"name":"wp","href":"https:\/\/api.w.org\/{rel}","templated":true}]}}