{"id":29289,"date":"2020-10-14T16:26:23","date_gmt":"2020-10-14T15:26:23","guid":{"rendered":"https:\/\/pureobagi.com\/product\/obagi-professional-c-microdermabrasion-polish-mask\/"},"modified":"2026-04-14T16:37:38","modified_gmt":"2026-04-14T15:37:38","slug":"obagi-professional-c-microdermabrasion-polish-mask","status":"publish","type":"product","link":"https:\/\/pureobagi.com\/es\/producto\/obagi-professional-c-microdermabrasion-polish-mask\/","title":{"rendered":"Obagi Professional-C\u00ae Microdermabrasion Polish + Mask"},"content":{"rendered":"<p><strong>Obagi Professional-C<sup>\u00ae<\/sup> Microdermabrasion Polish + Mask contiene un 30&nbsp;% de \u00e1cido L-asc\u00f3rbico (vitamina C) para revelar una piel incre\u00edblemente m\u00e1s luminosa, suave y juvenil con tan solo una aplicaci\u00f3n.<\/strong><\/p>\n<p>Obagi Professional-C<sup>\u00ae<\/sup> Microdermabrasion Polish + Mask contiene los niveles m\u00e1s elevados de vitamina C del mercado, un 30&nbsp;% de \u00e1cido L-asc\u00f3rbico, para aportar a tu piel una mayor luminosidad con tan solo una aplicaci\u00f3n.<\/p>\n<p>Con un 30&nbsp;% de \u00e1cido L-asc\u00f3rbico, esta mascarilla&nbsp;exfolia y prepara la piel para lograr unos resultados instant\u00e1neos y duraderos. Los cristales ultrafinos funcionan eliminando las c\u00e9lulas de piel muerta y apagada, dejando tu piel suave y radiante, y sus ricos emolientes, junto con los aceites bot\u00e1nicos acondicionadores de la piel, minimizan la sequedad.<\/p>\n<p>Al alicar Obagi Professional-C<sup>\u00ae<\/sup> Microdermabrasion Polish + Mask en tu piel durante un m\u00e1ximo de 15 minutos aportar\u00e1s a tu piel antioxidantes, reduciendo la apariencia de las arrugas y l\u00edneas de expresi\u00f3n, unificando el tono y la textura e iluminando la piel para revelar un cutis m\u00e1s radiante y luminoso.<\/p>\n","protected":false},"excerpt":{"rendered":"<p>Obagi Professional-C\u00ae Microdermabrasion Polish + Mask contiene un 30&nbsp;% de \u00e1cido L-asc\u00f3rbico (vitamina C) para revelar una piel incre\u00edblemente m\u00e1s luminosa, suave y juvenil con tan solo una aplicaci\u00f3n. Obagi Professional-C\u00ae Microdermabrasion Polish + Mask contiene los niveles m\u00e1s elevados de vitamina C del mercado, un 30&nbsp;% de \u00e1cido L-asc\u00f3rbico, para aportar a tu piel [&hellip;]<\/p>\n","protected":false},"featured_media":8995,"comment_status":"open","ping_status":"closed","template":"","meta":{"_acf_changed":false},"product_brand":[],"product_cat":[440,441,442,443,444,429,445,433,452,436,456,437,438,439],"product_tag":[],"class_list":{"0":"post-29289","1":"product","2":"type-product","3":"status-publish","4":"has-post-thumbnail","6":"product_cat-professional-c-portfolio-es","7":"product_cat-piel-envejecida-incluyendo-arrugas-y-lineas-de-expresion","8":"product_cat-piel-madura","9":"product_cat-piel-rugosa","10":"product_cat-piel-mixta","11":"product_cat-piel-grasa","12":"product_cat-normal-skin-es","13":"product_cat-piel-seca","14":"product_cat-los-mas-vendidos","15":"product_cat-vitamina-c","16":"product_cat-tratamientos-para-rostro-y-cuello","17":"product_cat-piel-apagada","18":"product_cat-exfoliantes","19":"product_cat-danos-solares","21":"first","22":"instock","23":"featured","24":"taxable","25":"shipping-taxable","26":"purchasable","27":"product-type-simple"},"acf":[],"_links":{"self":[{"href":"https:\/\/pureobagi.com\/es\/wp-json\/wp\/v2\/product\/29289","targetHints":{"allow":["GET"]}}],"collection":[{"href":"https:\/\/pureobagi.com\/es\/wp-json\/wp\/v2\/product"}],"about":[{"href":"https:\/\/pureobagi.com\/es\/wp-json\/wp\/v2\/types\/product"}],"replies":[{"embeddable":true,"href":"https:\/\/pureobagi.com\/es\/wp-json\/wp\/v2\/comments?post=29289"}],"wp:featuredmedia":[{"embeddable":true,"href":"https:\/\/pureobagi.com\/es\/wp-json\/wp\/v2\/media\/8995"}],"wp:attachment":[{"href":"https:\/\/pureobagi.com\/es\/wp-json\/wp\/v2\/media?parent=29289"}],"wp:term":[{"taxonomy":"product_brand","embeddable":true,"href":"https:\/\/pureobagi.com\/es\/wp-json\/wp\/v2\/product_brand?post=29289"},{"taxonomy":"product_cat","embeddable":true,"href":"https:\/\/pureobagi.com\/es\/wp-json\/wp\/v2\/product_cat?post=29289"},{"taxonomy":"product_tag","embeddable":true,"href":"https:\/\/pureobagi.com\/es\/wp-json\/wp\/v2\/product_tag?post=29289"}],"curies":[{"name":"wp","href":"https:\/\/api.w.org\/{rel}","templated":true}]}}