{"id":29291,"date":"2020-10-14T15:56:48","date_gmt":"2020-10-14T14:56:48","guid":{"rendered":"https:\/\/pureobagi.com\/product\/obagi-elastiderm-eye-cream\/"},"modified":"2025-01-09T10:45:11","modified_gmt":"2025-01-09T10:45:11","slug":"obagi-elastiderm-eye-cream","status":"publish","type":"product","link":"https:\/\/pureobagi.com\/es\/producto\/obagi-elastiderm-eye-cream\/","title":{"rendered":"Obagi ELASTIderm\u00ae Eye Cream"},"content":{"rendered":"<p><strong>Obagi ELASTIderm\u00ae Eye Cream<\/strong> ha sido formulado de forma \u00fanica para reducir la apariencia de las arrugas finas y l\u00edneas de expresi\u00f3n, revelando una piel de aspecto m\u00e1s resistente alrededor de la delicada zona de los ojos en tan solo dos semanas.<\/p>\n<p>Las patas de gallo, las arrugas y l\u00edneas de expresi\u00f3n que aparecen en la delicada y fina piel del contorno de ojos, son uno de los primeros signos que se hacen visibles con el paso del tiempo. Esto se debe a la reducci\u00f3n del col\u00e1geno y la elastina en esta zona seg\u00fan nos hacemos mayores.<\/p>\n<p>Lamentablemente, a\u00f1adir una crema rica en elastina a nuestro cuidado facial no es suficiente para combatir esta p\u00e9rdida natural de elastina. La elastina debe ser creada, convertida y organizada para que beneficie a la piel.<\/p>\n<p>Obagi ELASTIderm\u00ae Eye Cream utiliza Bi-Mineral Contour Complex\u2122 patentado, una tecnolog\u00eda de avanzados ingredientes que restaura la mirada envejecida, tensa la piel ca\u00edda y aporta a tu mirada un nuevo brillo en tan solo dos semanas.<\/p>\n<p>Bi-Mineral Contour Complex\u2122 combina dos minerales, el zinc y el cobre, junto con el malonato. El Bi-Mineral Contour Complex\u2122 ha sido espec\u00edficamente dise\u00f1ado para dar apoyo a los tres pasos necesarios del desarrollo de la elastina sana: crear, convertir y organizar.<\/p>\n","protected":false},"excerpt":{"rendered":"<p>Obagi ELASTIderm\u00ae Eye Cream ha sido formulado de forma \u00fanica para reducir la apariencia de las arrugas finas y l\u00edneas de expresi\u00f3n, revelando una piel de aspecto m\u00e1s resistente alrededor de la delicada zona de los ojos en tan solo dos semanas. Las patas de gallo, las arrugas y l\u00edneas de expresi\u00f3n que aparecen en [&hellip;]<\/p>\n","protected":false},"featured_media":46770,"comment_status":"open","ping_status":"closed","template":"","meta":{"_acf_changed":false},"product_brand":[],"product_cat":[429,445,430,446,431,447,433,452,434,457,437,459,439,441,442,443,444],"product_tag":[],"class_list":{"0":"post-29291","1":"product","2":"type-product","3":"status-publish","4":"has-post-thumbnail","6":"product_cat-piel-grasa","7":"product_cat-normal-skin-es","8":"product_cat-piel-sensible","9":"product_cat-rosacea-es","10":"product_cat-piel-propensa-al-acne","11":"product_cat-piel-deshidratada","12":"product_cat-piel-seca","13":"product_cat-los-mas-vendidos","14":"product_cat-hiperpigmentacion","15":"product_cat-elastiderm-collection-es","16":"product_cat-piel-apagada","17":"product_cat-tratamientos-para-los-ojos","18":"product_cat-danos-solares","19":"product_cat-piel-envejecida-incluyendo-arrugas-y-lineas-de-expresion","20":"product_cat-piel-madura","21":"product_cat-piel-rugosa","22":"product_cat-piel-mixta","24":"first","25":"instock","26":"taxable","27":"shipping-taxable","28":"purchasable","29":"product-type-simple"},"acf":[],"_links":{"self":[{"href":"https:\/\/pureobagi.com\/es\/wp-json\/wp\/v2\/product\/29291","targetHints":{"allow":["GET"]}}],"collection":[{"href":"https:\/\/pureobagi.com\/es\/wp-json\/wp\/v2\/product"}],"about":[{"href":"https:\/\/pureobagi.com\/es\/wp-json\/wp\/v2\/types\/product"}],"replies":[{"embeddable":true,"href":"https:\/\/pureobagi.com\/es\/wp-json\/wp\/v2\/comments?post=29291"}],"wp:featuredmedia":[{"embeddable":true,"href":"https:\/\/pureobagi.com\/es\/wp-json\/wp\/v2\/media\/46770"}],"wp:attachment":[{"href":"https:\/\/pureobagi.com\/es\/wp-json\/wp\/v2\/media?parent=29291"}],"wp:term":[{"taxonomy":"product_brand","embeddable":true,"href":"https:\/\/pureobagi.com\/es\/wp-json\/wp\/v2\/product_brand?post=29291"},{"taxonomy":"product_cat","embeddable":true,"href":"https:\/\/pureobagi.com\/es\/wp-json\/wp\/v2\/product_cat?post=29291"},{"taxonomy":"product_tag","embeddable":true,"href":"https:\/\/pureobagi.com\/es\/wp-json\/wp\/v2\/product_tag?post=29291"}],"curies":[{"name":"wp","href":"https:\/\/api.w.org\/{rel}","templated":true}]}}