{"id":29294,"date":"2020-10-14T12:20:27","date_gmt":"2020-10-14T11:20:27","guid":{"rendered":"https:\/\/pureobagi.com\/product\/obagi-nu-derm-clear-fx\/"},"modified":"2026-02-17T18:13:15","modified_gmt":"2026-02-17T18:13:15","slug":"obagi-nu-derm-clear-fx","status":"publish","type":"product","link":"https:\/\/pureobagi.com\/es\/producto\/obagi-nu-derm-clear-fx\/","title":{"rendered":"Obagi Nu-Derm\u00ae Clear Fx"},"content":{"rendered":"<p>La crema iluminadora de la piel <strong>Obagi Nu-Derm<sup>\u00ae<\/sup> Clear Fx<\/strong> corrige las manchas oscuras y del sol para obtener una piel m\u00e1s luminosa, suave y de aspecto m\u00e1s sano al utilizarla como parte del sistema Obagi Nu-Derm Fx<sup>\u00ae<\/sup>.<\/p>\n<p><em>\u00bfLo sab\u00edas?<\/em> La luz ultravioleta que irradia el sol puede da\u00f1ar tu piel e incluso favorecer el envejecimiento prematuro del cutis, lo que suele llevar a la hiperpigmentaci\u00f3n.<\/p>\n<p>Obagi Nu-Derm<sup>\u00ae<\/sup> Clear Fx reduce estas manchas oscuras y conseguir un tono de piel m\u00e1s luminoso y unificado.<\/p>\n<p>Esta crema con base de arbutina para iluminar la piel trabaja con una f\u00f3rmula suave que minimiza las imperfecciones y la pigmentaci\u00f3n causados por las manchas, los brotes y los da\u00f1os producidos por el sol. Extra\u00edda de la planta gayuba, la arbutina (7&nbsp;%) utilizada en Obagi Nu-Derm<sup>\u00ae<\/sup> Clear Fx evita la producci\u00f3n de tirosinasa, la enzima de la piel responsable de la producci\u00f3n de melanina que da lugar a las manchas oscuras, tambi\u00e9n conocidas como manchas solares.<\/p>\n<p>Otros antioxidantes, como el \u00e1cido l\u00e1ctico, ayudan a mejorar el tono de piel para darle un aspecto uniforme, a la vez que protegen la piel de los radicales libres. Obagi Nu-Derm<sup>\u00ae<\/sup> Clear Fx #3 es el tercer paso en tu rutina de cuidado facial matutino al utilizarlo con el sistema Obagi Nu-Derm Fx<sup>\u00ae<\/sup>.<\/p>\n<p><em>*Contiene metabisulfito de sodio, un sulfito que puede causar reacciones de tipo al\u00e9rgico, incluyendo s\u00edntomas anafil\u00e1cticos e incluso mortales, o episodios asm\u00e1ticos menos severos en ciertas personas susceptibles. La prevalencia general de sensibilidad al sulfito en la poblaci\u00f3n es desconocida y probablemente baja. La sensibilidad al sulfito suele observarse en personas asm\u00e1ticas, m\u00e1s que en no asm\u00e1ticas.<\/em><\/p>\n","protected":false},"excerpt":{"rendered":"<p>La crema iluminadora de la piel Obagi Nu-Derm\u00ae Clear Fx corrige las manchas oscuras y del sol para obtener una piel m\u00e1s luminosa, suave y de aspecto m\u00e1s sano al utilizarla como parte del sistema Obagi Nu-Derm Fx\u00ae. \u00bfLo sab\u00edas? La luz ultravioleta que irradia el sol puede da\u00f1ar tu piel e incluso favorecer el [&hellip;]<\/p>\n","protected":false},"featured_media":36181,"comment_status":"open","ping_status":"closed","template":"","meta":{"_acf_changed":false},"product_brand":[],"product_cat":[439,442,443,444,426,445,429,446,430,447,431,450,433,452,434,437],"product_tag":[],"class_list":{"0":"post-29294","1":"product","2":"type-product","3":"status-publish","4":"has-post-thumbnail","6":"product_cat-danos-solares","7":"product_cat-piel-madura","8":"product_cat-piel-rugosa","9":"product_cat-piel-mixta","10":"product_cat-nu-derm-fx-system-es","11":"product_cat-normal-skin-es","12":"product_cat-piel-grasa","13":"product_cat-rosacea-es","14":"product_cat-piel-sensible","15":"product_cat-piel-deshidratada","16":"product_cat-piel-propensa-al-acne","17":"product_cat-iluminadores-de-la-piel","18":"product_cat-piel-seca","19":"product_cat-los-mas-vendidos","20":"product_cat-hiperpigmentacion","21":"product_cat-piel-apagada","23":"first","24":"instock","25":"taxable","26":"shipping-taxable","27":"purchasable","28":"product-type-simple"},"acf":[],"_links":{"self":[{"href":"https:\/\/pureobagi.com\/es\/wp-json\/wp\/v2\/product\/29294","targetHints":{"allow":["GET"]}}],"collection":[{"href":"https:\/\/pureobagi.com\/es\/wp-json\/wp\/v2\/product"}],"about":[{"href":"https:\/\/pureobagi.com\/es\/wp-json\/wp\/v2\/types\/product"}],"replies":[{"embeddable":true,"href":"https:\/\/pureobagi.com\/es\/wp-json\/wp\/v2\/comments?post=29294"}],"wp:featuredmedia":[{"embeddable":true,"href":"https:\/\/pureobagi.com\/es\/wp-json\/wp\/v2\/media\/36181"}],"wp:attachment":[{"href":"https:\/\/pureobagi.com\/es\/wp-json\/wp\/v2\/media?parent=29294"}],"wp:term":[{"taxonomy":"product_brand","embeddable":true,"href":"https:\/\/pureobagi.com\/es\/wp-json\/wp\/v2\/product_brand?post=29294"},{"taxonomy":"product_cat","embeddable":true,"href":"https:\/\/pureobagi.com\/es\/wp-json\/wp\/v2\/product_cat?post=29294"},{"taxonomy":"product_tag","embeddable":true,"href":"https:\/\/pureobagi.com\/es\/wp-json\/wp\/v2\/product_tag?post=29294"}],"curies":[{"name":"wp","href":"https:\/\/api.w.org\/{rel}","templated":true}]}}