{"id":29296,"date":"2020-10-14T14:05:39","date_gmt":"2020-10-14T13:05:39","guid":{"rendered":"https:\/\/pureobagi.com\/product\/obagi360-exfoliating-cleanser\/"},"modified":"2022-08-18T10:45:53","modified_gmt":"2022-08-18T09:45:53","slug":"obagi360-exfoliating-cleanser","status":"publish","type":"product","link":"https:\/\/pureobagi.com\/es\/producto\/obagi360-exfoliating-cleanser\/","title":{"rendered":"OBAGI360 Exfoliating Cleanser"},"content":{"rendered":"<p><strong>Purifica y revitaliza tu piel con Obagi360 Exfoliating Cleanser. Con perlas suaves y biodegradables, combinadas con enzimas de la fruta de la papaya, OBAGI360 Exfoliating Cleanser libera y elimina las c\u00e9lulas muertas de la piel para revelar un cutis m\u00e1s suave y radiante, ma\u00f1ana y noche.<\/strong><\/p>\n<p>Ideal para su uso entre los 20 y los 30 a\u00f1os, este limpiador exfoliante 2 en 1 es el primer paso del Obagi360 System, dise\u00f1ado para mantener el aspecto juvenil de la piel proactivamente y combatir los signos de la edad, incluyendo la decoloraci\u00f3n de la piel, la textura poco uniforme, y las arrugas y l\u00edneas de expresi\u00f3n .<\/p>\n<p>Al ser suave para su uso diario, OBAGI360 Cleanser limpia con cuidado la piel para eliminar suciedad grasa y maquillaje; adem\u00e1s sus agentes exfoliantes liberan y eliminan las c\u00e9lulas muertas de la piel que pueden obstruir los poros. Las perlas polil\u00e1cticas biodegradables realizan una exfoliaci\u00f3n mec\u00e1nica mientras que la Linked Papain, una forma innovadora y estabilizada de enzimas de la papaya, revitaliza la piel para revelar un cutis m\u00e1s suave, liso y radiante.<\/p>\n<p>Obagi360 Exfoliating Cleanser tambi\u00e9n contiene pantenol para calmar la inflamaci\u00f3n, dejando en tu fiel una sensaci\u00f3n fresca y limpia, ma\u00f1ana y noche<\/p>\n<p><em>\u00bfLo sab\u00edas?<\/em> La exfoliaci\u00f3n habitual mejora la absorci\u00f3n y la penetraci\u00f3n de los tratamientos faciales adicionales, ayud\u00e1ndote a sacar el m\u00e1ximo partido de tus productos.<\/p>\n","protected":false},"excerpt":{"rendered":"<p>Purifica y revitaliza tu piel con Obagi360 Exfoliating Cleanser. Con perlas suaves y biodegradables, combinadas con enzimas de la fruta de la papaya, OBAGI360 Exfoliating Cleanser libera y elimina las c\u00e9lulas muertas de la piel para revelar un cutis m\u00e1s suave y radiante, ma\u00f1ana y noche. Ideal para su uso entre los 20 y los [&hellip;]<\/p>\n","protected":false},"featured_media":8819,"comment_status":"open","ping_status":"closed","template":"","meta":{"_acf_changed":false},"product_brand":[],"product_cat":[438,439,441,442,428,443,429,444,431,445,432,433,434,437],"product_tag":[],"class_list":{"0":"post-29296","1":"product","2":"type-product","3":"status-publish","4":"has-post-thumbnail","6":"product_cat-exfoliantes","7":"product_cat-danos-solares","8":"product_cat-piel-envejecida-incluyendo-arrugas-y-lineas-de-expresion","9":"product_cat-piel-madura","10":"product_cat-limpiadores","11":"product_cat-piel-rugosa","12":"product_cat-piel-grasa","13":"product_cat-piel-mixta","14":"product_cat-piel-propensa-al-acne","15":"product_cat-normal-skin-es","16":"product_cat-obagi360-system-es","17":"product_cat-piel-seca","18":"product_cat-hiperpigmentacion","19":"product_cat-piel-apagada","21":"first","22":"outofstock","23":"taxable","24":"shipping-taxable","25":"purchasable","26":"product-type-simple"},"acf":[],"_links":{"self":[{"href":"https:\/\/pureobagi.com\/es\/wp-json\/wp\/v2\/product\/29296","targetHints":{"allow":["GET"]}}],"collection":[{"href":"https:\/\/pureobagi.com\/es\/wp-json\/wp\/v2\/product"}],"about":[{"href":"https:\/\/pureobagi.com\/es\/wp-json\/wp\/v2\/types\/product"}],"replies":[{"embeddable":true,"href":"https:\/\/pureobagi.com\/es\/wp-json\/wp\/v2\/comments?post=29296"}],"wp:featuredmedia":[{"embeddable":true,"href":"https:\/\/pureobagi.com\/es\/wp-json\/wp\/v2\/media\/8819"}],"wp:attachment":[{"href":"https:\/\/pureobagi.com\/es\/wp-json\/wp\/v2\/media?parent=29296"}],"wp:term":[{"taxonomy":"product_brand","embeddable":true,"href":"https:\/\/pureobagi.com\/es\/wp-json\/wp\/v2\/product_brand?post=29296"},{"taxonomy":"product_cat","embeddable":true,"href":"https:\/\/pureobagi.com\/es\/wp-json\/wp\/v2\/product_cat?post=29296"},{"taxonomy":"product_tag","embeddable":true,"href":"https:\/\/pureobagi.com\/es\/wp-json\/wp\/v2\/product_tag?post=29296"}],"curies":[{"name":"wp","href":"https:\/\/api.w.org\/{rel}","templated":true}]}}