{"id":29298,"date":"2020-10-14T12:55:23","date_gmt":"2020-10-14T11:55:23","guid":{"rendered":"https:\/\/pureobagi.com\/product\/obagi-c-fx-c-cleansing-gel\/"},"modified":"2023-01-10T12:36:30","modified_gmt":"2023-01-10T12:36:30","slug":"obagi-c-cleansing-gel","status":"publish","type":"product","link":"https:\/\/pureobagi.com\/es\/producto\/obagi-c-cleansing-gel\/","title":{"rendered":"Obagi-C\u00ae Fx C-Cleansing Gel"},"content":{"rendered":"<p>Obagi-C<sup>\u00ae<\/sup> Fx C-Cleansing Gel&gt; con \u00e1cido L-asc\u00f3rbico (vitamina C) elimina de forma eficaz el maquillaje, la grasa y la suciedad para aclarar tu piel.<\/p>\n<p>Mejora tu cuidado facial con Obagi-C<sup>\u00ae<\/sup> Fx C-Cleansing Gel: un limpiador 2 en 1 que incorpora vitamina C para un cutis m\u00e1s juvenil.<\/p>\n<p>Perfecto para quien desee minimizar los signos de envejecimiento, Obagi-C<sup>\u00ae<\/sup> Fx C-Cleansing Gel incluye \u00e1cido L-asc\u00f3rbico (vitamina C) que ayuda a limpiar, aclarar y preparar la piel. La vitamina C tiene propiedades antioxidantes, que ayudan a proteger la piel de los radicales libres, reducen la apariencia de arrugas y l\u00edneas de expresi\u00f3n y complementan la producci\u00f3n de col\u00e1geno nuevo. Obagi-C<sup>\u00ae<\/sup> Fx C-Cleansing Gel tambi\u00e9n contiene jugo de extracto de la hoja de Aloe barbadensis, que hidrata y suaviza la piel para evitar la sequedad y los residuos pegajosos despu\u00e9s de su uso.<\/p>\n<p>De uso recomendado como primer paso en el sistema Obagi-C<sup>\u00ae<\/sup> Fx, Obagi-C<sup>\u00ae<\/sup> Fx C-Cleansing Gel prepara tu piel para absorber los beneficios de tu rutina de cuidado facial y conseguir un cutis m\u00e1s luminoso, uniforme y radiante.<\/p>\n<p>\u00bfLo sab\u00edas? El \u00e1cido L-asc\u00f3rbico, el tipo de vitamina C utilizada en los Obagi Medical Products, es la forma m\u00e1s potente de vitamina C.<\/p>\n","protected":false},"excerpt":{"rendered":"<p>Obagi-C\u00ae Fx C-Cleansing Gel&gt; con \u00e1cido L-asc\u00f3rbico (vitamina C) elimina de forma eficaz el maquillaje, la grasa y la suciedad para aclarar tu piel. Mejora tu cuidado facial con Obagi-C\u00ae Fx C-Cleansing Gel: un limpiador 2 en 1 que incorpora vitamina C para un cutis m\u00e1s juvenil. Perfecto para quien desee minimizar los signos de [&hellip;]<\/p>\n","protected":false},"featured_media":38633,"comment_status":"open","ping_status":"closed","template":"","meta":{"_acf_changed":false},"product_brand":[],"product_cat":[428,443,427,444,429,445,430,446,433,447,434,451,436,437,439,441,442],"product_tag":[],"class_list":{"0":"post-29298","1":"product","2":"type-product","3":"status-publish","4":"has-post-thumbnail","6":"product_cat-limpiadores","7":"product_cat-piel-rugosa","8":"product_cat-obagi-c-fx-system-es","9":"product_cat-piel-mixta","10":"product_cat-piel-grasa","11":"product_cat-normal-skin-es","12":"product_cat-piel-sensible","13":"product_cat-rosacea-es","14":"product_cat-piel-seca","15":"product_cat-piel-deshidratada","16":"product_cat-hiperpigmentacion","17":"product_cat-piel-con-maskne","18":"product_cat-vitamina-c","19":"product_cat-piel-apagada","20":"product_cat-danos-solares","21":"product_cat-piel-envejecida-incluyendo-arrugas-y-lineas-de-expresion","22":"product_cat-piel-madura","24":"first","25":"instock","26":"taxable","27":"shipping-taxable","28":"purchasable","29":"product-type-simple"},"acf":[],"_links":{"self":[{"href":"https:\/\/pureobagi.com\/es\/wp-json\/wp\/v2\/product\/29298","targetHints":{"allow":["GET"]}}],"collection":[{"href":"https:\/\/pureobagi.com\/es\/wp-json\/wp\/v2\/product"}],"about":[{"href":"https:\/\/pureobagi.com\/es\/wp-json\/wp\/v2\/types\/product"}],"replies":[{"embeddable":true,"href":"https:\/\/pureobagi.com\/es\/wp-json\/wp\/v2\/comments?post=29298"}],"wp:featuredmedia":[{"embeddable":true,"href":"https:\/\/pureobagi.com\/es\/wp-json\/wp\/v2\/media\/38633"}],"wp:attachment":[{"href":"https:\/\/pureobagi.com\/es\/wp-json\/wp\/v2\/media?parent=29298"}],"wp:term":[{"taxonomy":"product_brand","embeddable":true,"href":"https:\/\/pureobagi.com\/es\/wp-json\/wp\/v2\/product_brand?post=29298"},{"taxonomy":"product_cat","embeddable":true,"href":"https:\/\/pureobagi.com\/es\/wp-json\/wp\/v2\/product_cat?post=29298"},{"taxonomy":"product_tag","embeddable":true,"href":"https:\/\/pureobagi.com\/es\/wp-json\/wp\/v2\/product_tag?post=29298"}],"curies":[{"name":"wp","href":"https:\/\/api.w.org\/{rel}","templated":true}]}}