{"id":29305,"date":"2020-10-14T12:23:30","date_gmt":"2020-10-14T11:23:30","guid":{"rendered":"https:\/\/pureobagi.com\/product\/obagi-nu-derm-fx-exfoderm\/"},"modified":"2023-05-30T16:23:45","modified_gmt":"2023-05-30T15:23:45","slug":"obagi-nu-derm-exfoderm","status":"publish","type":"product","link":"https:\/\/pureobagi.com\/es\/producto\/obagi-nu-derm-exfoderm\/","title":{"rendered":"Obagi Nu-Derm\u00ae Fx Exfoderm"},"content":{"rendered":"<p><strong>Obagi Nu-Derm<sup>\u00ae<\/sup> Fx Exfoderm<\/strong> exfolia, aumenta la renovaci\u00f3n celular de la piel y revela un cutis nuevo y m\u00e1s luminoso. Se recomienda utilizar como parte del sistema Obagi Nu-Derm Fx<sup>\u00ae<\/sup> para piel normal a seca.<\/p>\n<p>Obagi Nu-Derm<sup>\u00ae <\/sup>Exfoderm contiene \u00e1cido f\u00edtico, un \u00e1cido natural a base de fruta que fomenta la exfoliaci\u00f3n esencial de la capa superior de la piel. La exfoliaci\u00f3n elimina las c\u00e9lulas de piel apagada, desgastada o da\u00f1ada, revelando un cutis m\u00e1s luminoso y resplandeciente.<\/p>\n<p><em>\u00bfLo sab\u00edas?<\/em> Con el paso del tiempo, la producci\u00f3n natural de c\u00e9lulas en la piel disminuye. Pero exfoliar la piel ayuda a mantenerla suave y sana, protegi\u00e9ndola contra los factores medioambientales de cada d\u00eda. Adem\u00e1s, ayuda a acelerar el proceso de renovaci\u00f3n celular de la piel, revelando c\u00e9lulas nuevas que te ayudan a obtener los objetivos para tu piel.<\/p>\n<p>Obagi Nu-Derm<sup>\u00ae <\/sup>Exfoderm #4 es una loci\u00f3n ligera formulada para piel normal a seca y es un paso importante en el sistema Obagi Nu-Derm Fx<sup>\u00ae<\/sup>, que trabaja junto al resto de productos de la l\u00ednea para ayudarte a obtener una piel m\u00e1s luminosa y de aspecto m\u00e1s sano.<\/p>\n<p><em>*Alerta sobre quemaduras solares: este producto contiene alfa hidroxi\u00e1cido (AHA) que puede aumentar la sensibilidad de la piel al sol y en concreto la aparici\u00f3n de quemaduras solares. Utiliza un protector solar, lleva ropa protectora y limita la exposici\u00f3n al sol cuando utilices este producto o durante toda una semana despu\u00e9s de usarlo.<\/em><\/p>\n","protected":false},"excerpt":{"rendered":"<p>Obagi Nu-Derm\u00ae Fx Exfoderm exfolia, aumenta la renovaci\u00f3n celular de la piel y revela un cutis nuevo y m\u00e1s luminoso. Se recomienda utilizar como parte del sistema Obagi Nu-Derm Fx\u00ae para piel normal a seca. Obagi Nu-Derm\u00ae Exfoderm contiene \u00e1cido f\u00edtico, un \u00e1cido natural a base de fruta que fomenta la exfoliaci\u00f3n esencial de la [&hellip;]<\/p>\n","protected":false},"featured_media":37907,"comment_status":"open","ping_status":"closed","template":"","meta":{"_acf_changed":false},"product_brand":[],"product_cat":[433,437,438,441,444,446,447,451,452,426,430],"product_tag":[],"class_list":{"0":"post-29305","1":"product","2":"type-product","3":"status-publish","4":"has-post-thumbnail","6":"product_cat-piel-seca","7":"product_cat-piel-apagada","8":"product_cat-exfoliantes","9":"product_cat-piel-envejecida-incluyendo-arrugas-y-lineas-de-expresion","10":"product_cat-piel-mixta","11":"product_cat-rosacea-es","12":"product_cat-piel-deshidratada","13":"product_cat-piel-con-maskne","14":"product_cat-los-mas-vendidos","15":"product_cat-nu-derm-fx-system-es","16":"product_cat-piel-sensible","18":"first","19":"instock","20":"taxable","21":"shipping-taxable","22":"purchasable","23":"product-type-simple"},"acf":[],"_links":{"self":[{"href":"https:\/\/pureobagi.com\/es\/wp-json\/wp\/v2\/product\/29305","targetHints":{"allow":["GET"]}}],"collection":[{"href":"https:\/\/pureobagi.com\/es\/wp-json\/wp\/v2\/product"}],"about":[{"href":"https:\/\/pureobagi.com\/es\/wp-json\/wp\/v2\/types\/product"}],"replies":[{"embeddable":true,"href":"https:\/\/pureobagi.com\/es\/wp-json\/wp\/v2\/comments?post=29305"}],"wp:featuredmedia":[{"embeddable":true,"href":"https:\/\/pureobagi.com\/es\/wp-json\/wp\/v2\/media\/37907"}],"wp:attachment":[{"href":"https:\/\/pureobagi.com\/es\/wp-json\/wp\/v2\/media?parent=29305"}],"wp:term":[{"taxonomy":"product_brand","embeddable":true,"href":"https:\/\/pureobagi.com\/es\/wp-json\/wp\/v2\/product_brand?post=29305"},{"taxonomy":"product_cat","embeddable":true,"href":"https:\/\/pureobagi.com\/es\/wp-json\/wp\/v2\/product_cat?post=29305"},{"taxonomy":"product_tag","embeddable":true,"href":"https:\/\/pureobagi.com\/es\/wp-json\/wp\/v2\/product_tag?post=29305"}],"curies":[{"name":"wp","href":"https:\/\/api.w.org\/{rel}","templated":true}]}}