{"id":29307,"date":"2020-10-14T14:14:29","date_gmt":"2020-10-14T13:14:29","guid":{"rendered":"https:\/\/pureobagi.com\/product\/obagi360-retinol-0-5\/"},"modified":"2026-03-25T16:53:04","modified_gmt":"2026-03-25T16:53:04","slug":"obagi360-retinol-0-5","status":"publish","type":"product","link":"https:\/\/pureobagi.com\/es\/producto\/obagi360-retinol-0-5\/","title":{"rendered":"Obagi360\u00ae Retinol 0.5"},"content":{"rendered":"<p><strong>OBAGI360\u00ae Retinol 0.5<\/strong> es una crema con bajo nivel de retinol que ayuda a mejorar tu cutis y suaviza la textura poco uniforme, revelando una piel de aspecto m\u00e1s claro. OBAGI360\u00ae Retinol 0.5 se libera gradualmente en la piel para una irritaci\u00f3n m\u00ednima.<\/p>\n<p>OBAGI360\u00ae Retinol 0.5 reduce eficazmente el aspecto de la piel envejecida y evita futuros da\u00f1os en la piel. El uso del retinol como parte del sistema OBAGI360\u00ae System revela una piel de aspecto m\u00e1s claro y juvenil.<\/p>\n<p>OBAGI360\u00ae Retinol 0.5 funciona liberando paulatinamente el retinol en la piel para una irritaci\u00f3n m\u00ednima. El retinol, tambi\u00e9n conocido como vitamina A, es un retinoide. El retinol ayuda a fomentar la renovaci\u00f3n celular en la piel, minimizando la apariencia de la piel con texturas poco uniforme, manchas oscuras o hiperpigmentaci\u00f3n, arrugas y l\u00edneas de expresi\u00f3n para obtener una piel de aspecto m\u00e1s claro y sano.<\/p>\n<p>La crema con retinol tambi\u00e9n contiene manteca de karit\u00e9 y extracto de camomila para combatir la inflamaci\u00f3n, calmar e hidratar la piel, adem\u00e1s de reducir las rojeces y la escamaci\u00f3n. Es mejor usarlo de noche tras OBAGI360\u00ae Exfoliation Cleanser.<\/p>\n<p><em>\u00bfLo sab\u00edas?<\/em> El retinol est\u00e1 considerado como uno de los ingredientes m\u00e1s eficaces contra el envejecimiento de la piel en el sector dermatol\u00f3gico. Con el paso del tiempo, la producci\u00f3n natural de col\u00e1geno de nuestro cuerpo disminuye, pero el retinol impulsa este proceso, ayudando a que la piel siga suave, sana y protegida.<\/p>\n","protected":false},"excerpt":{"rendered":"<p>OBAGI360\u00ae Retinol 0.5 es una crema con bajo nivel de retinol que ayuda a mejorar tu cutis y suaviza la textura poco uniforme, revelando una piel de aspecto m\u00e1s claro. OBAGI360\u00ae Retinol 0.5 se libera gradualmente en la piel para una irritaci\u00f3n m\u00ednima. OBAGI360\u00ae Retinol 0.5 reduce eficazmente el aspecto de la piel envejecida y [&hellip;]<\/p>\n","protected":false},"featured_media":34502,"comment_status":"open","ping_status":"closed","template":"","meta":{"_acf_changed":false},"product_brand":[],"product_cat":[444,429,445,430,446,431,447,432,452,433,458,437,439,441,442,443],"product_tag":[],"class_list":{"0":"post-29307","1":"product","2":"type-product","3":"status-publish","4":"has-post-thumbnail","6":"product_cat-piel-mixta","7":"product_cat-piel-grasa","8":"product_cat-normal-skin-es","9":"product_cat-piel-sensible","10":"product_cat-rosacea-es","11":"product_cat-piel-propensa-al-acne","12":"product_cat-piel-deshidratada","13":"product_cat-obagi360-system-es","14":"product_cat-los-mas-vendidos","15":"product_cat-piel-seca","16":"product_cat-retinoides","17":"product_cat-piel-apagada","18":"product_cat-danos-solares","19":"product_cat-piel-envejecida-incluyendo-arrugas-y-lineas-de-expresion","20":"product_cat-piel-madura","21":"product_cat-piel-rugosa","23":"first","24":"instock","25":"taxable","26":"shipping-taxable","27":"purchasable","28":"product-type-simple"},"acf":[],"_links":{"self":[{"href":"https:\/\/pureobagi.com\/es\/wp-json\/wp\/v2\/product\/29307","targetHints":{"allow":["GET"]}}],"collection":[{"href":"https:\/\/pureobagi.com\/es\/wp-json\/wp\/v2\/product"}],"about":[{"href":"https:\/\/pureobagi.com\/es\/wp-json\/wp\/v2\/types\/product"}],"replies":[{"embeddable":true,"href":"https:\/\/pureobagi.com\/es\/wp-json\/wp\/v2\/comments?post=29307"}],"wp:featuredmedia":[{"embeddable":true,"href":"https:\/\/pureobagi.com\/es\/wp-json\/wp\/v2\/media\/34502"}],"wp:attachment":[{"href":"https:\/\/pureobagi.com\/es\/wp-json\/wp\/v2\/media?parent=29307"}],"wp:term":[{"taxonomy":"product_brand","embeddable":true,"href":"https:\/\/pureobagi.com\/es\/wp-json\/wp\/v2\/product_brand?post=29307"},{"taxonomy":"product_cat","embeddable":true,"href":"https:\/\/pureobagi.com\/es\/wp-json\/wp\/v2\/product_cat?post=29307"},{"taxonomy":"product_tag","embeddable":true,"href":"https:\/\/pureobagi.com\/es\/wp-json\/wp\/v2\/product_tag?post=29307"}],"curies":[{"name":"wp","href":"https:\/\/api.w.org\/{rel}","templated":true}]}}