{"id":29310,"date":"2020-10-14T12:58:21","date_gmt":"2020-10-14T11:58:21","guid":{"rendered":"https:\/\/pureobagi.com\/product\/obagi-c-fx-c-balancing-toner\/"},"modified":"2023-01-10T12:36:28","modified_gmt":"2023-01-10T12:36:28","slug":"obagi-c-balancing-toner","status":"publish","type":"product","link":"https:\/\/pureobagi.com\/es\/producto\/obagi-c-balancing-toner\/","title":{"rendered":"Obagi-C\u00ae Fx C-Balancing Toner"},"content":{"rendered":"<p>Obagi-C<sup>\u00ae<\/sup> Fx C-Balancing Toner ha sido formulado para iluminar la piel y ayudar a equilibrar los niveles de pH de la piel de normal a grasa.<\/p>\n<p>Formulado para piel normal a grasa, Obagi-C<sup>\u00ae<\/sup> Fx C-Balancing Toner no contiene alcohol ni reseca la piel. Con hamamelis, conocido por reducir el tama\u00f1o de los poros y tener propiedades antiinflamatorias, y con aloe que ayuda a suavizar e hidratar la piel, asegurando que la irrataci\u00f3n y la piel tirante sea algo del pasado.<\/p>\n<p>Como paso fundamental en tu rutina de cuidado facial, Obagi-C<sup>\u00ae<\/sup> Fx C-Balancing Toner prepara la piel para el siguiente paso del sistema Obagi-C<sup>\u00ae<\/sup> Fx, eliminando cualquier resto de suciedad despu\u00e9s de limpiar la piel y evita la acumulaci\u00f3n de grasa sin decaparla. Utiliza este producto ma\u00f1ana y noche para obtener una piel m\u00e1s luminosa, radiante y de aspecto m\u00e1s sano.<\/p>\n","protected":false},"excerpt":{"rendered":"<p>Obagi-C\u00ae Fx C-Balancing Toner ha sido formulado para iluminar la piel y ayudar a equilibrar los niveles de pH de la piel de normal a grasa. Formulado para piel normal a grasa, Obagi-C\u00ae Fx C-Balancing Toner no contiene alcohol ni reseca la piel. Con hamamelis, conocido por reducir el tama\u00f1o de los poros y tener [&hellip;]<\/p>\n","protected":false},"featured_media":8883,"comment_status":"open","ping_status":"closed","template":"","meta":{"_acf_changed":false},"product_brand":[],"product_cat":[445,430,446,431,447,433,454,434,436,437,439,441,442,427,444,429],"product_tag":[],"class_list":{"0":"post-29310","1":"product","2":"type-product","3":"status-publish","4":"has-post-thumbnail","6":"product_cat-normal-skin-es","7":"product_cat-piel-sensible","8":"product_cat-rosacea-es","9":"product_cat-piel-propensa-al-acne","10":"product_cat-piel-deshidratada","11":"product_cat-piel-seca","12":"product_cat-tonicos","13":"product_cat-hiperpigmentacion","14":"product_cat-vitamina-c","15":"product_cat-piel-apagada","16":"product_cat-danos-solares","17":"product_cat-piel-envejecida-incluyendo-arrugas-y-lineas-de-expresion","18":"product_cat-piel-madura","19":"product_cat-obagi-c-fx-system-es","20":"product_cat-piel-mixta","21":"product_cat-piel-grasa","23":"first","24":"instock","25":"taxable","26":"shipping-taxable","27":"purchasable","28":"product-type-simple"},"acf":[],"_links":{"self":[{"href":"https:\/\/pureobagi.com\/es\/wp-json\/wp\/v2\/product\/29310","targetHints":{"allow":["GET"]}}],"collection":[{"href":"https:\/\/pureobagi.com\/es\/wp-json\/wp\/v2\/product"}],"about":[{"href":"https:\/\/pureobagi.com\/es\/wp-json\/wp\/v2\/types\/product"}],"replies":[{"embeddable":true,"href":"https:\/\/pureobagi.com\/es\/wp-json\/wp\/v2\/comments?post=29310"}],"wp:featuredmedia":[{"embeddable":true,"href":"https:\/\/pureobagi.com\/es\/wp-json\/wp\/v2\/media\/8883"}],"wp:attachment":[{"href":"https:\/\/pureobagi.com\/es\/wp-json\/wp\/v2\/media?parent=29310"}],"wp:term":[{"taxonomy":"product_brand","embeddable":true,"href":"https:\/\/pureobagi.com\/es\/wp-json\/wp\/v2\/product_brand?post=29310"},{"taxonomy":"product_cat","embeddable":true,"href":"https:\/\/pureobagi.com\/es\/wp-json\/wp\/v2\/product_cat?post=29310"},{"taxonomy":"product_tag","embeddable":true,"href":"https:\/\/pureobagi.com\/es\/wp-json\/wp\/v2\/product_tag?post=29310"}],"curies":[{"name":"wp","href":"https:\/\/api.w.org\/{rel}","templated":true}]}}