{"id":29311,"date":"2020-10-14T16:09:47","date_gmt":"2020-10-14T15:09:47","guid":{"rendered":"https:\/\/pureobagi.com\/product\/obagi-professional-c-serum-20\/"},"modified":"2023-05-06T15:15:43","modified_gmt":"2023-05-06T14:15:43","slug":"obagi-professional-c-serum-20","status":"publish","type":"product","link":"https:\/\/pureobagi.com\/es\/producto\/obagi-professional-c-serum-20\/","title":{"rendered":"Obagi Professional-C\u00ae Serum 20%"},"content":{"rendered":"<p><strong>Obagi Professional-C<sup>\u00ae<\/sup> Serum 20% aporta una protecci\u00f3n antioxidante superior y una luminosidad instant\u00e1nea. Apto para piel normal a grasa.<\/strong><\/p>\n<p>Obagi Professional-C<sup>\u00ae<\/sup> Serum 20% es el s\u00e9rum con mayor concentraci\u00f3n de vitamina C de la gama Obagi Professional-C<sup>\u00ae<\/sup>.<\/p>\n<p>Con su f\u00f3rmula potente, Obagi Professional-C<sup>\u00ae <\/sup>Serum 20% ayuda a reducir la apariencia de las arrugas y l\u00edneas de expresi\u00f3n, unifica el tono de piel y retiene la humedad en ella, aportando luminosidad y un aspecto m\u00e1s sano a tu cutis.<\/p>\n<p>Con un 20&nbsp;% de \u00e1cido L-asc\u00f3rbico (la forma m\u00e1s potente de vitamina C) para ayudar a aliviar e iluminar la piel, adem\u00e1s de retener la humedad, este s\u00e9rum facial&nbsp;aporta un brillo instant\u00e1neo sin dejar una sensaci\u00f3n grasa en la piel. Recomendado para piel normal a grasa.<\/p>\n<p>\u00bfLo sab\u00edas? Los radicales libres reducen el col\u00e1geno y la elastina de la piel, lo que da lugar a su envejecimiento prematuro, causante de arrugas, l\u00edneas de expresi\u00f3n y manchas oscuras. La vitamina C estimula la nueva producci\u00f3n de col\u00e1geno, reduce las arrugas y l\u00edneas de expresi\u00f3n y protege tu piel de los da\u00f1inos radicales libres y de la exposici\u00f3n a los rayos ultravioletas.<\/p>\n","protected":false},"excerpt":{"rendered":"<p>Obagi Professional-C\u00ae Serum 20% aporta una protecci\u00f3n antioxidante superior y una luminosidad instant\u00e1nea. Apto para piel normal a grasa. Obagi Professional-C\u00ae Serum 20% es el s\u00e9rum con mayor concentraci\u00f3n de vitamina C de la gama Obagi Professional-C\u00ae. Con su f\u00f3rmula potente, Obagi Professional-C\u00ae Serum 20% ayuda a reducir la apariencia de las arrugas y l\u00edneas [&hellip;]<\/p>\n","protected":false},"featured_media":36206,"comment_status":"open","ping_status":"closed","template":"","meta":{"_acf_changed":false},"product_brand":[],"product_cat":[437,439,440,441,442,443,444,445,429,452,434,436],"product_tag":[],"class_list":{"0":"post-29311","1":"product","2":"type-product","3":"status-publish","4":"has-post-thumbnail","6":"product_cat-piel-apagada","7":"product_cat-danos-solares","8":"product_cat-professional-c-portfolio-es","9":"product_cat-piel-envejecida-incluyendo-arrugas-y-lineas-de-expresion","10":"product_cat-piel-madura","11":"product_cat-piel-rugosa","12":"product_cat-piel-mixta","13":"product_cat-normal-skin-es","14":"product_cat-piel-grasa","15":"product_cat-los-mas-vendidos","16":"product_cat-hiperpigmentacion","17":"product_cat-vitamina-c","19":"first","20":"instock","21":"taxable","22":"shipping-taxable","23":"purchasable","24":"product-type-simple"},"acf":[],"_links":{"self":[{"href":"https:\/\/pureobagi.com\/es\/wp-json\/wp\/v2\/product\/29311","targetHints":{"allow":["GET"]}}],"collection":[{"href":"https:\/\/pureobagi.com\/es\/wp-json\/wp\/v2\/product"}],"about":[{"href":"https:\/\/pureobagi.com\/es\/wp-json\/wp\/v2\/types\/product"}],"replies":[{"embeddable":true,"href":"https:\/\/pureobagi.com\/es\/wp-json\/wp\/v2\/comments?post=29311"}],"wp:featuredmedia":[{"embeddable":true,"href":"https:\/\/pureobagi.com\/es\/wp-json\/wp\/v2\/media\/36206"}],"wp:attachment":[{"href":"https:\/\/pureobagi.com\/es\/wp-json\/wp\/v2\/media?parent=29311"}],"wp:term":[{"taxonomy":"product_brand","embeddable":true,"href":"https:\/\/pureobagi.com\/es\/wp-json\/wp\/v2\/product_brand?post=29311"},{"taxonomy":"product_cat","embeddable":true,"href":"https:\/\/pureobagi.com\/es\/wp-json\/wp\/v2\/product_cat?post=29311"},{"taxonomy":"product_tag","embeddable":true,"href":"https:\/\/pureobagi.com\/es\/wp-json\/wp\/v2\/product_tag?post=29311"}],"curies":[{"name":"wp","href":"https:\/\/api.w.org\/{rel}","templated":true}]}}