{"id":29320,"date":"2020-10-14T20:18:01","date_gmt":"2020-10-14T19:18:01","guid":{"rendered":"https:\/\/pureobagi.com\/product\/suzanobagimd-cleansing-wipes\/"},"modified":"2025-06-05T10:28:35","modified_gmt":"2025-06-05T09:28:35","slug":"suzanobagimd-cleansing-wipes","status":"publish","type":"product","link":"https:\/\/pureobagi.com\/es\/producto\/suzanobagimd-cleansing-wipes\/","title":{"rendered":"SUZANOBAGIMD\u2122 Cleansing Wipes"},"content":{"rendered":"<p><strong>SUZANOBAGIMD\u2122 Cleansing Wipes incluyen BioDTox, tu soluci\u00f3n de limpieza sobre la marcha.<\/strong><\/p>\n<p><strong>SUZAN<\/strong>OBAGI<strong>MD\u2122 <\/strong>Estas toallitas limpiadoras limpian y refrescan de forma r\u00e1pida y eficaz tu piel con BioDTox, un poderoso tr\u00edo de antioxidantes de aloe, extracto de c\u00edtrico y de br\u00f3coli.<\/p>\n<p>Con aloe para hidratar y calmar la piel, adem\u00e1s de extracto de br\u00f3coli y bioflavonoides c\u00edtricos que protegen contra los radicales libres y los contaminantes del medioambiente.<\/p>\n<p>Perfecto para utilizar despu\u00e9s del gimnasio, sobre la marcha o tras utilizar una mascarilla facial, las toallitas limpiadoras <strong>SUZAN<\/strong>OBAGI<strong>MD\u2122 <\/strong>ya vienen hidratadas y texturizadas para eliminar el exceso de grasa, maquillaje, suciedad y otras impurezas de la piel cuando no te resulta pr\u00e1ctico realizar tu rutina de cuidado facial.<\/p>\n<p>En l\u00ednea con el resto de la gama <strong>SUZAN<\/strong>OBAGI<strong>MD\u2122<\/strong>, las toallitas limpiadoras <strong>SUZAN<\/strong>OBAGI<strong>MD\u2122<\/strong> son hipoalerg\u00e9nicas, no irritan ni contienen parabenos.<\/p>\n","protected":false},"excerpt":{"rendered":"<p>SUZANOBAGIMD\u2122 Cleansing Wipes incluyen BioDTox, tu soluci\u00f3n de limpieza sobre la marcha. SUZANOBAGIMD\u2122 Estas toallitas limpiadoras limpian y refrescan de forma r\u00e1pida y eficaz tu piel con BioDTox, un poderoso tr\u00edo de antioxidantes de aloe, extracto de c\u00edtrico y de br\u00f3coli. Con aloe para hidratar y calmar la piel, adem\u00e1s de extracto de br\u00f3coli y [&hellip;]<\/p>\n","protected":false},"featured_media":38724,"comment_status":"open","ping_status":"closed","template":"","meta":{"_acf_changed":false},"product_brand":[],"product_cat":[461,433,434,437,439,441,442,444,445,447,451,428],"product_tag":[],"class_list":{"0":"post-29320","1":"product","2":"type-product","3":"status-publish","4":"has-post-thumbnail","6":"product_cat-suzanobagimd-es","7":"product_cat-piel-seca","8":"product_cat-hiperpigmentacion","9":"product_cat-piel-apagada","10":"product_cat-danos-solares","11":"product_cat-piel-envejecida-incluyendo-arrugas-y-lineas-de-expresion","12":"product_cat-piel-madura","13":"product_cat-piel-mixta","14":"product_cat-normal-skin-es","15":"product_cat-piel-deshidratada","16":"product_cat-piel-con-maskne","17":"product_cat-limpiadores","19":"first","20":"outofstock","21":"taxable","22":"shipping-taxable","23":"purchasable","24":"product-type-simple"},"acf":[],"_links":{"self":[{"href":"https:\/\/pureobagi.com\/es\/wp-json\/wp\/v2\/product\/29320","targetHints":{"allow":["GET"]}}],"collection":[{"href":"https:\/\/pureobagi.com\/es\/wp-json\/wp\/v2\/product"}],"about":[{"href":"https:\/\/pureobagi.com\/es\/wp-json\/wp\/v2\/types\/product"}],"replies":[{"embeddable":true,"href":"https:\/\/pureobagi.com\/es\/wp-json\/wp\/v2\/comments?post=29320"}],"wp:featuredmedia":[{"embeddable":true,"href":"https:\/\/pureobagi.com\/es\/wp-json\/wp\/v2\/media\/38724"}],"wp:attachment":[{"href":"https:\/\/pureobagi.com\/es\/wp-json\/wp\/v2\/media?parent=29320"}],"wp:term":[{"taxonomy":"product_brand","embeddable":true,"href":"https:\/\/pureobagi.com\/es\/wp-json\/wp\/v2\/product_brand?post=29320"},{"taxonomy":"product_cat","embeddable":true,"href":"https:\/\/pureobagi.com\/es\/wp-json\/wp\/v2\/product_cat?post=29320"},{"taxonomy":"product_tag","embeddable":true,"href":"https:\/\/pureobagi.com\/es\/wp-json\/wp\/v2\/product_tag?post=29320"}],"curies":[{"name":"wp","href":"https:\/\/api.w.org\/{rel}","templated":true}]}}