{"id":29321,"date":"2020-12-15T23:45:43","date_gmt":"2020-12-15T23:45:43","guid":{"rendered":"https:\/\/pureobagi.com\/product\/obagi-daily-hydro-drops-facial-serum-30ml\/"},"modified":"2023-05-27T12:47:28","modified_gmt":"2023-05-27T11:47:28","slug":"daily-hydro-drops-facial-serum-30ml","status":"publish","type":"product","link":"https:\/\/pureobagi.com\/es\/producto\/daily-hydro-drops-facial-serum-30ml\/","title":{"rendered":"Obagi Daily Hydro-Drops\u2122 Facial Serum 30ml"},"content":{"rendered":"<p><strong>Obagi Daily Hydro-Drops\u2122<\/strong>es un s\u00e9rum ligero, no comedog\u00e9nico e hidratante que deja una sensaci\u00f3n suave y fresca en la piel.<\/p>\n<p>Utilizando la tecnolog\u00eda de microfluidos para ofrecer las formas m\u00e1s puras de los aceites de hibisco y abisinia de forma independiente, Obagi Daily Hydro-Drops\u2122 no contiene emulsionantes, permitiendo as\u00ed una infusi\u00f3n instant\u00e1nea tras su aplicaci\u00f3n para obtener una piel m\u00e1s radiante y de aspecto m\u00e1s sano con el uso continuo.<\/p>\n<p>Los \u00e1cidos grasos omega 9 y omega 6 mantienen la funci\u00f3n de barrera natural de la piel para retener la humedad, adem\u00e1s de proteger contra los radicales libres, el da\u00f1o de los rayos ultravioletas y otros factores medioambientales. Su protecci\u00f3n antioxidante adicional, junto a la vitamina B3, pueden ayudar a disminuir la aparici\u00f3n de las arrugas y l\u00edneas de expresi\u00f3n con el paso del tiempo.<\/p>\n<p>Obagi Daily Hydro-Drops\u2122 es hipoalerg\u00e9nico, est\u00e1 probado dermatol\u00f3gica y oftalmol\u00f3gicamente y por tanto resulta seguro para utilizar alrededor de los ojos. Apto para personas con piel sensible o irritada, ya que no contiene emulsionantes, en ocasiones puede aumentar la posible irritaci\u00f3n de un producto en personas con la piel sensible.<\/p>\n<p><em>Mito<\/em>: \u00abLa piel grasa no necesita productos hidratantes\u00bb<br \/>\n<em>Hecho:<\/em> En realidad, los aceites \u00abbuenos\u00bb pueden contrarrestar y por tanto reducir los efectos de los aceites \u00abmalos\u00bb que se producen en exceso en la piel grasa. Las personas con la piel grasa deben utilizar cremas hidratantes con mayor contenido de agua, en lugar de aceite.<\/p>\n","protected":false},"excerpt":{"rendered":"<p>Obagi Daily Hydro-Drops\u2122es un s\u00e9rum ligero, no comedog\u00e9nico e hidratante que deja una sensaci\u00f3n suave y fresca en la piel. Utilizando la tecnolog\u00eda de microfluidos para ofrecer las formas m\u00e1s puras de los aceites de hibisco y abisinia de forma independiente, Obagi Daily Hydro-Drops\u2122 no contiene emulsionantes, permitiendo as\u00ed una infusi\u00f3n instant\u00e1nea tras su aplicaci\u00f3n [&hellip;]<\/p>\n","protected":false},"featured_media":34517,"comment_status":"open","ping_status":"closed","template":"","meta":{"_acf_changed":false},"product_brand":[],"product_cat":[439,441,442,444,429,445,430,446,431,447,433,451,434,452,435,456,437,460],"product_tag":[],"class_list":{"0":"post-29321","1":"product","2":"type-product","3":"status-publish","4":"has-post-thumbnail","6":"product_cat-danos-solares","7":"product_cat-piel-envejecida-incluyendo-arrugas-y-lineas-de-expresion","8":"product_cat-piel-madura","9":"product_cat-piel-mixta","10":"product_cat-piel-grasa","11":"product_cat-normal-skin-es","12":"product_cat-piel-sensible","13":"product_cat-rosacea-es","14":"product_cat-piel-propensa-al-acne","15":"product_cat-piel-deshidratada","16":"product_cat-piel-seca","17":"product_cat-piel-con-maskne","18":"product_cat-hiperpigmentacion","19":"product_cat-los-mas-vendidos","20":"product_cat-moisturisers-hydrators-es","21":"product_cat-tratamientos-para-rostro-y-cuello","22":"product_cat-piel-apagada","23":"product_cat-hydrators-es","25":"first","26":"instock","27":"featured","28":"taxable","29":"shipping-taxable","30":"purchasable","31":"product-type-simple"},"acf":[],"_links":{"self":[{"href":"https:\/\/pureobagi.com\/es\/wp-json\/wp\/v2\/product\/29321","targetHints":{"allow":["GET"]}}],"collection":[{"href":"https:\/\/pureobagi.com\/es\/wp-json\/wp\/v2\/product"}],"about":[{"href":"https:\/\/pureobagi.com\/es\/wp-json\/wp\/v2\/types\/product"}],"replies":[{"embeddable":true,"href":"https:\/\/pureobagi.com\/es\/wp-json\/wp\/v2\/comments?post=29321"}],"wp:featuredmedia":[{"embeddable":true,"href":"https:\/\/pureobagi.com\/es\/wp-json\/wp\/v2\/media\/34517"}],"wp:attachment":[{"href":"https:\/\/pureobagi.com\/es\/wp-json\/wp\/v2\/media?parent=29321"}],"wp:term":[{"taxonomy":"product_brand","embeddable":true,"href":"https:\/\/pureobagi.com\/es\/wp-json\/wp\/v2\/product_brand?post=29321"},{"taxonomy":"product_cat","embeddable":true,"href":"https:\/\/pureobagi.com\/es\/wp-json\/wp\/v2\/product_cat?post=29321"},{"taxonomy":"product_tag","embeddable":true,"href":"https:\/\/pureobagi.com\/es\/wp-json\/wp\/v2\/product_tag?post=29321"}],"curies":[{"name":"wp","href":"https:\/\/api.w.org\/{rel}","templated":true}]}}