{"id":29323,"date":"2021-03-19T16:40:54","date_gmt":"2021-03-19T16:40:54","guid":{"rendered":"https:\/\/pureobagi.com\/product\/obagi-vitamin-c-advanced-kit\/"},"modified":"2026-04-13T16:54:07","modified_gmt":"2026-04-13T15:54:07","slug":"vitamin-c-advanced-kit","status":"publish","type":"product","link":"https:\/\/pureobagi.com\/es\/producto\/vitamin-c-advanced-kit\/","title":{"rendered":"Obagi Vitamin C Advanced Kit"},"content":{"rendered":"<p>Incluye:<\/p>\n<p>Obagi-C<sup>\u00ae<\/sup> C-Cleansing Gel<br \/>\nObagi Hydrate<sup>\u00ae<\/sup> Facial Moisturiser<br \/>\nObagi Professional-C<sup>\u00ae<\/sup> Serum 20%<\/p>\n<p>El Obagi Vitamin C Advanced Kit ha sido creado espec\u00edficamente para quienes tienen la piel grasa. Obagi-C<sup>\u00ae<\/sup> C-Cleansing Gel elimina la grasa y la suciedad de la superficie de la piel, prepar\u00e1ndola para la m\u00e1xima absorci\u00f3n del resto de productos de tu rutina de cuidado facial. Obagi Professional-C<sup>\u00ae<\/sup> Serum 20% es m\u00e1s apto para pieles de tipo normal a grasa, es rico en antioxidantes y protege la piel contra el da\u00f1o producido por los radicales libres y factores medioambientales, como la exposici\u00f3n a los rayos UV.<\/p>\n<p>Las mantecas de mango y de karit\u00e9 son los ingredientes clave y las estrellas de la f\u00f3rmula de Obagi Hydrate<sup>\u00ae<\/sup> Facial Moisturiser, que ayudan a hidratar y rejuvenecer la piel. Y lo que es a\u00fan mejor, la nutrici\u00f3n intensa de Obagi Hydrate<sup>\u00ae<\/sup> Facial Moisturiser <\/p>\n<p>no es comedog\u00e9nica, por lo que no obstruye los poros y mantiene tu piel limpia y nutrida.<\/p>\n","protected":false},"excerpt":{"rendered":"<p>Incluye: Obagi-C\u00ae C-Cleansing Gel Obagi Hydrate\u00ae Facial Moisturiser Obagi Professional-C\u00ae Serum 20% El Obagi Vitamin C Advanced Kit ha sido creado espec\u00edficamente para quienes tienen la piel grasa. Obagi-C\u00ae C-Cleansing Gel elimina la grasa y la suciedad de la superficie de la piel, prepar\u00e1ndola para la m\u00e1xima absorci\u00f3n del resto de productos de tu rutina [&hellip;]<\/p>\n","protected":false},"featured_media":18274,"comment_status":"open","ping_status":"closed","template":"","meta":{"_acf_changed":false},"product_brand":[],"product_cat":[445,446,427,462,429,434,436,437,440,441,442,444],"product_tag":[],"class_list":{"0":"post-29323","1":"product","2":"type-product","3":"status-publish","4":"has-post-thumbnail","6":"product_cat-normal-skin-es","7":"product_cat-rosacea-es","8":"product_cat-obagi-c-fx-system-es","9":"product_cat-kits-para-el-cuidado-de-la-piel","10":"product_cat-piel-grasa","11":"product_cat-hiperpigmentacion","12":"product_cat-vitamina-c","13":"product_cat-piel-apagada","14":"product_cat-professional-c-portfolio-es","15":"product_cat-piel-envejecida-incluyendo-arrugas-y-lineas-de-expresion","16":"product_cat-piel-madura","17":"product_cat-piel-mixta","19":"first","20":"outofstock","21":"taxable","22":"shipping-taxable","23":"purchasable","24":"product-type-simple"},"acf":[],"_links":{"self":[{"href":"https:\/\/pureobagi.com\/es\/wp-json\/wp\/v2\/product\/29323","targetHints":{"allow":["GET"]}}],"collection":[{"href":"https:\/\/pureobagi.com\/es\/wp-json\/wp\/v2\/product"}],"about":[{"href":"https:\/\/pureobagi.com\/es\/wp-json\/wp\/v2\/types\/product"}],"replies":[{"embeddable":true,"href":"https:\/\/pureobagi.com\/es\/wp-json\/wp\/v2\/comments?post=29323"}],"wp:featuredmedia":[{"embeddable":true,"href":"https:\/\/pureobagi.com\/es\/wp-json\/wp\/v2\/media\/18274"}],"wp:attachment":[{"href":"https:\/\/pureobagi.com\/es\/wp-json\/wp\/v2\/media?parent=29323"}],"wp:term":[{"taxonomy":"product_brand","embeddable":true,"href":"https:\/\/pureobagi.com\/es\/wp-json\/wp\/v2\/product_brand?post=29323"},{"taxonomy":"product_cat","embeddable":true,"href":"https:\/\/pureobagi.com\/es\/wp-json\/wp\/v2\/product_cat?post=29323"},{"taxonomy":"product_tag","embeddable":true,"href":"https:\/\/pureobagi.com\/es\/wp-json\/wp\/v2\/product_tag?post=29323"}],"curies":[{"name":"wp","href":"https:\/\/api.w.org\/{rel}","templated":true}]}}