{"id":29324,"date":"2020-12-03T11:29:47","date_gmt":"2020-12-03T11:29:47","guid":{"rendered":"https:\/\/pureobagi.com\/product\/obagi-elastiderm-facial-serum\/"},"modified":"2023-05-31T23:35:55","modified_gmt":"2023-05-31T22:35:55","slug":"obagi-elastiderm-facial-serum","status":"publish","type":"product","link":"https:\/\/pureobagi.com\/es\/producto\/obagi-elastiderm-facial-serum\/","title":{"rendered":"Obagi ELASTIderm\u00ae Facial Serum"},"content":{"rendered":"<p><strong>Obagi ELASTIderm\u00ae Facial Serum est\u00e1 cl\u00ednicamente probado para revelar una piel de aspecto m\u00e1s firme en solo 24 horas. Con la tecnolog\u00eda patentada Bi-Mineral Contour Complex\u2122, Obagi ELASTIderm\u00ae Facial Serum mejora la piel de aspecto fl\u00e1cido en el rostro, el cuello y el escote.<\/strong><\/p>\n<p>\u00a1Recupera tu piel! Mejora la piel de aspecto fl\u00e1cido en el rostro, el cuello y el escote con Obagi ELASTIderm\u00ae Facial Serum, cl\u00ednicamente probado para dar a la piel un aspecto m\u00e1s firme en tan solo 24 horas.<\/p>\n<p>Formulado con su complejo patentado Bi-Mineral Contour Complex\u2122, este avanzado s\u00e9rum aporta elasticidad y laxitud de la piel, y mejora su firmeza durante m\u00e1s tiempo. Sus ingredientes clave (cobre, zinc y malonato) est\u00e1n suspendidos en un fluido ligero gracias a la tecnolog\u00eda FlexFluid\u2122. Incluso despu\u00e9s de la primera aplicaci\u00f3n notar\u00e1s firmeza, resistencia, elasticidad y un aspecto disminuido de la textura fl\u00e1cida de la piel.<\/p>\n<p>La f\u00f3rmula de Obagi ELASTIderm\u00ae Facial Serum est\u00e1 espec\u00edficamente dise\u00f1ada con ingredientes que apoyan las tres etapas de la producci\u00f3n de elastina sana, la prote\u00edna responsable de una piel m\u00e1s joven y de aspecto m\u00e1s sano.<\/p>\n","protected":false},"excerpt":{"rendered":"<p>Obagi ELASTIderm\u00ae Facial Serum est\u00e1 cl\u00ednicamente probado para revelar una piel de aspecto m\u00e1s firme en solo 24 horas. Con la tecnolog\u00eda patentada Bi-Mineral Contour Complex\u2122, Obagi ELASTIderm\u00ae Facial Serum mejora la piel de aspecto fl\u00e1cido en el rostro, el cuello y el escote. \u00a1Recupera tu piel! Mejora la piel de aspecto fl\u00e1cido en el [&hellip;]<\/p>\n","protected":false},"featured_media":37896,"comment_status":"open","ping_status":"closed","template":"","meta":{"_acf_changed":false},"product_brand":[],"product_cat":[445,447,452,430,456,433,457,437,439,441,442,443,444],"product_tag":[],"class_list":{"0":"post-29324","1":"product","2":"type-product","3":"status-publish","4":"has-post-thumbnail","6":"product_cat-normal-skin-es","7":"product_cat-piel-deshidratada","8":"product_cat-los-mas-vendidos","9":"product_cat-piel-sensible","10":"product_cat-tratamientos-para-rostro-y-cuello","11":"product_cat-piel-seca","12":"product_cat-elastiderm-collection-es","13":"product_cat-piel-apagada","14":"product_cat-danos-solares","15":"product_cat-piel-envejecida-incluyendo-arrugas-y-lineas-de-expresion","16":"product_cat-piel-madura","17":"product_cat-piel-rugosa","18":"product_cat-piel-mixta","20":"first","21":"instock","22":"featured","23":"taxable","24":"shipping-taxable","25":"purchasable","26":"product-type-simple"},"acf":[],"_links":{"self":[{"href":"https:\/\/pureobagi.com\/es\/wp-json\/wp\/v2\/product\/29324","targetHints":{"allow":["GET"]}}],"collection":[{"href":"https:\/\/pureobagi.com\/es\/wp-json\/wp\/v2\/product"}],"about":[{"href":"https:\/\/pureobagi.com\/es\/wp-json\/wp\/v2\/types\/product"}],"replies":[{"embeddable":true,"href":"https:\/\/pureobagi.com\/es\/wp-json\/wp\/v2\/comments?post=29324"}],"wp:featuredmedia":[{"embeddable":true,"href":"https:\/\/pureobagi.com\/es\/wp-json\/wp\/v2\/media\/37896"}],"wp:attachment":[{"href":"https:\/\/pureobagi.com\/es\/wp-json\/wp\/v2\/media?parent=29324"}],"wp:term":[{"taxonomy":"product_brand","embeddable":true,"href":"https:\/\/pureobagi.com\/es\/wp-json\/wp\/v2\/product_brand?post=29324"},{"taxonomy":"product_cat","embeddable":true,"href":"https:\/\/pureobagi.com\/es\/wp-json\/wp\/v2\/product_cat?post=29324"},{"taxonomy":"product_tag","embeddable":true,"href":"https:\/\/pureobagi.com\/es\/wp-json\/wp\/v2\/product_tag?post=29324"}],"curies":[{"name":"wp","href":"https:\/\/api.w.org\/{rel}","templated":true}]}}