{"id":29326,"date":"2020-10-14T20:04:37","date_gmt":"2020-10-14T19:04:37","guid":{"rendered":"https:\/\/pureobagi.com\/product\/obagi-sun-shield-matte-broad-spectrum-spf-50\/"},"modified":"2025-06-05T10:21:16","modified_gmt":"2025-06-05T09:21:16","slug":"obagi-sun-shield-matte-spf50","status":"publish","type":"product","link":"https:\/\/pureobagi.com\/es\/producto\/obagi-sun-shield-matte-spf50\/","title":{"rendered":"Obagi Sun Shield Matte\u2122 Broad Spectrum SPF 50"},"content":{"rendered":"<p><strong>Obagi Sun Shield Matte\u2122 Broad Spectrum SPF 50<\/strong> ofrece una protecci\u00f3n broad spectrum frente a los rayos UVA y UVB, y tiene un delicado acabado mate que reduce los brillos, adem\u00e1s de factor de protecci\u00f3n solar 50 gracias a sus ingredientes f\u00edsicos y qu\u00edmicos. El \u00f3xido de zinc bloquea los rayos ultravioletas, mientras que el homosalato y el ostisalato absorben y liberan la radiaci\u00f3n.<\/p>\n<p>La Skin Cancer Foundation recomienda el uso diario del SPF 50 para proteger la piel contra la exposici\u00f3n diaria a los rayos UVA y UVB.<\/p>\n<p>Obagi Sun Shield Matte\u2122 Broad Spectrum SPF 50 ofrece un factor de protecci\u00f3n solar 50 broad spectrum gracias a sus ingredientes f\u00edsicos y qu\u00edmicos. El \u00f3xido de zinc bloquea los rayos ultravioletas, mientras que el homosalato y el ostisalato absorben y liberan la radiaci\u00f3n.<\/p>\n<p>Obagi Sun Shield Matte\u2122 tiene un acabado mate que evita la grasa y los brillos, no es comedog\u00e9nico (por tanto no obstruye los poros), es hipoalerg\u00e9nico, sin fragancia y dermatol\u00f3gicamente probado, por lo que resulta apto para todo tipo de pieles. Como paso fundamental en tu rutina de cuidado facial por la ma\u00f1ana, es apto para su uso con todos los sistemas de Obagi.<\/p>\n<p><em>\u00bfLo sab\u00edas?<\/em> La exposici\u00f3n diaria a los rayos UVA y UVB sin protecci\u00f3n SPF da\u00f1a el col\u00e1geno y la elastina de la piel, produciendo efectos a corto plazo como quemaduras, y a largo plazo como arrugas, l\u00edneas de expresi\u00f3n y manchas oscuras. La exposici\u00f3n a los rayos ultravioletas contribuye al desarrollo de c\u00e1ncer de piel.<\/p>\n","protected":false},"excerpt":{"rendered":"<p>Obagi Sun Shield Matte\u2122 Broad Spectrum SPF 50 ofrece una protecci\u00f3n broad spectrum frente a los rayos UVA y UVB, y tiene un delicado acabado mate que reduce los brillos, adem\u00e1s de factor de protecci\u00f3n solar 50 gracias a sus ingredientes f\u00edsicos y qu\u00edmicos. El \u00f3xido de zinc bloquea los rayos ultravioletas, mientras que el [&hellip;]<\/p>\n","protected":false},"featured_media":36217,"comment_status":"open","ping_status":"closed","template":"","meta":{"_acf_changed":false},"product_brand":[],"product_cat":[431,447,433,448,434,449,437,451,439,452,441,442,443,444,429,445,430,446],"product_tag":[],"class_list":{"0":"post-29326","1":"product","2":"type-product","3":"status-publish","4":"has-post-thumbnail","6":"product_cat-piel-propensa-al-acne","7":"product_cat-piel-deshidratada","8":"product_cat-piel-seca","9":"product_cat-proteccion-solar","10":"product_cat-hiperpigmentacion","11":"product_cat-obagi-sun-protection-es","12":"product_cat-piel-apagada","13":"product_cat-piel-con-maskne","14":"product_cat-danos-solares","15":"product_cat-los-mas-vendidos","16":"product_cat-piel-envejecida-incluyendo-arrugas-y-lineas-de-expresion","17":"product_cat-piel-madura","18":"product_cat-piel-rugosa","19":"product_cat-piel-mixta","20":"product_cat-piel-grasa","21":"product_cat-normal-skin-es","22":"product_cat-piel-sensible","23":"product_cat-rosacea-es","25":"first","26":"outofstock","27":"taxable","28":"shipping-taxable","29":"purchasable","30":"product-type-simple"},"acf":[],"_links":{"self":[{"href":"https:\/\/pureobagi.com\/es\/wp-json\/wp\/v2\/product\/29326","targetHints":{"allow":["GET"]}}],"collection":[{"href":"https:\/\/pureobagi.com\/es\/wp-json\/wp\/v2\/product"}],"about":[{"href":"https:\/\/pureobagi.com\/es\/wp-json\/wp\/v2\/types\/product"}],"replies":[{"embeddable":true,"href":"https:\/\/pureobagi.com\/es\/wp-json\/wp\/v2\/comments?post=29326"}],"wp:featuredmedia":[{"embeddable":true,"href":"https:\/\/pureobagi.com\/es\/wp-json\/wp\/v2\/media\/36217"}],"wp:attachment":[{"href":"https:\/\/pureobagi.com\/es\/wp-json\/wp\/v2\/media?parent=29326"}],"wp:term":[{"taxonomy":"product_brand","embeddable":true,"href":"https:\/\/pureobagi.com\/es\/wp-json\/wp\/v2\/product_brand?post=29326"},{"taxonomy":"product_cat","embeddable":true,"href":"https:\/\/pureobagi.com\/es\/wp-json\/wp\/v2\/product_cat?post=29326"},{"taxonomy":"product_tag","embeddable":true,"href":"https:\/\/pureobagi.com\/es\/wp-json\/wp\/v2\/product_tag?post=29326"}],"curies":[{"name":"wp","href":"https:\/\/api.w.org\/{rel}","templated":true}]}}