{"id":29328,"date":"2020-12-15T23:59:35","date_gmt":"2020-12-15T23:59:35","guid":{"rendered":"https:\/\/pureobagi.com\/product\/obagi-c-fx-c-clarifying-serum-30ml\/"},"modified":"2023-01-10T12:36:44","modified_gmt":"2023-01-10T12:36:44","slug":"obagi-c-fx-clarifying-serum-30ml","status":"publish","type":"product","link":"https:\/\/pureobagi.com\/es\/producto\/obagi-c-fx-clarifying-serum-30ml\/","title":{"rendered":"Obagi-C\u00ae Fx C-Clarifying Serum 30ml"},"content":{"rendered":"<p>Obagi-C<sup>\u00ae<\/sup> Fx C-Clarifying Serum es un producto con una f\u00f3rmula probada cl\u00ednicamente que ilumina la piel.<\/p>\n<p>Los ingredientes clave de Obagi-C<sup>\u00ae<\/sup> Fx C-Clarifying Serum son la arbutina (4 %) y un 10 % de \u00e1cido L-asc\u00f3rbico (vitamina C).<\/p>\n<p>La arbutina es un ingrediente clave para iluminar la piel. La arbutina mejora el aspecto de la hiperpigmentaci\u00f3n, obteniendo un cutis m\u00e1s unificado. El \u00e1cido L-asc\u00f3rbico es la forma m\u00e1s potente de vitamina C, y contiene propiedades antioxidantes que minimizan los signos de envejecimiento de la piel. La vitamina C tambi\u00e9n ayuda a reducir la aparici\u00f3n de las arrugas y l\u00edneas de expresi\u00f3n, mejora la producci\u00f3n de col\u00e1geno y protege la piel contra da\u00f1os futuros. Obagi-C<sup>\u00ae<\/sup> Fx C-Clarifying Serum no es comedog\u00e9nico (por tanto no obstruye los poros).<\/p>\n<p>De uso recomendado como parte del Obagi-C<sup>\u00ae<\/sup> Fx System, Obagi-C<sup>\u00ae<\/sup>, Fx C-Clarifying Serum dejar\u00e1 tu piel m\u00e1s radiante y luminosa<\/p>\n<p><em>\u00bfLo sab\u00edas?<\/em> La hiperpigmentaci\u00f3n, tambi\u00e9n conocida como manchas oscuras o manchas del sol, est\u00e1 producida por una sobreproducci\u00f3n de melanina, causada a su vez por los fotoda\u00f1os y los rayos ultravioletas, los cambios hormonales y la gen\u00e9tica.<\/p>\n","protected":false},"excerpt":{"rendered":"<p>Obagi-C\u00ae Fx C-Clarifying Serum es un producto con una f\u00f3rmula probada cl\u00ednicamente que ilumina la piel. Los ingredientes clave de Obagi-C\u00ae Fx C-Clarifying Serum son la arbutina (4 %) y un 10 % de \u00e1cido L-asc\u00f3rbico (vitamina C). La arbutina es un ingrediente clave para iluminar la piel. La arbutina mejora el aspecto de la [&hellip;]<\/p>\n","protected":false},"featured_media":38613,"comment_status":"open","ping_status":"closed","template":"","meta":{"_acf_changed":false},"product_brand":[],"product_cat":[433,450,434,436,437,439,441,442,444,427,445,429,446,430,447],"product_tag":[],"class_list":{"0":"post-29328","1":"product","2":"type-product","3":"status-publish","4":"has-post-thumbnail","6":"product_cat-piel-seca","7":"product_cat-iluminadores-de-la-piel","8":"product_cat-hiperpigmentacion","9":"product_cat-vitamina-c","10":"product_cat-piel-apagada","11":"product_cat-danos-solares","12":"product_cat-piel-envejecida-incluyendo-arrugas-y-lineas-de-expresion","13":"product_cat-piel-madura","14":"product_cat-piel-mixta","15":"product_cat-obagi-c-fx-system-es","16":"product_cat-normal-skin-es","17":"product_cat-piel-grasa","18":"product_cat-rosacea-es","19":"product_cat-piel-sensible","20":"product_cat-piel-deshidratada","22":"first","23":"instock","24":"taxable","25":"shipping-taxable","26":"purchasable","27":"product-type-simple"},"acf":[],"_links":{"self":[{"href":"https:\/\/pureobagi.com\/es\/wp-json\/wp\/v2\/product\/29328","targetHints":{"allow":["GET"]}}],"collection":[{"href":"https:\/\/pureobagi.com\/es\/wp-json\/wp\/v2\/product"}],"about":[{"href":"https:\/\/pureobagi.com\/es\/wp-json\/wp\/v2\/types\/product"}],"replies":[{"embeddable":true,"href":"https:\/\/pureobagi.com\/es\/wp-json\/wp\/v2\/comments?post=29328"}],"wp:featuredmedia":[{"embeddable":true,"href":"https:\/\/pureobagi.com\/es\/wp-json\/wp\/v2\/media\/38613"}],"wp:attachment":[{"href":"https:\/\/pureobagi.com\/es\/wp-json\/wp\/v2\/media?parent=29328"}],"wp:term":[{"taxonomy":"product_brand","embeddable":true,"href":"https:\/\/pureobagi.com\/es\/wp-json\/wp\/v2\/product_brand?post=29328"},{"taxonomy":"product_cat","embeddable":true,"href":"https:\/\/pureobagi.com\/es\/wp-json\/wp\/v2\/product_cat?post=29328"},{"taxonomy":"product_tag","embeddable":true,"href":"https:\/\/pureobagi.com\/es\/wp-json\/wp\/v2\/product_tag?post=29328"}],"curies":[{"name":"wp","href":"https:\/\/api.w.org\/{rel}","templated":true}]}}