{"id":29330,"date":"2020-12-03T11:29:52","date_gmt":"2020-12-03T11:29:52","guid":{"rendered":"https:\/\/pureobagi.com\/product\/obagi-elastiderm-eye-complete-complex-serum\/"},"modified":"2023-05-13T16:53:32","modified_gmt":"2023-05-13T15:53:32","slug":"obagi-elastiderm-eye-complete-complex-serum","status":"publish","type":"product","link":"https:\/\/pureobagi.com\/es\/producto\/obagi-elastiderm-eye-complete-complex-serum\/","title":{"rendered":"Obagi ELASTIderm\u00ae Eye Complete Complex Serum"},"content":{"rendered":"<p><strong>Obagi ELASTIderm\u00ae Eye Complete Complex Serum<\/strong> ha sido formulado de forma \u00fanica para reducir la aparici\u00f3n de las arrugas y l\u00edneas de expresi\u00f3n alrededor de la delicada zona de los ojos. Con cafe\u00edna adicional para ayudar a reducir la aparici\u00f3n de bolsas en los ojos.<\/p>\n<p>ELASTIderm\u00ae Eye Complete Complex Serum combina el complejo patentado Bi-Mineral Contour Complex\u2122 con la tecnolog\u00eda de aplicaci\u00f3n rollerball y con cafe\u00edna para restaurar la mirada envejecida, calmar la piel y reducir la apariencia de las bolsas bajo los ojos.<\/p>\n<p>Las patas de gallo, las l\u00edneas y arrugas que aparecen en la delicada y fina piel del contorno de ojos son uno de los primeros signos que se hacen visibles con el paso del tiempo.<\/p>\n<p>ELASTIderm\u00ae Eye Complete Complex Serum utiliza el complejo patentado Bi-Mineral Contour Complex\u2122, una tecnolog\u00eda que restaura la mirada envejecida, tensa la piel ca\u00edda y aporta a tu mirada un nuevo brillo.<\/p>\n<p><em>\u00bfLo sab\u00edas? <\/em>Con el paso del tiempo, el tejido que rodea los ojos se debilita, se inflama y pierde coloraci\u00f3n. Las bolsas bajo los ojos pueden ser muy comunes. Esta hinchaz\u00f3n bajo los ojos puede darte un aspecto de mayor edad y cansancio del que sientes.<\/p>\n","protected":false},"excerpt":{"rendered":"<p>Obagi ELASTIderm\u00ae Eye Complete Complex Serum ha sido formulado de forma \u00fanica para reducir la aparici\u00f3n de las arrugas y l\u00edneas de expresi\u00f3n alrededor de la delicada zona de los ojos. Con cafe\u00edna adicional para ayudar a reducir la aparici\u00f3n de bolsas en los ojos. ELASTIderm\u00ae Eye Complete Complex Serum combina el complejo patentado Bi-Mineral [&hellip;]<\/p>\n","protected":false},"featured_media":46744,"comment_status":"open","ping_status":"closed","template":"","meta":{"_acf_changed":false},"product_brand":[],"product_cat":[442,443,444,429,445,430,446,431,447,433,457,434,459,437,439,441],"product_tag":[],"class_list":{"0":"post-29330","1":"product","2":"type-product","3":"status-publish","4":"has-post-thumbnail","6":"product_cat-piel-madura","7":"product_cat-piel-rugosa","8":"product_cat-piel-mixta","9":"product_cat-piel-grasa","10":"product_cat-normal-skin-es","11":"product_cat-piel-sensible","12":"product_cat-rosacea-es","13":"product_cat-piel-propensa-al-acne","14":"product_cat-piel-deshidratada","15":"product_cat-piel-seca","16":"product_cat-elastiderm-collection-es","17":"product_cat-hiperpigmentacion","18":"product_cat-tratamientos-para-los-ojos","19":"product_cat-piel-apagada","20":"product_cat-danos-solares","21":"product_cat-piel-envejecida-incluyendo-arrugas-y-lineas-de-expresion","23":"first","24":"instock","25":"taxable","26":"shipping-taxable","27":"purchasable","28":"product-type-simple"},"acf":[],"_links":{"self":[{"href":"https:\/\/pureobagi.com\/es\/wp-json\/wp\/v2\/product\/29330","targetHints":{"allow":["GET"]}}],"collection":[{"href":"https:\/\/pureobagi.com\/es\/wp-json\/wp\/v2\/product"}],"about":[{"href":"https:\/\/pureobagi.com\/es\/wp-json\/wp\/v2\/types\/product"}],"replies":[{"embeddable":true,"href":"https:\/\/pureobagi.com\/es\/wp-json\/wp\/v2\/comments?post=29330"}],"wp:featuredmedia":[{"embeddable":true,"href":"https:\/\/pureobagi.com\/es\/wp-json\/wp\/v2\/media\/46744"}],"wp:attachment":[{"href":"https:\/\/pureobagi.com\/es\/wp-json\/wp\/v2\/media?parent=29330"}],"wp:term":[{"taxonomy":"product_brand","embeddable":true,"href":"https:\/\/pureobagi.com\/es\/wp-json\/wp\/v2\/product_brand?post=29330"},{"taxonomy":"product_cat","embeddable":true,"href":"https:\/\/pureobagi.com\/es\/wp-json\/wp\/v2\/product_cat?post=29330"},{"taxonomy":"product_tag","embeddable":true,"href":"https:\/\/pureobagi.com\/es\/wp-json\/wp\/v2\/product_tag?post=29330"}],"curies":[{"name":"wp","href":"https:\/\/api.w.org\/{rel}","templated":true}]}}