{"id":29331,"date":"2020-10-14T20:07:21","date_gmt":"2020-10-14T19:07:21","guid":{"rendered":"https:\/\/pureobagi.com\/product\/suzanobagimd-intensive-daily-repair-idr\/"},"modified":"2023-04-07T19:03:48","modified_gmt":"2023-04-07T18:03:48","slug":"suzanobagimd-intensive-daily-repair-idr","status":"publish","type":"product","link":"https:\/\/pureobagi.com\/es\/producto\/suzanobagimd-intensive-daily-repair-idr\/","title":{"rendered":"SUZANOBAGIMD\u2122 Intensive Daily Repair (IDR)"},"content":{"rendered":"<p><strong>SUZANOBAGIMD\u2122 Intensive Daily Repair (IDR) es una loci\u00f3n hidratante formulada para mejorar la claridad de la piel y su textura, reduciendo los signos de envejecimiento. Con PHA para exfoliar cuidadosamente, por lo que es apto para tipos de piel incluso sensible.<\/strong><\/p>\n<p><strong>SUZAN<\/strong>OBAGI<strong>MD\u2122<\/strong> Intensive Daily Repair (IDR) minimiza la apariencia de los poros y los signos visibles de envejecimiento de la piel. Con polihidroxi\u00e1cidos (PHA) para exfoliar con suavidad, p\u00e9ptidos y antioxidantes para proteger la piel de los radicales libres y otros da\u00f1os medioambientales y extracto de camomila para aliviar la piel.<\/p>\n<p>La piel se siente reparada y renovada cada d\u00eda, y la funci\u00f3n de barrera de la piel la mantiene totalmente protegida.<\/p>\n<p>\u00bfLo sab\u00edas? Una exfoliaci\u00f3n realizada con regularidad ayuda a mantener la piel suave y sana, eliminando las c\u00e9lulas de piel muerta y apagada para revelar unas c\u00e9lulas nuevas y frescas.<\/p>\n","protected":false},"excerpt":{"rendered":"<p>SUZANOBAGIMD\u2122 Intensive Daily Repair (IDR) es una loci\u00f3n hidratante formulada para mejorar la claridad de la piel y su textura, reduciendo los signos de envejecimiento. Con PHA para exfoliar cuidadosamente, por lo que es apto para tipos de piel incluso sensible. SUZANOBAGIMD\u2122 Intensive Daily Repair (IDR) minimiza la apariencia de los poros y los signos [&hellip;]<\/p>\n","protected":false},"featured_media":38698,"comment_status":"open","ping_status":"closed","template":"","meta":{"_acf_changed":false},"product_brand":[],"product_cat":[461,437,438,439,441,442,444,445,430,446,431,447,433,451,434],"product_tag":[],"class_list":{"0":"post-29331","1":"product","2":"type-product","3":"status-publish","4":"has-post-thumbnail","6":"product_cat-suzanobagimd-es","7":"product_cat-piel-apagada","8":"product_cat-exfoliantes","9":"product_cat-danos-solares","10":"product_cat-piel-envejecida-incluyendo-arrugas-y-lineas-de-expresion","11":"product_cat-piel-madura","12":"product_cat-piel-mixta","13":"product_cat-normal-skin-es","14":"product_cat-piel-sensible","15":"product_cat-rosacea-es","16":"product_cat-piel-propensa-al-acne","17":"product_cat-piel-deshidratada","18":"product_cat-piel-seca","19":"product_cat-piel-con-maskne","20":"product_cat-hiperpigmentacion","22":"first","23":"instock","24":"taxable","25":"shipping-taxable","26":"purchasable","27":"product-type-simple"},"acf":[],"_links":{"self":[{"href":"https:\/\/pureobagi.com\/es\/wp-json\/wp\/v2\/product\/29331","targetHints":{"allow":["GET"]}}],"collection":[{"href":"https:\/\/pureobagi.com\/es\/wp-json\/wp\/v2\/product"}],"about":[{"href":"https:\/\/pureobagi.com\/es\/wp-json\/wp\/v2\/types\/product"}],"replies":[{"embeddable":true,"href":"https:\/\/pureobagi.com\/es\/wp-json\/wp\/v2\/comments?post=29331"}],"wp:featuredmedia":[{"embeddable":true,"href":"https:\/\/pureobagi.com\/es\/wp-json\/wp\/v2\/media\/38698"}],"wp:attachment":[{"href":"https:\/\/pureobagi.com\/es\/wp-json\/wp\/v2\/media?parent=29331"}],"wp:term":[{"taxonomy":"product_brand","embeddable":true,"href":"https:\/\/pureobagi.com\/es\/wp-json\/wp\/v2\/product_brand?post=29331"},{"taxonomy":"product_cat","embeddable":true,"href":"https:\/\/pureobagi.com\/es\/wp-json\/wp\/v2\/product_cat?post=29331"},{"taxonomy":"product_tag","embeddable":true,"href":"https:\/\/pureobagi.com\/es\/wp-json\/wp\/v2\/product_tag?post=29331"}],"curies":[{"name":"wp","href":"https:\/\/api.w.org\/{rel}","templated":true}]}}